{"id":984,"date":"2025-07-24T09:26:11","date_gmt":"2025-07-24T07:26:11","guid":{"rendered":"https:\/\/www.lafontdencarros.es\/?page_id=984"},"modified":"2026-03-23T10:10:34","modified_gmt":"2026-03-23T09:10:34","slug":"ajuntament","status":"publish","type":"page","link":"https:\/\/www.lafontdencarros.es\/va\/dependencies-municipals\/ajuntament\/","title":{"rendered":"Ajuntament"},"content":{"rendered":"\n<p>L&#8217;Ajuntament de la Font d&#8217;en Carros \u00e9s l&#8217;\u00f2rgan de govern local d&#8217;aquest municipi situat a la comarca de la Safor, a la prov\u00edncia de Val\u00e8ncia, Espanya.<\/p>\n\n\n\n<p> L&#8217;Ajuntament s&#8217;encarrega de gestionar i administrar els serveis p\u00fablics, promoure el benestar dels ciutadans i desenvolupar projectes per al progr\u00e9s del municipi.\u00a0<\/p>\n\n\n\n<p>La Font d&#8217;en Carros \u00e9s un poble amb una rica hist\u00f2ria i tradicions locals.\u00a0\u00a0<\/p>\n","protected":false},"excerpt":{"rendered":"<p>L&#8217;Ajuntament de la Font d&#8217;en Carros \u00e9s l&#8217;\u00f2rgan de govern local d&#8217;aquest municipi situat a la comarca de la Safor, a la prov\u00edncia de Val\u00e8ncia, Espanya. L&#8217;Ajuntament s&#8217;encarrega de gestionar i administrar els serveis p\u00fablics, promoure el benestar dels ciutadans i desenvolupar projectes per al progr\u00e9s del municipi.\u00a0 La Font d&#8217;en Carros \u00e9s un poble [&hellip;]<\/p>\n","protected":false},"author":1,"featured_media":1016,"parent":1133,"menu_order":0,"comment_status":"closed","ping_status":"closed","template":"plantilla-google-maps","meta":{"_acf_changed":false,"_uag_custom_page_level_css":"","footnotes":""},"class_list":["post-984","page","type-page","status-publish","has-post-thumbnail","hentry"],"acf":[],"spectra_custom_meta":{"_edit_lock":["1774257104:1"],"rank_math_internal_links_processed":["1"],"_uag_custom_page_level_css":[""],"footnotes":[""],"_wpml_word_count":["70"],"_edit_last":["1"],"_wpml_media_duplicate":["1"],"_wpml_media_featured":["1"],"rank_math_seo_score":["10"],"_wp_page_template":["plantilla-google-maps"],"gmaps_subtitulo_debajo_imagen_destacada":["Ajuntament La Font d\u2019En Carr\u00f2s"],"_gmaps_subtitulo_debajo_imagen_destacada":["field_6881e23804d41"],"gmaps_google_maps":["a:14:{s:7:\"address\";s:56:\"Pla\u00e7a del Ajuntament, 17, La Font d'en Carr\u00f2s, Espanya\";s:3:\"lat\";d:38.91637320000000244135662796907126903533935546875;s:3:\"lng\";d:-0.169193399999999993799093545021605677902698516845703125;s:4:\"zoom\";i:16;s:8:\"place_id\";s:27:\"ChIJEXZrl8foYQ0RmBAf87FwUoc\";s:4:\"name\";s:25:\"Pla\u00e7a del Ajuntament, 17\";s:13:\"street_number\";s:2:\"17\";s:11:\"street_name\";s:21:\"Pla\u00e7a del Ajuntament\";s:4:\"city\";s:20:\"La Font d'en Carr\u00f2s\";s:5:\"state\";s:20:\"Comunidad Valenciana\";s:11:\"state_short\";s:2:\"VC\";s:9:\"post_code\";s:5:\"46717\";s:7:\"country\";s:7:\"Espanya\";s:13:\"country_short\";s:2:\"ES\";}"],"_gmaps_google_maps":["field_6881e0c104d40"],"gmaps_direccion":["Pla\u00e7a del Ajuntament, 17, (pl. segona de l\u2019ajuntament)  La Font d'en Carr\u00f2s"],"_gmaps_direccion":["field_6881e34104d42"],"gmaps_telefono":["96 283 30 00 - Fax: 96 283 36 94"],"_gmaps_telefono":["field_6881e36104d43"],"gmaps_email":["registre@lafontdencarros.es"],"_gmaps_email":["field_6881e36b04d44"],"_wpml_location_migration_done":["1"],"_thumbnail_id":["1016"],"mec_location_id":["0"],"mec_additional_location_ids":["a:0:{}"],"mec_organizer_id":["0"],"mec_additional_organizer_ids":["a:0:{}"],"gmaps_informacion":[""],"_gmaps_informacion":["field_68872133566b7"],"gmaps_matricula":[""],"_gmaps_matricula":["field_68872147566b8"],"gmaps_periodo":[""],"_gmaps_periodo":["field_68872153566b9"],"gmaps_instagram_titulo":[""],"_gmaps_instagram_titulo":["field_68820dfc9faf5"],"gmaps_titulo_pdf_1":[""],"_gmaps_titulo_pdf_1":["field_688735bf22d15"],"gmaps_subtitulo_pdf_1":[""],"_gmaps_subtitulo_pdf_1":["field_688735fb22d1a"],"gmaps_titulo_pdf_2":[""],"_gmaps_titulo_pdf_2":["field_688735e822d16"],"gmaps_subtitulo_pdf_2":[""],"_gmaps_subtitulo_pdf_2":["field_6887361322d1b"],"gmaps_titulo_pdf_3":[""],"_gmaps_titulo_pdf_3":["field_688735ed22d17"],"gmaps_subtitulo_pdf_3":[""],"_gmaps_subtitulo_pdf_3":["field_6887361822d1c"],"gmaps_titulo_pdf_4":[""],"_gmaps_titulo_pdf_4":["field_688735f022d18"],"gmaps_subtitulo_pdf_4":[""],"_gmaps_subtitulo_pdf_4":["field_6887361d22d1d"],"gmaps_titulo_pdf_5":[""],"_gmaps_titulo_pdf_5":["field_688735f522d19"],"gmaps_subtitulo_pdf_5":[""],"_gmaps_subtitulo_pdf_5":["field_6887362222d1e"]},"uagb_featured_image_src":{"full":["https:\/\/www.lafontdencarros.es\/wp-content\/uploads\/2025\/07\/foto-ajuntament.webp",872,398,false],"thumbnail":["https:\/\/www.lafontdencarros.es\/wp-content\/uploads\/2025\/07\/foto-ajuntament-150x150.webp",150,150,true],"medium":["https:\/\/www.lafontdencarros.es\/wp-content\/uploads\/2025\/07\/foto-ajuntament-300x137.webp",300,137,true],"medium_large":["https:\/\/www.lafontdencarros.es\/wp-content\/uploads\/2025\/07\/foto-ajuntament-768x351.webp",768,351,true],"large":["https:\/\/www.lafontdencarros.es\/wp-content\/uploads\/2025\/07\/foto-ajuntament.webp",872,398,false],"thumblist":["https:\/\/www.lafontdencarros.es\/wp-content\/uploads\/2025\/07\/foto-ajuntament-300x300.webp",300,300,true],"thumbrelated":["https:\/\/www.lafontdencarros.es\/wp-content\/uploads\/2025\/07\/foto-ajuntament-500x398.webp",500,398,true],"meccarouselthumb":["https:\/\/www.lafontdencarros.es\/wp-content\/uploads\/2025\/07\/foto-ajuntament-474x324.webp",474,324,true],"gridsquare":["https:\/\/www.lafontdencarros.es\/wp-content\/uploads\/2025\/07\/foto-ajuntament-391x260.webp",391,260,true],"tileview":["https:\/\/www.lafontdencarros.es\/wp-content\/uploads\/2025\/07\/foto-ajuntament-300x398.webp",300,398,true],"1536x1536":["https:\/\/www.lafontdencarros.es\/wp-content\/uploads\/2025\/07\/foto-ajuntament.webp",872,398,false],"2048x2048":["https:\/\/www.lafontdencarros.es\/wp-content\/uploads\/2025\/07\/foto-ajuntament.webp",872,398,false]},"uagb_author_info":{"display_name":"redaccion","author_link":"https:\/\/www.lafontdencarros.es\/va\/author\/redaccion\/"},"uagb_comment_info":0,"uagb_excerpt":"L&#8217;Ajuntament de la Font d&#8217;en Carros \u00e9s l&#8217;\u00f2rgan de govern local d&#8217;aquest municipi situat a la comarca de la Safor, a la prov\u00edncia de Val\u00e8ncia, Espanya. L&#8217;Ajuntament s&#8217;encarrega de gestionar i administrar els serveis p\u00fablics, promoure el benestar dels ciutadans i desenvolupar projectes per al progr\u00e9s del municipi.\u00a0 La Font d&#8217;en Carros \u00e9s un poble&hellip;","_links":{"self":[{"href":"https:\/\/www.lafontdencarros.es\/va\/wp-json\/wp\/v2\/pages\/984","targetHints":{"allow":["GET"]}}],"collection":[{"href":"https:\/\/www.lafontdencarros.es\/va\/wp-json\/wp\/v2\/pages"}],"about":[{"href":"https:\/\/www.lafontdencarros.es\/va\/wp-json\/wp\/v2\/types\/page"}],"author":[{"embeddable":true,"href":"https:\/\/www.lafontdencarros.es\/va\/wp-json\/wp\/v2\/users\/1"}],"replies":[{"embeddable":true,"href":"https:\/\/www.lafontdencarros.es\/va\/wp-json\/wp\/v2\/comments?post=984"}],"version-history":[{"count":1,"href":"https:\/\/www.lafontdencarros.es\/va\/wp-json\/wp\/v2\/pages\/984\/revisions"}],"predecessor-version":[{"id":7153,"href":"https:\/\/www.lafontdencarros.es\/va\/wp-json\/wp\/v2\/pages\/984\/revisions\/7153"}],"up":[{"embeddable":true,"href":"https:\/\/www.lafontdencarros.es\/va\/wp-json\/wp\/v2\/pages\/1133"}],"wp:featuredmedia":[{"embeddable":true,"href":"https:\/\/www.lafontdencarros.es\/va\/wp-json\/wp\/v2\/media\/1016"}],"wp:attachment":[{"href":"https:\/\/www.lafontdencarros.es\/va\/wp-json\/wp\/v2\/media?parent=984"}],"curies":[{"name":"wp","href":"https:\/\/api.w.org\/{rel}","templated":true}]}}