{"id":967,"date":"2025-07-23T16:00:25","date_gmt":"2025-07-23T14:00:25","guid":{"rendered":"https:\/\/www.lafontdencarros.es\/?page_id=967"},"modified":"2025-07-23T16:00:27","modified_gmt":"2025-07-23T14:00:27","slug":"ordenances","status":"publish","type":"page","link":"https:\/\/www.lafontdencarros.es\/va\/ordenances\/","title":{"rendered":"Ordenances"},"content":{"rendered":"<ul class=\"list--classic\"><li><a href=\"https:\/\/www.lafontdencarros.es\/wp-content\/uploads\/2025\/07\/A-ORDE4-mod.-2024.pdf\" target=\"_blank\" title=\"04-Ordenanza reguladora Tasa por Prestaci\u00f3n del Servicio de Expedici\u00f3n de Documentos (modificat 2024)\">04-Ordenanza reguladora Tasa por Prestaci\u00f3n del Servicio de Expedici\u00f3n de Documentos (modificat 2024)<\/a><\/li><li><a href=\"https:\/\/www.lafontdencarros.es\/wp-content\/uploads\/2025\/07\/A-ORDE184111-1.pdf\" target=\"_blank\" title=\"06-Ordenan\u00e7a reguladora de la prestaci\u00f3 personal i de transport\">06-Ordenan\u00e7a reguladora de la prestaci\u00f3 personal i de transport<\/a><\/li><li><a href=\"https:\/\/www.lafontdencarros.es\/wp-content\/uploads\/2025\/07\/A-ORDE184111.pdf\" target=\"_blank\" title=\"05-Taxa Prestaci\u00f3 Servici Arreplega Vehicles Via P\u00fablica-Immobilitzaci\u00f3-Dep\u00f2sit (modificaci\u00f3 2022)\">05-Taxa Prestaci\u00f3 Servici Arreplega Vehicles Via P\u00fablica-Immobilitzaci\u00f3-Dep\u00f2sit (modificaci\u00f3 2022)<\/a><\/li><li><a href=\"https:\/\/www.lafontdencarros.es\/wp-content\/uploads\/2026\/01\/A-ORDE184111.pdf\" target=\"_blank\" title=\"18.- Ordenanza fiscal del impuesto sobre veh\u00edculos de tracci\u00f3n mec\u00e1nica\">18.- Ordenanza fiscal del impuesto sobre veh\u00edculos de tracci\u00f3n mec\u00e1nica<\/a><\/li><li><a href=\"https:\/\/www.lafontdencarros.es\/wp-content\/uploads\/2026\/01\/A-ORDE19-mod.-setembre-2024.pdf\" target=\"_blank\" title=\"19-Hacienda Municipal Impuesto sobre Bienes Inmuebles\">19-Hacienda Municipal Impuesto sobre Bienes Inmuebles<\/a><\/li><li><a href=\"https:\/\/www.lafontdencarros.es\/wp-content\/uploads\/2026\/01\/A-ORDE20-1-gener-2024.pdf\" target=\"_blank\" title=\"20-ORDENAN\u00c7A DE L&#8217;IMPOST SOBRE L&#8217;INCREMENT DE VALOR DELS TERRENYS DE NATURALESA URBANA (mod. gener 2024)\">20-ORDENAN\u00c7A DE L&#8217;IMPOST SOBRE L&#8217;INCREMENT DE VALOR DELS TERRENYS DE NATURALESA URBANA (mod. gener 2024)<\/a><\/li><li><a href=\"https:\/\/www.lafontdencarros.es\/wp-content\/uploads\/2026\/01\/a-orde21a.pdf\" target=\"_blank\" title=\"21-Impost sobre Construccions, Instal\u00b7lacions i Obres\">21-Impost sobre Construccions, Instal\u00b7lacions i Obres<\/a><\/li><li><a href=\"https:\/\/www.lafontdencarros.es\/wp-content\/uploads\/2026\/01\/a-orde23.pdf\" target=\"_blank\" title=\"23-Ordenan\u00e7a general sobre contribucions especials\">23-Ordenan\u00e7a general sobre contribucions especials<\/a><\/li><li><a href=\"https:\/\/www.lafontdencarros.es\/wp-content\/uploads\/2026\/01\/a-orde24.pdf\" target=\"_blank\" title=\"24-Reglament de normalitzaci\u00f3 ling\u00fc\u00edstica\">24-Reglament de normalitzaci\u00f3 ling\u00fc\u00edstica<\/a><\/li><li><a href=\"https:\/\/www.lafontdencarros.es\/wp-content\/uploads\/2026\/01\/A-ORDE25-REGLAMENTO-DEL-SERVICIO-MUNICIPAL-DE-AGUA-modif.-2025.pdf\" target=\"_blank\" title=\"25-REGLAMENTO DEL SERVICIO MUNICIPAL DE AGUA EN EL T\u00c9RMINO MUNICIPAL DE LA FONT D\u2019EN CARR\u00d2S\">25-REGLAMENTO DEL SERVICIO MUNICIPAL DE AGUA EN EL T\u00c9RMINO MUNICIPAL DE LA FONT D\u2019EN CARR\u00d2S<\/a><\/li><li><a href=\"https:\/\/www.lafontdencarros.es\/wp-content\/uploads\/2026\/01\/a-orde26.pdf\" target=\"_blank\" title=\"26-Ordenan\u00e7a reguladora de l&#8217;impost sobre activitats econ\u00f2miques\">26-Ordenan\u00e7a reguladora de l&#8217;impost sobre activitats econ\u00f2miques<\/a><\/li><li><a href=\"https:\/\/www.lafontdencarros.es\/wp-content\/uploads\/2026\/01\/a-orde28.pdf\" target=\"_blank\" title=\"28-Estatuts del Consell Agrari Municipal\">28-Estatuts del Consell Agrari Municipal<\/a><\/li><li><a href=\"https:\/\/www.lafontdencarros.es\/wp-content\/uploads\/2026\/01\/a-orde29.pdf\" target=\"_blank\" title=\"29-Reglament-ordenan\u00e7a de l&#8217;exercici de determinades modalitats de venda fora d&#8217;establiment comercial permanent\">29-Reglament-ordenan\u00e7a de l&#8217;exercici de determinades modalitats de venda fora d&#8217;establiment comercial permanent<\/a><\/li><li><a href=\"https:\/\/www.lafontdencarros.es\/wp-content\/uploads\/2026\/01\/A-ORDE30-20-07-2021.pdf\" target=\"_blank\" title=\"30-TASA POR UTILIZACI\u00d3N PRIVATIVA O APROVECHAMIENTO ESPECIAL DEL DOMINIO P\u00daBLICO LOCAL\">30-TASA POR UTILIZACI\u00d3N PRIVATIVA O APROVECHAMIENTO ESPECIAL DEL DOMINIO P\u00daBLICO LOCAL<\/a><\/li><li><a href=\"https:\/\/www.lafontdencarros.es\/wp-content\/uploads\/2026\/01\/A-ORDE34-modificacio-febrer-2025.pdf\" target=\"_blank\" title=\"34-Precio p\u00fablico por la asistencia a actividades y espect\u00e1culos culturales organizados en la Casa de la Cultura (mod. 2025)\">34-Precio p\u00fablico por la asistencia a actividades y espect\u00e1culos culturales organizados en la Casa de la Cultura (mod. 2025)<\/a><\/li><li><a href=\"https:\/\/www.lafontdencarros.es\/wp-content\/uploads\/2026\/01\/a-orde35.pdf\" target=\"_blank\" title=\"35-Reglament de funcionament de la comissi\u00f3 de seguiment i control del servei de prove\u00efment d&#8217;aigua potable\">35-Reglament de funcionament de la comissi\u00f3 de seguiment i control del servei de prove\u00efment d&#8217;aigua potable<\/a><\/li><li><a href=\"https:\/\/www.lafontdencarros.es\/wp-content\/uploads\/2026\/01\/a-orde36.pdf\" target=\"_blank\" title=\"36-Ordenan\u00e7a reguladora de la taxa per otorgament de llic\u00e8ncies municipals d&#8217;ocupaci\u00f3\">36-Ordenan\u00e7a reguladora de la taxa per otorgament de llic\u00e8ncies municipals d&#8217;ocupaci\u00f3<\/a><\/li><li><a href=\"https:\/\/www.lafontdencarros.es\/wp-content\/uploads\/2026\/01\/a-orde37.pdf\" target=\"_blank\" title=\"37-Ordenan\u00e7a reguladora de la concessi\u00f3 de llic\u00e8ncies per l&#8217;entrada i eixida de vehicles a trav\u00e9s de les voreres, c\u00e0rrega i desc\">37-Ordenan\u00e7a reguladora de la concessi\u00f3 de llic\u00e8ncies per l&#8217;entrada i eixida de vehicles a trav\u00e9s de les voreres, c\u00e0rrega i desc<\/a><\/li><li><a href=\"https:\/\/www.lafontdencarros.es\/wp-content\/uploads\/2026\/01\/a-orde38.pdf\" target=\"_blank\" title=\"38-Ordenan\u00e7a municipal de neteja urbana\">38-Ordenan\u00e7a municipal de neteja urbana<\/a><\/li><li><a href=\"https:\/\/www.lafontdencarros.es\/wp-content\/uploads\/2026\/01\/A-ORDE39-mod.-39.pdf\" target=\"_blank\" title=\"39-ORDENANZA REGULADORA DEL PRECIO P\u00daBLICO POR UTILIZACI\u00d3N DE INSTALACIONES DEPORTIVAS (modificat 2024)\">39-ORDENANZA REGULADORA DEL PRECIO P\u00daBLICO POR UTILIZACI\u00d3N DE INSTALACIONES DEPORTIVAS (modificat 2024)<\/a><\/li><li><a href=\"https:\/\/www.lafontdencarros.es\/wp-content\/uploads\/2026\/01\/a-orde40.pdf\" target=\"_blank\" title=\"40-Ordenan\u00e7a reguladora del c\u00e0non d&#8217;urbanitzaci\u00f3\">40-Ordenan\u00e7a reguladora del c\u00e0non d&#8217;urbanitzaci\u00f3<\/a><\/li><li><a href=\"https:\/\/www.lafontdencarros.es\/wp-content\/uploads\/2026\/01\/a-orde41_ordenanza_fiscal_reguladora_de_la_tasa_por_la_concurrencia_a_los_procedimientos_de_seleccion_de_personal_.pdf\" target=\"_blank\" title=\"41- ORDENANZA FISCAL REGULADORA DE LA TASA POR LA CONCURRENCIA A LOS PROCEDIMIENTOS DE SELECCI\u00d3N DE PERSONAL\">41- ORDENANZA FISCAL REGULADORA DE LA TASA POR LA CONCURRENCIA A LOS PROCEDIMIENTOS DE SELECCI\u00d3N DE PERSONAL<\/a><\/li><li><a href=\"https:\/\/www.lafontdencarros.es\/wp-content\/uploads\/2026\/01\/A-ORDE42-mod.-2024.pdf\" target=\"_blank\" title=\"42-ORDENANZA REGULADORA DEL PRECIO PUBLICO POR LA PRESTACION DE ENSE\u00d1ANZAS ESPECIALES EN ESTABLECIMIENTOS MUNICIPALES (mod 2024)\">42-ORDENANZA REGULADORA DEL PRECIO PUBLICO POR LA PRESTACION DE ENSE\u00d1ANZAS ESPECIALES EN ESTABLECIMIENTOS MUNICIPALES (mod 2024)<\/a><\/li><li><a href=\"https:\/\/www.lafontdencarros.es\/wp-content\/uploads\/2026\/01\/a-orde43.pdf\" target=\"_blank\" title=\"43-Reglament de participaci\u00f3 ciutadana\">43-Reglament de participaci\u00f3 ciutadana<\/a><\/li><li><a href=\"https:\/\/www.lafontdencarros.es\/wp-content\/uploads\/2026\/01\/a-orde44.pdf\" target=\"_blank\" title=\"44-Ordenan\u00e7a reguladora del preu p\u00fablic per establiment de b\u00fasties concentrades pluridomicili\u00e0ries\">44-Ordenan\u00e7a reguladora del preu p\u00fablic per establiment de b\u00fasties concentrades pluridomicili\u00e0ries<\/a><\/li><li><a href=\"https:\/\/www.lafontdencarros.es\/wp-content\/uploads\/2026\/01\/A-ORDE46-mod.-setembre-2024.pdf\" target=\"_blank\" title=\"46-ORDENANZA FISCAL REGULADORA DE LA TASA POR RECOGIDA DE BASURAS Y RESIDUOS S\u00d3LIDOS URBANOS\">46-ORDENANZA FISCAL REGULADORA DE LA TASA POR RECOGIDA DE BASURAS Y RESIDUOS S\u00d3LIDOS URBANOS<\/a><\/li><li><a href=\"https:\/\/www.lafontdencarros.es\/wp-content\/uploads\/2026\/01\/a-orde47.pdf\" target=\"_blank\" title=\"47-Reglament de la Comissi\u00f3 Especial de Suggeriments i Reclamacions\">47-Reglament de la Comissi\u00f3 Especial de Suggeriments i Reclamacions<\/a><\/li><li><a href=\"https:\/\/www.lafontdencarros.es\/wp-content\/uploads\/2026\/01\/a-orde48.pdf\" target=\"_blank\" title=\"48-Reglament del registre electr\u00f2nic\">48-Reglament del registre electr\u00f2nic<\/a><\/li><li><a href=\"https:\/\/www.lafontdencarros.es\/wp-content\/uploads\/2026\/01\/a-orde49_modificacio_feb_2019.pdf\" target=\"_blank\" title=\"49-Ordenan\u00e7a reguladora del preu p\u00fablic per l\u2019acc\u00e9s i recepci\u00f3 de serveis dels parcs municipals de la Plana i el Calvari\">49-Ordenan\u00e7a reguladora del preu p\u00fablic per l\u2019acc\u00e9s i recepci\u00f3 de serveis dels parcs municipals de la Plana i el Calvari<\/a><\/li><li><a href=\"https:\/\/www.lafontdencarros.es\/wp-content\/uploads\/2026\/01\/a-orde50.pdf\" target=\"_blank\" title=\"50-Ordenan\u00e7a reguladora de les sancions per infraccions de tr\u00e0nsit\">50-Ordenan\u00e7a reguladora de les sancions per infraccions de tr\u00e0nsit<\/a><\/li><li><a href=\"https:\/\/www.lafontdencarros.es\/wp-content\/uploads\/2026\/01\/a-orde55.pdf\" target=\"_blank\" title=\"55-Reglament Regulador del Banc de Terres de la Font d&#8217;en Carr\u00f2s\">55-Reglament Regulador del Banc de Terres de la Font d&#8217;en Carr\u00f2s<\/a><\/li><li><a href=\"https:\/\/www.lafontdencarros.es\/wp-content\/uploads\/2026\/01\/a-orde51.pdf\" target=\"_blank\" title=\"51-Ordenan\u00e7a sobre colombicultura i protecci\u00f3 del colom esportiu\">51-Ordenan\u00e7a sobre colombicultura i protecci\u00f3 del colom esportiu<\/a><\/li><li><a href=\"https:\/\/www.lafontdencarros.es\/wp-content\/uploads\/2026\/01\/a-orde52.pdf\" target=\"_blank\" title=\"52-Reglament del Consell dels Infants\">52-Reglament del Consell dels Infants<\/a><\/li><li><a href=\"https:\/\/www.lafontdencarros.es\/wp-content\/uploads\/2026\/01\/a-orde53.pdf\" target=\"_blank\" title=\"53-Reglament d\u2019organitzaci\u00f3 i funcionament del Registre de Licitadors de la Font d&#8217;en Carr\u00f2s\">53-Reglament d\u2019organitzaci\u00f3 i funcionament del Registre de Licitadors de la Font d&#8217;en Carr\u00f2s<\/a><\/li><li><a href=\"https:\/\/www.lafontdencarros.es\/wp-content\/uploads\/2026\/01\/A-ORDE54-tinenca-i-proteccio-danimals-2021-05.pdf\" target=\"_blank\" title=\"54.-ORDENAN\u00c7A DE LA TINEN\u00c7A I PROTECCI\u00d3 D&#8217;ANIMALS\">54.-ORDENAN\u00c7A DE LA TINEN\u00c7A I PROTECCI\u00d3 D&#8217;ANIMALS<\/a><\/li><li><a href=\"https:\/\/www.lafontdencarros.es\/wp-content\/uploads\/2026\/01\/a-orde56-ordenanca_reguladora_terrasses_amb_finalitat_lucrativa_en_via_publica_desenrotllada_per_establiments_de_restauracio.pdf\" target=\"_blank\" title=\"56-Ordenan\u00e7a Reguladora de Terrasses amb Finalitat Lucrativa en la Via P\u00fablica desenrotllada per Establiments de Restauraci\u00f3\">56-Ordenan\u00e7a Reguladora de Terrasses amb Finalitat Lucrativa en la Via P\u00fablica desenrotllada per Establiments de Restauraci\u00f3<\/a><\/li><li><a href=\"https:\/\/www.lafontdencarros.es\/wp-content\/uploads\/2026\/01\/a-orde57_2.pdf\" target=\"_blank\" title=\"57-Ordenan\u00e7a Reguladora de la Taxa per la Llic\u00e8ncia Ambiental, Comunicaci\u00f3 Ambiental i Declaraci\u00f3 Responsable\">57-Ordenan\u00e7a Reguladora de la Taxa per la Llic\u00e8ncia Ambiental, Comunicaci\u00f3 Ambiental i Declaraci\u00f3 Responsable<\/a><\/li><li><a href=\"https:\/\/www.lafontdencarros.es\/wp-content\/uploads\/2026\/01\/A-ORDE584110.pdf\" target=\"_blank\" title=\"58.- Ordenanza fiscal general de gesti\u00f3n, recaudaci\u00f3n e inspecci\u00f3n de tributos y otros ingresos de derecho p\u00fablico local del Ayu\">58.- Ordenanza fiscal general de gesti\u00f3n, recaudaci\u00f3n e inspecci\u00f3n de tributos y otros ingresos de derecho p\u00fablico local del Ayu<\/a><\/li><li><a href=\"https:\/\/www.lafontdencarros.es\/wp-content\/uploads\/2026\/01\/A-ORDE593840.pdf\" target=\"_blank\" title=\"59-ORDENAN\u00c7A REGULADORA DE LES INSTAL\u00b7LACIONS SOLARS FOTOVOLTAIQUES D\u2019AUTOCONSUM CONNECTADES A LA XARXA\">59-ORDENAN\u00c7A REGULADORA DE LES INSTAL\u00b7LACIONS SOLARS FOTOVOLTAIQUES D\u2019AUTOCONSUM CONNECTADES A LA XARXA<\/a><\/li><li><a href=\"https:\/\/www.lafontdencarros.es\/wp-content\/uploads\/2026\/01\/A-ORDE60-19-07-2021.pdf\" target=\"_blank\" title=\"60-ORDENAN\u00c7A PER AL CONTROL DEL MOSQUIT TIGRE AMB RELLEV\u00c0NCIA PER A LA SALUT P\u00daBLICA\">60-ORDENAN\u00c7A PER AL CONTROL DEL MOSQUIT TIGRE AMB RELLEV\u00c0NCIA PER A LA SALUT P\u00daBLICA<\/a><\/li><li><a href=\"https:\/\/www.lafontdencarros.es\/wp-content\/uploads\/2026\/01\/A-ORDE61-novembre-2022.pdf\" target=\"_blank\" title=\"61-Ordenan\u00e7a reguladora de la conviv\u00e8ncia ciutadana\">61-Ordenan\u00e7a reguladora de la conviv\u00e8ncia ciutadana<\/a><\/li><li><a href=\"https:\/\/www.lafontdencarros.es\/wp-content\/uploads\/2026\/01\/A-ORDE62.pdf\" target=\"_blank\" title=\"62-Reglament d\u2019organitzaci\u00f3 i funcionament de l\u2019ajuntament de la Font d\u2019en Carr\u00f2s\">62-Reglament d\u2019organitzaci\u00f3 i funcionament de l\u2019ajuntament de la Font d\u2019en Carr\u00f2s<\/a><\/li><li><a href=\"https:\/\/www.lafontdencarros.es\/wp-content\/uploads\/2026\/01\/A-ORDE63.pdf\" target=\"_blank\" title=\"63-REGLAMENT DEL R\u00c8GIM INTERIOR DEL CEMENTERI MUNICIPAL DE LA FONT D\u2019EN CARR\u00d2S\">63-REGLAMENT DEL R\u00c8GIM INTERIOR DEL CEMENTERI MUNICIPAL DE LA FONT D\u2019EN CARR\u00d2S<\/a><\/li><li><a href=\"https:\/\/www.lafontdencarros.es\/wp-content\/uploads\/2026\/01\/A-ORDE64.pdf\" target=\"_blank\" title=\"64-ORDENAN\u00c7A FISCAL REGULADORA DE LA TAXA DEL CEMENTERI MUNICIPAL DE LA FONT D\u2019EN CARR\u00d2S\">64-ORDENAN\u00c7A FISCAL REGULADORA DE LA TAXA DEL CEMENTERI MUNICIPAL DE LA FONT D\u2019EN CARR\u00d2S<\/a><\/li><\/ul>\n","protected":false},"excerpt":{"rendered":"","protected":false},"author":1,"featured_media":0,"parent":0,"menu_order":0,"comment_status":"closed","ping_status":"closed","template":"plantilla-sin-side","meta":{"_acf_changed":false,"_uag_custom_page_level_css":"","footnotes":""},"class_list":["post-967","page","type-page","status-publish","hentry"],"acf":[],"spectra_custom_meta":{"_edit_lock":["1762153575:1"],"rank_math_seo_score":["9"],"rank_math_internal_links_processed":["1"],"_wp_page_template":["plantilla-sin-side"],"_uag_custom_page_level_css":[""],"footnotes":[""],"_wpml_word_count":["2"],"_edit_last":["1"],"_wpml_media_duplicate":["1"],"_wpml_media_featured":["1"]},"uagb_featured_image_src":{"full":false,"thumbnail":false,"medium":false,"medium_large":false,"large":false,"thumblist":false,"thumbrelated":false,"meccarouselthumb":false,"gridsquare":false,"tileview":false,"1536x1536":false,"2048x2048":false},"uagb_author_info":{"display_name":"redaccion","author_link":"https:\/\/www.lafontdencarros.es\/va\/author\/redaccion\/"},"uagb_comment_info":0,"uagb_excerpt":null,"_links":{"self":[{"href":"https:\/\/www.lafontdencarros.es\/va\/wp-json\/wp\/v2\/pages\/967","targetHints":{"allow":["GET"]}}],"collection":[{"href":"https:\/\/www.lafontdencarros.es\/va\/wp-json\/wp\/v2\/pages"}],"about":[{"href":"https:\/\/www.lafontdencarros.es\/va\/wp-json\/wp\/v2\/types\/page"}],"author":[{"embeddable":true,"href":"https:\/\/www.lafontdencarros.es\/va\/wp-json\/wp\/v2\/users\/1"}],"replies":[{"embeddable":true,"href":"https:\/\/www.lafontdencarros.es\/va\/wp-json\/wp\/v2\/comments?post=967"}],"version-history":[{"count":0,"href":"https:\/\/www.lafontdencarros.es\/va\/wp-json\/wp\/v2\/pages\/967\/revisions"}],"wp:attachment":[{"href":"https:\/\/www.lafontdencarros.es\/va\/wp-json\/wp\/v2\/media?parent=967"}],"curies":[{"name":"wp","href":"https:\/\/api.w.org\/{rel}","templated":true}]}}