{"id":906,"date":"2025-07-22T12:45:32","date_gmt":"2025-07-22T10:45:32","guid":{"rendered":"https:\/\/www.lafontdencarros.es\/?page_id=906"},"modified":"2025-11-03T08:26:08","modified_gmt":"2025-11-03T07:26:08","slug":"plenari","status":"publish","type":"page","link":"https:\/\/www.lafontdencarros.es\/va\/plenari\/","title":{"rendered":"Plenari"},"content":{"rendered":"\n<p>Els plens se celebren en sessi\u00f3 ordin\u00e0ria el segon divendres dels seg\u00fcents mesos: <strong>febrer, abril, juliol, octubre i desembre<\/strong>, concretant-se, al mateix temps, l&#8217;hora de celebraci\u00f3 a les vint hores i trenta minuts de la vesprada quan regisca l&#8217;horari d&#8217;estiu i a les vint hores quan es produ\u00efsca el canvi oficial d\u2019horari. Si la data prefixada fora festiva se celebrar\u00e0 la sessi\u00f3 el divendres seg\u00fcent.<\/p>\n\n\n\n<p>L&#8217;Ajuntament de La Font d&#8217;en Carr\u00f2s posa a disposici\u00f3 dels ciutadans, totes les sessions p\u00fabliques aix\u00ed com els seus acords, a trav\u00e9s del seg\u00fcent enlla\u00e7:<\/p>\n\n\n\n<div class=\"wp-block-uagb-buttons uagb-buttons__outer-wrap uagb-btn__default-btn uagb-btn-tablet__default-btn uagb-btn-mobile__default-btn uagb-block-034d839b\"><div class=\"uagb-buttons__wrap uagb-buttons-layout-wrap \">\n<div class=\"wp-block-uagb-buttons-child uagb-buttons__outer-wrap uagb-block-7c59f671 wp-block-button buttons--more-news\"><div class=\"uagb-button__wrapper\"><a class=\"uagb-buttons-repeater wp-block-button__link\" aria-label=\"\" href=\"https:\/\/regmeet.com\/lafontdencarros?idioma=valenciano\" rel=\"nofollow noopener\" target=\"_blank\" role=\"button\"><div class=\"uagb-button__link\">Acc\u00e9s als plens de l&#8217;Ajuntament<\/div><\/a><\/div><\/div>\n<\/div><\/div>\n","protected":false},"excerpt":{"rendered":"<p>Els plens se celebren en sessi\u00f3 ordin\u00e0ria el segon divendres dels seg\u00fcents mesos: febrer, abril, juliol, octubre i desembre, concretant-se, al mateix temps, l&#8217;hora de celebraci\u00f3 a les vint hores i trenta minuts de la vesprada quan regisca l&#8217;horari d&#8217;estiu i a les vint hores quan es produ\u00efsca el canvi oficial d\u2019horari. Si la data [&hellip;]<\/p>\n","protected":false},"author":1,"featured_media":0,"parent":0,"menu_order":0,"comment_status":"closed","ping_status":"closed","template":"plantilla-plenos","meta":{"_acf_changed":false,"_uag_custom_page_level_css":"","footnotes":""},"class_list":["post-906","page","type-page","status-publish","hentry"],"acf":[],"spectra_custom_meta":{"_edit_lock":["1762154892:1"],"rank_math_internal_links_processed":["1"],"_uag_custom_page_level_css":[""],"footnotes":[""],"_wpml_word_count":["103"],"_edit_last":["1"],"_wpml_media_duplicate":["1"],"_wpml_media_featured":["1"],"rank_math_seo_score":["12"],"_wpml_location_migration_done":["1"],"_wp_page_template":["plantilla-plenos"],"mec_location_id":["0"],"mec_additional_location_ids":["a:0:{}"],"mec_organizer_id":["0"],"mec_additional_organizer_ids":["a:0:{}"]},"uagb_featured_image_src":{"full":false,"thumbnail":false,"medium":false,"medium_large":false,"large":false,"thumblist":false,"thumbrelated":false,"meccarouselthumb":false,"gridsquare":false,"tileview":false,"1536x1536":false,"2048x2048":false},"uagb_author_info":{"display_name":"redaccion","author_link":"https:\/\/www.lafontdencarros.es\/va\/author\/redaccion\/"},"uagb_comment_info":0,"uagb_excerpt":"Els plens se celebren en sessi\u00f3 ordin\u00e0ria el segon divendres dels seg\u00fcents mesos: febrer, abril, juliol, octubre i desembre, concretant-se, al mateix temps, l&#8217;hora de celebraci\u00f3 a les vint hores i trenta minuts de la vesprada quan regisca l&#8217;horari d&#8217;estiu i a les vint hores quan es produ\u00efsca el canvi oficial d\u2019horari. Si la data&hellip;","_links":{"self":[{"href":"https:\/\/www.lafontdencarros.es\/va\/wp-json\/wp\/v2\/pages\/906","targetHints":{"allow":["GET"]}}],"collection":[{"href":"https:\/\/www.lafontdencarros.es\/va\/wp-json\/wp\/v2\/pages"}],"about":[{"href":"https:\/\/www.lafontdencarros.es\/va\/wp-json\/wp\/v2\/types\/page"}],"author":[{"embeddable":true,"href":"https:\/\/www.lafontdencarros.es\/va\/wp-json\/wp\/v2\/users\/1"}],"replies":[{"embeddable":true,"href":"https:\/\/www.lafontdencarros.es\/va\/wp-json\/wp\/v2\/comments?post=906"}],"version-history":[{"count":0,"href":"https:\/\/www.lafontdencarros.es\/va\/wp-json\/wp\/v2\/pages\/906\/revisions"}],"wp:attachment":[{"href":"https:\/\/www.lafontdencarros.es\/va\/wp-json\/wp\/v2\/media?parent=906"}],"curies":[{"name":"wp","href":"https:\/\/api.w.org\/{rel}","templated":true}]}}