{"id":868,"date":"2025-07-22T10:37:38","date_gmt":"2025-07-22T08:37:38","guid":{"rendered":"https:\/\/www.lafontdencarros.es\/?page_id=868"},"modified":"2025-07-22T12:13:26","modified_gmt":"2025-07-22T10:13:26","slug":"corporacio-municipal","status":"publish","type":"page","link":"https:\/\/www.lafontdencarros.es\/va\/corporacio-municipal\/","title":{"rendered":"Corporaci\u00f3 Municipal"},"content":{"rendered":"\n<div class=\"wp-block-uagb-container uagb-block-e8bed351 alignfull uagb-is-root-container\"><div class=\"uagb-container-inner-blocks-wrap\"><div class=\"section__corporacions\"><div class=\"section__corporacio\">  <div class=\"section__corporacio--head\">      <h2 class=\"section__corporacio--nom\">Pablo Puig Desena<\/h2><p class=\"section__corporacio--partit\">PSOE<\/p>  <\/div>  <p class=\"section__corporacio--titol\">Alcalde<\/p><p class=\"section__corporacio--correu\"><a href=\"mailto:mailto:pablo@lafontdencarros.es\">pablo@lafontdencarros.es<\/a><\/p><\/div><div class=\"section__corporacio\">  <div class=\"section__corporacio--head\">      <h2 class=\"section__corporacio--nom\">C\u00e8lia Escriv\u00e0 Escriv\u00e0<\/h2><p class=\"section__corporacio--partit\">PSOE<\/p>  <\/div>  <p class=\"section__corporacio--titol\">Tinent d\u2019Alcalde \/ Regidora de Cultura i Pol\u00edtiques Ling\u00fc\u00edstiques<\/p><p class=\"section__corporacio--correu\"><a href=\"mailto:mailto:celia@lafontdencarros.es\">celia@lafontdencarros.es<\/a><\/p><\/div><div class=\"section__corporacio\">  <div class=\"section__corporacio--head\">      <h2 class=\"section__corporacio--nom\">Juan Jos\u00e9 Benavent Escriv\u00e1<\/h2><p class=\"section__corporacio--partit\">PSOE<\/p>  <\/div>  <p class=\"section__corporacio--titol\">Tinent d\u2019Alcalde \/ Regidor d\u2019Esports i Festes<\/p><p class=\"section__corporacio--correu\"><a href=\"mailto:mailto:juanjo@lafontdencarros.es\">juanjo@lafontdencarros.es<\/a><\/p><\/div><div class=\"section__corporacio\">  <div class=\"section__corporacio--head\">      <h2 class=\"section__corporacio--nom\">Francisca Rosell\u00f3 Grefori<\/h2><p class=\"section__corporacio--partit\">PSOE<\/p>  <\/div>  <p class=\"section__corporacio--titol\">Regidora de Benestar Social i Igualtat<\/p><p class=\"section__corporacio--correu\"><a href=\"mailto:mailto:fanni@lafontdencarros.es\">fanni@lafontdencarros.es<\/a><\/p><\/div><div class=\"section__corporacio\">  <div class=\"section__corporacio--head\">      <h2 class=\"section__corporacio--nom\">Emili Josep Marcet Mengual<\/h2><p class=\"section__corporacio--partit\">PSOE<\/p>  <\/div>  <p class=\"section__corporacio--titol\">Regidor de Serveis Urbans, Patrimoni, Smart City i Benestar Animal<\/p><p class=\"section__corporacio--correu\"><a href=\"mailto:mailto:emili@lafontdencarros.es\">emili@lafontdencarros.es<\/a><\/p><\/div><div class=\"section__corporacio\">  <div class=\"section__corporacio--head\">      <h2 class=\"section__corporacio--nom\">Alba Aracil Fuster<\/h2><p class=\"section__corporacio--partit\">PSOE<\/p>  <\/div>  <p class=\"section__corporacio--titol\">Regidora d'Inf\u00e0ncia i Joventud<\/p><p class=\"section__corporacio--correu\"><a href=\"mailto:mailto:alba@lafontdencarros.es\">alba@lafontdencarros.es<\/a><\/p><\/div><div class=\"section__corporacio\">  <div class=\"section__corporacio--head\">      <h2 class=\"section__corporacio--nom\">Ivan Agud Moratal<\/h2><p class=\"section__corporacio--partit\">PSOE<\/p>  <\/div>  <p class=\"section__corporacio--titol\">Regidor de Pol\u00edtiques Educatives i Turisme<\/p><p class=\"section__corporacio--correu\"><a href=\"mailto:mailto:ivan@lafontdencarros.es\">ivan@lafontdencarros.es<\/a><\/p><\/div><div class=\"section__corporacio\">  <div class=\"section__corporacio--head\">      <h2 class=\"section__corporacio--nom\">Maria Moratal Monz\u00f3<\/h2><p class=\"section__corporacio--partit\">PSOE<\/p>  <\/div>  <p class=\"section__corporacio--titol\">Regidora de Participaci\u00f3 Ciutadana, Transpar\u00e8ncia, Govern Obert i Responsabilitat Social<\/p><p class=\"section__corporacio--correu\"><a href=\"mailto:mailto:maria@lafontdencarros.es\">maria@lafontdencarros.es<\/a><\/p><\/div><div class=\"section__corporacio\">  <div class=\"section__corporacio--head\">      <h2 class=\"section__corporacio--nom\">Juan Agut Fuster<\/h2><p class=\"section__corporacio--partit\">PSOE<\/p>  <\/div>  <p class=\"section__corporacio--titol\">Regidor d'Agricultura, Medi Ambient i Noves Tecnologies<\/p><p class=\"section__corporacio--correu\"><a href=\"mailto:mailto:joan@lafontdencarros.es\">joan@lafontdencarros.es<\/a><\/p><\/div><div class=\"section__corporacio\">  <div class=\"section__corporacio--head\">      <h2 class=\"section__corporacio--nom\">Juan Antonio Gracia Mar\u00ed<\/h2><p class=\"section__corporacio--partit\">PP<\/p>  <\/div>  <p class=\"section__corporacio--titol\">Regidor \/ Portaveu grup<\/p><p class=\"section__corporacio--correu\">---<\/p><\/div><div class=\"section__corporacio\">  <div class=\"section__corporacio--head\">      <h2 class=\"section__corporacio--nom\">Rosa Maria Mart\u00ednez Alabau<\/h2><p class=\"section__corporacio--partit\">PP<\/p>  <\/div>  <p class=\"section__corporacio--titol\">Regidora<\/p><p class=\"section__corporacio--correu\">---<\/p><\/div><\/div>\n<\/div><\/div>\n","protected":false},"excerpt":{"rendered":"","protected":false},"author":1,"featured_media":0,"parent":0,"menu_order":0,"comment_status":"closed","ping_status":"closed","template":"plantilla-sin-side","meta":{"_acf_changed":false,"_uag_custom_page_level_css":"","footnotes":""},"class_list":["post-868","page","type-page","status-publish","hentry"],"acf":[],"spectra_custom_meta":{"_edit_lock":["1761807979:1"],"rank_math_seo_score":["9"],"rank_math_internal_links_processed":["1"],"_uag_custom_page_level_css":[""],"footnotes":[""],"_wpml_word_count":["4"],"_edit_last":["1"],"_wpml_media_duplicate":["1"],"_wpml_media_featured":["1"],"_wpml_location_migration_done":["1"],"_wp_page_template":["plantilla-sin-side"]},"uagb_featured_image_src":{"full":false,"thumbnail":false,"medium":false,"medium_large":false,"large":false,"thumblist":false,"thumbrelated":false,"meccarouselthumb":false,"gridsquare":false,"tileview":false,"1536x1536":false,"2048x2048":false},"uagb_author_info":{"display_name":"redaccion","author_link":"https:\/\/www.lafontdencarros.es\/va\/author\/redaccion\/"},"uagb_comment_info":0,"uagb_excerpt":null,"_links":{"self":[{"href":"https:\/\/www.lafontdencarros.es\/va\/wp-json\/wp\/v2\/pages\/868","targetHints":{"allow":["GET"]}}],"collection":[{"href":"https:\/\/www.lafontdencarros.es\/va\/wp-json\/wp\/v2\/pages"}],"about":[{"href":"https:\/\/www.lafontdencarros.es\/va\/wp-json\/wp\/v2\/types\/page"}],"author":[{"embeddable":true,"href":"https:\/\/www.lafontdencarros.es\/va\/wp-json\/wp\/v2\/users\/1"}],"replies":[{"embeddable":true,"href":"https:\/\/www.lafontdencarros.es\/va\/wp-json\/wp\/v2\/comments?post=868"}],"version-history":[{"count":0,"href":"https:\/\/www.lafontdencarros.es\/va\/wp-json\/wp\/v2\/pages\/868\/revisions"}],"wp:attachment":[{"href":"https:\/\/www.lafontdencarros.es\/va\/wp-json\/wp\/v2\/media?parent=868"}],"curies":[{"name":"wp","href":"https:\/\/api.w.org\/{rel}","templated":true}]}}