{"id":825,"date":"2025-07-22T09:11:00","date_gmt":"2025-07-22T07:11:00","guid":{"rendered":"https:\/\/www.lafontdencarros.es\/?page_id=825"},"modified":"2025-11-12T11:37:28","modified_gmt":"2025-11-12T10:37:28","slug":"el-poble","status":"publish","type":"page","link":"https:\/\/www.lafontdencarros.es\/va\/el-poble\/","title":{"rendered":"El Poble"},"content":{"rendered":"\n<p>\u00c9s un municipi de la Comunitat Valenciana, Espanya. Situat en el sud-est de la prov\u00edncia de Val\u00e8ncia, a la comarca de la Safor i a 6 quil\u00f2metres de Gandia. Compta amb 4200 habitants en 2025.&nbsp;<\/p>\n\n\n\n<h3 class=\"wp-block-heading\">Barris i pedanies<\/h3>\n\n\n\n<p>En el seu terme municipal es troben tamb\u00e9 els seg\u00fcents nuclis de poblaci\u00f3:&nbsp;<\/p>\n\n\n\n<ul class=\"wp-block-list is-style-default mt-0\">\n<li>Tossal Gros&nbsp;<\/li>\n\n\n\n<li>El Panorama&nbsp;<\/li>\n\n\n\n<li>La Plana&nbsp;<\/li>\n\n\n\n<li>La Cava&nbsp;<\/li>\n\n\n\n<li>El Calvari&nbsp;<\/li>\n<\/ul>\n\n\n\n<h3 class=\"wp-block-heading\">Localitats lim\u00edtrofes&nbsp;<\/h3>\n\n\n\n<p>El terme municipal de la Font d&#8217;en Carr\u00f2s limita amb les seg\u00fcents localitats: l&#8217;Alqueria de la Comtessa, Beniarj\u00f3, Benifl\u00e1, Oliva, Potries, Rafelcofer i Vilallonga, totes elles de la prov\u00edncia de Val\u00e8ncia.&nbsp;<\/p>\n","protected":false},"excerpt":{"rendered":"<p>\u00c9s un municipi de la Comunitat Valenciana, Espanya. Situat en el sud-est de la prov\u00edncia de Val\u00e8ncia, a la comarca de la Safor i a 6 quil\u00f2metres de Gandia. Compta amb 4200 habitants en 2025.&nbsp; Barris i pedanies En el seu terme municipal es troben tamb\u00e9 els seg\u00fcents nuclis de poblaci\u00f3:&nbsp; Localitats lim\u00edtrofes&nbsp; El terme [&hellip;]<\/p>\n","protected":false},"author":1,"featured_media":830,"parent":0,"menu_order":0,"comment_status":"closed","ping_status":"closed","template":"plantilla-side-tres-imagenes","meta":{"_acf_changed":false,"_uag_custom_page_level_css":"","footnotes":""},"class_list":["post-825","page","type-page","status-publish","has-post-thumbnail","hentry"],"acf":[],"spectra_custom_meta":{"_edit_lock":["1763015665:1"],"rank_math_internal_links_processed":["1"],"_wpml_word_count":["107"],"_wp_page_template":["plantilla-side-tres-imagenes"],"_uag_custom_page_level_css":[""],"footnotes":[""],"_edit_last":["1"],"ptis_subtitulo_debajo_imagen_destacada":["La Font d\u2019En Carr\u00f2s"],"_ptis_subtitulo_debajo_imagen_destacada":["field_687f38c16cb2f"],"ptis_imagen_1":["834"],"_ptis_imagen_1":["field_687f31277f984"],"ptis_imagen_2":["837"],"_ptis_imagen_2":["field_687f31687f985"],"ptis_imagen_3":["840"],"_ptis_imagen_3":["field_687f316a7f986"],"_wpml_media_duplicate":["1"],"_wpml_media_featured":["1"],"rank_math_seo_score":["14"],"_thumbnail_id":["830"],"_wpml_location_migration_done":["1"]},"uagb_featured_image_src":{"full":["https:\/\/www.lafontdencarros.es\/wp-content\/uploads\/2025\/07\/el-poble.webp",872,398,false],"thumbnail":["https:\/\/www.lafontdencarros.es\/wp-content\/uploads\/2025\/07\/el-poble-150x150.webp",150,150,true],"medium":["https:\/\/www.lafontdencarros.es\/wp-content\/uploads\/2025\/07\/el-poble-300x137.webp",300,137,true],"medium_large":["https:\/\/www.lafontdencarros.es\/wp-content\/uploads\/2025\/07\/el-poble-768x351.webp",768,351,true],"large":["https:\/\/www.lafontdencarros.es\/wp-content\/uploads\/2025\/07\/el-poble.webp",872,398,false],"thumblist":["https:\/\/www.lafontdencarros.es\/wp-content\/uploads\/2025\/07\/el-poble-300x300.webp",300,300,true],"thumbrelated":["https:\/\/www.lafontdencarros.es\/wp-content\/uploads\/2025\/07\/el-poble-500x398.webp",500,398,true],"meccarouselthumb":["https:\/\/www.lafontdencarros.es\/wp-content\/uploads\/2025\/07\/el-poble-474x324.webp",474,324,true],"gridsquare":["https:\/\/www.lafontdencarros.es\/wp-content\/uploads\/2025\/07\/el-poble-391x260.webp",391,260,true],"tileview":["https:\/\/www.lafontdencarros.es\/wp-content\/uploads\/2025\/07\/el-poble-300x398.webp",300,398,true],"1536x1536":["https:\/\/www.lafontdencarros.es\/wp-content\/uploads\/2025\/07\/el-poble.webp",872,398,false],"2048x2048":["https:\/\/www.lafontdencarros.es\/wp-content\/uploads\/2025\/07\/el-poble.webp",872,398,false]},"uagb_author_info":{"display_name":"redaccion","author_link":"https:\/\/www.lafontdencarros.es\/va\/author\/redaccion\/"},"uagb_comment_info":0,"uagb_excerpt":"\u00c9s un municipi de la Comunitat Valenciana, Espanya. Situat en el sud-est de la prov\u00edncia de Val\u00e8ncia, a la comarca de la Safor i a 6 quil\u00f2metres de Gandia. Compta amb 4200 habitants en 2025.&nbsp; Barris i pedanies En el seu terme municipal es troben tamb\u00e9 els seg\u00fcents nuclis de poblaci\u00f3:&nbsp; Localitats lim\u00edtrofes&nbsp; El terme&hellip;","_links":{"self":[{"href":"https:\/\/www.lafontdencarros.es\/va\/wp-json\/wp\/v2\/pages\/825","targetHints":{"allow":["GET"]}}],"collection":[{"href":"https:\/\/www.lafontdencarros.es\/va\/wp-json\/wp\/v2\/pages"}],"about":[{"href":"https:\/\/www.lafontdencarros.es\/va\/wp-json\/wp\/v2\/types\/page"}],"author":[{"embeddable":true,"href":"https:\/\/www.lafontdencarros.es\/va\/wp-json\/wp\/v2\/users\/1"}],"replies":[{"embeddable":true,"href":"https:\/\/www.lafontdencarros.es\/va\/wp-json\/wp\/v2\/comments?post=825"}],"version-history":[{"count":0,"href":"https:\/\/www.lafontdencarros.es\/va\/wp-json\/wp\/v2\/pages\/825\/revisions"}],"wp:featuredmedia":[{"embeddable":true,"href":"https:\/\/www.lafontdencarros.es\/va\/wp-json\/wp\/v2\/media\/830"}],"wp:attachment":[{"href":"https:\/\/www.lafontdencarros.es\/va\/wp-json\/wp\/v2\/media?parent=825"}],"curies":[{"name":"wp","href":"https:\/\/api.w.org\/{rel}","templated":true}]}}