{"id":6936,"date":"2026-01-19T08:06:56","date_gmt":"2026-01-19T07:06:56","guid":{"rendered":"https:\/\/www.lafontdencarros.es\/?page_id=6936"},"modified":"2026-01-19T09:42:46","modified_gmt":"2026-01-19T08:42:46","slug":"politica-cookies","status":"publish","type":"page","link":"https:\/\/www.lafontdencarros.es\/va\/politica-cookies\/","title":{"rendered":"Pol\u00edtica de cookies"},"content":{"rendered":"\n<p>L&#8217;Ajuntament de Font d&#8217;en Carr\u00f3s proporciona informaci\u00f3 sobre l&#8217;\u00fas de les galetes al seu lloc web: https:\/\/www.lafontdencarros.es<\/p>\n\n\n\n<h2 class=\"wp-block-heading\">Qu\u00e8 s\u00f3n les galetes?<\/h2>\n\n\n\n<p>Les galetes s\u00f3n fitxers que es poden descarregar al vostre ordinador a trav\u00e9s de p\u00e0gines web.<\/p>\n\n\n\n<p>S\u00f3n eines que tenen un paper essencial en la prestaci\u00f3 de nombrosos serveis de la societat de la informaci\u00f3. Entre altres coses, permeten que un lloc web emmagatzemi i recuperi informaci\u00f3 sobre els h\u00e0bits de navegaci\u00f3 d&#8217;un usuari o del seu ordinador i, segons la informaci\u00f3 obtinguda, es poden utilitzar per recon\u00e8ixer l&#8217;usuari i millorar el servei ofert.<\/p>\n\n\n\n<h2 class=\"wp-block-heading\">Tipus de galetes<\/h2>\n\n\n\n<p>Segons l&#8217;entitat que gestiona el domini des del qual s&#8217;envien les galetes i processa les dades obtingudes, se&#8217;n poden distingir dos tipus:<\/p>\n\n\n\n<ul class=\"wp-block-list\">\n<li>Cookies de primera part: les enviades al terminal de l&#8217;usuari des d&#8217;un ordinador o domini gestionat pel mateix editor i des del qual es proporciona el servei sol\u00b7licitat per l&#8217;usuari.<\/li>\n\n\n\n<li>Cookies de tercers: les enviades a l&#8217;equip terminal de l&#8217;usuari des d&#8217;un ordinador o domini que no \u00e9s gestionat per l&#8217;editor, sin\u00f3 per una altra entitat que processa les dades obtingudes mitjan\u00e7ant les cookies.<\/li>\n<\/ul>\n\n\n\n<p>En el cas que s&#8217;instal\u00b7lin galetes des d&#8217;un ordinador o domini gestionat pel mateix editor, per\u00f2 la informaci\u00f3 recollida a trav\u00e9s d&#8217;aquestes sigui gestionada per un tercer, no es poden considerar galetes pr\u00f2pies.<\/p>\n\n\n\n<p>Tamb\u00e9 hi ha una segona classificaci\u00f3 basada en el temps que romanen emmagatzemats al navegador de l&#8217;usuari, que pot ser:<\/p>\n\n\n\n<ul class=\"wp-block-list\">\n<li>Cookies de sessi\u00f3: dissenyades per recollir i emmagatzemar dades mentre l&#8217;usuari accedeix a un lloc web. S&#8217;utilitzen habitualment per emmagatzemar informaci\u00f3 que nom\u00e9s \u00e9s rellevant per a la prestaci\u00f3 del servei sol\u00b7licitat per l&#8217;usuari en una sola ocasi\u00f3 (per exemple, una llista de productes comprats).<\/li>\n\n\n\n<li>Cookies persistents: les dades romanen emmagatzemades al terminal i s&#8217;hi pot accedir i processar-les durant un per\u00edode definit per l&#8217;administrador de galetes, que pot anar de pocs minuts a diversos anys.<\/li>\n<\/ul>\n\n\n\n<p>Finalment, hi ha una altra classificaci\u00f3 amb cinc tipus de galetes segons la finalitat per a la qual es tracten les dades obtingudes:<\/p>\n\n\n\n<ul class=\"wp-block-list\">\n<li>Cookies t\u00e8cniques: les que permeten a l&#8217;usuari navegar a trav\u00e9s d&#8217;un lloc web, plataforma o aplicaci\u00f3 i utilitzar les diferents opcions o serveis que hi existeixen, com ara, per exemple, controlar el tr\u00e0nsit i la comunicaci\u00f3 de dades, identificar la sessi\u00f3, accedir a zones restringides, recordar els articles inclosos en una comanda, dur a terme el proc\u00e9s de compra d&#8217;una comanda, sol\u00b7licitar el registre o la participaci\u00f3 en un esdeveniment, utilitzar elements de seguretat durant la navegaci\u00f3, emmagatzemar contingut per a la difusi\u00f3 de v\u00eddeos o so, o compartir contingut a trav\u00e9s de xarxes socials.<\/li>\n\n\n\n<li>Cookies de personalitzaci\u00f3: permeten a l&#8217;usuari accedir al servei amb algunes caracter\u00edstiques generals predefinides segons una s\u00e8rie de criteris al terminal de l&#8217;usuari, com ara l&#8217;idioma, el tipus de navegador a trav\u00e9s del qual accedeix al servei, la configuraci\u00f3 regional des de la qual accedeix al servei, etc.<\/li>\n\n\n\n<li>Cookies d&#8217;an\u00e0lisi: permeten al responsable del tractament supervisar i analitzar el comportament dels usuaris dels llocs web als quals estan vinculades. La informaci\u00f3 recollida mitjan\u00e7ant aquest tipus de galeta s&#8217;utilitza per mesurar l&#8217;activitat dels llocs web, de l&#8217;aplicaci\u00f3 o de la plataforma i per crear perfils de navegaci\u00f3 dels usuaris d&#8217;aquests llocs, aplicacions i plataformes, amb la finalitat d&#8217;introduir millores basades en l&#8217;an\u00e0lisi de les dades d&#8217;\u00fas fetes pels usuaris del servei.<\/li>\n\n\n\n<li>Cookies publicit\u00e0ries: permeten la gesti\u00f3 m\u00e9s efica\u00e7 de l&#8217;espai publicitari.<\/li>\n\n\n\n<li>Cookies de publicitat conductual: aquestes emmagatzemen informaci\u00f3 sobre el comportament de l&#8217;usuari obtinguda mitjan\u00e7ant l&#8217;observaci\u00f3 cont\u00ednua dels seus h\u00e0bits de navegaci\u00f3, permetent desenvolupar un perfil espec\u00edfic per mostrar publicitat basada en aquest perfil.<\/li>\n\n\n\n<li>Cookies de publicitat conductual: aquestes emmagatzemen informaci\u00f3 sobre el comportament de l&#8217;usuari obtinguda mitjan\u00e7ant l&#8217;observaci\u00f3 cont\u00ednua dels seus h\u00e0bits de navegaci\u00f3, permetent desenvolupar un perfil espec\u00edfic per mostrar publicitat basada en aquest perfil.<\/li>\n\n\n\n<li>Cookies de xarxes socials externes: s&#8217;utilitzen per permetre als visitants interactuar amb contingut de diferents plataformes de xarxes socials (Facebook, YouTube, Twitter, LinkedIn, etc.) i nom\u00e9s es generen per als usuaris d&#8217;aquestes plataformes. Les condicions d&#8217;\u00fas d&#8217;aquestes cookies i la informaci\u00f3 recollida estan regulades per la pol\u00edtica de privacitat de la plataforma de xarxes socials corresponent.<\/li>\n\n\n\n<li>Cookies de xarxes socials externes: s&#8217;utilitzen per permetre als visitants interactuar amb contingut de diferents plataformes de xarxes socials (Facebook, YouTube, Twitter, LinkedIn, etc.) i nom\u00e9s es generen per als usuaris d&#8217;aquestes plataformes. Les condicions d&#8217;\u00fas d&#8217;aquestes cookies i la informaci\u00f3 recollida estan regulades per la pol\u00edtica de privacitat de la plataforma de xarxes socials corresponent.<\/li>\n\n\n\n<li>Cookies de xarxes socials externes: s&#8217;utilitzen per permetre als visitants interactuar amb contingut de diferents plataformes de xarxes socials (Facebook, YouTube, Twitter, LinkedIn, etc.) i nom\u00e9s es generen per als usuaris d&#8217;aquestes plataformes. Les condicions d&#8217;\u00fas d&#8217;aquestes cookies i la informaci\u00f3 recollida estan regulades per la pol\u00edtica de privacitat de la plataforma de xarxes socials corresponent.<\/li>\n<\/ul>\n\n\n\n<h2 class=\"wp-block-heading\">Desactivar i eliminar galetes<\/h2>\n\n\n\n<p>Teniu l&#8217;opci\u00f3 de permetre, bloquejar o eliminar les galetes instal\u00b7lades al vostre ordinador configurant les opcions del navegador instal\u00b7lat al vostre ordinador. Si desactiveu les galetes, \u00e9s possible que alguns dels serveis disponibles ja no funcionin. La manera de desactivar les galetes \u00e9s diferent per a cada navegador, per\u00f2 normalment es pot fer des del men\u00fa Eines o Opcions. Tamb\u00e9 podeu consultar el men\u00fa Ajuda del navegador, on trobareu instruccions. Els usuaris poden triar quines galetes volen que funcionin en aquest lloc web en qualsevol moment.<\/p>\n\n\n\n<p>Podeu permetre, bloquejar o eliminar les galetes instal\u00b7lades al vostre ordinador configurant les opcions del navegador instal\u00b7lat al vostre ordinador:<\/p>\n\n\n\n<ul class=\"wp-block-list\">\n<li><a href=\"https:\/\/support.google.com\/accounts\/answer\/61416?co=GENIE.Platform%3DDesktop&amp;hl=es\" target=\"_blank\" rel=\"noreferrer noopener\">Google Chrome<\/a><\/li>\n\n\n\n<li><a href=\"https:\/\/support.mozilla.org\/es\/kb\/Borrar%20cookies\" target=\"_blank\" rel=\"noreferrer noopener\">Mozilla Firefox<\/a><\/li>\n\n\n\n<li><a href=\"https:\/\/support.microsoft.com\/es-es\/topic\/c%C3%B3mo-eliminar-archivos-de-cookies-en-internet-explorer-bca9446f-d873-78de-77ba-d42645fa52fc\" target=\"_blank\" rel=\"noreferrer noopener\">Internet Explorer<\/a><\/li>\n\n\n\n<li><a href=\"https:\/\/support.apple.com\/es-es\/guide\/safari\/sfri11471\/mac\" target=\"_blank\" rel=\"noreferrer noopener\">Safari<\/a><\/li>\n\n\n\n<li><a href=\"https:\/\/support.apple.com\/es-es\/HT201265\" target=\"_blank\" rel=\"noreferrer noopener\">Safari para IOS (iPhone y iPad)<\/a><\/li>\n\n\n\n<li><a href=\"https:\/\/support.google.com\/accounts\/answer\/61416?co=GENIE.Platform%3DAndroid&amp;hl=es&amp;oco=1\" target=\"_blank\" rel=\"noreferrer noopener\">Chrome para Android<\/a><\/li>\n\n\n\n<li><a href=\"https:\/\/support.google.com\/accounts\/answer\/61416?co=GENIE.Platform%3DiOS&amp;hl=es&amp;oco=1\" target=\"_blank\" rel=\"noreferrer noopener\">Chrome para Iphone y Ipad<\/a><\/li>\n<\/ul>\n\n\n\n<p>A m\u00e9s, tamb\u00e9 podeu gestionar l&#8217;emmagatzematge de galetes al vostre navegador amb eines com les seg\u00fcents:<\/p>\n\n\n\n<ul class=\"wp-block-list\">\n<li>Ghostery:<a href=\"https:\/\/www.ghostery.com\/\" target=\"_blank\" rel=\"noreferrer noopener\">www.ghostery.com<\/a><\/li>\n\n\n\n<li>Your online choices:<a href=\"https:\/\/www.youronlinechoices.com\/es\/\" target=\"_blank\" rel=\"noreferrer noopener\">www.youronlinechoices.com\/es\/<\/a><\/li>\n<\/ul>\n\n\n\n<h2 class=\"wp-block-heading\">Galetes utilitzades a https:\/\/www.lafontdencarros.es<\/h2>\n\n\n\n<p><strong>A continuaci\u00f3 s&#8217;identifiquen les galetes que s&#8217;utilitzen en aquest lloc web, aix\u00ed com el seu tipus i la seva funci\u00f3:<\/strong><\/p>\n\n\n\n<p>Acceptaci\u00f3 de la Pol\u00edtica de galetes https:\/\/www.lafontdencarros.es assumeix que accepteu l&#8217;\u00fas de galetes. No obstant aix\u00f2, mostra informaci\u00f3 sobre la seva Pol\u00edtica de galetes a la part inferior o superior de qualsevol p\u00e0gina del portal en cada inici de sessi\u00f3 perqu\u00e8 en sigueu conscients.<\/p>\n\n\n\n<p>Donada aquesta informaci\u00f3, es poden prendre les seg\u00fcents accions:<\/p>\n\n\n\n<ul class=\"wp-block-list\">\n<li>Accepta les galetes. Aquest av\u00eds no es tornar\u00e0 a mostrar quan accedeixis a qualsevol p\u00e0gina del lloc web durant aquesta sessi\u00f3.<\/li>\n\n\n\n<li>Tanca. L&#8217;av\u00eds d&#8217;aquesta p\u00e0gina est\u00e0 ocult.<\/li>\n\n\n\n<li>Modifiqueu la vostra configuraci\u00f3. Podeu obtenir m\u00e9s informaci\u00f3 sobre qu\u00e8 s\u00f3n les galetes, consultar la pol\u00edtica de galetes a https:\/\/www.lafontdencarros.es i modificar la configuraci\u00f3 del vostre navegador.<\/li>\n<\/ul>\n","protected":false},"excerpt":{"rendered":"<p>L&#8217;Ajuntament de Font d&#8217;en Carr\u00f3s proporciona informaci\u00f3 sobre l&#8217;\u00fas de les galetes al seu lloc web: https:\/\/www.lafontdencarros.es Qu\u00e8 s\u00f3n les galetes? Les galetes s\u00f3n fitxers que es poden descarregar al vostre ordinador a trav\u00e9s de p\u00e0gines web. S\u00f3n eines que tenen un paper essencial en la prestaci\u00f3 de nombrosos serveis de la societat de la [&hellip;]<\/p>\n","protected":false},"author":1,"featured_media":0,"parent":0,"menu_order":0,"comment_status":"closed","ping_status":"closed","template":"plantilla-sin-side","meta":{"_acf_changed":false,"_uag_custom_page_level_css":"","footnotes":""},"class_list":["post-6936","page","type-page","status-publish","hentry"],"acf":[],"spectra_custom_meta":{"_edit_lock":["1773660445:1"],"rank_math_seo_score":["17"],"rank_math_internal_links_processed":["1"],"_wpml_word_count":["1281"],"_edit_last":["1"],"_wpml_media_duplicate":["1"],"_wpml_media_featured":["1"],"_wpml_location_migration_done":["1"],"_wp_page_template":["plantilla-sin-side"]},"uagb_featured_image_src":{"full":false,"thumbnail":false,"medium":false,"medium_large":false,"large":false,"thumblist":false,"thumbrelated":false,"meccarouselthumb":false,"gridsquare":false,"tileview":false,"1536x1536":false,"2048x2048":false},"uagb_author_info":{"display_name":"redaccion","author_link":"https:\/\/www.lafontdencarros.es\/va\/author\/redaccion\/"},"uagb_comment_info":0,"uagb_excerpt":"L&#8217;Ajuntament de Font d&#8217;en Carr\u00f3s proporciona informaci\u00f3 sobre l&#8217;\u00fas de les galetes al seu lloc web: https:\/\/www.lafontdencarros.es Qu\u00e8 s\u00f3n les galetes? Les galetes s\u00f3n fitxers que es poden descarregar al vostre ordinador a trav\u00e9s de p\u00e0gines web. S\u00f3n eines que tenen un paper essencial en la prestaci\u00f3 de nombrosos serveis de la societat de la&hellip;","_links":{"self":[{"href":"https:\/\/www.lafontdencarros.es\/va\/wp-json\/wp\/v2\/pages\/6936","targetHints":{"allow":["GET"]}}],"collection":[{"href":"https:\/\/www.lafontdencarros.es\/va\/wp-json\/wp\/v2\/pages"}],"about":[{"href":"https:\/\/www.lafontdencarros.es\/va\/wp-json\/wp\/v2\/types\/page"}],"author":[{"embeddable":true,"href":"https:\/\/www.lafontdencarros.es\/va\/wp-json\/wp\/v2\/users\/1"}],"replies":[{"embeddable":true,"href":"https:\/\/www.lafontdencarros.es\/va\/wp-json\/wp\/v2\/comments?post=6936"}],"version-history":[{"count":0,"href":"https:\/\/www.lafontdencarros.es\/va\/wp-json\/wp\/v2\/pages\/6936\/revisions"}],"wp:attachment":[{"href":"https:\/\/www.lafontdencarros.es\/va\/wp-json\/wp\/v2\/media?parent=6936"}],"curies":[{"name":"wp","href":"https:\/\/api.w.org\/{rel}","templated":true}]}}