{"id":2642,"date":"2025-08-06T13:11:14","date_gmt":"2025-08-06T11:11:14","guid":{"rendered":"https:\/\/www.lafontdencarros.es\/?page_id=2642"},"modified":"2026-03-23T11:01:37","modified_gmt":"2026-03-23T10:01:37","slug":"arxiu-municipal","status":"publish","type":"page","link":"https:\/\/www.lafontdencarros.es\/va\/arxiu-municipal\/","title":{"rendered":"Arxiu Municipal"},"content":{"rendered":"\n<p>L&#8217;Arxiu Municipal de la Font d\u2019en Carr\u00f2s \u00e9s un servei obert al ciutad\u00e0 i una ferramenta al servei de la gesti\u00f3 municipal que permet una efic\u00e0cia i un funcionament millors de l&#8217;administraci\u00f3 municipal i promou la difusi\u00f3 i el coneixement de la hist\u00f2ria del poble.<\/p>\n\n\n\n<p>S\u00f3n funcions de l&#8217;Arxiu: la conservaci\u00f3 i organitzaci\u00f3 del patrimoni documental municipal amb l&#8217;objectiu fonamental de:<\/p>\n\n\n\n<ul class=\"wp-block-list\">\n<li>Satisfer les necessitats d&#8217;informaci\u00f3 i documentaci\u00f3, necess\u00e0ries per a justificar els drets de les persones f\u00edsiques o jur\u00eddiques, p\u00fabliques o privades,<\/li>\n\n\n\n<li>Afavorir la recerca i la investigaci\u00f3 hist\u00f2riques,<\/li>\n\n\n\n<li>Vetllar per la recuperaci\u00f3 del patrimoni documental no oficial per mitj\u00e0 de l&#8217;acceptaci\u00f3 de llegats o donatius,<\/li>\n\n\n\n<li>Promoure el coneixement de l&#8217;entorn amb l&#8217;objectiu de fomentar la defensa i l&#8217;enriquiment a trav\u00e9s d&#8217;activitats culturals.<\/li>\n<\/ul>\n\n\n\n<p><strong>Horari:<\/strong><\/p>\n\n\n\n<p>Dilluns a Divendres de 09:00 a 14:00<\/p>\n\n\n\n<p>Per a qualsevol consulta cal demanar cita pr\u00e8via a <a href=\"mailto:arxiu@lafontdencarros.es\">arxiu@lafontdencarros.es<\/a><\/p>\n","protected":false},"excerpt":{"rendered":"<p>L&#8217;Arxiu Municipal de la Font d\u2019en Carr\u00f2s \u00e9s un servei obert al ciutad\u00e0 i una ferramenta al servei de la gesti\u00f3 municipal que permet una efic\u00e0cia i un funcionament millors de l&#8217;administraci\u00f3 municipal i promou la difusi\u00f3 i el coneixement de la hist\u00f2ria del poble. S\u00f3n funcions de l&#8217;Arxiu: la conservaci\u00f3 i organitzaci\u00f3 del patrimoni [&hellip;]<\/p>\n","protected":false},"author":1,"featured_media":0,"parent":0,"menu_order":0,"comment_status":"closed","ping_status":"closed","template":"plantilla-google-maps","meta":{"_acf_changed":false,"_uag_custom_page_level_css":"","footnotes":""},"class_list":["post-2642","page","type-page","status-publish","hentry"],"acf":[],"spectra_custom_meta":{"_edit_lock":["1774260106:1"],"rank_math_internal_links_processed":["1"],"_wpml_word_count":["162"],"rank_math_seo_score":["9"],"_wp_page_template":["plantilla-google-maps"],"_uag_custom_page_level_css":[""],"footnotes":[""],"_edit_last":["1"],"_wpml_location_migration_done":["1"],"gmaps_subtitulo_debajo_imagen_destacada":[""],"_gmaps_subtitulo_debajo_imagen_destacada":["field_6881e23804d41"],"gmaps_google_maps":["a:14:{s:7:\"address\";s:88:\"Ajuntament de la Font d'en Carr\u00f2s, Pla\u00e7a del Ajuntament, La Font d'en Carr\u00f2s, Espanya\";s:3:\"lat\";d:38.91641539999999821475284988991916179656982421875;s:3:\"lng\";d:-0.169218299999999988170173992330092005431652069091796875;s:4:\"zoom\";i:16;s:8:\"place_id\";s:27:\"ChIJq0ZWlsfoYQ0RQHoC1kRIUH8\";s:4:\"name\";s:34:\"Ajuntament de la Font d'en Carr\u00f2s\";s:13:\"street_number\";s:2:\"22\";s:11:\"street_name\";s:21:\"Pla\u00e7a del Ajuntament\";s:4:\"city\";s:20:\"La Font d'en Carr\u00f2s\";s:5:\"state\";s:20:\"Comunidad Valenciana\";s:11:\"state_short\";s:2:\"VC\";s:9:\"post_code\";s:5:\"46717\";s:7:\"country\";s:7:\"Espanya\";s:13:\"country_short\";s:2:\"ES\";}"],"_gmaps_google_maps":["field_6881e0c104d40"],"gmaps_direccion":["Pl. Ajuntament, 17. Ajuntament de la Font d\u2019en Carr\u00f2s, 2ona planta"],"_gmaps_direccion":["field_6881e34104d42"],"gmaps_telefono":[""],"_gmaps_telefono":["field_6881e36104d43"],"gmaps_informacion":[""],"_gmaps_informacion":["field_68872133566b7"],"gmaps_matricula":[""],"_gmaps_matricula":["field_68872147566b8"],"gmaps_periodo":[""],"_gmaps_periodo":["field_68872153566b9"],"gmaps_email":["arxiu@lafontdencarros.es"],"_gmaps_email":["field_6881e36b04d44"],"gmaps_instagram_titulo":[""],"_gmaps_instagram_titulo":["field_68820dfc9faf5"],"gmaps_titulo_pdf_1":[""],"_gmaps_titulo_pdf_1":["field_688735bf22d15"],"gmaps_subtitulo_pdf_1":[""],"_gmaps_subtitulo_pdf_1":["field_688735fb22d1a"],"gmaps_titulo_pdf_2":[""],"_gmaps_titulo_pdf_2":["field_688735e822d16"],"gmaps_subtitulo_pdf_2":[""],"_gmaps_subtitulo_pdf_2":["field_6887361322d1b"],"gmaps_titulo_pdf_3":[""],"_gmaps_titulo_pdf_3":["field_688735ed22d17"],"gmaps_subtitulo_pdf_3":[""],"_gmaps_subtitulo_pdf_3":["field_6887361822d1c"],"gmaps_titulo_pdf_4":[""],"_gmaps_titulo_pdf_4":["field_688735f022d18"],"gmaps_subtitulo_pdf_4":[""],"_gmaps_subtitulo_pdf_4":["field_6887361d22d1d"],"gmaps_titulo_pdf_5":[""],"_gmaps_titulo_pdf_5":["field_688735f522d19"],"gmaps_subtitulo_pdf_5":[""],"_gmaps_subtitulo_pdf_5":["field_6887362222d1e"],"_wpml_media_duplicate":["1"],"_wpml_media_featured":["1"]},"uagb_featured_image_src":{"full":false,"thumbnail":false,"medium":false,"medium_large":false,"large":false,"thumblist":false,"thumbrelated":false,"meccarouselthumb":false,"gridsquare":false,"tileview":false,"1536x1536":false,"2048x2048":false},"uagb_author_info":{"display_name":"redaccion","author_link":"https:\/\/www.lafontdencarros.es\/va\/author\/redaccion\/"},"uagb_comment_info":0,"uagb_excerpt":"L&#8217;Arxiu Municipal de la Font d\u2019en Carr\u00f2s \u00e9s un servei obert al ciutad\u00e0 i una ferramenta al servei de la gesti\u00f3 municipal que permet una efic\u00e0cia i un funcionament millors de l&#8217;administraci\u00f3 municipal i promou la difusi\u00f3 i el coneixement de la hist\u00f2ria del poble. S\u00f3n funcions de l&#8217;Arxiu: la conservaci\u00f3 i organitzaci\u00f3 del patrimoni&hellip;","_links":{"self":[{"href":"https:\/\/www.lafontdencarros.es\/va\/wp-json\/wp\/v2\/pages\/2642","targetHints":{"allow":["GET"]}}],"collection":[{"href":"https:\/\/www.lafontdencarros.es\/va\/wp-json\/wp\/v2\/pages"}],"about":[{"href":"https:\/\/www.lafontdencarros.es\/va\/wp-json\/wp\/v2\/types\/page"}],"author":[{"embeddable":true,"href":"https:\/\/www.lafontdencarros.es\/va\/wp-json\/wp\/v2\/users\/1"}],"replies":[{"embeddable":true,"href":"https:\/\/www.lafontdencarros.es\/va\/wp-json\/wp\/v2\/comments?post=2642"}],"version-history":[{"count":1,"href":"https:\/\/www.lafontdencarros.es\/va\/wp-json\/wp\/v2\/pages\/2642\/revisions"}],"predecessor-version":[{"id":7190,"href":"https:\/\/www.lafontdencarros.es\/va\/wp-json\/wp\/v2\/pages\/2642\/revisions\/7190"}],"wp:attachment":[{"href":"https:\/\/www.lafontdencarros.es\/va\/wp-json\/wp\/v2\/media?parent=2642"}],"curies":[{"name":"wp","href":"https:\/\/api.w.org\/{rel}","templated":true}]}}