{"id":2631,"date":"2025-08-06T12:34:44","date_gmt":"2025-08-06T10:34:44","guid":{"rendered":"https:\/\/www.lafontdencarros.es\/?page_id=2631"},"modified":"2025-08-06T12:34:48","modified_gmt":"2025-08-06T10:34:48","slug":"participacio-ciutadana","status":"publish","type":"page","link":"https:\/\/www.lafontdencarros.es\/va\/participacio\/participacio-ciutadana\/","title":{"rendered":"Participaci\u00f3 ciutadana"},"content":{"rendered":"\n<p>Mitjan\u00e7ant aquesta \u00e0rea es pret\u00e9n l&#8217;acostament dels ciutadans a l&#8217;administraci\u00f3 i a la presa de decisions.<\/p>\n\n\n\n<p>\u00c9s fonamental la participaci\u00f3 de les Associacions com representants de varis sectors socials de la poblaci\u00f3. I \u00e9s important tamb\u00e9, poder con\u00e9ixer el que pensen els ve\u00efns d&#8217;all\u00f2 que, des de l&#8217; Ajuntament, est\u00e0 fent-se en el poble.<\/p>\n\n\n\n<p>Des d\u2019aquesta \u00e0rea treballem per apropar l\u2019administraci\u00f3 a la ciutadania, fomentant una relaci\u00f3 directa, transparent i col\u00b7laborativa entre l\u2019Ajuntament i els ve\u00efns i ve\u00efnes del nostre poble.<\/p>\n\n\n\n<p>La participaci\u00f3 activa de la ciutadania i del teixit associatiu \u00e9s clau per construir un municipi m\u00e9s just, din\u00e0mic i adaptat a les necessitats reals de la poblaci\u00f3. Les associacions, com a representants dels diferents \u00e0mbits socials, tenen un paper fonamental en aquest proc\u00e9s, aix\u00ed com l\u2019opini\u00f3 de cada ve\u00ed i ve\u00efna sobre les actuacions que es duen a terme des de l\u2019Ajuntament.<\/p>\n\n\n\n<p>Volem escoltar-te, comptem amb tu.<\/p>\n\n\n\n<div class=\"wp-block-uagb-buttons uagb-buttons__outer-wrap uagb-btn__default-btn uagb-btn-tablet__default-btn uagb-btn-mobile__default-btn uagb-block-034d839b\"><div class=\"uagb-buttons__wrap uagb-buttons-layout-wrap \">\n<div class=\"wp-block-uagb-buttons-child uagb-buttons__outer-wrap uagb-block-7c59f671 wp-block-button button--primary\"><div class=\"uagb-button__wrapper\"><a class=\"uagb-buttons-repeater wp-block-button__link\" aria-label=\"\" href=\"https:\/\/www.facebook.com\/ajuntament.delafontdencarros\" rel=\"follow noopener\" target=\"_blank\" role=\"button\"><div class=\"uagb-button__link\">Visitan&#8217;s a facebook<\/div><\/a><\/div><\/div>\n<\/div><\/div>\n","protected":false},"excerpt":{"rendered":"<p>Mitjan\u00e7ant aquesta \u00e0rea es pret\u00e9n l&#8217;acostament dels ciutadans a l&#8217;administraci\u00f3 i a la presa de decisions. \u00c9s fonamental la participaci\u00f3 de les Associacions com representants de varis sectors socials de la poblaci\u00f3. I \u00e9s important tamb\u00e9, poder con\u00e9ixer el que pensen els ve\u00efns d&#8217;all\u00f2 que, des de l&#8217; Ajuntament, est\u00e0 fent-se en el poble. Des [&hellip;]<\/p>\n","protected":false},"author":1,"featured_media":0,"parent":2070,"menu_order":0,"comment_status":"closed","ping_status":"closed","template":"plantilla-google-maps","meta":{"_acf_changed":false,"_uag_custom_page_level_css":"","footnotes":""},"class_list":["post-2631","page","type-page","status-publish","hentry"],"acf":[],"spectra_custom_meta":{"_edit_lock":["1762154501:1"],"rank_math_internal_links_processed":["1"],"_wpml_word_count":["175"],"_wpml_location_migration_done":["1"],"rank_math_seo_score":["14"],"_wp_page_template":["plantilla-google-maps"],"_uag_custom_page_level_css":[""],"footnotes":[""],"_edit_last":["1"],"gmaps_subtitulo_debajo_imagen_destacada":[""],"_gmaps_subtitulo_debajo_imagen_destacada":["field_6881e23804d41"],"gmaps_google_maps":[""],"_gmaps_google_maps":["field_6881e0c104d40"],"gmaps_direccion":[""],"_gmaps_direccion":["field_6881e34104d42"],"gmaps_telefono":[""],"_gmaps_telefono":["field_6881e36104d43"],"gmaps_informacion":[""],"_gmaps_informacion":["field_68872133566b7"],"gmaps_matricula":[""],"_gmaps_matricula":["field_68872147566b8"],"gmaps_periodo":[""],"_gmaps_periodo":["field_68872153566b9"],"gmaps_instagram_titulo":[""],"_gmaps_instagram_titulo":["field_68820dfc9faf5"],"gmaps_titulo_pdf_1":[""],"_gmaps_titulo_pdf_1":["field_688735bf22d15"],"gmaps_subtitulo_pdf_1":[""],"_gmaps_subtitulo_pdf_1":["field_688735fb22d1a"],"gmaps_titulo_pdf_2":[""],"_gmaps_titulo_pdf_2":["field_688735e822d16"],"gmaps_subtitulo_pdf_2":[""],"_gmaps_subtitulo_pdf_2":["field_6887361322d1b"],"gmaps_titulo_pdf_3":[""],"_gmaps_titulo_pdf_3":["field_688735ed22d17"],"gmaps_subtitulo_pdf_3":[""],"_gmaps_subtitulo_pdf_3":["field_6887361822d1c"],"gmaps_titulo_pdf_4":[""],"_gmaps_titulo_pdf_4":["field_688735f022d18"],"gmaps_subtitulo_pdf_4":[""],"_gmaps_subtitulo_pdf_4":["field_6887361d22d1d"],"gmaps_titulo_pdf_5":[""],"_gmaps_titulo_pdf_5":["field_688735f522d19"],"gmaps_subtitulo_pdf_5":[""],"_gmaps_subtitulo_pdf_5":["field_6887362222d1e"],"_wpml_media_duplicate":["1"],"_wpml_media_featured":["1"]},"uagb_featured_image_src":{"full":false,"thumbnail":false,"medium":false,"medium_large":false,"large":false,"thumblist":false,"thumbrelated":false,"meccarouselthumb":false,"gridsquare":false,"tileview":false,"1536x1536":false,"2048x2048":false},"uagb_author_info":{"display_name":"redaccion","author_link":"https:\/\/www.lafontdencarros.es\/va\/author\/redaccion\/"},"uagb_comment_info":0,"uagb_excerpt":"Mitjan\u00e7ant aquesta \u00e0rea es pret\u00e9n l&#8217;acostament dels ciutadans a l&#8217;administraci\u00f3 i a la presa de decisions. \u00c9s fonamental la participaci\u00f3 de les Associacions com representants de varis sectors socials de la poblaci\u00f3. I \u00e9s important tamb\u00e9, poder con\u00e9ixer el que pensen els ve\u00efns d&#8217;all\u00f2 que, des de l&#8217; Ajuntament, est\u00e0 fent-se en el poble. Des&hellip;","_links":{"self":[{"href":"https:\/\/www.lafontdencarros.es\/va\/wp-json\/wp\/v2\/pages\/2631","targetHints":{"allow":["GET"]}}],"collection":[{"href":"https:\/\/www.lafontdencarros.es\/va\/wp-json\/wp\/v2\/pages"}],"about":[{"href":"https:\/\/www.lafontdencarros.es\/va\/wp-json\/wp\/v2\/types\/page"}],"author":[{"embeddable":true,"href":"https:\/\/www.lafontdencarros.es\/va\/wp-json\/wp\/v2\/users\/1"}],"replies":[{"embeddable":true,"href":"https:\/\/www.lafontdencarros.es\/va\/wp-json\/wp\/v2\/comments?post=2631"}],"version-history":[{"count":0,"href":"https:\/\/www.lafontdencarros.es\/va\/wp-json\/wp\/v2\/pages\/2631\/revisions"}],"up":[{"embeddable":true,"href":"https:\/\/www.lafontdencarros.es\/va\/wp-json\/wp\/v2\/pages\/2070"}],"wp:attachment":[{"href":"https:\/\/www.lafontdencarros.es\/va\/wp-json\/wp\/v2\/media?parent=2631"}],"curies":[{"name":"wp","href":"https:\/\/api.w.org\/{rel}","templated":true}]}}