{"id":2626,"date":"2025-08-06T12:17:09","date_gmt":"2025-08-06T10:17:09","guid":{"rendered":"https:\/\/www.lafontdencarros.es\/?page_id=2626"},"modified":"2025-09-03T12:33:14","modified_gmt":"2025-09-03T10:33:14","slug":"plpif-prevencio-dincendis-forestals","status":"publish","type":"page","link":"https:\/\/www.lafontdencarros.es\/va\/medi-ambient\/plpif-prevencio-dincendis-forestals\/","title":{"rendered":"PLPIF &#8211; Prevenci\u00f3 d&#8217;incendis forestals"},"content":{"rendered":"\n<p>La Font d\u2019en Carr\u00f2s disposa des de 2020 d\u2019un pla local de Prevenci\u00f3 de incendis forestals, on s\u2019asumeix la voluntat de realitzar accions precises i ajustades a la normativa vigen que faciliten la prevenci\u00f3 i la gesti\u00f3 dels incendis forestas, per tal de protegir el valor estrategic de la massa forestal que forma part del municipi.<\/p>\n\n\n\n<p>Vos pasem enlla\u00e7 oficial al document:<\/p>\n\n\n\n<p><a href=\"https:\/\/prevencionincendiosgva.es\/Documents\/planes_PLPIF\/46\/PLPIF461271.zip\" target=\"_blank\" rel=\"noreferrer noopener nofollow\">https:\/\/prevencionincendiosgva.es\/Documents\/planes_PLPIF\/46\/PLPIF461271.zip<\/a><\/p>\n\n\n\n<p>Tamb\u00e9, podeu descarregar el document desde la nostra web, a tamany m\u00e9s redu\u00eft<\/p>\n","protected":false},"excerpt":{"rendered":"<p>La Font d\u2019en Carr\u00f2s disposa des de 2020 d\u2019un pla local de Prevenci\u00f3 de incendis forestals, on s\u2019asumeix la voluntat de realitzar accions precises i ajustades a la normativa vigen que faciliten la prevenci\u00f3 i la gesti\u00f3 dels incendis forestas, per tal de protegir el valor estrategic de la massa forestal que forma part del [&hellip;]<\/p>\n","protected":false},"author":1,"featured_media":0,"parent":2619,"menu_order":0,"comment_status":"closed","ping_status":"closed","template":"plantilla-google-maps","meta":{"_acf_changed":false,"_uag_custom_page_level_css":"","footnotes":""},"class_list":["post-2626","page","type-page","status-publish","hentry"],"acf":[],"spectra_custom_meta":{"_edit_lock":["1762152812:1"],"rank_math_internal_links_processed":["1"],"_wpml_word_count":["97"],"rank_math_seo_score":["9"],"_wp_page_template":["plantilla-google-maps"],"_uag_custom_page_level_css":[""],"footnotes":[""],"_edit_last":["1"],"_wpml_location_migration_done":["1"],"gmaps_subtitulo_debajo_imagen_destacada":[""],"_gmaps_subtitulo_debajo_imagen_destacada":["field_6881e23804d41"],"gmaps_google_maps":[""],"_gmaps_google_maps":["field_6881e0c104d40"],"gmaps_direccion":[""],"_gmaps_direccion":["field_6881e34104d42"],"gmaps_telefono":[""],"_gmaps_telefono":["field_6881e36104d43"],"gmaps_informacion":[""],"_gmaps_informacion":["field_68872133566b7"],"gmaps_matricula":[""],"_gmaps_matricula":["field_68872147566b8"],"gmaps_periodo":[""],"_gmaps_periodo":["field_68872153566b9"],"gmaps_instagram_titulo":[""],"_gmaps_instagram_titulo":["field_68820dfc9faf5"],"gmaps_titulo_pdf_1":["Pl\u00e0 Local de Prevenci\u00f3 d'Incendis"],"_gmaps_titulo_pdf_1":["field_688735bf22d15"],"gmaps_subtitulo_pdf_1":["Document PDF"],"_gmaps_subtitulo_pdf_1":["field_688735fb22d1a"],"gmaps_titulo_pdf_2":[""],"_gmaps_titulo_pdf_2":["field_688735e822d16"],"gmaps_subtitulo_pdf_2":[""],"_gmaps_subtitulo_pdf_2":["field_6887361322d1b"],"gmaps_titulo_pdf_3":[""],"_gmaps_titulo_pdf_3":["field_688735ed22d17"],"gmaps_subtitulo_pdf_3":[""],"_gmaps_subtitulo_pdf_3":["field_6887361822d1c"],"gmaps_titulo_pdf_4":[""],"_gmaps_titulo_pdf_4":["field_688735f022d18"],"gmaps_subtitulo_pdf_4":[""],"_gmaps_subtitulo_pdf_4":["field_6887361d22d1d"],"gmaps_titulo_pdf_5":[""],"_gmaps_titulo_pdf_5":["field_688735f522d19"],"gmaps_subtitulo_pdf_5":[""],"_gmaps_subtitulo_pdf_5":["field_6887362222d1e"],"_wpml_media_duplicate":["1"],"_wpml_media_featured":["1"],"gmaps_pdf_1":["4296"],"_gmaps_pdf_1":["field_6887359e22d10"]},"uagb_featured_image_src":{"full":false,"thumbnail":false,"medium":false,"medium_large":false,"large":false,"thumblist":false,"thumbrelated":false,"meccarouselthumb":false,"gridsquare":false,"tileview":false,"1536x1536":false,"2048x2048":false},"uagb_author_info":{"display_name":"redaccion","author_link":"https:\/\/www.lafontdencarros.es\/va\/author\/redaccion\/"},"uagb_comment_info":0,"uagb_excerpt":"La Font d\u2019en Carr\u00f2s disposa des de 2020 d\u2019un pla local de Prevenci\u00f3 de incendis forestals, on s\u2019asumeix la voluntat de realitzar accions precises i ajustades a la normativa vigen que faciliten la prevenci\u00f3 i la gesti\u00f3 dels incendis forestas, per tal de protegir el valor estrategic de la massa forestal que forma part del&hellip;","_links":{"self":[{"href":"https:\/\/www.lafontdencarros.es\/va\/wp-json\/wp\/v2\/pages\/2626","targetHints":{"allow":["GET"]}}],"collection":[{"href":"https:\/\/www.lafontdencarros.es\/va\/wp-json\/wp\/v2\/pages"}],"about":[{"href":"https:\/\/www.lafontdencarros.es\/va\/wp-json\/wp\/v2\/types\/page"}],"author":[{"embeddable":true,"href":"https:\/\/www.lafontdencarros.es\/va\/wp-json\/wp\/v2\/users\/1"}],"replies":[{"embeddable":true,"href":"https:\/\/www.lafontdencarros.es\/va\/wp-json\/wp\/v2\/comments?post=2626"}],"version-history":[{"count":0,"href":"https:\/\/www.lafontdencarros.es\/va\/wp-json\/wp\/v2\/pages\/2626\/revisions"}],"up":[{"embeddable":true,"href":"https:\/\/www.lafontdencarros.es\/va\/wp-json\/wp\/v2\/pages\/2619"}],"wp:attachment":[{"href":"https:\/\/www.lafontdencarros.es\/va\/wp-json\/wp\/v2\/media?parent=2626"}],"curies":[{"name":"wp","href":"https:\/\/api.w.org\/{rel}","templated":true}]}}