{"id":2104,"date":"2025-08-06T07:52:41","date_gmt":"2025-08-06T05:52:41","guid":{"rendered":"https:\/\/www.lafontdencarros.es\/?page_id=2104"},"modified":"2026-03-23T10:18:00","modified_gmt":"2026-03-23T09:18:00","slug":"oficina-turisme","status":"publish","type":"page","link":"https:\/\/www.lafontdencarros.es\/va\/dependencies-municipals\/oficina-turisme\/","title":{"rendered":"Oficina turisme"},"content":{"rendered":"\n<h3 class=\"wp-block-heading\">ANTIC AJUNTAMENT &#8211; TOURIST INFO<\/h3>\n\n\n\n<p>A la pla\u00e7a de l&#8217;Ajuntament es troba l&#8217;antic Ajuntament, un edifici que data del segle XIV, conegut pels habitants com Ajuntament Vell.<\/p>\n\n\n\n<p>En les obres que s&#8217;han efectuat recentment han quedat descobertes, a l&#8217;antiga casa consistorial, les restes del primitiu porxe de la vila: un cobert d&#8217;arcs de rajola, els pilars del qual suportaven, a la banda de dalt, l&#8217;almod\u00ed municipal (establiment destinat a la compra i la venda de blat i altres cereals).<\/p>\n\n\n\n<p>Tamb\u00e9 en aquest lloc se celebraven els consells on acudien tots els ve\u00efns per tractar temes d&#8217;inter\u00e9s del poble.<\/p>\n\n\n\n<p><a><\/a> Actualment alberga l&#8217;Oficina de Turisme i dues sales superiors per a exposicions.<\/p>\n","protected":false},"excerpt":{"rendered":"<p>ANTIC AJUNTAMENT &#8211; TOURIST INFO A la pla\u00e7a de l&#8217;Ajuntament es troba l&#8217;antic Ajuntament, un edifici que data del segle XIV, conegut pels habitants com Ajuntament Vell. En les obres que s&#8217;han efectuat recentment han quedat descobertes, a l&#8217;antiga casa consistorial, les restes del primitiu porxe de la vila: un cobert d&#8217;arcs de rajola, els [&hellip;]<\/p>\n","protected":false},"author":1,"featured_media":2105,"parent":1133,"menu_order":0,"comment_status":"closed","ping_status":"closed","template":"plantilla-google-maps","meta":{"_acf_changed":false,"_uag_custom_page_level_css":"","footnotes":""},"class_list":["post-2104","page","type-page","status-publish","has-post-thumbnail","hentry"],"acf":[],"spectra_custom_meta":{"_edit_lock":["1774257485:1"],"rank_math_internal_links_processed":["1"],"_wpml_word_count":["116"],"rank_math_seo_score":["10"],"_thumbnail_id":["2105"],"_wp_page_template":["plantilla-google-maps"],"_uag_custom_page_level_css":[""],"footnotes":[""],"_edit_last":["1"],"gmaps_subtitulo_debajo_imagen_destacada":[""],"_gmaps_subtitulo_debajo_imagen_destacada":["field_6881e23804d41"],"gmaps_google_maps":["a:14:{s:7:\"address\";s:55:\"Pla\u00e7a del Ajuntament, 1, La Font d'en Carr\u00f2s, Espanya\";s:3:\"lat\";d:38.91657529999999809433575137518346309661865234375;s:3:\"lng\";d:-0.169454700000000013648815411215764470398426055908203125;s:4:\"zoom\";i:16;s:8:\"place_id\";s:27:\"ChIJQcyNosfoYQ0RH9LoWW1oaHg\";s:4:\"name\";s:24:\"Pla\u00e7a del Ajuntament, 1\";s:13:\"street_number\";s:1:\"1\";s:11:\"street_name\";s:21:\"Pla\u00e7a del Ajuntament\";s:4:\"city\";s:20:\"La Font d'en Carr\u00f2s\";s:5:\"state\";s:20:\"Comunidad Valenciana\";s:11:\"state_short\";s:2:\"VC\";s:9:\"post_code\";s:5:\"46717\";s:7:\"country\";s:7:\"Espanya\";s:13:\"country_short\";s:2:\"ES\";}"],"_gmaps_google_maps":["field_6881e0c104d40"],"gmaps_direccion":["Pla\u00e7a del Ajuntament, 1"],"_gmaps_direccion":["field_6881e34104d42"],"gmaps_telefono":["96 283 3338"],"_gmaps_telefono":["field_6881e36104d43"],"gmaps_informacion":[""],"_gmaps_informacion":["field_68872133566b7"],"gmaps_matricula":[""],"_gmaps_matricula":["field_68872147566b8"],"gmaps_periodo":[""],"_gmaps_periodo":["field_68872153566b9"],"gmaps_instagram_titulo":[""],"_gmaps_instagram_titulo":["field_68820dfc9faf5"],"gmaps_titulo_pdf_1":[""],"_gmaps_titulo_pdf_1":["field_688735bf22d15"],"gmaps_subtitulo_pdf_1":[""],"_gmaps_subtitulo_pdf_1":["field_688735fb22d1a"],"gmaps_titulo_pdf_2":[""],"_gmaps_titulo_pdf_2":["field_688735e822d16"],"gmaps_subtitulo_pdf_2":[""],"_gmaps_subtitulo_pdf_2":["field_6887361322d1b"],"gmaps_titulo_pdf_3":[""],"_gmaps_titulo_pdf_3":["field_688735ed22d17"],"gmaps_subtitulo_pdf_3":[""],"_gmaps_subtitulo_pdf_3":["field_6887361822d1c"],"gmaps_titulo_pdf_4":[""],"_gmaps_titulo_pdf_4":["field_688735f022d18"],"gmaps_subtitulo_pdf_4":[""],"_gmaps_subtitulo_pdf_4":["field_6887361d22d1d"],"gmaps_titulo_pdf_5":[""],"_gmaps_titulo_pdf_5":["field_688735f522d19"],"gmaps_subtitulo_pdf_5":[""],"_gmaps_subtitulo_pdf_5":["field_6887362222d1e"],"_wpml_media_duplicate":["1"],"_wpml_media_featured":["1"],"_wpml_location_migration_done":["1"],"gmaps_email":["turisme@lafontdencarros.es"],"_gmaps_email":["field_6881e36b04d44"],"mec_location_id":["0"],"mec_additional_location_ids":["a:0:{}"],"mec_organizer_id":["0"],"mec_additional_organizer_ids":["a:0:{}"]},"uagb_featured_image_src":{"full":["https:\/\/www.lafontdencarros.es\/wp-content\/uploads\/2025\/08\/oficina-turisme.webp",1300,975,false],"thumbnail":["https:\/\/www.lafontdencarros.es\/wp-content\/uploads\/2025\/08\/oficina-turisme-150x150.webp",150,150,true],"medium":["https:\/\/www.lafontdencarros.es\/wp-content\/uploads\/2025\/08\/oficina-turisme-300x225.webp",300,225,true],"medium_large":["https:\/\/www.lafontdencarros.es\/wp-content\/uploads\/2025\/08\/oficina-turisme-768x576.webp",768,576,true],"large":["https:\/\/www.lafontdencarros.es\/wp-content\/uploads\/2025\/08\/oficina-turisme-1024x768.webp",1024,768,true],"thumblist":["https:\/\/www.lafontdencarros.es\/wp-content\/uploads\/2025\/08\/oficina-turisme-300x300.webp",300,300,true],"thumbrelated":["https:\/\/www.lafontdencarros.es\/wp-content\/uploads\/2025\/08\/oficina-turisme-500x500.webp",500,500,true],"meccarouselthumb":["https:\/\/www.lafontdencarros.es\/wp-content\/uploads\/2025\/08\/oficina-turisme-474x324.webp",474,324,true],"gridsquare":["https:\/\/www.lafontdencarros.es\/wp-content\/uploads\/2025\/08\/oficina-turisme-391x260.webp",391,260,true],"tileview":["https:\/\/www.lafontdencarros.es\/wp-content\/uploads\/2025\/08\/oficina-turisme-300x400.webp",300,400,true],"1536x1536":["https:\/\/www.lafontdencarros.es\/wp-content\/uploads\/2025\/08\/oficina-turisme.webp",1300,975,false],"2048x2048":["https:\/\/www.lafontdencarros.es\/wp-content\/uploads\/2025\/08\/oficina-turisme.webp",1300,975,false]},"uagb_author_info":{"display_name":"redaccion","author_link":"https:\/\/www.lafontdencarros.es\/va\/author\/redaccion\/"},"uagb_comment_info":0,"uagb_excerpt":"ANTIC AJUNTAMENT &#8211; TOURIST INFO A la pla\u00e7a de l&#8217;Ajuntament es troba l&#8217;antic Ajuntament, un edifici que data del segle XIV, conegut pels habitants com Ajuntament Vell. En les obres que s&#8217;han efectuat recentment han quedat descobertes, a l&#8217;antiga casa consistorial, les restes del primitiu porxe de la vila: un cobert d&#8217;arcs de rajola, els&hellip;","_links":{"self":[{"href":"https:\/\/www.lafontdencarros.es\/va\/wp-json\/wp\/v2\/pages\/2104","targetHints":{"allow":["GET"]}}],"collection":[{"href":"https:\/\/www.lafontdencarros.es\/va\/wp-json\/wp\/v2\/pages"}],"about":[{"href":"https:\/\/www.lafontdencarros.es\/va\/wp-json\/wp\/v2\/types\/page"}],"author":[{"embeddable":true,"href":"https:\/\/www.lafontdencarros.es\/va\/wp-json\/wp\/v2\/users\/1"}],"replies":[{"embeddable":true,"href":"https:\/\/www.lafontdencarros.es\/va\/wp-json\/wp\/v2\/comments?post=2104"}],"version-history":[{"count":1,"href":"https:\/\/www.lafontdencarros.es\/va\/wp-json\/wp\/v2\/pages\/2104\/revisions"}],"predecessor-version":[{"id":7154,"href":"https:\/\/www.lafontdencarros.es\/va\/wp-json\/wp\/v2\/pages\/2104\/revisions\/7154"}],"up":[{"embeddable":true,"href":"https:\/\/www.lafontdencarros.es\/va\/wp-json\/wp\/v2\/pages\/1133"}],"wp:featuredmedia":[{"embeddable":true,"href":"https:\/\/www.lafontdencarros.es\/va\/wp-json\/wp\/v2\/media\/2105"}],"wp:attachment":[{"href":"https:\/\/www.lafontdencarros.es\/va\/wp-json\/wp\/v2\/media?parent=2104"}],"curies":[{"name":"wp","href":"https:\/\/api.w.org\/{rel}","templated":true}]}}