{"id":2085,"date":"2025-08-06T07:26:10","date_gmt":"2025-08-06T05:26:10","guid":{"rendered":"https:\/\/www.lafontdencarros.es\/?page_id=2085"},"modified":"2026-03-23T10:22:06","modified_gmt":"2026-03-23T09:22:06","slug":"casa-de-la-cultura","status":"publish","type":"page","link":"https:\/\/www.lafontdencarros.es\/va\/dependencies-municipals\/cultura\/casa-de-la-cultura\/","title":{"rendered":"Casa de la cultura"},"content":{"rendered":"\n<p>En la Casa de la Cultura es realitzen activitats com a confer\u00e8ncies, concerts de m\u00fasica, dansa, obres de teatre per a adults i p\u00fablic infantil, festivals escolars, etc. Tamb\u00e9, durant els mesos de maig i juny es realitza una Mostra de Teatre No Professional. \u00c9s un espai emblem\u00e0tic per a la promoci\u00f3 i el desenrotllament de la Cultura en el nostre poble.<\/p>\n\n\n\n<p>T\u00e9 un auditori amb capacitat per a 255 persones.<\/p>\n\n\n\n<p>Actualment dedica la segona planta de l\u2019edifici per a albergar l&#8217;Escola de M\u00fasica de la Font d\u2019en Carr\u00f2s.<\/p>\n","protected":false},"excerpt":{"rendered":"<p>En la Casa de la Cultura es realitzen activitats com a confer\u00e8ncies, concerts de m\u00fasica, dansa, obres de teatre per a adults i p\u00fablic infantil, festivals escolars, etc. Tamb\u00e9, durant els mesos de maig i juny es realitza una Mostra de Teatre No Professional. \u00c9s un espai emblem\u00e0tic per a la promoci\u00f3 i el desenrotllament [&hellip;]<\/p>\n","protected":false},"author":1,"featured_media":2086,"parent":2060,"menu_order":0,"comment_status":"closed","ping_status":"closed","template":"plantilla-google-maps","meta":{"_acf_changed":false,"_uag_custom_page_level_css":"","footnotes":""},"class_list":["post-2085","page","type-page","status-publish","has-post-thumbnail","hentry"],"acf":[],"spectra_custom_meta":{"_edit_lock":["1774257731:1"],"rank_math_internal_links_processed":["1"],"_wpml_word_count":["89"],"rank_math_seo_score":["6"],"_wpml_location_migration_done":["1"],"_thumbnail_id":["2086"],"_wp_page_template":["plantilla-google-maps"],"_uag_custom_page_level_css":[""],"footnotes":[""],"_edit_last":["1"],"gmaps_subtitulo_debajo_imagen_destacada":[""],"_gmaps_subtitulo_debajo_imagen_destacada":["field_6881e23804d41"],"gmaps_google_maps":["a:14:{s:7:\"address\";s:55:\"Pla\u00e7a del Ajuntament, 4, La Font d'en Carr\u00f2s, Espanya\";s:3:\"lat\";d:38.91615560000000328955138684250414371490478515625;s:3:\"lng\";d:-0.1692083000000000059248606021355953998863697052001953125;s:4:\"zoom\";i:16;s:8:\"place_id\";s:27:\"ChIJ75GalsfoYQ0R-W3395_axHI\";s:4:\"name\";s:24:\"Pla\u00e7a del Ajuntament, 4\";s:13:\"street_number\";s:1:\"4\";s:11:\"street_name\";s:21:\"Pla\u00e7a del Ajuntament\";s:4:\"city\";s:20:\"La Font d'en Carr\u00f2s\";s:5:\"state\";s:20:\"Comunidad Valenciana\";s:11:\"state_short\";s:2:\"VC\";s:9:\"post_code\";s:5:\"46717\";s:7:\"country\";s:7:\"Espanya\";s:13:\"country_short\";s:2:\"ES\";}"],"_gmaps_google_maps":["field_6881e0c104d40"],"gmaps_direccion":["Pla\u00e7a de l'Ajuntament, 4. 46717 La Font d\u2019en Carr\u00f2s"],"_gmaps_direccion":["field_6881e34104d42"],"gmaps_telefono":["962833601"],"_gmaps_telefono":["field_6881e36104d43"],"gmaps_informacion":[""],"_gmaps_informacion":["field_68872133566b7"],"gmaps_matricula":[""],"_gmaps_matricula":["field_68872147566b8"],"gmaps_periodo":[""],"_gmaps_periodo":["field_68872153566b9"],"gmaps_email":["casacultura@lafontdencarros.es"],"_gmaps_email":["field_6881e36b04d44"],"gmaps_instagram_titulo":[""],"_gmaps_instagram_titulo":["field_68820dfc9faf5"],"gmaps_titulo_pdf_1":[""],"_gmaps_titulo_pdf_1":["field_688735bf22d15"],"gmaps_subtitulo_pdf_1":[""],"_gmaps_subtitulo_pdf_1":["field_688735fb22d1a"],"gmaps_titulo_pdf_2":[""],"_gmaps_titulo_pdf_2":["field_688735e822d16"],"gmaps_subtitulo_pdf_2":[""],"_gmaps_subtitulo_pdf_2":["field_6887361322d1b"],"gmaps_titulo_pdf_3":[""],"_gmaps_titulo_pdf_3":["field_688735ed22d17"],"gmaps_subtitulo_pdf_3":[""],"_gmaps_subtitulo_pdf_3":["field_6887361822d1c"],"gmaps_titulo_pdf_4":[""],"_gmaps_titulo_pdf_4":["field_688735f022d18"],"gmaps_subtitulo_pdf_4":[""],"_gmaps_subtitulo_pdf_4":["field_6887361d22d1d"],"gmaps_titulo_pdf_5":[""],"_gmaps_titulo_pdf_5":["field_688735f522d19"],"gmaps_subtitulo_pdf_5":[""],"_gmaps_subtitulo_pdf_5":["field_6887362222d1e"],"_wpml_media_duplicate":["1"],"_wpml_media_featured":["1"]},"uagb_featured_image_src":{"full":["https:\/\/www.lafontdencarros.es\/wp-content\/uploads\/2025\/08\/casa-cultura-foto.webp",1920,1440,false],"thumbnail":["https:\/\/www.lafontdencarros.es\/wp-content\/uploads\/2025\/08\/casa-cultura-foto-150x150.webp",150,150,true],"medium":["https:\/\/www.lafontdencarros.es\/wp-content\/uploads\/2025\/08\/casa-cultura-foto-300x225.webp",300,225,true],"medium_large":["https:\/\/www.lafontdencarros.es\/wp-content\/uploads\/2025\/08\/casa-cultura-foto-768x576.webp",768,576,true],"large":["https:\/\/www.lafontdencarros.es\/wp-content\/uploads\/2025\/08\/casa-cultura-foto-1024x768.webp",1024,768,true],"thumblist":["https:\/\/www.lafontdencarros.es\/wp-content\/uploads\/2025\/08\/casa-cultura-foto-300x300.webp",300,300,true],"thumbrelated":["https:\/\/www.lafontdencarros.es\/wp-content\/uploads\/2025\/08\/casa-cultura-foto-500x500.webp",500,500,true],"meccarouselthumb":["https:\/\/www.lafontdencarros.es\/wp-content\/uploads\/2025\/08\/casa-cultura-foto-474x324.webp",474,324,true],"gridsquare":["https:\/\/www.lafontdencarros.es\/wp-content\/uploads\/2025\/08\/casa-cultura-foto-391x260.webp",391,260,true],"tileview":["https:\/\/www.lafontdencarros.es\/wp-content\/uploads\/2025\/08\/casa-cultura-foto-300x400.webp",300,400,true],"1536x1536":["https:\/\/www.lafontdencarros.es\/wp-content\/uploads\/2025\/08\/casa-cultura-foto-1536x1152.webp",1536,1152,true],"2048x2048":["https:\/\/www.lafontdencarros.es\/wp-content\/uploads\/2025\/08\/casa-cultura-foto.webp",1920,1440,false]},"uagb_author_info":{"display_name":"redaccion","author_link":"https:\/\/www.lafontdencarros.es\/va\/author\/redaccion\/"},"uagb_comment_info":0,"uagb_excerpt":"En la Casa de la Cultura es realitzen activitats com a confer\u00e8ncies, concerts de m\u00fasica, dansa, obres de teatre per a adults i p\u00fablic infantil, festivals escolars, etc. Tamb\u00e9, durant els mesos de maig i juny es realitza una Mostra de Teatre No Professional. \u00c9s un espai emblem\u00e0tic per a la promoci\u00f3 i el desenrotllament&hellip;","_links":{"self":[{"href":"https:\/\/www.lafontdencarros.es\/va\/wp-json\/wp\/v2\/pages\/2085","targetHints":{"allow":["GET"]}}],"collection":[{"href":"https:\/\/www.lafontdencarros.es\/va\/wp-json\/wp\/v2\/pages"}],"about":[{"href":"https:\/\/www.lafontdencarros.es\/va\/wp-json\/wp\/v2\/types\/page"}],"author":[{"embeddable":true,"href":"https:\/\/www.lafontdencarros.es\/va\/wp-json\/wp\/v2\/users\/1"}],"replies":[{"embeddable":true,"href":"https:\/\/www.lafontdencarros.es\/va\/wp-json\/wp\/v2\/comments?post=2085"}],"version-history":[{"count":1,"href":"https:\/\/www.lafontdencarros.es\/va\/wp-json\/wp\/v2\/pages\/2085\/revisions"}],"predecessor-version":[{"id":7157,"href":"https:\/\/www.lafontdencarros.es\/va\/wp-json\/wp\/v2\/pages\/2085\/revisions\/7157"}],"up":[{"embeddable":true,"href":"https:\/\/www.lafontdencarros.es\/va\/wp-json\/wp\/v2\/pages\/2060"}],"wp:featuredmedia":[{"embeddable":true,"href":"https:\/\/www.lafontdencarros.es\/va\/wp-json\/wp\/v2\/media\/2086"}],"wp:attachment":[{"href":"https:\/\/www.lafontdencarros.es\/va\/wp-json\/wp\/v2\/media?parent=2085"}],"curies":[{"name":"wp","href":"https:\/\/api.w.org\/{rel}","templated":true}]}}