{"id":2056,"date":"2025-08-05T12:38:53","date_gmt":"2025-08-05T10:38:53","guid":{"rendered":"https:\/\/www.lafontdencarros.es\/?page_id=2056"},"modified":"2026-03-23T10:37:35","modified_gmt":"2026-03-23T09:37:35","slug":"casal-de-la-joventud","status":"publish","type":"page","link":"https:\/\/www.lafontdencarros.es\/va\/dependencies-municipals\/casal-de-la-joventud\/","title":{"rendered":"Casal de la joventud"},"content":{"rendered":"\n<figure class=\"wp-block-image size-full\" style=\"margin-bottom:var(--wp--preset--spacing--50)\"><img decoding=\"async\" width=\"180\" height=\"180\" src=\"https:\/\/www.lafontdencarros.es\/wp-content\/uploads\/2025\/08\/lafontenmoviment.jpg\" alt=\"La Font en moviment\" class=\"wp-image-2093\" srcset=\"https:\/\/www.lafontdencarros.es\/wp-content\/uploads\/2025\/08\/lafontenmoviment.jpg 180w, https:\/\/www.lafontdencarros.es\/wp-content\/uploads\/2025\/08\/lafontenmoviment-150x150.jpg 150w\" sizes=\"(max-width: 180px) 100vw, 180px\" \/><\/figure>\n\n\n\n<p>Ja tenim nom per l&#8217;Espai entre els joves de la Font i l&#8217;Ajuntament. Ha guanyat &#8220;La Font En Moviment&#8221; per 19 a 15 atorgats per &#8220;Carr\u00f2s Jove&#8221;. Enhorabona per la bona participaci\u00f3 i l&#8217;acollida a la petici\u00f3 feta des de la Regidoria de Joventut.<\/p>\n\n\n\n<p>Pr\u00f2ximament, es far\u00e0 saber les bases del concurs del disseny del logo de l&#8217;espai &#8220;La Font En Moviment&#8221; per que la joventut del nostre poble puga participar en la seua creaci\u00f3. Ser\u00e0 remunerat econ\u00f2micament.<\/p>\n\n\n\n<h3 class=\"wp-block-heading\">Facebook LA FONT EN MOVIMENT<\/h3>\n\n\n\n<p>Si teniu alguna consulta, proposta o dubte, no dubteu en plantejar-la en el mur, vos contestarem en all\u00f2 que necessiteu. Tamb\u00e9, podreu enviar un missatge privat, si aix\u00ed ho considereu. Perqu\u00e8 la pol\u00edtica de Joventut ha d&#8217;estar feta amb les\/els joves i pels joves de la Font.<\/p>\n","protected":false},"excerpt":{"rendered":"<p>Ja tenim nom per l&#8217;Espai entre els joves de la Font i l&#8217;Ajuntament. Ha guanyat &#8220;La Font En Moviment&#8221; per 19 a 15 atorgats per &#8220;Carr\u00f2s Jove&#8221;. Enhorabona per la bona participaci\u00f3 i l&#8217;acollida a la petici\u00f3 feta des de la Regidoria de Joventut. Pr\u00f2ximament, es far\u00e0 saber les bases del concurs del disseny del [&hellip;]<\/p>\n","protected":false},"author":1,"featured_media":0,"parent":1133,"menu_order":0,"comment_status":"closed","ping_status":"closed","template":"plantilla-google-maps","meta":{"_acf_changed":false,"_uag_custom_page_level_css":"","footnotes":""},"class_list":["post-2056","page","type-page","status-publish","hentry"],"acf":[],"spectra_custom_meta":{"_edit_lock":["1774258674:1"],"rank_math_internal_links_processed":["1"],"_uag_custom_page_level_css":[""],"footnotes":[""],"_wpml_word_count":["129"],"rank_math_seo_score":["6"],"_edit_last":["1"],"_wpml_media_duplicate":["1"],"_wpml_media_featured":["1"],"_wp_page_template":["plantilla-google-maps"],"_wpml_location_migration_done":["1"],"gmaps_subtitulo_debajo_imagen_destacada":["Espai Jove LA FONT EN MOVIMENT"],"_gmaps_subtitulo_debajo_imagen_destacada":["field_6881e23804d41"],"gmaps_google_maps":["a:14:{s:7:\"address\";s:88:\"Ajuntament de la Font d'en Carr\u00f2s, Pla\u00e7a del Ajuntament, La Font d'en Carr\u00f2s, Espanya\";s:3:\"lat\";d:38.91641539999999821475284988991916179656982421875;s:3:\"lng\";d:-0.169218299999999988170173992330092005431652069091796875;s:4:\"zoom\";i:22;s:8:\"place_id\";s:27:\"ChIJq0ZWlsfoYQ0RQHoC1kRIUH8\";s:4:\"name\";s:34:\"Ajuntament de la Font d'en Carr\u00f2s\";s:13:\"street_number\";s:2:\"22\";s:11:\"street_name\";s:21:\"Pla\u00e7a del Ajuntament\";s:4:\"city\";s:20:\"La Font d'en Carr\u00f2s\";s:5:\"state\";s:20:\"Comunidad Valenciana\";s:11:\"state_short\";s:2:\"VC\";s:9:\"post_code\";s:5:\"46717\";s:7:\"country\";s:7:\"Espanya\";s:13:\"country_short\";s:2:\"ES\";}"],"_gmaps_google_maps":["field_6881e0c104d40"],"gmaps_direccion":[""],"_gmaps_direccion":["field_6881e34104d42"],"gmaps_telefono":[""],"_gmaps_telefono":["field_6881e36104d43"],"gmaps_informacion":[""],"_gmaps_informacion":["field_68872133566b7"],"gmaps_matricula":[""],"_gmaps_matricula":["field_68872147566b8"],"gmaps_periodo":[""],"_gmaps_periodo":["field_68872153566b9"],"gmaps_instagram_titulo":[""],"_gmaps_instagram_titulo":["field_68820dfc9faf5"],"gmaps_titulo_pdf_1":[""],"_gmaps_titulo_pdf_1":["field_688735bf22d15"],"gmaps_subtitulo_pdf_1":[""],"_gmaps_subtitulo_pdf_1":["field_688735fb22d1a"],"gmaps_titulo_pdf_2":[""],"_gmaps_titulo_pdf_2":["field_688735e822d16"],"gmaps_subtitulo_pdf_2":[""],"_gmaps_subtitulo_pdf_2":["field_6887361322d1b"],"gmaps_titulo_pdf_3":[""],"_gmaps_titulo_pdf_3":["field_688735ed22d17"],"gmaps_subtitulo_pdf_3":[""],"_gmaps_subtitulo_pdf_3":["field_6887361822d1c"],"gmaps_titulo_pdf_4":[""],"_gmaps_titulo_pdf_4":["field_688735f022d18"],"gmaps_subtitulo_pdf_4":[""],"_gmaps_subtitulo_pdf_4":["field_6887361d22d1d"],"gmaps_titulo_pdf_5":[""],"_gmaps_titulo_pdf_5":["field_688735f522d19"],"gmaps_subtitulo_pdf_5":[""],"_gmaps_subtitulo_pdf_5":["field_6887362222d1e"],"rank_math_og_content_image":["a:2:{s:5:\"check\";s:32:\"332ac1656ae19e0703a0f58f62401e66\";s:6:\"images\";a:1:{i:0;i:2093;}}"]},"uagb_featured_image_src":{"full":false,"thumbnail":false,"medium":false,"medium_large":false,"large":false,"thumblist":false,"thumbrelated":false,"meccarouselthumb":false,"gridsquare":false,"tileview":false,"1536x1536":false,"2048x2048":false},"uagb_author_info":{"display_name":"redaccion","author_link":"https:\/\/www.lafontdencarros.es\/va\/author\/redaccion\/"},"uagb_comment_info":0,"uagb_excerpt":"Ja tenim nom per l&#8217;Espai entre els joves de la Font i l&#8217;Ajuntament. Ha guanyat &#8220;La Font En Moviment&#8221; per 19 a 15 atorgats per &#8220;Carr\u00f2s Jove&#8221;. Enhorabona per la bona participaci\u00f3 i l&#8217;acollida a la petici\u00f3 feta des de la Regidoria de Joventut. Pr\u00f2ximament, es far\u00e0 saber les bases del concurs del disseny del&hellip;","_links":{"self":[{"href":"https:\/\/www.lafontdencarros.es\/va\/wp-json\/wp\/v2\/pages\/2056","targetHints":{"allow":["GET"]}}],"collection":[{"href":"https:\/\/www.lafontdencarros.es\/va\/wp-json\/wp\/v2\/pages"}],"about":[{"href":"https:\/\/www.lafontdencarros.es\/va\/wp-json\/wp\/v2\/types\/page"}],"author":[{"embeddable":true,"href":"https:\/\/www.lafontdencarros.es\/va\/wp-json\/wp\/v2\/users\/1"}],"replies":[{"embeddable":true,"href":"https:\/\/www.lafontdencarros.es\/va\/wp-json\/wp\/v2\/comments?post=2056"}],"version-history":[{"count":1,"href":"https:\/\/www.lafontdencarros.es\/va\/wp-json\/wp\/v2\/pages\/2056\/revisions"}],"predecessor-version":[{"id":7167,"href":"https:\/\/www.lafontdencarros.es\/va\/wp-json\/wp\/v2\/pages\/2056\/revisions\/7167"}],"up":[{"embeddable":true,"href":"https:\/\/www.lafontdencarros.es\/va\/wp-json\/wp\/v2\/pages\/1133"}],"wp:attachment":[{"href":"https:\/\/www.lafontdencarros.es\/va\/wp-json\/wp\/v2\/media?parent=2056"}],"curies":[{"name":"wp","href":"https:\/\/api.w.org\/{rel}","templated":true}]}}