{"id":2054,"date":"2025-08-05T12:38:18","date_gmt":"2025-08-05T10:38:18","guid":{"rendered":"https:\/\/www.lafontdencarros.es\/?page_id=2054"},"modified":"2026-03-23T10:32:42","modified_gmt":"2026-03-23T09:32:42","slug":"centre-salut","status":"publish","type":"page","link":"https:\/\/www.lafontdencarros.es\/va\/dependencies-municipals\/centre-salut\/","title":{"rendered":"Centre salut"},"content":{"rendered":"\n<h3 class=\"wp-block-heading text--no-bg internalLink\">Horari consultes m\u00e8diques<\/h3>\n\n\n\n<figure class=\"wp-block-table table--modern table-external--no-bordered\"><table class=\"has-fixed-layout\"><tbody><tr><td>Consultes m\u00e8diques<\/td><td>08.15 a 13.30h<\/td><\/tr><\/tbody><\/table><\/figure>\n\n\n\n<h3 class=\"wp-block-heading internalLink text--no-bg\">Horari consultes infermeria<\/h3>\n\n\n\n<figure class=\"wp-block-table table--modern table-external--no-bordered\"><table class=\"has-fixed-layout\"><tbody><tr><td>An\u00e0lisis (Dilluns, Dimarts, Dijous)<\/td><td>08.30 a 10.00h<\/td><\/tr><tr><td>Cures i injectables<\/td><td>10.00 a 11.30h \/ 12.00 a 13.00h (a domicili) \/ 13.00 a 14.00h<\/td><\/tr><\/tbody><\/table><\/figure>\n\n\n\n<h3 class=\"wp-block-heading internalLink text--no-bg\">Horari consultes pediatria<\/h3>\n\n\n\n<figure class=\"wp-block-table table--modern table-external--no-bordered\"><table class=\"has-fixed-layout\"><tbody><tr><td>Dimarts<\/td><td>08.30 a 13.30h<\/td><\/tr><tr><td>Dimecres<\/td><td>08.30 a 10.45h<\/td><\/tr><tr><td>Dijous<\/td><td>11.45 a 13.30h<\/td><\/tr><tr><td>Divendres<\/td><td>08.30 a 13.30h<\/td><\/tr><\/tbody><\/table><\/figure>\n\n\n\n<h3 class=\"wp-block-heading internalLink text--no-bg\">Petici\u00f3 cites<\/h3>\n\n\n\n<figure class=\"wp-block-table table--modern table-external--no-bordered\"><table class=\"has-fixed-layout\"><tbody><tr><td>Consultori<\/td><td>08.00 a 11.00h<\/td><\/tr><tr><td>Tel\u00e8fon<\/td><td>09.00 a 11.00h<\/td><\/tr><\/tbody><\/table><\/figure>\n\n\n\n<p class=\"text--no-bg\">Les urg\u00e8ncies s&#8217;atendran en el centre de salut de Bellreguard a partir de les 15h (tel. 96 161 31 81)<\/p>\n\n\n\n<div class=\"wp-block-uagb-buttons uagb-buttons__outer-wrap uagb-btn__default-btn uagb-btn-tablet__default-btn uagb-btn-mobile__default-btn uagb-block-034d839b button--p0 button--no-bg\"><div class=\"uagb-buttons__wrap uagb-buttons-layout-wrap \">\n<div class=\"wp-block-uagb-buttons-child uagb-buttons__outer-wrap uagb-block-7c59f671 wp-block-button button--primary\"><div class=\"uagb-button__wrapper\"><a class=\"uagb-buttons-repeater wp-block-button__link\" aria-label=\"\" href=\"https:\/\/www.san.gva.es\/\" rel=\"follow noopener\" target=\"_blank\" role=\"button\"><div class=\"uagb-button__link\">Cita per internet<\/div><\/a><\/div><\/div>\n<\/div><\/div>\n","protected":false},"excerpt":{"rendered":"<p>Horari consultes m\u00e8diques Consultes m\u00e8diques 08.15 a 13.30h Horari consultes infermeria An\u00e0lisis (Dilluns, Dimarts, Dijous) 08.30 a 10.00h Cures i injectables 10.00 a 11.30h \/ 12.00 a 13.00h (a domicili) \/ 13.00 a 14.00h Horari consultes pediatria Dimarts 08.30 a 13.30h Dimecres 08.30 a 10.45h Dijous 11.45 a 13.30h Divendres 08.30 a 13.30h Petici\u00f3 cites [&hellip;]<\/p>\n","protected":false},"author":1,"featured_media":1343,"parent":1133,"menu_order":0,"comment_status":"closed","ping_status":"closed","template":"plantilla-google-maps","meta":{"_acf_changed":false,"_uag_custom_page_level_css":"","footnotes":""},"class_list":["post-2054","page","type-page","status-publish","has-post-thumbnail","hentry"],"acf":[],"spectra_custom_meta":{"_edit_lock":["1774258398:1"],"rank_math_internal_links_processed":["1"],"_uag_custom_page_level_css":[""],"footnotes":[""],"_wpml_word_count":["71"],"_edit_last":["1"],"_wpml_media_duplicate":["1"],"_wpml_media_featured":["1"],"rank_math_seo_score":["15"],"_thumbnail_id":["1343"],"_wpml_location_migration_done":["1"],"_wp_page_template":["plantilla-google-maps"],"gmaps_subtitulo_debajo_imagen_destacada":[""],"_gmaps_subtitulo_debajo_imagen_destacada":["field_6881e23804d41"],"gmaps_google_maps":["a:14:{s:7:\"address\";s:53:\"Carrer Sant Isidro, 10, La Font d'en Carr\u00f2s, Espanya\";s:3:\"lat\";d:38.91617100000001272519511985592544078826904296875;s:3:\"lng\";d:-0.172936699999999998755839669684064574539661407470703125;s:4:\"zoom\";i:16;s:8:\"place_id\";s:27:\"ChIJiWSk2MXoYQ0RD9AfkLs6vV4\";s:4:\"name\";s:22:\"Carrer Sant Isidro, 10\";s:13:\"street_number\";s:2:\"10\";s:11:\"street_name\";s:18:\"Carrer Sant Isidro\";s:4:\"city\";s:20:\"La Font d'en Carr\u00f2s\";s:5:\"state\";s:20:\"Comunidad Valenciana\";s:11:\"state_short\";s:2:\"VC\";s:9:\"post_code\";s:5:\"46717\";s:7:\"country\";s:7:\"Espanya\";s:13:\"country_short\";s:2:\"ES\";}"],"_gmaps_google_maps":["field_6881e0c104d40"],"gmaps_direccion":["C\/ Sant Isidre, 10, La Font d\u2019en Carr\u00f2s"],"_gmaps_direccion":["field_6881e34104d42"],"gmaps_telefono":["96 282 98 90"],"_gmaps_telefono":["field_6881e36104d43"],"gmaps_informacion":[""],"_gmaps_informacion":["field_68872133566b7"],"gmaps_matricula":[""],"_gmaps_matricula":["field_68872147566b8"],"gmaps_periodo":[""],"_gmaps_periodo":["field_68872153566b9"],"gmaps_instagram_titulo":[""],"_gmaps_instagram_titulo":["field_68820dfc9faf5"],"gmaps_titulo_pdf_1":[""],"_gmaps_titulo_pdf_1":["field_688735bf22d15"],"gmaps_subtitulo_pdf_1":[""],"_gmaps_subtitulo_pdf_1":["field_688735fb22d1a"],"gmaps_titulo_pdf_2":[""],"_gmaps_titulo_pdf_2":["field_688735e822d16"],"gmaps_subtitulo_pdf_2":[""],"_gmaps_subtitulo_pdf_2":["field_6887361322d1b"],"gmaps_titulo_pdf_3":[""],"_gmaps_titulo_pdf_3":["field_688735ed22d17"],"gmaps_subtitulo_pdf_3":[""],"_gmaps_subtitulo_pdf_3":["field_6887361822d1c"],"gmaps_titulo_pdf_4":[""],"_gmaps_titulo_pdf_4":["field_688735f022d18"],"gmaps_subtitulo_pdf_4":[""],"_gmaps_subtitulo_pdf_4":["field_6887361d22d1d"],"gmaps_titulo_pdf_5":[""],"_gmaps_titulo_pdf_5":["field_688735f522d19"],"gmaps_subtitulo_pdf_5":[""],"_gmaps_subtitulo_pdf_5":["field_6887362222d1e"]},"uagb_featured_image_src":{"full":["https:\/\/www.lafontdencarros.es\/wp-content\/uploads\/2025\/07\/sanitat.webp",872,398,false],"thumbnail":["https:\/\/www.lafontdencarros.es\/wp-content\/uploads\/2025\/07\/sanitat-150x150.webp",150,150,true],"medium":["https:\/\/www.lafontdencarros.es\/wp-content\/uploads\/2025\/07\/sanitat-300x137.webp",300,137,true],"medium_large":["https:\/\/www.lafontdencarros.es\/wp-content\/uploads\/2025\/07\/sanitat-768x351.webp",768,351,true],"large":["https:\/\/www.lafontdencarros.es\/wp-content\/uploads\/2025\/07\/sanitat.webp",872,398,false],"thumblist":["https:\/\/www.lafontdencarros.es\/wp-content\/uploads\/2025\/07\/sanitat-300x300.webp",300,300,true],"thumbrelated":["https:\/\/www.lafontdencarros.es\/wp-content\/uploads\/2025\/07\/sanitat-500x398.webp",500,398,true],"meccarouselthumb":["https:\/\/www.lafontdencarros.es\/wp-content\/uploads\/2025\/07\/sanitat-474x324.webp",474,324,true],"gridsquare":["https:\/\/www.lafontdencarros.es\/wp-content\/uploads\/2025\/07\/sanitat-391x260.webp",391,260,true],"tileview":["https:\/\/www.lafontdencarros.es\/wp-content\/uploads\/2025\/07\/sanitat-300x398.webp",300,398,true],"1536x1536":["https:\/\/www.lafontdencarros.es\/wp-content\/uploads\/2025\/07\/sanitat.webp",872,398,false],"2048x2048":["https:\/\/www.lafontdencarros.es\/wp-content\/uploads\/2025\/07\/sanitat.webp",872,398,false]},"uagb_author_info":{"display_name":"redaccion","author_link":"https:\/\/www.lafontdencarros.es\/va\/author\/redaccion\/"},"uagb_comment_info":0,"uagb_excerpt":"Horari consultes m\u00e8diques Consultes m\u00e8diques 08.15 a 13.30h Horari consultes infermeria An\u00e0lisis (Dilluns, Dimarts, Dijous) 08.30 a 10.00h Cures i injectables 10.00 a 11.30h \/ 12.00 a 13.00h (a domicili) \/ 13.00 a 14.00h Horari consultes pediatria Dimarts 08.30 a 13.30h Dimecres 08.30 a 10.45h Dijous 11.45 a 13.30h Divendres 08.30 a 13.30h Petici\u00f3 cites&hellip;","_links":{"self":[{"href":"https:\/\/www.lafontdencarros.es\/va\/wp-json\/wp\/v2\/pages\/2054","targetHints":{"allow":["GET"]}}],"collection":[{"href":"https:\/\/www.lafontdencarros.es\/va\/wp-json\/wp\/v2\/pages"}],"about":[{"href":"https:\/\/www.lafontdencarros.es\/va\/wp-json\/wp\/v2\/types\/page"}],"author":[{"embeddable":true,"href":"https:\/\/www.lafontdencarros.es\/va\/wp-json\/wp\/v2\/users\/1"}],"replies":[{"embeddable":true,"href":"https:\/\/www.lafontdencarros.es\/va\/wp-json\/wp\/v2\/comments?post=2054"}],"version-history":[{"count":2,"href":"https:\/\/www.lafontdencarros.es\/va\/wp-json\/wp\/v2\/pages\/2054\/revisions"}],"predecessor-version":[{"id":7164,"href":"https:\/\/www.lafontdencarros.es\/va\/wp-json\/wp\/v2\/pages\/2054\/revisions\/7164"}],"up":[{"embeddable":true,"href":"https:\/\/www.lafontdencarros.es\/va\/wp-json\/wp\/v2\/pages\/1133"}],"wp:featuredmedia":[{"embeddable":true,"href":"https:\/\/www.lafontdencarros.es\/va\/wp-json\/wp\/v2\/media\/1343"}],"wp:attachment":[{"href":"https:\/\/www.lafontdencarros.es\/va\/wp-json\/wp\/v2\/media?parent=2054"}],"curies":[{"name":"wp","href":"https:\/\/api.w.org\/{rel}","templated":true}]}}