{"id":1947,"date":"2025-07-30T13:43:35","date_gmt":"2025-07-30T11:43:35","guid":{"rendered":"https:\/\/www.lafontdencarros.es\/?page_id=1947"},"modified":"2025-10-30T07:56:18","modified_gmt":"2025-10-30T06:56:18","slug":"avis-legal","status":"publish","type":"page","link":"https:\/\/www.lafontdencarros.es\/va\/avis-legal\/","title":{"rendered":"Av\u00eds Legal"},"content":{"rendered":"\n<h2 class=\"wp-block-heading\"><strong>Titularitat del lloc web<\/strong><\/h2>\n\n\n\n<p><strong>lafontdencarros.es<\/strong>, \u00e9s un domini en internet de titularitat:<\/p>\n\n\n\n<p>Ayuntamiento de La Font d&#8217;En Carr\u00f2s<\/p>\n\n\n\n<p>Pla\u00e7a Ajuntament, 17 &#8211; CP: 46717<br>Tel\u00e8fon: 96 283 30 00<\/p>\n\n\n\n<p>L&#8217;Ajuntament, mitjan\u00e7ant aquest espai web, posa a la disposici\u00f3 dels diferents usuaris l&#8217;acc\u00e9s i utilitzaci\u00f3 de serveis i informaci\u00f3 referits tant a la seu \u00e0mbit d&#8217;actuaci\u00f3 com, si es d\u00f3na el cas, proporcionats per tercers. Aquest lloc web i tots els seus continguts, incloent els textes, imatges,codis i qualsevol altre material, son propietat de l&#8217;Ajuntament o de tercers que han autoritzat el seu us. La informaci\u00f3 i elements divulgats a trav\u00e9s d&#8217;aquestes p\u00e0ginas es troben protegits per les lleis espanyoles i internacionals sobre Propietat Industrial i Intelectual. De tal mena que es prohibeix la seua reproducci\u00f3, distribuci\u00f3 y comunicaci\u00f3 p\u00fablica sense l&#8217;autoritzaci\u00f3 expresa de l&#8217;Ajuntament.<\/p>\n\n\n\n<h2 class=\"wp-block-heading\"><strong>Termes i condicions d&#8217;\u00fas<\/strong><\/h2>\n\n\n\n<p>Es considera usuari del present lloc web a qualsevol que accedixca i utilitze el mateix. La condici\u00f3 d&#8217;usuari comporta la total acceptaci\u00f3 de les condicions establertes en el present Av\u00eds Legal i en les especials que puguen establir-se per a determinats serveis i utilitats. Els usuaris adquireixen el comprom\u00eds d&#8217;ajustar la seva actuaci\u00f3 a les citades condicions i a observar el disposat per la normativa legal, aix\u00ed com a les instruccions i avisos que es posen en el seu coneixement.<\/p>\n\n\n\n<p>Quan sigue necess\u00e0ria la utilitzaci\u00f3 d&#8217;una contrasenya o nom d&#8217;usuari per a accedir a algun contingut o servei d&#8217;aquest lloc web, l&#8217;usuari queda obligat a mantenir-la en secret i a fer d&#8217;ella un \u00fas diligent. En cas de p\u00e8rdua o utilitzaci\u00f3 negligent de la contrasenya l&#8217;usuari respondr\u00e0 de la utilitzaci\u00f3 que d&#8217;ella haguen pogut fer terceres persones.<\/p>\n\n\n\n<p>Es prohibeix la reproducci\u00f3 total o parcial dels continguts d&#8217;aquesta Web sense citar el seu origen o sol\u00b7licitar autoritzaci\u00f3.<\/p>\n\n\n\n<p>L&#8217;Ajuntament no \u00e9s responsable del mal \u00fas que els usuaris realitzen dels continguts del seu lloc web i es reserva el dret d&#8217;actualitzar, modificar, conservar, eliminar, o impedir l&#8217;acc\u00e9s a qualsevol contingut que aparegue en el mateix o de tancar-lo sense previ av\u00eds.<\/p>\n\n\n\n<p>L&#8217;Ajuntament no \u00e9s responsable dels continguts situats fora de la seua web, en els llocs web de tercers, als quals es pugui accedir mitjan\u00e7ant o a trav\u00e9s d&#8217;enlla\u00e7os situats en el lloc web de l&#8217;ajuntament. En el cas de f\u00f2rums oberts o espais d&#8217;opini\u00f3 en les seves p\u00e0gines web, l&#8217;Ajuntamentno s&#8217;obliga a controlar les opinions o informacions abocades pels usuaris, per\u00f2 es reserva el dret a eliminar aquelles que puguin resultar contr\u00e0ries a la legalitat vigent, especialment quan impliquin una vulneraci\u00f3 dels drets i llibertats fonamentals, als bons usos i als presents termes i condicions. l&#8217;Ajuntamentno ser\u00e0 responsable de possibles danys o perjudicis que es poguessin derivar d&#8217;interfer\u00e8ncies, omissions, interrupcions, avaries o desconnexions en el funcionament operatiu d&#8217;aquest sistema electr\u00f2nic, motivades per causes alienes a l&#8217;Ajuntament, o com a conseq\u00fc\u00e8ncia d&#8217;ajustaments o problemes t\u00e8cnics propis; aix\u00ed com de danys que puguen ser causats per virus inform\u00e0tics i per terceres persones mitjan\u00e7ant intromissions il\u00b7leg\u00edtimes fora del control de l&#8217;ajuntament.<\/p>\n\n\n\n<p>La informaci\u00f3 administrativa publicada en aquest lloc web t\u00e9 car\u00e0cter merament orientatiu; per tant, ni substitu\u00efx la publicitat dels documents que h\u00e0gen de publicar-se en Diaris i Butlletins Oficials, l&#8217;edici\u00f3 dels quals \u00e9s l&#8217;\u00fanic instrument que d\u00f3na fe de l&#8217;autenticitat i del contingut dels mateixos, ni de la mateixa pot derivar-se efecte jur\u00eddic vinculant algun, devent l&#8217;usuari contrastar la citada informaci\u00f3 amb l&#8217;existent en els Diaris i Butlletins Oficials, si escau, o amb la obrant en les depend\u00e8ncies pertinents de l&#8217;Administraci\u00f3. En concret, aquesta informaci\u00f3 no podr\u00e0 ser vinculant en la resoluci\u00f3 de procediments administratius ni al\u00b7legar-se en processos contradictoris amb l&#8217;Administraci\u00f3 P\u00fablica. En conseq\u00fc\u00e8ncia, l&#8217;Ajuntament no es fa responsable dels possibles danys i perjudicis que l&#8217;\u00fas d&#8217;aquesta informaci\u00f3 pogu\u00e9s ocasionar. l&#8217;Ajuntament es reserva el dret de modificar els termes i condicions establerts en el present Av\u00eds Legal.<\/p>\n","protected":false},"excerpt":{"rendered":"<p>Titularitat del lloc web lafontdencarros.es, \u00e9s un domini en internet de titularitat: Ayuntamiento de La Font d&#8217;En Carr\u00f2s Pla\u00e7a Ajuntament, 17 &#8211; CP: 46717Tel\u00e8fon: 96 283 30 00 L&#8217;Ajuntament, mitjan\u00e7ant aquest espai web, posa a la disposici\u00f3 dels diferents usuaris l&#8217;acc\u00e9s i utilitzaci\u00f3 de serveis i informaci\u00f3 referits tant a la seu \u00e0mbit d&#8217;actuaci\u00f3 com, [&hellip;]<\/p>\n","protected":false},"author":1,"featured_media":0,"parent":0,"menu_order":0,"comment_status":"closed","ping_status":"closed","template":"plantilla-sin-side","meta":{"_acf_changed":false,"_uag_custom_page_level_css":"","footnotes":""},"class_list":["post-1947","page","type-page","status-publish","hentry"],"acf":[],"spectra_custom_meta":{"_edit_lock":["1768806473:1"],"rank_math_seo_score":["8"],"rank_math_internal_links_processed":["1"],"_wp_page_template":["plantilla-sin-side"],"_uag_custom_page_level_css":[""],"footnotes":[""],"_wpml_word_count":["723"],"_edit_last":["1"],"_wpml_media_duplicate":["1"],"_wpml_media_featured":["1"],"_wpml_location_migration_done":["1"]},"uagb_featured_image_src":{"full":false,"thumbnail":false,"medium":false,"medium_large":false,"large":false,"thumblist":false,"thumbrelated":false,"meccarouselthumb":false,"gridsquare":false,"tileview":false,"1536x1536":false,"2048x2048":false},"uagb_author_info":{"display_name":"redaccion","author_link":"https:\/\/www.lafontdencarros.es\/va\/author\/redaccion\/"},"uagb_comment_info":0,"uagb_excerpt":"Titularitat del lloc web lafontdencarros.es, \u00e9s un domini en internet de titularitat: Ayuntamiento de La Font d&#8217;En Carr\u00f2s Pla\u00e7a Ajuntament, 17 &#8211; CP: 46717Tel\u00e8fon: 96 283 30 00 L&#8217;Ajuntament, mitjan\u00e7ant aquest espai web, posa a la disposici\u00f3 dels diferents usuaris l&#8217;acc\u00e9s i utilitzaci\u00f3 de serveis i informaci\u00f3 referits tant a la seu \u00e0mbit d&#8217;actuaci\u00f3 com,&hellip;","_links":{"self":[{"href":"https:\/\/www.lafontdencarros.es\/va\/wp-json\/wp\/v2\/pages\/1947","targetHints":{"allow":["GET"]}}],"collection":[{"href":"https:\/\/www.lafontdencarros.es\/va\/wp-json\/wp\/v2\/pages"}],"about":[{"href":"https:\/\/www.lafontdencarros.es\/va\/wp-json\/wp\/v2\/types\/page"}],"author":[{"embeddable":true,"href":"https:\/\/www.lafontdencarros.es\/va\/wp-json\/wp\/v2\/users\/1"}],"replies":[{"embeddable":true,"href":"https:\/\/www.lafontdencarros.es\/va\/wp-json\/wp\/v2\/comments?post=1947"}],"version-history":[{"count":0,"href":"https:\/\/www.lafontdencarros.es\/va\/wp-json\/wp\/v2\/pages\/1947\/revisions"}],"wp:attachment":[{"href":"https:\/\/www.lafontdencarros.es\/va\/wp-json\/wp\/v2\/media?parent=1947"}],"curies":[{"name":"wp","href":"https:\/\/api.w.org\/{rel}","templated":true}]}}