{"id":1411,"date":"2025-07-29T09:41:46","date_gmt":"2025-07-29T07:41:46","guid":{"rendered":"https:\/\/www.lafontdencarros.es\/?page_id=1411"},"modified":"2025-07-29T09:46:52","modified_gmt":"2025-07-29T07:46:52","slug":"miram","status":"publish","type":"page","link":"https:\/\/www.lafontdencarros.es\/va\/miram\/","title":{"rendered":"Mira&#8217;m"},"content":{"rendered":"\n<h2 class=\"wp-block-heading text--no-bg\"><strong>Informaci\u00f3 cultural de la Font d&#8217;en Carr\u00f2s<\/strong><\/h2>\n\n\n\n<p class=\"text--no-bg\">Mira\u2019m \u00e9s l\u2019espai mensual d\u2019informaci\u00f3 cultural de La Font d\u2019en Carr\u00f2s. Cada mes hi trobar\u00e0s totes les activitats culturals programades al municipi: teatre, m\u00fasica, exposicions, tallers, cinema, festes i molt m\u00e9s.<\/p>\n\n\n\n<figure class=\"wp-block-image size-large\" style=\"margin-top:var(--wp--preset--spacing--50)\"><img decoding=\"async\" width=\"488\" height=\"390\" src=\"https:\/\/www.lafontdencarros.es\/wp-content\/uploads\/2025\/07\/miram.svg\" alt=\"\" class=\"wp-image-1413\"\/><\/figure>\n","protected":false},"excerpt":{"rendered":"<p>Informaci\u00f3 cultural de la Font d&#8217;en Carr\u00f2s Mira\u2019m \u00e9s l\u2019espai mensual d\u2019informaci\u00f3 cultural de La Font d\u2019en Carr\u00f2s. Cada mes hi trobar\u00e0s totes les activitats culturals programades al municipi: teatre, m\u00fasica, exposicions, tallers, cinema, festes i molt m\u00e9s.<\/p>\n","protected":false},"author":1,"featured_media":0,"parent":0,"menu_order":0,"comment_status":"closed","ping_status":"closed","template":"plantilla-miram","meta":{"_acf_changed":false,"_uag_custom_page_level_css":"","footnotes":""},"class_list":["post-1411","page","type-page","status-publish","hentry"],"acf":[],"spectra_custom_meta":{"_edit_lock":["1774438799:3"],"rank_math_internal_links_processed":["1"],"_wpml_word_count":["48"],"rank_math_seo_score":["10"],"_wpml_location_migration_done":["1"],"_wp_page_template":["plantilla-miram"],"_uag_custom_page_level_css":[""],"footnotes":[""],"_edit_last":["1"],"_wpml_media_duplicate":["1"],"_wpml_media_featured":["1"],"rank_math_og_content_image":["a:2:{s:5:\"check\";s:32:\"e868d7f742b9baf14267d4fafffd9d81\";s:6:\"images\";a:1:{i:0;i:1413;}}"]},"uagb_featured_image_src":{"full":false,"thumbnail":false,"medium":false,"medium_large":false,"large":false,"thumblist":false,"thumbrelated":false,"meccarouselthumb":false,"gridsquare":false,"tileview":false,"1536x1536":false,"2048x2048":false},"uagb_author_info":{"display_name":"redaccion","author_link":"https:\/\/www.lafontdencarros.es\/va\/author\/redaccion\/"},"uagb_comment_info":0,"uagb_excerpt":"Informaci\u00f3 cultural de la Font d&#8217;en Carr\u00f2s Mira\u2019m \u00e9s l\u2019espai mensual d\u2019informaci\u00f3 cultural de La Font d\u2019en Carr\u00f2s. Cada mes hi trobar\u00e0s totes les activitats culturals programades al municipi: teatre, m\u00fasica, exposicions, tallers, cinema, festes i molt m\u00e9s.","_links":{"self":[{"href":"https:\/\/www.lafontdencarros.es\/va\/wp-json\/wp\/v2\/pages\/1411","targetHints":{"allow":["GET"]}}],"collection":[{"href":"https:\/\/www.lafontdencarros.es\/va\/wp-json\/wp\/v2\/pages"}],"about":[{"href":"https:\/\/www.lafontdencarros.es\/va\/wp-json\/wp\/v2\/types\/page"}],"author":[{"embeddable":true,"href":"https:\/\/www.lafontdencarros.es\/va\/wp-json\/wp\/v2\/users\/1"}],"replies":[{"embeddable":true,"href":"https:\/\/www.lafontdencarros.es\/va\/wp-json\/wp\/v2\/comments?post=1411"}],"version-history":[{"count":0,"href":"https:\/\/www.lafontdencarros.es\/va\/wp-json\/wp\/v2\/pages\/1411\/revisions"}],"wp:attachment":[{"href":"https:\/\/www.lafontdencarros.es\/va\/wp-json\/wp\/v2\/media?parent=1411"}],"curies":[{"name":"wp","href":"https:\/\/api.w.org\/{rel}","templated":true}]}}