{"id":1366,"date":"2025-07-29T08:49:10","date_gmt":"2025-07-29T06:49:10","guid":{"rendered":"https:\/\/www.lafontdencarros.es\/?page_id=1366"},"modified":"2025-11-12T15:28:21","modified_gmt":"2025-11-12T14:28:21","slug":"servicis-socials","status":"publish","type":"page","link":"https:\/\/www.lafontdencarros.es\/va\/servicis-socials\/","title":{"rendered":"Servicis socials"},"content":{"rendered":"\n<p class=\"text--no-bg mb-0\">Els servicis socials generals constitu\u00efxen l&#8217;estructura b\u00e0sica del sistema p\u00fablic de servicis socials, per mitj\u00e0 de la prestaci\u00f3 d&#8217;una atenci\u00f3 integrada i polivalent dirigida a tota la poblaci\u00f3, articulada a trav\u00e9s d&#8217;actuacions preventives, assistencials i de rehabilitaci\u00f3, en un \u00e0mbit primari, amb car\u00e0cter universal i gratu\u00eft.<\/p>\n\n\n\n<p class=\"text--no-bg mb-0 mt-10\">El seu fi \u00e9s promoure el desenvolupament ple de l&#8217;individu i dels grups en qu\u00e8 s&#8217;integra, per mitj\u00e0 de la potenciaci\u00f3 de la seua participaci\u00f3 en la busca de recursos i la prioritzaci\u00f3 de les necessitats m\u00e9s urgents i b\u00e0siques.<\/p>\n\n\n\n<p class=\"text--no-bg  mb-0 mt-10\">Correspon als servicis socials generals la programaci\u00f3, implantaci\u00f3 i gesti\u00f3 de la intervenci\u00f3 generalitzada d&#8217;atenci\u00f3 prim\u00e0ria.<\/p>\n\n\n\n<p class=\"text--no-bg mt-10\">L&#8217;Ajuntament de La Font d&#8217;en Carr\u00f2s presta els servicis socials a trav\u00e9s de la Mancomunitat de Municipis de la Safor, entitat de qu\u00e8 forma part.<\/p>\n","protected":false},"excerpt":{"rendered":"<p>Els servicis socials generals constitu\u00efxen l&#8217;estructura b\u00e0sica del sistema p\u00fablic de servicis socials, per mitj\u00e0 de la prestaci\u00f3 d&#8217;una atenci\u00f3 integrada i polivalent dirigida a tota la poblaci\u00f3, articulada a trav\u00e9s d&#8217;actuacions preventives, assistencials i de rehabilitaci\u00f3, en un \u00e0mbit primari, amb car\u00e0cter universal i gratu\u00eft. El seu fi \u00e9s promoure el desenvolupament ple de [&hellip;]<\/p>\n","protected":false},"author":1,"featured_media":0,"parent":0,"menu_order":0,"comment_status":"closed","ping_status":"closed","template":"plantilla-sidebar-enlaces","meta":{"_acf_changed":false,"_uag_custom_page_level_css":"","footnotes":""},"class_list":["post-1366","page","type-page","status-publish","hentry"],"acf":[],"spectra_custom_meta":{"_edit_lock":["1762957715:1"],"rank_math_internal_links_processed":["1"],"_wpml_word_count":["150"],"_uag_custom_page_level_css":[""],"footnotes":[""],"_edit_last":["1"],"_wpml_media_duplicate":["1"],"_wpml_media_featured":["1"],"rank_math_seo_score":["13"],"_wp_page_template":["plantilla-sidebar-enlaces"],"_wpml_location_migration_done":["1"],"plantilla_enlace_titulo_1":["Treballadora social"],"_plantilla_enlace_titulo_1":["field_68886ffb878e9"],"plantilla_enlace_url_1":["https:\/\/www.lafontdencarros.es\/va\/treballadora-social\/"],"_plantilla_enlace_url_1":["field_68887027878ea"],"plantilla_enlace_titulo_2":["Gabinet Psicopedag\u00f2gic"],"_plantilla_enlace_titulo_2":["field_6888705126387"],"plantilla_enlace_url_2":["https:\/\/www.lafontdencarros.es\/va\/gabinet-psicopedagogic\/"],"_plantilla_enlace_url_2":["field_6888705526388"],"plantilla_enlace_titulo_3":["Servei d\u2019orientaci\u00f3 psicol\u00f2gica"],"_plantilla_enlace_titulo_3":["field_6888705826389"],"plantilla_enlace_url_3":["https:\/\/www.lafontdencarros.es\/va\/servei-orientacio-psicologica\/"],"_plantilla_enlace_url_3":["field_6888705b2638a"],"plantilla_enlace_titulo_4":[""],"_plantilla_enlace_titulo_4":["field_6888705e2638b"],"plantilla_enlace_titulo_5":[""],"_plantilla_enlace_titulo_5":["field_688870642638d"],"plantilla_ventana_nueva_1":["0"],"_plantilla_ventana_nueva_1":["field_68887261f90c8"],"plantilla_ventana_nueva_2":["0"],"_plantilla_ventana_nueva_2":["field_68887291f90c9"],"plantilla_ventana_nueva_3":["0"],"_plantilla_ventana_nueva_3":["field_68887296f90ca"],"plantilla_ventana_nueva_4":["0"],"_plantilla_ventana_nueva_4":["field_6888729bf90cb"],"plantilla_ventana_nueva_5":["0"],"_plantilla_ventana_nueva_5":["field_688872a1f90cc"]},"uagb_featured_image_src":{"full":false,"thumbnail":false,"medium":false,"medium_large":false,"large":false,"thumblist":false,"thumbrelated":false,"meccarouselthumb":false,"gridsquare":false,"tileview":false,"1536x1536":false,"2048x2048":false},"uagb_author_info":{"display_name":"redaccion","author_link":"https:\/\/www.lafontdencarros.es\/va\/author\/redaccion\/"},"uagb_comment_info":0,"uagb_excerpt":"Els servicis socials generals constitu\u00efxen l&#8217;estructura b\u00e0sica del sistema p\u00fablic de servicis socials, per mitj\u00e0 de la prestaci\u00f3 d&#8217;una atenci\u00f3 integrada i polivalent dirigida a tota la poblaci\u00f3, articulada a trav\u00e9s d&#8217;actuacions preventives, assistencials i de rehabilitaci\u00f3, en un \u00e0mbit primari, amb car\u00e0cter universal i gratu\u00eft. El seu fi \u00e9s promoure el desenvolupament ple de&hellip;","_links":{"self":[{"href":"https:\/\/www.lafontdencarros.es\/va\/wp-json\/wp\/v2\/pages\/1366","targetHints":{"allow":["GET"]}}],"collection":[{"href":"https:\/\/www.lafontdencarros.es\/va\/wp-json\/wp\/v2\/pages"}],"about":[{"href":"https:\/\/www.lafontdencarros.es\/va\/wp-json\/wp\/v2\/types\/page"}],"author":[{"embeddable":true,"href":"https:\/\/www.lafontdencarros.es\/va\/wp-json\/wp\/v2\/users\/1"}],"replies":[{"embeddable":true,"href":"https:\/\/www.lafontdencarros.es\/va\/wp-json\/wp\/v2\/comments?post=1366"}],"version-history":[{"count":0,"href":"https:\/\/www.lafontdencarros.es\/va\/wp-json\/wp\/v2\/pages\/1366\/revisions"}],"wp:attachment":[{"href":"https:\/\/www.lafontdencarros.es\/va\/wp-json\/wp\/v2\/media?parent=1366"}],"curies":[{"name":"wp","href":"https:\/\/api.w.org\/{rel}","templated":true}]}}