{"id":1340,"date":"2025-07-29T07:09:29","date_gmt":"2025-07-29T05:09:29","guid":{"rendered":"https:\/\/www.lafontdencarros.es\/?page_id=1340"},"modified":"2026-03-23T10:55:13","modified_gmt":"2026-03-23T09:55:13","slug":"adl-agencia-docupacio-desenvolupament-local","status":"publish","type":"page","link":"https:\/\/www.lafontdencarros.es\/va\/adl-agencia-docupacio-desenvolupament-local\/","title":{"rendered":"ADL (Ag\u00e8ncia d\u2019ocupaci\u00f3 desenvolupament local)"},"content":{"rendered":"\n<h3 class=\"wp-block-heading\">Ag\u00e8ncia de Desenvolupament Local (ADL)<\/h3>\n\n\n\n<p>La Ag\u00e8ncia d\u2019Ocupaci\u00f3 Desenvolupament Local (ADL) \u00e9s un servei que presta l&#8217;Ajuntament de la Font d&#8217;en Carr\u00f2s amb la intenci\u00f3 de promoure el desenvolupament social i econ\u00f2mic en el municipi. A m\u00e9s, intenta afavorir la creaci\u00f3 d&#8217;ocupaci\u00f3 i millorar la formaci\u00f3 de desocupats i treballadors.<\/p>\n\n\n\n<p>Trobareu l&#8217;Ag\u00e8ncia de Desenvolupament Local a la segona planta de l&#8217;Ajuntament, amb un horari d&#8217;atenci\u00f3 al p\u00fablic el dilluns i dimecres de 9:00h fins a les 14:00h.\u00a0<\/p>\n","protected":false},"excerpt":{"rendered":"<p>Ag\u00e8ncia de Desenvolupament Local (ADL) La Ag\u00e8ncia d\u2019Ocupaci\u00f3 Desenvolupament Local (ADL) \u00e9s un servei que presta l&#8217;Ajuntament de la Font d&#8217;en Carr\u00f2s amb la intenci\u00f3 de promoure el desenvolupament social i econ\u00f2mic en el municipi. A m\u00e9s, intenta afavorir la creaci\u00f3 d&#8217;ocupaci\u00f3 i millorar la formaci\u00f3 de desocupats i treballadors. Trobareu l&#8217;Ag\u00e8ncia de Desenvolupament Local [&hellip;]<\/p>\n","protected":false},"author":1,"featured_media":0,"parent":0,"menu_order":0,"comment_status":"closed","ping_status":"closed","template":"plantilla-google-maps","meta":{"_acf_changed":false,"_uag_custom_page_level_css":"","footnotes":""},"class_list":["post-1340","page","type-page","status-publish","hentry"],"acf":[],"spectra_custom_meta":{"_edit_lock":["1774259719:1"],"rank_math_internal_links_processed":["1"],"_wpml_word_count":["95"],"rank_math_seo_score":["5"],"_wpml_location_migration_done":["1"],"_wp_page_template":["plantilla-google-maps"],"_uag_custom_page_level_css":[""],"footnotes":[""],"_edit_last":["1"],"gmaps_subtitulo_debajo_imagen_destacada":[""],"_gmaps_subtitulo_debajo_imagen_destacada":["field_6881e23804d41"],"gmaps_google_maps":["a:14:{s:7:\"address\";s:88:\"Ajuntament de la Font d'en Carr\u00f2s, Pla\u00e7a del Ajuntament, La Font d'en Carr\u00f2s, Espanya\";s:3:\"lat\";d:38.91641539999999821475284988991916179656982421875;s:3:\"lng\";d:-0.169218299999999988170173992330092005431652069091796875;s:4:\"zoom\";i:16;s:8:\"place_id\";s:27:\"ChIJq0ZWlsfoYQ0RQHoC1kRIUH8\";s:4:\"name\";s:34:\"Ajuntament de la Font d'en Carr\u00f2s\";s:13:\"street_number\";s:2:\"22\";s:11:\"street_name\";s:21:\"Pla\u00e7a del Ajuntament\";s:4:\"city\";s:20:\"La Font d'en Carr\u00f2s\";s:5:\"state\";s:20:\"Comunidad Valenciana\";s:11:\"state_short\";s:2:\"VC\";s:9:\"post_code\";s:5:\"46717\";s:7:\"country\";s:7:\"Espanya\";s:13:\"country_short\";s:2:\"ES\";}"],"_gmaps_google_maps":["field_6881e0c104d40"],"gmaps_direccion":["Pla\u00e7a del Ajuntament, 22, (pl. segona de l\u2019ajuntament)  La Font d'en Carr\u00f2s"],"_gmaps_direccion":["field_6881e34104d42"],"gmaps_telefono":["96 283 30 00, ext. 5"],"_gmaps_telefono":["field_6881e36104d43"],"gmaps_informacion":[""],"_gmaps_informacion":["field_68872133566b7"],"gmaps_matricula":[""],"_gmaps_matricula":["field_68872147566b8"],"gmaps_periodo":[""],"_gmaps_periodo":["field_68872153566b9"],"gmaps_email":["aedl@lafontdencarros.es"],"_gmaps_email":["field_6881e36b04d44"],"gmaps_instagram_titulo":[""],"_gmaps_instagram_titulo":["field_68820dfc9faf5"],"gmaps_titulo_pdf_1":[""],"_gmaps_titulo_pdf_1":["field_688735bf22d15"],"gmaps_subtitulo_pdf_1":[""],"_gmaps_subtitulo_pdf_1":["field_688735fb22d1a"],"gmaps_titulo_pdf_2":[""],"_gmaps_titulo_pdf_2":["field_688735e822d16"],"gmaps_subtitulo_pdf_2":[""],"_gmaps_subtitulo_pdf_2":["field_6887361322d1b"],"gmaps_titulo_pdf_3":[""],"_gmaps_titulo_pdf_3":["field_688735ed22d17"],"gmaps_subtitulo_pdf_3":[""],"_gmaps_subtitulo_pdf_3":["field_6887361822d1c"],"gmaps_titulo_pdf_4":[""],"_gmaps_titulo_pdf_4":["field_688735f022d18"],"gmaps_subtitulo_pdf_4":[""],"_gmaps_subtitulo_pdf_4":["field_6887361d22d1d"],"gmaps_titulo_pdf_5":[""],"_gmaps_titulo_pdf_5":["field_688735f522d19"],"gmaps_subtitulo_pdf_5":[""],"_gmaps_subtitulo_pdf_5":["field_6887362222d1e"],"_wpml_media_duplicate":["1"],"_wpml_media_featured":["1"],"mec_location_id":["0"],"mec_additional_location_ids":["a:0:{}"],"mec_organizer_id":["0"],"mec_additional_organizer_ids":["a:0:{}"]},"uagb_featured_image_src":{"full":false,"thumbnail":false,"medium":false,"medium_large":false,"large":false,"thumblist":false,"thumbrelated":false,"meccarouselthumb":false,"gridsquare":false,"tileview":false,"1536x1536":false,"2048x2048":false},"uagb_author_info":{"display_name":"redaccion","author_link":"https:\/\/www.lafontdencarros.es\/va\/author\/redaccion\/"},"uagb_comment_info":0,"uagb_excerpt":"Ag\u00e8ncia de Desenvolupament Local (ADL) La Ag\u00e8ncia d\u2019Ocupaci\u00f3 Desenvolupament Local (ADL) \u00e9s un servei que presta l&#8217;Ajuntament de la Font d&#8217;en Carr\u00f2s amb la intenci\u00f3 de promoure el desenvolupament social i econ\u00f2mic en el municipi. A m\u00e9s, intenta afavorir la creaci\u00f3 d&#8217;ocupaci\u00f3 i millorar la formaci\u00f3 de desocupats i treballadors. Trobareu l&#8217;Ag\u00e8ncia de Desenvolupament Local&hellip;","_links":{"self":[{"href":"https:\/\/www.lafontdencarros.es\/va\/wp-json\/wp\/v2\/pages\/1340","targetHints":{"allow":["GET"]}}],"collection":[{"href":"https:\/\/www.lafontdencarros.es\/va\/wp-json\/wp\/v2\/pages"}],"about":[{"href":"https:\/\/www.lafontdencarros.es\/va\/wp-json\/wp\/v2\/types\/page"}],"author":[{"embeddable":true,"href":"https:\/\/www.lafontdencarros.es\/va\/wp-json\/wp\/v2\/users\/1"}],"replies":[{"embeddable":true,"href":"https:\/\/www.lafontdencarros.es\/va\/wp-json\/wp\/v2\/comments?post=1340"}],"version-history":[{"count":1,"href":"https:\/\/www.lafontdencarros.es\/va\/wp-json\/wp\/v2\/pages\/1340\/revisions"}],"predecessor-version":[{"id":7182,"href":"https:\/\/www.lafontdencarros.es\/va\/wp-json\/wp\/v2\/pages\/1340\/revisions\/7182"}],"wp:attachment":[{"href":"https:\/\/www.lafontdencarros.es\/va\/wp-json\/wp\/v2\/media?parent=1340"}],"curies":[{"name":"wp","href":"https:\/\/api.w.org\/{rel}","templated":true}]}}