{"id":1277,"date":"2025-07-28T12:38:50","date_gmt":"2025-07-28T10:38:50","guid":{"rendered":"https:\/\/www.lafontdencarros.es\/?page_id=1277"},"modified":"2025-07-28T12:39:12","modified_gmt":"2025-07-28T10:39:12","slug":"registre","status":"publish","type":"page","link":"https:\/\/www.lafontdencarros.es\/va\/registre\/","title":{"rendered":"Registre"},"content":{"rendered":"\n<h3 class=\"wp-block-heading\">Oficines d\u2019atenci\u00f3 a la ciudadania<\/h3>\n\n\n\n<p>El punt de registre s\u00f3n oficines d\u00b4atenci\u00f3 a la ciutadania, on es pot acudir per a presentar sol.licituds, escrits, comunicacions&#8230; dirigits a les administraciones publiques. funciona com a finestra \u00fanica. Presentaci\u00f3 de documentaci\u00f3 telem\u00e0tica els 365 dies de l\u00b4any durant les 24h del dia. Presentaci\u00f3 de documentaci\u00f3 presencial en \u00a0<\/p>\n\n\n\n<h3 class=\"wp-block-heading\">Horari d\u2019oficina<\/h3>\n\n\n\n<p>De <strong>dilluns a divendres <\/strong>de 8:00 a 14:00h i <strong>dimarts tamb\u00e8 de vesprada<\/strong> de 16:00 a 18:30h.<\/p>\n","protected":false},"excerpt":{"rendered":"<p>Oficines d\u2019atenci\u00f3 a la ciudadania El punt de registre s\u00f3n oficines d\u00b4atenci\u00f3 a la ciutadania, on es pot acudir per a presentar sol.licituds, escrits, comunicacions&#8230; dirigits a les administraciones publiques. funciona com a finestra \u00fanica. Presentaci\u00f3 de documentaci\u00f3 telem\u00e0tica els 365 dies de l\u00b4any durant les 24h del dia. Presentaci\u00f3 de documentaci\u00f3 presencial en \u00a0 [&hellip;]<\/p>\n","protected":false},"author":1,"featured_media":0,"parent":0,"menu_order":0,"comment_status":"closed","ping_status":"closed","template":"plantilla-google-maps","meta":{"_acf_changed":false,"_uag_custom_page_level_css":"","footnotes":""},"class_list":["post-1277","page","type-page","status-publish","hentry"],"acf":[],"spectra_custom_meta":{"_edit_lock":["1762158212:1"],"rank_math_internal_links_processed":["1"],"_wpml_word_count":["81"],"rank_math_seo_score":["9"],"_wpml_location_migration_done":["1"],"_wp_page_template":["plantilla-google-maps"],"_uag_custom_page_level_css":[""],"footnotes":[""],"_edit_last":["1"],"gmaps_subtitulo_debajo_imagen_destacada":["Llistat de serveis en el punt de registre"],"_gmaps_subtitulo_debajo_imagen_destacada":["field_6881e23804d41"],"gmaps_google_maps":[""],"_gmaps_google_maps":["field_6881e0c104d40"],"gmaps_direccion":[""],"_gmaps_direccion":["field_6881e34104d42"],"gmaps_telefono":[""],"_gmaps_telefono":["field_6881e36104d43"],"gmaps_informacion":[""],"_gmaps_informacion":["field_68872133566b7"],"gmaps_matricula":[""],"_gmaps_matricula":["field_68872147566b8"],"gmaps_periodo":[""],"_gmaps_periodo":["field_68872153566b9"],"gmaps_instagram_titulo":[""],"_gmaps_instagram_titulo":["field_68820dfc9faf5"],"gmaps_titulo_pdf_1":[""],"_gmaps_titulo_pdf_1":["field_688735bf22d15"],"gmaps_subtitulo_pdf_1":[""],"_gmaps_subtitulo_pdf_1":["field_688735fb22d1a"],"gmaps_titulo_pdf_2":[""],"_gmaps_titulo_pdf_2":["field_688735e822d16"],"gmaps_subtitulo_pdf_2":[""],"_gmaps_subtitulo_pdf_2":["field_6887361322d1b"],"gmaps_titulo_pdf_3":[""],"_gmaps_titulo_pdf_3":["field_688735ed22d17"],"gmaps_subtitulo_pdf_3":[""],"_gmaps_subtitulo_pdf_3":["field_6887361822d1c"],"gmaps_titulo_pdf_4":[""],"_gmaps_titulo_pdf_4":["field_688735f022d18"],"gmaps_subtitulo_pdf_4":[""],"_gmaps_subtitulo_pdf_4":["field_6887361d22d1d"],"gmaps_titulo_pdf_5":[""],"_gmaps_titulo_pdf_5":["field_688735f522d19"],"gmaps_subtitulo_pdf_5":[""],"_gmaps_subtitulo_pdf_5":["field_6887362222d1e"],"_wpml_media_duplicate":["1"],"_wpml_media_featured":["1"]},"uagb_featured_image_src":{"full":false,"thumbnail":false,"medium":false,"medium_large":false,"large":false,"thumblist":false,"thumbrelated":false,"meccarouselthumb":false,"gridsquare":false,"tileview":false,"1536x1536":false,"2048x2048":false},"uagb_author_info":{"display_name":"redaccion","author_link":"https:\/\/www.lafontdencarros.es\/va\/author\/redaccion\/"},"uagb_comment_info":0,"uagb_excerpt":"Oficines d\u2019atenci\u00f3 a la ciudadania El punt de registre s\u00f3n oficines d\u00b4atenci\u00f3 a la ciutadania, on es pot acudir per a presentar sol.licituds, escrits, comunicacions&#8230; dirigits a les administraciones publiques. funciona com a finestra \u00fanica. Presentaci\u00f3 de documentaci\u00f3 telem\u00e0tica els 365 dies de l\u00b4any durant les 24h del dia. Presentaci\u00f3 de documentaci\u00f3 presencial en \u00a0&hellip;","_links":{"self":[{"href":"https:\/\/www.lafontdencarros.es\/va\/wp-json\/wp\/v2\/pages\/1277","targetHints":{"allow":["GET"]}}],"collection":[{"href":"https:\/\/www.lafontdencarros.es\/va\/wp-json\/wp\/v2\/pages"}],"about":[{"href":"https:\/\/www.lafontdencarros.es\/va\/wp-json\/wp\/v2\/types\/page"}],"author":[{"embeddable":true,"href":"https:\/\/www.lafontdencarros.es\/va\/wp-json\/wp\/v2\/users\/1"}],"replies":[{"embeddable":true,"href":"https:\/\/www.lafontdencarros.es\/va\/wp-json\/wp\/v2\/comments?post=1277"}],"version-history":[{"count":0,"href":"https:\/\/www.lafontdencarros.es\/va\/wp-json\/wp\/v2\/pages\/1277\/revisions"}],"wp:attachment":[{"href":"https:\/\/www.lafontdencarros.es\/va\/wp-json\/wp\/v2\/media?parent=1277"}],"curies":[{"name":"wp","href":"https:\/\/api.w.org\/{rel}","templated":true}]}}