{"id":1260,"date":"2025-07-28T12:00:59","date_gmt":"2025-07-28T10:00:59","guid":{"rendered":"https:\/\/www.lafontdencarros.es\/?page_id=1260"},"modified":"2026-03-23T10:47:37","modified_gmt":"2026-03-23T09:47:37","slug":"consell-agrari","status":"publish","type":"page","link":"https:\/\/www.lafontdencarros.es\/va\/agricultura\/consell-agrari\/","title":{"rendered":"Consell agrari"},"content":{"rendered":"\n<p>El Consell Agrari Municipal de La Font d\u2019en Carr\u00f2s \u00e9s un \u00f2rgan consultiu en mat\u00e8ria agr\u00e0ria que vetla pels interessos del sector agr\u00edcola local i facilita la participaci\u00f3 dels representants institucionals, sindicals, associatius i dels regants, aix\u00ed com de ve\u00efns vinculats al m\u00f3n agrari.<\/p>\n\n\n\n<h3 class=\"wp-block-heading\">Segons els nostres Estatuts del Consell Agrari la composici\u00f3 \u00e9s la seg\u00fcent:<\/h3>\n\n\n\n<p>Art\u00edculo 3. Composici\u00f3n.&nbsp;&nbsp;<br>I.- El Consejo Agrario Municipal de La Font d\u2019En Carr\u00f2s, estar\u00e1 compuesto por los siguientes miembros:&nbsp;<br>&nbsp;&#8211; El Alcalde de la Corporaci\u00f3n quien ejercer\u00e1 la Presidencia del mismo, o el Concejal del Ayuntamiento a quien delegue el Alcalde.&nbsp;&nbsp;<br>&#8211; Un Concejal por cada uno de los grupos pol\u00edticos que integran la Corporaci\u00f3n. Los grupos pol\u00edticos podr\u00e1n delegar su representaci\u00f3n en el Consejo a un\/a tercero\/a mediante escrito firmado por el portavoz y presentado por Registro de Entrada del Ayuntamiento. Esta delegaci\u00f3n podr\u00e1 tener car\u00e1cter general o bien ir referida a una sesi\u00f3n en particular.&nbsp;<br>&nbsp;&#8211; Dos representantes de los sindicatos agrarios siguientes:&nbsp;&nbsp;<br>\u2002\u2002\u2002\u2002\u2002\u2002- 1 U.G.T. , Federaci\u00f3n Trabajadores de Tierra.&nbsp;&nbsp;<br>\u2002\u2002\u2002\u2002\u2002\u2002- 1 C.C.O.O., Federaci\u00f3n del Campo.&nbsp;&nbsp;<br>&#8211; Dos representantes de las siguientes asociaciones agrarias:&nbsp;<br>\u2002\u2002\u2002\u2002\u2002\u2002- 1 Asociaci\u00f3n Valenciana de Agricultores.&nbsp;<br>\u2002\u2002\u2002\u2002\u2002\u2002- 1 Uni\u00f3n de Llauradors.&nbsp;&nbsp;<br>&#8211; Cuatro representantes de los siguientes colectivos de regantes:&nbsp;&nbsp;<br>\u2002\u2002\u2002\u2002\u2002\u2002- 1 de la Comunidad de Regantes \u201cCanals Alts del Riu Serpis\u201d&nbsp;&nbsp;<br>\u2002\u2002\u2002\u2002\u2002\u2002- 1 de la Comunidad de Regantes \u201cCanals Baixos del Riu Serpis\u201d&nbsp;&nbsp;<br>\u2002\u2002\u2002\u2002\u2002\u2002- 1 de la Comunidad de Regantes \u201cMotor Frasquet\u201d&nbsp;&nbsp;<br>\u2002\u2002\u2002\u2002\u2002\u2002- 1 de la Comunidad de Regantes \u201cMotor Mandar\u00ed\u201d&nbsp;&nbsp;<br>&#8211; Dos vecinos del municipio que tengan una relaci\u00f3n directa con las actividades del sector agrario municipal. Se establecer\u00e1 a tal efecto por Alcald\u00eda un per\u00edodo para que puedan presentarse las correspondientes solicitudes para optar a esta designaci\u00f3n, siendo resueltas mediante sorteo p\u00fablico.&nbsp;&nbsp;<br>&#8211; Actuar\u00e1 de Secretario del Consejo el del Ayuntamiento o funcionario en quien delegue, que actuar\u00e1 con voz pero sin voto.&nbsp;<\/p>\n\n\n\n<h3 class=\"wp-block-heading\">El consell agrari es un organ consultiu en materia agr\u00e0ria i est\u00e0 format per:&nbsp;<\/h3>\n\n\n\n<ul class=\"wp-block-list mt-0\">\n<li>Pablo Puig Desena (Alcalde)&nbsp;<\/li>\n\n\n\n<li>Joan Agut Fuster (en representaci\u00f3 del grup PSOE)&nbsp;&nbsp;<\/li>\n\n\n\n<li>Juan Antonio Gracia Mar\u00ed (en representaci\u00f3 del grup PP)&nbsp;<\/li>\n\n\n\n<li>Vanesa Gonz\u00e1lez Darriba (en representaci\u00f3 de C.C.O.O., Federaci\u00f3n del Campo)&nbsp;<\/li>\n\n\n\n<li>Jos\u00e9 Luis Pons Forrat (en representaci\u00f3 de Asociaci\u00f3n Valenciana de Agricultores)&nbsp;<\/li>\n\n\n\n<li>Enrique Fuster Andr\u00e9s (en representaci\u00f3 de Comunidad de Regantes \u201cCanals Alts del Riu Serpis\u201d)&nbsp;<\/li>\n\n\n\n<li>Juan Vicente Escriv\u00e1 Pons (en representaci\u00f3 de Comunidad de Regantes \u201cCanals Baixos del Riu Serpis\u201d)&nbsp;<\/li>\n\n\n\n<li>Enrique P\u00e9rez Gregori (en representaci\u00f3 de Comunidad de Regantes \u201cMotor Mandar\u00ed\u201d)&nbsp;<\/li>\n\n\n\n<li>Angel Herreros Fuster (ve\u00ed del municipi amb una relaci\u00f3 directa amb les activitats del sector agrari municipal nomenat per Alcaldia- art.3 Estatuts Consell)&nbsp;<\/li>\n\n\n\n<li>Oscar Rosell\u00f3 Millet (ve\u00ed del municipi amb una relaci\u00f3 directa amb les activitats del sector agrari municipal nomenat per Alcaldia- art.3 Estatuts Consell)&nbsp;<\/li>\n<\/ul>\n","protected":false},"excerpt":{"rendered":"<p>El Consell Agrari Municipal de La Font d\u2019en Carr\u00f2s \u00e9s un \u00f2rgan consultiu en mat\u00e8ria agr\u00e0ria que vetla pels interessos del sector agr\u00edcola local i facilita la participaci\u00f3 dels representants institucionals, sindicals, associatius i dels regants, aix\u00ed com de ve\u00efns vinculats al m\u00f3n agrari. Segons els nostres Estatuts del Consell Agrari la composici\u00f3 \u00e9s la [&hellip;]<\/p>\n","protected":false},"author":1,"featured_media":0,"parent":1232,"menu_order":0,"comment_status":"closed","ping_status":"closed","template":"plantilla-google-maps","meta":{"_acf_changed":false,"_uag_custom_page_level_css":"","footnotes":""},"class_list":["post-1260","page","type-page","status-publish","hentry"],"acf":[],"spectra_custom_meta":{"_edit_lock":["1774259263:1"],"rank_math_seo_score":["6"],"rank_math_internal_links_processed":["1"],"_uag_custom_page_level_css":[""],"footnotes":[""],"_wpml_word_count":["593"],"_edit_last":["1"],"_wpml_media_duplicate":["1"],"_wpml_media_featured":["1"],"_wpml_location_migration_done":["1"],"_wp_page_template":["plantilla-google-maps"],"gmaps_subtitulo_debajo_imagen_destacada":[""],"_gmaps_subtitulo_debajo_imagen_destacada":["field_6881e23804d41"],"gmaps_google_maps":["a:14:{s:7:\"address\";s:88:\"Ajuntament de la Font d'en Carr\u00f2s, Pla\u00e7a del Ajuntament, La Font d'en Carr\u00f2s, Espanya\";s:3:\"lat\";d:38.91641539999999821475284988991916179656982421875;s:3:\"lng\";d:-0.169218299999999988170173992330092005431652069091796875;s:4:\"zoom\";i:16;s:8:\"place_id\";s:27:\"ChIJq0ZWlsfoYQ0RQHoC1kRIUH8\";s:4:\"name\";s:34:\"Ajuntament de la Font d'en Carr\u00f2s\";s:13:\"street_number\";s:2:\"22\";s:11:\"street_name\";s:21:\"Pla\u00e7a del Ajuntament\";s:4:\"city\";s:20:\"La Font d'en Carr\u00f2s\";s:5:\"state\";s:20:\"Comunidad Valenciana\";s:11:\"state_short\";s:2:\"VC\";s:9:\"post_code\";s:5:\"46717\";s:7:\"country\";s:7:\"Espanya\";s:13:\"country_short\";s:2:\"ES\";}"],"_gmaps_google_maps":["field_6881e0c104d40"],"gmaps_direccion":[""],"_gmaps_direccion":["field_6881e34104d42"],"gmaps_telefono":[""],"_gmaps_telefono":["field_6881e36104d43"],"gmaps_informacion":[""],"_gmaps_informacion":["field_68872133566b7"],"gmaps_matricula":[""],"_gmaps_matricula":["field_68872147566b8"],"gmaps_periodo":[""],"_gmaps_periodo":["field_68872153566b9"],"gmaps_instagram_titulo":[""],"_gmaps_instagram_titulo":["field_68820dfc9faf5"],"gmaps_titulo_pdf_1":[""],"_gmaps_titulo_pdf_1":["field_688735bf22d15"],"gmaps_subtitulo_pdf_1":[""],"_gmaps_subtitulo_pdf_1":["field_688735fb22d1a"],"gmaps_titulo_pdf_2":[""],"_gmaps_titulo_pdf_2":["field_688735e822d16"],"gmaps_subtitulo_pdf_2":[""],"_gmaps_subtitulo_pdf_2":["field_6887361322d1b"],"gmaps_titulo_pdf_3":[""],"_gmaps_titulo_pdf_3":["field_688735ed22d17"],"gmaps_subtitulo_pdf_3":[""],"_gmaps_subtitulo_pdf_3":["field_6887361822d1c"],"gmaps_titulo_pdf_4":[""],"_gmaps_titulo_pdf_4":["field_688735f022d18"],"gmaps_subtitulo_pdf_4":[""],"_gmaps_subtitulo_pdf_4":["field_6887361d22d1d"],"gmaps_titulo_pdf_5":[""],"_gmaps_titulo_pdf_5":["field_688735f522d19"],"gmaps_subtitulo_pdf_5":[""],"_gmaps_subtitulo_pdf_5":["field_6887362222d1e"],"mec_location_id":["0"],"mec_additional_location_ids":["a:0:{}"],"mec_organizer_id":["0"],"mec_additional_organizer_ids":["a:0:{}"]},"uagb_featured_image_src":{"full":false,"thumbnail":false,"medium":false,"medium_large":false,"large":false,"thumblist":false,"thumbrelated":false,"meccarouselthumb":false,"gridsquare":false,"tileview":false,"1536x1536":false,"2048x2048":false},"uagb_author_info":{"display_name":"redaccion","author_link":"https:\/\/www.lafontdencarros.es\/va\/author\/redaccion\/"},"uagb_comment_info":0,"uagb_excerpt":"El Consell Agrari Municipal de La Font d\u2019en Carr\u00f2s \u00e9s un \u00f2rgan consultiu en mat\u00e8ria agr\u00e0ria que vetla pels interessos del sector agr\u00edcola local i facilita la participaci\u00f3 dels representants institucionals, sindicals, associatius i dels regants, aix\u00ed com de ve\u00efns vinculats al m\u00f3n agrari. Segons els nostres Estatuts del Consell Agrari la composici\u00f3 \u00e9s la&hellip;","_links":{"self":[{"href":"https:\/\/www.lafontdencarros.es\/va\/wp-json\/wp\/v2\/pages\/1260","targetHints":{"allow":["GET"]}}],"collection":[{"href":"https:\/\/www.lafontdencarros.es\/va\/wp-json\/wp\/v2\/pages"}],"about":[{"href":"https:\/\/www.lafontdencarros.es\/va\/wp-json\/wp\/v2\/types\/page"}],"author":[{"embeddable":true,"href":"https:\/\/www.lafontdencarros.es\/va\/wp-json\/wp\/v2\/users\/1"}],"replies":[{"embeddable":true,"href":"https:\/\/www.lafontdencarros.es\/va\/wp-json\/wp\/v2\/comments?post=1260"}],"version-history":[{"count":1,"href":"https:\/\/www.lafontdencarros.es\/va\/wp-json\/wp\/v2\/pages\/1260\/revisions"}],"predecessor-version":[{"id":7175,"href":"https:\/\/www.lafontdencarros.es\/va\/wp-json\/wp\/v2\/pages\/1260\/revisions\/7175"}],"up":[{"embeddable":true,"href":"https:\/\/www.lafontdencarros.es\/va\/wp-json\/wp\/v2\/pages\/1232"}],"wp:attachment":[{"href":"https:\/\/www.lafontdencarros.es\/va\/wp-json\/wp\/v2\/media?parent=1260"}],"curies":[{"name":"wp","href":"https:\/\/api.w.org\/{rel}","templated":true}]}}