{"id":1234,"date":"2025-07-28T10:25:10","date_gmt":"2025-07-28T08:25:10","guid":{"rendered":"https:\/\/www.lafontdencarros.es\/?page_id=1234"},"modified":"2026-03-23T10:46:43","modified_gmt":"2026-03-23T09:46:43","slug":"pla-cremes-agricoles","status":"publish","type":"page","link":"https:\/\/www.lafontdencarros.es\/va\/agricultura\/pla-cremes-agricoles\/","title":{"rendered":"Pla cremes agr\u00edcoles"},"content":{"rendered":"\n<p>El pla local de cremes agr\u00edcoles, es basa en en el Decret 91\/2023, de 22 de juny, del Consell, por el qual s\u2019aprova el reglament de la Llei&nbsp; 3\/1993, de 9 de desembre, Forestal del Pa\u00eds Valenci\u00e0.<\/p>\n\n\n\n<h3 class=\"wp-block-heading internalLink\">Normes a seguir<\/h3>\n\n\n\n<ul class=\"wp-block-list mt-0\">\n<li>Les cremes es realitzaran dins del periode establert i en les zones que es determinen en el Pla de Cremes.&nbsp;<\/li>\n\n\n\n<li>Els diez que hi haja vent de ponent, aix\u00ed com fortes ratxes de vents, se suspendr\u00e0 la crema d\u2019inmediat.&nbsp;<\/li>\n\n\n\n<li>Queda prohibida la realitzaci\u00f3 de cremes en el periode compr\u00e9s entre el Dijous Sant i el dilluns inmediatamente seg\u00fcent al Dilluns de Pasqua, conegut de manera tradicional com Dilluns de Sant Vicent, ambd\u00f3s inclosos.&nbsp;<\/li>\n\n\n\n<li>Queda prohibida la crema els diumenges i dies festius.&nbsp;<\/li>\n\n\n\n<li>La crema ha d\u2019estar totalmente extinguida a la finalitzaci\u00f3 de l\u2019horari perm\u00e9s i l\u2019interessat est\u00e1 obligat a vigilar-la fins que aquesta ho estiga.&nbsp;<\/li>\n\n\n\n<li>Les cremes es realitzaran dins de la parcel.la agr\u00edcola i a m\u00e9s de 30 metres de la vegetaci\u00f3 forestal, preferiblement dins d\u2019un cremador.&nbsp;<\/li>\n\n\n\n<li>Les fogueres es faran amb una banda perimetral neta de vegetaci\u00f3 fins a s\u00f2l mineral de 5 m d&#8217;ampl\u00e0ria o dins de terreny llaurat amb el mateix per\u00edmetre de seguretat com a m\u00ednim.&nbsp;<\/li>\n\n\n\n<li>En el lloc de la crema hi haur\u00e0 un tel\u00e8fon operatiu que permetr\u00e0 donar av\u00eds d\u2019alarma r\u00e0pidament.&nbsp;<\/li>\n\n\n\n<li>Avisar al 112 en cas de p\u00e9rdua del control del foc.&nbsp;<\/li>\n<\/ul>\n\n\n\n<h3 class=\"wp-block-heading internalLink\">Autoritzacions<\/h3>\n\n\n\n<ul class=\"wp-block-list mt-0\">\n<li>Per a l&#8217;activitat de la crema en la Zona B, durant l&#8217;\u00e8poca de baix risc (16 d&#8217;octubre al 31 de maig), l&#8217;interessat haur\u00e0 de tramitar davant l&#8217;Ajuntament la \u201cDECLARACI\u00d3 RESPONSABLE PER A L&#8217;\u00daS DEL FOC DESTINAT A L&#8217;ELIMINACI\u00d3 DE RESIDUS AGR\u00cdCOLES\u201d.&nbsp;<\/li>\n\n\n\n<li>Es tramitar\u00e0 en horari d&#8217;atenci\u00f3 al p\u00fablic de dilluns a divendres al mat\u00ed. Es podr\u00e0 descarregar i emplenar amb anterioritat a la seua tramitaci\u00f3, per part de l&#8217;interessat, de manera telem\u00e0tica a trav\u00e9s de la seu electr\u00f2nica de la p\u00e0gina web de l&#8217;Ajuntament.&nbsp;<\/li>\n\n\n\n<li>En el moment en el qual es realitza la crema, la persona autoritzada ha de portar damunt la corresponent declaraci\u00f3 responsable.&nbsp;<\/li>\n<\/ul>\n\n\n\n<h3 class=\"wp-block-heading internalLink\">Informaci\u00f3<\/h3>\n\n\n\n<ul class=\"wp-block-list mt-0\">\n<li>Vost\u00e9 podr\u00e1 consultar el Pla de Cremes en la web de l\u2019Ajuntament.&nbsp;<\/li>\n\n\n\n<li>Vost\u00e9 podr\u00e1 consultar en quina zona del Pla de Cremes es sit\u00faa la seua percel.la en les oficines del ajuntament&nbsp;<\/li>\n\n\n\n<li>El nivell de preemerg\u00e8ncia, aix\u00ed com la seua previsi\u00f3 per a l&#8217;endem\u00e0, pot consultar-se en:&nbsp;<\/li>\n\n\n\n<li>La Web de l\u2019estaci\u00f3 metereol\u00f2gica de l\u2019ajuntament en el seg\u00fcent enlla\u00e7: <a href=\"https:\/\/inforatge.com\/meteo-lafontdencarros\" target=\"_blank\" rel=\"noreferrer noopener nofollow\">https:\/\/inforatge.com\/meteo-lafontdencarros<\/a> \u00b7&nbsp;&nbsp;<\/li>\n\n\n\n<li>P\u00e0gina web: <a href=\"http:\/\/www.112cv.com\" target=\"_blank\" data-type=\"link\" data-id=\"www.112cv.com\" rel=\"noreferrer noopener nofollow\">www.112cv.com<\/a>&nbsp;<\/li>\n<\/ul>\n\n\n\n<h2 class=\"wp-block-heading internalLink text--no-bg\">Calendari de cremes<\/h2>\n\n\n\n<h3 class=\"wp-block-heading\">Horari d\u2019hivern: \u00e8poca de baix risc. Mesos: del 16 d\u2019octubre al 31 de maig<\/h3>\n\n\n\n<p>Dins de les Zones A i B del municipi es podran realitzar cremes tots els dies (Dilluns, Dimarts, Dimecres, Dijous, Divendres i Dissabte) des de l\u2019eixida del Sol fins a les 13.30 hores, moment en qu\u00e8 el foc haur\u00e0 d&#8217;estar totalment apagat.<\/p>\n\n\n\n<p>Dins de les Zones B del municipi es podran realitzar cremes de dilluns a dissabte des de l\u2019eixida del Sol fins a les 13.30 hores, moment en qu\u00e8 el foc haur\u00e0 d&#8217;estar totalment apagat. Sera necesaria una declaraci\u00f3 responsable.&nbsp;<\/p>\n\n\n\n<h3 class=\"wp-block-heading\">Horari d\u2019estiu: \u00e8poca de risc alt. Mesos: de l\u20191 de juny al 15 d\u2019octubre<\/h3>\n\n\n\n<p>Zona A del municipi municipi es podran realitzar de dilluns a dissabte des de l\u2019eixida del Sol fins a les 11.00 hores, moment en qu\u00e8 el foc haur\u00e0 d&#8217;estar totalment apagat.<\/p>\n\n\n\n<p>Dins de les Zones B. Totalmen prohibit<\/p>\n\n\n\n<p>Queda prohibida la crema de restes agr\u00edcoles en Zona Forestal i zona agr\u00edcola a menys de 30 metres d\u2019aquesta.<\/p>\n\n\n\n<p>Queda prohibida la crema de restes agr\u00edcoles els dies amb nivell de preemerg\u00e8ncia 2 i 3 en tot el terme municipal.<\/p>\n\n\n\n<p>Qualsevol canvi en el calendari de cremes per ordre de Conselleria s\u2019anunciar\u00e0 pels canals habituals.&nbsp;<\/p>\n","protected":false},"excerpt":{"rendered":"<p>El pla local de cremes agr\u00edcoles, es basa en en el Decret 91\/2023, de 22 de juny, del Consell, por el qual s\u2019aprova el reglament de la Llei&nbsp; 3\/1993, de 9 de desembre, Forestal del Pa\u00eds Valenci\u00e0. Normes a seguir Autoritzacions Informaci\u00f3 Calendari de cremes Horari d\u2019hivern: \u00e8poca de baix risc. Mesos: del 16 d\u2019octubre [&hellip;]<\/p>\n","protected":false},"author":1,"featured_media":0,"parent":1232,"menu_order":0,"comment_status":"closed","ping_status":"closed","template":"plantilla-google-maps","meta":{"_acf_changed":false,"_uag_custom_page_level_css":"","footnotes":""},"class_list":["post-1234","page","type-page","status-publish","hentry"],"acf":[],"spectra_custom_meta":{"_edit_lock":["1774259237:1"],"rank_math_internal_links_processed":["1"],"_wpml_word_count":["631"],"_wpml_location_migration_done":["1"],"rank_math_seo_score":["14"],"_wp_page_template":["plantilla-google-maps"],"_uag_custom_page_level_css":[""],"footnotes":[""],"_edit_last":["1"],"gmaps_subtitulo_debajo_imagen_destacada":[""],"_gmaps_subtitulo_debajo_imagen_destacada":["field_6881e23804d41"],"gmaps_google_maps":["a:14:{s:7:\"address\";s:88:\"Ajuntament de la Font d'en Carr\u00f2s, Pla\u00e7a del Ajuntament, La Font d'en Carr\u00f2s, Espanya\";s:3:\"lat\";d:38.91641539999999821475284988991916179656982421875;s:3:\"lng\";d:-0.169218299999999988170173992330092005431652069091796875;s:4:\"zoom\";i:16;s:8:\"place_id\";s:27:\"ChIJq0ZWlsfoYQ0RQHoC1kRIUH8\";s:4:\"name\";s:34:\"Ajuntament de la Font d'en Carr\u00f2s\";s:13:\"street_number\";s:2:\"22\";s:11:\"street_name\";s:21:\"Pla\u00e7a del Ajuntament\";s:4:\"city\";s:20:\"La Font d'en Carr\u00f2s\";s:5:\"state\";s:20:\"Comunidad Valenciana\";s:11:\"state_short\";s:2:\"VC\";s:9:\"post_code\";s:5:\"46717\";s:7:\"country\";s:7:\"Espanya\";s:13:\"country_short\";s:2:\"ES\";}"],"_gmaps_google_maps":["field_6881e0c104d40"],"gmaps_direccion":[""],"_gmaps_direccion":["field_6881e34104d42"],"gmaps_telefono":[""],"_gmaps_telefono":["field_6881e36104d43"],"gmaps_informacion":[""],"_gmaps_informacion":["field_68872133566b7"],"gmaps_matricula":[""],"_gmaps_matricula":["field_68872147566b8"],"gmaps_periodo":[""],"_gmaps_periodo":["field_68872153566b9"],"gmaps_instagram_titulo":[""],"_gmaps_instagram_titulo":["field_68820dfc9faf5"],"_wpml_media_duplicate":["1"],"_wpml_media_featured":["1"],"gmaps_pdf_1":["1252"],"_gmaps_pdf_1":["field_6887359e22d10"],"gmaps_titulo_pdf_1":["Pla de cremes 2025"],"_gmaps_titulo_pdf_1":["field_688735bf22d15"],"gmaps_subtitulo_pdf_1":["Descarrega el PDF"],"_gmaps_subtitulo_pdf_1":["field_688735fb22d1a"],"gmaps_titulo_pdf_2":["Pla local de cremes"],"_gmaps_titulo_pdf_2":["field_688735e822d16"],"gmaps_subtitulo_pdf_2":["Descarrega el PDF"],"_gmaps_subtitulo_pdf_2":["field_6887361322d1b"],"gmaps_titulo_pdf_3":[""],"_gmaps_titulo_pdf_3":["field_688735ed22d17"],"gmaps_subtitulo_pdf_3":[""],"_gmaps_subtitulo_pdf_3":["field_6887361822d1c"],"gmaps_titulo_pdf_4":[""],"_gmaps_titulo_pdf_4":["field_688735f022d18"],"gmaps_subtitulo_pdf_4":[""],"_gmaps_subtitulo_pdf_4":["field_6887361d22d1d"],"gmaps_titulo_pdf_5":[""],"_gmaps_titulo_pdf_5":["field_688735f522d19"],"gmaps_subtitulo_pdf_5":[""],"_gmaps_subtitulo_pdf_5":["field_6887362222d1e"],"mec_location_id":["0"],"mec_additional_location_ids":["a:0:{}"],"mec_organizer_id":["0"],"mec_additional_organizer_ids":["a:0:{}"],"gmaps_pdf_2":["2011"],"_gmaps_pdf_2":["field_688735b322d11"]},"uagb_featured_image_src":{"full":false,"thumbnail":false,"medium":false,"medium_large":false,"large":false,"thumblist":false,"thumbrelated":false,"meccarouselthumb":false,"gridsquare":false,"tileview":false,"1536x1536":false,"2048x2048":false},"uagb_author_info":{"display_name":"redaccion","author_link":"https:\/\/www.lafontdencarros.es\/va\/author\/redaccion\/"},"uagb_comment_info":0,"uagb_excerpt":"El pla local de cremes agr\u00edcoles, es basa en en el Decret 91\/2023, de 22 de juny, del Consell, por el qual s\u2019aprova el reglament de la Llei&nbsp; 3\/1993, de 9 de desembre, Forestal del Pa\u00eds Valenci\u00e0. Normes a seguir Autoritzacions Informaci\u00f3 Calendari de cremes Horari d\u2019hivern: \u00e8poca de baix risc. Mesos: del 16 d\u2019octubre&hellip;","_links":{"self":[{"href":"https:\/\/www.lafontdencarros.es\/va\/wp-json\/wp\/v2\/pages\/1234","targetHints":{"allow":["GET"]}}],"collection":[{"href":"https:\/\/www.lafontdencarros.es\/va\/wp-json\/wp\/v2\/pages"}],"about":[{"href":"https:\/\/www.lafontdencarros.es\/va\/wp-json\/wp\/v2\/types\/page"}],"author":[{"embeddable":true,"href":"https:\/\/www.lafontdencarros.es\/va\/wp-json\/wp\/v2\/users\/1"}],"replies":[{"embeddable":true,"href":"https:\/\/www.lafontdencarros.es\/va\/wp-json\/wp\/v2\/comments?post=1234"}],"version-history":[{"count":1,"href":"https:\/\/www.lafontdencarros.es\/va\/wp-json\/wp\/v2\/pages\/1234\/revisions"}],"predecessor-version":[{"id":7174,"href":"https:\/\/www.lafontdencarros.es\/va\/wp-json\/wp\/v2\/pages\/1234\/revisions\/7174"}],"up":[{"embeddable":true,"href":"https:\/\/www.lafontdencarros.es\/va\/wp-json\/wp\/v2\/pages\/1232"}],"wp:attachment":[{"href":"https:\/\/www.lafontdencarros.es\/va\/wp-json\/wp\/v2\/media?parent=1234"}],"curies":[{"name":"wp","href":"https:\/\/api.w.org\/{rel}","templated":true}]}}