{"id":1223,"date":"2025-07-28T10:10:39","date_gmt":"2025-07-28T08:10:39","guid":{"rendered":"https:\/\/www.lafontdencarros.es\/?page_id=1223"},"modified":"2025-08-07T07:34:35","modified_gmt":"2025-08-07T05:34:35","slug":"joventut","status":"publish","type":"page","link":"https:\/\/www.lafontdencarros.es\/va\/joventut\/","title":{"rendered":"Joventut e inf\u00e0ncia"},"content":{"rendered":"\n<h3 class=\"wp-block-heading internalLink\">Qu\u00e8 \u00e9s el Punt d&#8217;Informaci\u00f3 Juvenil?<\/h3>\n\n\n\n<p>El Punt d&#8217;Informaci\u00f3 Juvenil \u00e9s un servei p\u00fablic i gratu\u00eft que d\u00f3na l&#8217;Ajuntament de la Font d\u2019en Carr\u00f2s particularment dirigit a la joventut de la localitat<\/p>\n\n\n\n<p>El seu objectiu \u00e9s fer arribar, als joves, la informaci\u00f3, la documentaci\u00f3 i l&#8217;assessorament necessaris perqu\u00e8 puguen dur a terme les seues iniciatives i drets.<\/p>\n\n\n\n<h3 class=\"wp-block-heading internalLink\">Quines s\u00f3n les seues funcions?<\/h3>\n\n\n\n<p>Les funcions que realitza fonamentalment s\u00f3n les seg\u00fcents:<\/p>\n\n\n\n<ul class=\"wp-block-list mt-0\">\n<li>Recopilar la informaci\u00f3 que es genere al municipi en mat\u00e8ria de joventut o d&#8217;inter\u00e9s per als joves.<\/li>\n\n\n\n<li>Detectar les necessitats i demandes informatives del col\u00b7lectiu juvenil de la Font d\u2019en Carr\u00f2s.<\/li>\n\n\n\n<li>Atendre, de manera personalitzada, els joves en les seues consultes i peticions informatives i d&#8217;assessorament.<\/li>\n\n\n\n<li>Difondre la informaci\u00f3 de qu\u00e8 disposa.<\/li>\n\n\n\n<li>Promoure la participaci\u00f3 i fomentar les activitats juvenils.<\/li>\n<\/ul>\n\n\n\n<h3 class=\"wp-block-heading internalLink\">On estem i qu\u00e8 hi pots fer?<\/h3>\n\n\n\n<p>Trobar\u00e0s el Punt d\u2019Informaci\u00f3 Juvenil (PIJ) de la Font d\u2019en Carr\u00f2s a la biblioteca p\u00fablica municipal, de dilluns a divendres, per les vesprades. \u00c9s un espai on pots acudir per a:<\/p>\n\n\n\n<ul class=\"wp-block-list mt-0\">\n<li>Connectar-te a Internet: Tens tres ordinadors a la teua disposici\u00f3 per a poder-te connectar a la xarxa.<\/li>\n\n\n\n<li>Trobar tot tipus d\u2019 informaci\u00f3 (beques, cursos, activitats d\u2019oci, not\u00edcies locals\u2026): Al PIJ ens aplega constantment informaci\u00f3 que et pot servir per a molt.<\/li>\n\n\n\n<li>Obtenir assessorament sobre associacionisme juvenil, iniciatives juvenils en l\u2019\u00e0mbit<\/li>\n\n\n\n<li>Suggerir l\u2019organitzaci\u00f3 de totes aquelles activitats que us agradaria realitzar (xerrades, concursos, concerts\u2026): Estem a la teua disposici\u00f3 per a qu\u00e8 la Font d\u2019en Carr\u00f2s oferisca alternatives interessants per a tu.<\/li>\n<\/ul>\n\n\n\n<h2 class=\"wp-block-heading text--no-bg internalLink\">Servici d\u2019orientaci\u00f3 psicol\u00f2gica<\/h2>\n\n\n\n<h3 class=\"wp-block-heading\">Qu\u00e8 \u00e9s i quines s\u00f3n les seues funcions?<\/h3>\n\n\n\n<p>\u00c9s un recurs municipal d&#8217;informaci\u00f3 i assessorament dirigit als ve\u00efns de la Font d\u2019en Carr\u00f2s, especialment a la poblaci\u00f3 infantil i juvenil. Les actuacions se realitzen atenent les necessitats tant individuals com col\u00b7lectives.<\/p>\n\n\n\n<p>Los servicios que ofrece este departamento, entre otros, son en general los siguientes:<\/p>\n\n\n\n<ul class=\"wp-block-list mt-0\">\n<li>Informaci\u00f3 de recursos i servicis.<\/li>\n\n\n\n<li>Orientaci\u00f3 vocacional i professional; assessorament de joves en temes d&#8217;estudi i treball.<\/li>\n\n\n\n<li>Assessorament al jove sobre resoluci\u00f3 de conflictes, problem\u00e0tica infantil\/juvenil, etc.<\/li>\n\n\n\n<li>Assessorament en prevenci\u00f3 de la drogoaddicci\u00f3, etc.<\/li>\n<\/ul>\n\n\n\n<h3 class=\"wp-block-heading internalLink\">On estem?<\/h3>\n\n\n\n<p>Ens trobar\u00e0s a la segona planta de l\u2019ajuntament, els dimarts de 9 h a 14 h<\/p>\n","protected":false},"excerpt":{"rendered":"<p>Qu\u00e8 \u00e9s el Punt d&#8217;Informaci\u00f3 Juvenil? El Punt d&#8217;Informaci\u00f3 Juvenil \u00e9s un servei p\u00fablic i gratu\u00eft que d\u00f3na l&#8217;Ajuntament de la Font d\u2019en Carr\u00f2s particularment dirigit a la joventut de la localitat El seu objectiu \u00e9s fer arribar, als joves, la informaci\u00f3, la documentaci\u00f3 i l&#8217;assessorament necessaris perqu\u00e8 puguen dur a terme les seues iniciatives [&hellip;]<\/p>\n","protected":false},"author":1,"featured_media":0,"parent":0,"menu_order":0,"comment_status":"closed","ping_status":"closed","template":"plantilla-google-maps","meta":{"_acf_changed":false,"_uag_custom_page_level_css":"","footnotes":""},"class_list":["post-1223","page","type-page","status-publish","hentry"],"acf":[],"spectra_custom_meta":{"_edit_lock":["1761815909:1"],"rank_math_internal_links_processed":["1"],"_wpml_word_count":["421"],"rank_math_seo_score":["9"],"_wpml_location_migration_done":["1"],"_wp_page_template":["plantilla-google-maps"],"_uag_custom_page_level_css":[""],"footnotes":[""],"_edit_last":["1"],"gmaps_subtitulo_debajo_imagen_destacada":[""],"_gmaps_subtitulo_debajo_imagen_destacada":["field_6881e23804d41"],"gmaps_google_maps":[""],"_gmaps_google_maps":["field_6881e0c104d40"],"gmaps_direccion":[""],"_gmaps_direccion":["field_6881e34104d42"],"gmaps_telefono":[""],"_gmaps_telefono":["field_6881e36104d43"],"gmaps_informacion":[""],"_gmaps_informacion":["field_68872133566b7"],"gmaps_matricula":[""],"_gmaps_matricula":["field_68872147566b8"],"gmaps_periodo":[""],"_gmaps_periodo":["field_68872153566b9"],"gmaps_instagram_titulo":[""],"_gmaps_instagram_titulo":["field_68820dfc9faf5"],"_wpml_media_duplicate":["1"],"_wpml_media_featured":["1"],"mec_location_id":["0"],"mec_additional_location_ids":["a:0:{}"],"mec_organizer_id":["0"],"mec_additional_organizer_ids":["a:0:{}"]},"uagb_featured_image_src":{"full":false,"thumbnail":false,"medium":false,"medium_large":false,"large":false,"thumblist":false,"thumbrelated":false,"meccarouselthumb":false,"gridsquare":false,"tileview":false,"1536x1536":false,"2048x2048":false},"uagb_author_info":{"display_name":"redaccion","author_link":"https:\/\/www.lafontdencarros.es\/va\/author\/redaccion\/"},"uagb_comment_info":0,"uagb_excerpt":"Qu\u00e8 \u00e9s el Punt d&#8217;Informaci\u00f3 Juvenil? El Punt d&#8217;Informaci\u00f3 Juvenil \u00e9s un servei p\u00fablic i gratu\u00eft que d\u00f3na l&#8217;Ajuntament de la Font d\u2019en Carr\u00f2s particularment dirigit a la joventut de la localitat El seu objectiu \u00e9s fer arribar, als joves, la informaci\u00f3, la documentaci\u00f3 i l&#8217;assessorament necessaris perqu\u00e8 puguen dur a terme les seues iniciatives&hellip;","_links":{"self":[{"href":"https:\/\/www.lafontdencarros.es\/va\/wp-json\/wp\/v2\/pages\/1223","targetHints":{"allow":["GET"]}}],"collection":[{"href":"https:\/\/www.lafontdencarros.es\/va\/wp-json\/wp\/v2\/pages"}],"about":[{"href":"https:\/\/www.lafontdencarros.es\/va\/wp-json\/wp\/v2\/types\/page"}],"author":[{"embeddable":true,"href":"https:\/\/www.lafontdencarros.es\/va\/wp-json\/wp\/v2\/users\/1"}],"replies":[{"embeddable":true,"href":"https:\/\/www.lafontdencarros.es\/va\/wp-json\/wp\/v2\/comments?post=1223"}],"version-history":[{"count":0,"href":"https:\/\/www.lafontdencarros.es\/va\/wp-json\/wp\/v2\/pages\/1223\/revisions"}],"wp:attachment":[{"href":"https:\/\/www.lafontdencarros.es\/va\/wp-json\/wp\/v2\/media?parent=1223"}],"curies":[{"name":"wp","href":"https:\/\/api.w.org\/{rel}","templated":true}]}}