{"id":1182,"date":"2025-07-28T09:19:09","date_gmt":"2025-07-28T07:19:09","guid":{"rendered":"https:\/\/www.lafontdencarros.es\/?page_id=1182"},"modified":"2026-03-23T10:45:28","modified_gmt":"2026-03-23T09:45:28","slug":"igualtat","status":"publish","type":"page","link":"https:\/\/www.lafontdencarros.es\/va\/igualtat\/","title":{"rendered":"Igualtat"},"content":{"rendered":"\n<h3 class=\"wp-block-heading internalLink\">Comprom\u00eds amb la Igualtat i el Benestar Social<\/h3>\n\n\n\n<p>Des de la Regidoria de Benestar Social i Igualtat es prioritza la millora en la qualitat de vida de les persones. Al llarg de l\u2019any es realitzen diferents activitats per promoure la igualtat, previndre la viol\u00e8ncia de g\u00e8nere, donar suport al col\u00b7lectiu LGTBIQ+ i visibilitzar la diversitat. Fent de la Font, un poble on cabem tots!&nbsp;<\/p>\n\n\n\n<h3 class=\"wp-block-heading internalLink\">Tallers d\u2019estimulaci\u00f3 cognitiva<\/h3>\n\n\n\n<p>L\u2019objectiu dels tallers es promoure una major activitat cognitiva per part dels usuaris a trav\u00e9s de la realitzaci\u00f3 de din\u00e0miques, dirigides per la figura de la psic\u00f2loga de l\u2019Ajuntament, que afavorisquen el continu exercici de les seues funcions cognitives.<\/p>\n\n\n\n<p>Els tallers es dirigeixen, principalment, a la gent gran del poble on es realitzen setmanalment din\u00e0miques per treballar raonament, el pensament lateral, la mem\u00f2ria, la comunicaci\u00f3 barrejant l\u2019activitat f\u00edsica amb la mental.&nbsp;<\/p>\n\n\n\n<figure class=\"wp-block-gallery has-nested-images columns-default is-cropped wp-block-gallery-1 is-layout-flex wp-block-gallery-is-layout-flex\">\n<figure class=\"wp-block-image size-full\"><img decoding=\"async\" width=\"936\" height=\"688\" data-id=\"1183\" src=\"https:\/\/www.lafontdencarros.es\/wp-content\/uploads\/2025\/07\/persones-majors.webp\" alt=\"grup de persones majors\" class=\"wp-image-1183\" srcset=\"https:\/\/www.lafontdencarros.es\/wp-content\/uploads\/2025\/07\/persones-majors.webp 936w, https:\/\/www.lafontdencarros.es\/wp-content\/uploads\/2025\/07\/persones-majors-300x221.webp 300w, https:\/\/www.lafontdencarros.es\/wp-content\/uploads\/2025\/07\/persones-majors-768x565.webp 768w\" sizes=\"(max-width: 936px) 100vw, 936px\" \/><\/figure>\n\n\n\n<figure class=\"wp-block-image size-full\"><img decoding=\"async\" width=\"1030\" height=\"770\" data-id=\"1185\" src=\"https:\/\/www.lafontdencarros.es\/wp-content\/uploads\/2025\/07\/treballs-cognitius.webp\" alt=\"treball d'estimulaci\u00f3 cognitiva\" class=\"wp-image-1185\" srcset=\"https:\/\/www.lafontdencarros.es\/wp-content\/uploads\/2025\/07\/treballs-cognitius.webp 1030w, https:\/\/www.lafontdencarros.es\/wp-content\/uploads\/2025\/07\/treballs-cognitius-300x224.webp 300w, https:\/\/www.lafontdencarros.es\/wp-content\/uploads\/2025\/07\/treballs-cognitius-1024x766.webp 1024w, https:\/\/www.lafontdencarros.es\/wp-content\/uploads\/2025\/07\/treballs-cognitius-768x574.webp 768w\" sizes=\"(max-width: 1030px) 100vw, 1030px\" \/><\/figure>\n<\/figure>\n\n\n\n<h3 class=\"wp-block-heading internalLink\">Activitats amb el grup de diversitat funcional<\/h3>\n\n\n\n<p>Al llarg de l\u2019any es busca promoure la inclusi\u00f3 social de persones amb diversitat funcional i sensibilitzar la ciutadania. Una de les accions principals s\u00f3n els tallers d\u2019estimulaci\u00f3 cognitiva, dirigits per la psic\u00f2loga i el TASOC, on es treballen funcions executives, capacitats cognitives i la integraci\u00f3 social a trav\u00e9s d\u2019activitats l\u00fadiques i culturals.<\/p>\n\n\n\n<p>El grup ha participat en iniciatives com: la cursa de Sant Valent\u00ed, tant com a corredors com en tasques de voluntariat i elaboraci\u00f3 de trofeus, han creat un mural col\u00b7laboratiu per la Setmana en Femen\u00ed, un mosaic per a la presentaci\u00f3 del llibre inclusiu L\u2019Aventura i han treballat en una exposici\u00f3 sobre el canvi clim\u00e0tic amb materials sostenibles.<\/p>\n\n\n\n<p>A m\u00e9s, han aportat les seues obres a una mostra de pintura, assistit a activitats formatives com una exposici\u00f3 sobre corresponsabilitat, i participat en contacontes i excursions locals. Tamb\u00e9 han celebrat el Dia de la Bad\u00e0 amb jocs intergeneracionals i han assistit a una xarrada sobre l\u2019espectre autista. Totes aquestes activitats contribueixen a refor\u00e7ar l\u2019autonomia, la participaci\u00f3 comunit\u00e0ria i la visibilitzaci\u00f3 de la diversitat.&nbsp;<\/p>\n\n\n\n<figure class=\"wp-block-gallery has-nested-images columns-default is-cropped wp-block-gallery-2 is-layout-flex wp-block-gallery-is-layout-flex\">\n<figure class=\"wp-block-image size-full\"><img decoding=\"async\" width=\"1600\" height=\"1200\" data-id=\"1193\" src=\"https:\/\/www.lafontdencarros.es\/wp-content\/uploads\/2025\/07\/activitats-grup-diversitat-funcional.webp\" alt=\"activitats en grup\" class=\"wp-image-1193\" srcset=\"https:\/\/www.lafontdencarros.es\/wp-content\/uploads\/2025\/07\/activitats-grup-diversitat-funcional.webp 1600w, https:\/\/www.lafontdencarros.es\/wp-content\/uploads\/2025\/07\/activitats-grup-diversitat-funcional-300x225.webp 300w, https:\/\/www.lafontdencarros.es\/wp-content\/uploads\/2025\/07\/activitats-grup-diversitat-funcional-1024x768.webp 1024w, https:\/\/www.lafontdencarros.es\/wp-content\/uploads\/2025\/07\/activitats-grup-diversitat-funcional-768x576.webp 768w, https:\/\/www.lafontdencarros.es\/wp-content\/uploads\/2025\/07\/activitats-grup-diversitat-funcional-1536x1152.webp 1536w\" sizes=\"(max-width: 1600px) 100vw, 1600px\" \/><\/figure>\n\n\n\n<figure class=\"wp-block-image size-full\"><img decoding=\"async\" width=\"720\" height=\"475\" data-id=\"1196\" src=\"https:\/\/www.lafontdencarros.es\/wp-content\/uploads\/2025\/07\/foto-grupal-grup-diversitat.webp\" alt=\"foto grupal del grup de diversitat\" class=\"wp-image-1196\" srcset=\"https:\/\/www.lafontdencarros.es\/wp-content\/uploads\/2025\/07\/foto-grupal-grup-diversitat.webp 720w, https:\/\/www.lafontdencarros.es\/wp-content\/uploads\/2025\/07\/foto-grupal-grup-diversitat-300x198.webp 300w\" sizes=\"(max-width: 720px) 100vw, 720px\" \/><\/figure>\n<\/figure>\n\n\n\n<h3 class=\"wp-block-heading internalLink\">Setmana en femen\u00ed (8M)<\/h3>\n\n\n\n<p>Amb motiu de conmemorar el dia de la dona s\u2019han realitzat activitats durant la setmana del 3 al 9 de mar\u00e7 donant espai a tallers per fomentar la creativitat i la cooperaci\u00f3 entre dones a trav\u00e9s de l\u2019elaboraci\u00f3 d\u2019un mural col\u00b7laboratiu i diferents accessoris. Tamb\u00e9 s\u2019ha realitzat la exposici\u00f3 \u201cUna Font d\u2019Hist\u00f2ries\u201d a c\u00e0rrec de l&#8217;escoleta Ninos, un taller de risoter\u00e0pia i una xarrada sobre el Parkinson.<\/p>\n\n\n\n<p>A m\u00e9s de realitzar dos tallers per fomentar l\u2019autoestima i l\u2019empoderament femen\u00ed tamb\u00e9 s\u2019ha projectat una pel\u00b7l\u00edcula on s\u2019explora la vida de 4 dones indies que es rebel\u00b7len contra les tradicions masclistes de la seua terra. Durant el cap de setmana la regidora Fanni Rosell\u00f3 ha compartit a les xarxes un manifest incidint en la import\u00e0ncia de lluitar cada dia per una igualtat real entre homes i dones i finalment s\u2019han realitzat un esmorzar i dinar a c\u00e0rrec de l\u2019Associaci\u00f3 de Dones.<\/p>\n\n\n\n<p>La setmana ha finalitzat amb l\u2019homenatge \u201cDones Valentes\u201d, donant visibilitat a les vides i aportacions de tres ve\u00efnes del municipi, acompanyat de l\u2019actuaci\u00f3 musical de Lia Sampai i l\u2019Adri\u00e0.&nbsp;<\/p>\n\n\n\n<figure class=\"wp-block-gallery has-nested-images columns-default is-cropped wp-block-gallery-3 is-layout-flex wp-block-gallery-is-layout-flex\">\n<figure class=\"wp-block-image size-full\"><img decoding=\"async\" width=\"1024\" height=\"768\" data-id=\"1201\" src=\"https:\/\/www.lafontdencarros.es\/wp-content\/uploads\/2025\/07\/cartell-8m-dones-de-la-font.webp\" alt=\"pancarta en balc\u00f3 amb lema dones de la font\" class=\"wp-image-1201\" srcset=\"https:\/\/www.lafontdencarros.es\/wp-content\/uploads\/2025\/07\/cartell-8m-dones-de-la-font.webp 1024w, https:\/\/www.lafontdencarros.es\/wp-content\/uploads\/2025\/07\/cartell-8m-dones-de-la-font-300x225.webp 300w, https:\/\/www.lafontdencarros.es\/wp-content\/uploads\/2025\/07\/cartell-8m-dones-de-la-font-768x576.webp 768w\" sizes=\"(max-width: 1024px) 100vw, 1024px\" \/><\/figure>\n\n\n\n<figure class=\"wp-block-image size-full\"><img decoding=\"async\" width=\"1024\" height=\"768\" data-id=\"1204\" src=\"https:\/\/www.lafontdencarros.es\/wp-content\/uploads\/2025\/07\/activitats-dia-de-la-dona.webp\" alt=\"grup realitzant activitats el dia de la dona\" class=\"wp-image-1204\" srcset=\"https:\/\/www.lafontdencarros.es\/wp-content\/uploads\/2025\/07\/activitats-dia-de-la-dona.webp 1024w, https:\/\/www.lafontdencarros.es\/wp-content\/uploads\/2025\/07\/activitats-dia-de-la-dona-300x225.webp 300w, https:\/\/www.lafontdencarros.es\/wp-content\/uploads\/2025\/07\/activitats-dia-de-la-dona-768x576.webp 768w\" sizes=\"(max-width: 1024px) 100vw, 1024px\" \/><\/figure>\n<\/figure>\n\n\n\n<h3 class=\"wp-block-heading internalLink\">Setmana de l\u2019orgull (28J)<\/h3>\n\n\n\n<p>Entre els principals objectius de la Regidoria est\u00e0 el de fer de La Font un poble on c\u00e0pia tothom independentment de la condici\u00f3, identitat, expressi\u00f3 o orientaci\u00f3 que tinga. Per aquest motiu dies com el 28J no poden passar desapercebuts.<\/p>\n\n\n\n<p>Aquest any s\u2019ha organitzat una setmana de l\u2019orgull amb diferents activitats com ara les din\u00e0miques que es realitzaran a la piscina del poble per treballar de forma l\u00fadica conceptes relacionats amb el col\u00b7lectiu, a m\u00e9s el dissabte 28 es difondr\u00e0 un manifest a les xarxes.<\/p>\n\n\n\n<p>D\u2019altra banda, romandr\u00e0 al llarg de tota la setmana del 16 al 26 de juny l\u2019exposici\u00f3 NuesTransvidas importan a la Casa de la Cultura. Aquesta iniciativa tracta d\u2019acostar la ciutadania a la realitat de les persones trans, a trav\u00e9s de les imatges anirem coneguent com s\u00f3n les seues experi\u00e8ncies i el seu dia dia.&nbsp;<\/p>\n\n\n\n<h3 class=\"wp-block-heading internalLink\">Setmana de la salut mental (10 O)<\/h3>\n\n\n\n<p>El proper 10 d\u2019Octubre se celebra el dia de la Salut Mental, un tema que no ens deixa indiferents i que tothom hem de cuidar. S\u2019est\u00e0 organitzant una setmana amb diferents activitats per tractar de concienciar a la poblaci\u00f3 sobre la import\u00e0ncia de cuidar el benestar emocional i sensibilitzar-la sobre tem\u00e0tiques que han estat tab\u00fa o han suposat un estigma durant molt de temps com ara els trastorns mentals, el suicidi o b\u00e9 com viure amb trastorns del desenvolupament. Un bon exemple fou la xarrada sobre TEA realitzada el passat 4 d\u2019abril.<\/p>\n\n\n\n<p>Els tallers d\u2019estimulaci\u00f3 han rebut diferents xarrades sobre Salut Mental i plasmaran la seua visi\u00f3 sobre aquesta mitjan\u00e7ant la realitzaci\u00f3 d\u2019una exposici\u00f3.&nbsp;<\/p>\n\n\n\n<figure class=\"wp-block-image size-full\"><img decoding=\"async\" width=\"424\" height=\"535\" src=\"https:\/\/www.lafontdencarros.es\/wp-content\/uploads\/2025\/07\/cartel-xarrada-autisme.webp\" alt=\"cartell sobre xarrada de concienciaci\u00f3 sobre l \u00e1utisme\" class=\"wp-image-1207\" srcset=\"https:\/\/www.lafontdencarros.es\/wp-content\/uploads\/2025\/07\/cartel-xarrada-autisme.webp 424w, https:\/\/www.lafontdencarros.es\/wp-content\/uploads\/2025\/07\/cartel-xarrada-autisme-238x300.webp 238w\" sizes=\"(max-width: 424px) 100vw, 424px\" \/><\/figure>\n\n\n\n<h3 class=\"wp-block-heading internalLink\">Setmana viol\u00e8ncia de g\u00e8nere (25 N)<\/h3>\n\n\n\n<p>Desde la Regidoria abanderem la Igualtat, l\u2019equitat i la lluita contra la viol\u00e8ncia de g\u00e8nere, \u00e9s precisament perqu\u00e8 volem un m\u00f3n m\u00e9s just que dates com la del&nbsp; 25N no es poden oblidar ni deixar de reivindicar. Al llarg de l\u2019any realitzem tasques on tractem de concienciar sobre la import\u00e0ncia d\u2019una societat igualit\u00e0ria on el masclisme no tinga cabuda.<\/p>\n\n\n\n<p>S\u00f3n m\u00faltiples les intervencions que s\u2019han realitzat com ara la Setmana en femen\u00ed, les xarrades als tallers d\u2019estimulaci\u00f3, els col\u00b7loquis i projeccions per donar veu a problemes o situacions que afecten a m\u00e9s del 50% de la poblaci\u00f3 mundial com ara la viol\u00e8ncia obst\u00e8trica que sofreixen moltes usu\u00e0ries, mon\u00f2legs com el de \u201cSer dona\u201d de Susana Pastor o b\u00e9 exposicions com \u201cCorresponsabilitat\u201d o \u201cDones Saforenques\u201d<\/p>\n\n\n\n<p>Actualment s\u2019est\u00e0 organitzant el programa per a la propera setmana.&nbsp;<\/p>\n\n\n\n<figure class=\"wp-block-gallery has-nested-images columns-default is-cropped wp-block-gallery-4 is-layout-flex wp-block-gallery-is-layout-flex\">\n<figure class=\"wp-block-image size-full\"><img decoding=\"async\" width=\"1024\" height=\"768\" data-id=\"1214\" src=\"https:\/\/www.lafontdencarros.es\/wp-content\/uploads\/2025\/07\/foto-grup.webp\" alt=\"foto de grup en l'ajuntament\" class=\"wp-image-1214\" srcset=\"https:\/\/www.lafontdencarros.es\/wp-content\/uploads\/2025\/07\/foto-grup.webp 1024w, https:\/\/www.lafontdencarros.es\/wp-content\/uploads\/2025\/07\/foto-grup-300x225.webp 300w, https:\/\/www.lafontdencarros.es\/wp-content\/uploads\/2025\/07\/foto-grup-768x576.webp 768w\" sizes=\"(max-width: 1024px) 100vw, 1024px\" \/><\/figure>\n\n\n\n<figure class=\"wp-block-image size-full\"><img decoding=\"async\" width=\"766\" height=\"1083\" data-id=\"1217\" src=\"https:\/\/www.lafontdencarros.es\/wp-content\/uploads\/2025\/07\/corresponsabilitat.webp\" alt=\"cartell sobre corresponsabilitat\" class=\"wp-image-1217\" srcset=\"https:\/\/www.lafontdencarros.es\/wp-content\/uploads\/2025\/07\/corresponsabilitat.webp 766w, https:\/\/www.lafontdencarros.es\/wp-content\/uploads\/2025\/07\/corresponsabilitat-212x300.webp 212w, https:\/\/www.lafontdencarros.es\/wp-content\/uploads\/2025\/07\/corresponsabilitat-724x1024.webp 724w\" sizes=\"(max-width: 766px) 100vw, 766px\" \/><\/figure>\n<\/figure>\n","protected":false},"excerpt":{"rendered":"<p>Comprom\u00eds amb la Igualtat i el Benestar Social Des de la Regidoria de Benestar Social i Igualtat es prioritza la millora en la qualitat de vida de les persones. Al llarg de l\u2019any es realitzen diferents activitats per promoure la igualtat, previndre la viol\u00e8ncia de g\u00e8nere, donar suport al col\u00b7lectiu LGTBIQ+ i visibilitzar la diversitat. [&hellip;]<\/p>\n","protected":false},"author":1,"featured_media":0,"parent":0,"menu_order":0,"comment_status":"closed","ping_status":"closed","template":"plantilla-google-maps","meta":{"_acf_changed":false,"_uag_custom_page_level_css":"","footnotes":""},"class_list":["post-1182","page","type-page","status-publish","hentry"],"acf":[],"spectra_custom_meta":{"_edit_lock":["1774259171:1"],"rank_math_internal_links_processed":["1"],"_wpml_word_count":["995"],"_wpml_location_migration_done":["1"],"rank_math_seo_score":["16"],"_wp_page_template":["plantilla-google-maps"],"_uag_custom_page_level_css":[""],"footnotes":[""],"_edit_last":["1"],"gmaps_subtitulo_debajo_imagen_destacada":[""],"_gmaps_subtitulo_debajo_imagen_destacada":["field_6881e23804d41"],"gmaps_google_maps":["a:14:{s:7:\"address\";s:90:\"Ayuntamiento de la Font d'en Carr\u00f2s, Pla\u00e7a del Ajuntament, La Font d'en Carr\u00f2s, Espanya\";s:3:\"lat\";d:38.91641539999999821475284988991916179656982421875;s:3:\"lng\";d:-0.169218299999999988170173992330092005431652069091796875;s:4:\"zoom\";i:16;s:8:\"place_id\";s:27:\"ChIJq0ZWlsfoYQ0RQHoC1kRIUH8\";s:4:\"name\";s:34:\"Ajuntament de la Font d'en Carr\u00f2s\";s:13:\"street_number\";s:2:\"22\";s:11:\"street_name\";s:21:\"Pla\u00e7a del Ajuntament\";s:4:\"city\";s:20:\"La Font d'en Carr\u00f2s\";s:5:\"state\";s:20:\"Comunidad Valenciana\";s:11:\"state_short\";s:2:\"VC\";s:9:\"post_code\";s:5:\"46717\";s:7:\"country\";s:7:\"Espanya\";s:13:\"country_short\";s:2:\"ES\";}"],"_gmaps_google_maps":["field_6881e0c104d40"],"gmaps_direccion":[""],"_gmaps_direccion":["field_6881e34104d42"],"gmaps_telefono":[""],"_gmaps_telefono":["field_6881e36104d43"],"gmaps_informacion":[""],"_gmaps_informacion":["field_68872133566b7"],"gmaps_matricula":[""],"_gmaps_matricula":["field_68872147566b8"],"gmaps_periodo":[""],"_gmaps_periodo":["field_68872153566b9"],"gmaps_instagram_titulo":[""],"_gmaps_instagram_titulo":["field_68820dfc9faf5"],"_wpml_media_duplicate":["1"],"_wpml_media_featured":["1"],"rank_math_og_content_image":["a:2:{s:5:\"check\";s:32:\"9c46ff762bd76ad90112fb8900140a5e\";s:6:\"images\";a:1:{i:0;i:1183;}}"],"gmaps_titulo_pdf_1":[""],"_gmaps_titulo_pdf_1":["field_688735bf22d15"],"gmaps_subtitulo_pdf_1":[""],"_gmaps_subtitulo_pdf_1":["field_688735fb22d1a"],"gmaps_titulo_pdf_2":[""],"_gmaps_titulo_pdf_2":["field_688735e822d16"],"gmaps_subtitulo_pdf_2":[""],"_gmaps_subtitulo_pdf_2":["field_6887361322d1b"],"gmaps_titulo_pdf_3":[""],"_gmaps_titulo_pdf_3":["field_688735ed22d17"],"gmaps_subtitulo_pdf_3":[""],"_gmaps_subtitulo_pdf_3":["field_6887361822d1c"],"gmaps_titulo_pdf_4":[""],"_gmaps_titulo_pdf_4":["field_688735f022d18"],"gmaps_subtitulo_pdf_4":[""],"_gmaps_subtitulo_pdf_4":["field_6887361d22d1d"],"gmaps_titulo_pdf_5":[""],"_gmaps_titulo_pdf_5":["field_688735f522d19"],"gmaps_subtitulo_pdf_5":[""],"_gmaps_subtitulo_pdf_5":["field_6887362222d1e"]},"uagb_featured_image_src":{"full":false,"thumbnail":false,"medium":false,"medium_large":false,"large":false,"thumblist":false,"thumbrelated":false,"meccarouselthumb":false,"gridsquare":false,"tileview":false,"1536x1536":false,"2048x2048":false},"uagb_author_info":{"display_name":"redaccion","author_link":"https:\/\/www.lafontdencarros.es\/va\/author\/redaccion\/"},"uagb_comment_info":0,"uagb_excerpt":"Comprom\u00eds amb la Igualtat i el Benestar Social Des de la Regidoria de Benestar Social i Igualtat es prioritza la millora en la qualitat de vida de les persones. Al llarg de l\u2019any es realitzen diferents activitats per promoure la igualtat, previndre la viol\u00e8ncia de g\u00e8nere, donar suport al col\u00b7lectiu LGTBIQ+ i visibilitzar la diversitat.&hellip;","_links":{"self":[{"href":"https:\/\/www.lafontdencarros.es\/va\/wp-json\/wp\/v2\/pages\/1182","targetHints":{"allow":["GET"]}}],"collection":[{"href":"https:\/\/www.lafontdencarros.es\/va\/wp-json\/wp\/v2\/pages"}],"about":[{"href":"https:\/\/www.lafontdencarros.es\/va\/wp-json\/wp\/v2\/types\/page"}],"author":[{"embeddable":true,"href":"https:\/\/www.lafontdencarros.es\/va\/wp-json\/wp\/v2\/users\/1"}],"replies":[{"embeddable":true,"href":"https:\/\/www.lafontdencarros.es\/va\/wp-json\/wp\/v2\/comments?post=1182"}],"version-history":[{"count":1,"href":"https:\/\/www.lafontdencarros.es\/va\/wp-json\/wp\/v2\/pages\/1182\/revisions"}],"predecessor-version":[{"id":7172,"href":"https:\/\/www.lafontdencarros.es\/va\/wp-json\/wp\/v2\/pages\/1182\/revisions\/7172"}],"wp:attachment":[{"href":"https:\/\/www.lafontdencarros.es\/va\/wp-json\/wp\/v2\/media?parent=1182"}],"curies":[{"name":"wp","href":"https:\/\/api.w.org\/{rel}","templated":true}]}}