{"id":1160,"date":"2025-07-28T09:01:41","date_gmt":"2025-07-28T07:01:41","guid":{"rendered":"https:\/\/www.lafontdencarros.es\/?page_id=1160"},"modified":"2026-03-23T10:43:46","modified_gmt":"2026-03-23T09:43:46","slug":"centre-de-formacio-persones-adultes","status":"publish","type":"page","link":"https:\/\/www.lafontdencarros.es\/va\/educacio\/centre-de-formacio-persones-adultes\/","title":{"rendered":"Centre de formaci\u00f3 persones adultes"},"content":{"rendered":"\n<h3 class=\"wp-block-heading\">Oferta formativa<\/h3>\n\n\n\n<p>Este Centre de Formaci\u00f3 de Persones Adultes impartix cursos d&#8217;alfabetitzaci\u00f3, graduat en Educaci\u00f3 Secund\u00e0ria Obligat\u00f2ria, castell\u00e0 i\/o valenci\u00e0 per a estrangers, valenci\u00e0 en distints nivells (iniciaci\u00f3 a la llengua i cultura valenciana compressiva en els nivells de Cicle I i primer nivell de Cicle II de la Formaci\u00f3 B\u00e0sica de Persones Adultes, d&#8217;acord amb l&#8217;Orde de 14 de juny del 2000, de la Conselleria d&#8217;Educaci\u00f3 i Cultura).<\/p>\n\n\n\n<p>Este Centre planifica, gestiona i programa activitats culturals relacionades amb el programa d&#8217;ensenyament, com ara confer\u00e8ncies, tallers, excursions culturals, etc.<\/p>\n\n\n\n<h3 class=\"wp-block-heading\">Funcions del centre<\/h3>\n\n\n\n<p>L&#8217;objectiu b\u00e0sic principal de l&#8217;oferta d&#8217;ensenyament regulat per a Persones Adultes consistix a dotar els adults d&#8217;una formaci\u00f3 b\u00e0sica que els permeta accedir als distints nivells del sistema educatiu, millorar la seua qualitat professional o adquirir una preparaci\u00f3 per a l&#8217;exercici d&#8217;altres professions, aix\u00ed com desenrotllar la seua capacitat de participaci\u00f3 en la vida social, cultural, pol\u00edtica i econ\u00f2mica.<\/p>\n","protected":false},"excerpt":{"rendered":"<p>Oferta formativa Este Centre de Formaci\u00f3 de Persones Adultes impartix cursos d&#8217;alfabetitzaci\u00f3, graduat en Educaci\u00f3 Secund\u00e0ria Obligat\u00f2ria, castell\u00e0 i\/o valenci\u00e0 per a estrangers, valenci\u00e0 en distints nivells (iniciaci\u00f3 a la llengua i cultura valenciana compressiva en els nivells de Cicle I i primer nivell de Cicle II de la Formaci\u00f3 B\u00e0sica de Persones Adultes, d&#8217;acord [&hellip;]<\/p>\n","protected":false},"author":1,"featured_media":1161,"parent":1138,"menu_order":0,"comment_status":"closed","ping_status":"closed","template":"plantilla-google-maps","meta":{"_acf_changed":false,"_uag_custom_page_level_css":"","footnotes":""},"class_list":["post-1160","page","type-page","status-publish","has-post-thumbnail","hentry"],"acf":[],"spectra_custom_meta":{"_edit_lock":["1774259032:1"],"rank_math_internal_links_processed":["1"],"_wpml_word_count":["188"],"rank_math_seo_score":["6"],"_thumbnail_id":["1161"],"_wp_page_template":["plantilla-google-maps"],"_uag_custom_page_level_css":[""],"footnotes":[""],"_edit_last":["1"],"gmaps_subtitulo_debajo_imagen_destacada":[""],"_gmaps_subtitulo_debajo_imagen_destacada":["field_6881e23804d41"],"gmaps_google_maps":["a:14:{s:7:\"address\";s:52:\"Carrer Sant Isidro, 5, La Font d'en Carr\u00f2s, Espanya\";s:3:\"lat\";d:38.91609329999999999927240423858165740966796875;s:3:\"lng\";d:-0.172704699999999988779819659612257964909076690673828125;s:4:\"zoom\";i:16;s:8:\"place_id\";s:158:\"EkJDYXJyZXIgU2FudCBJc2lkcm8sIDUsIDQ2NzE3IExhIEZvbnQgZCdlbiBDYXJyw7JzLCBWYWxlbmNpYSwgU3BhaW4iMBIuChQKEgkbhwh2xuhhDRGV_5tEsNBuThAFKhQKEgnz0hQ8z-hhDRHRsbq5Zoam2w\";s:4:\"name\";s:21:\"Carrer Sant Isidro, 5\";s:13:\"street_number\";s:1:\"5\";s:11:\"street_name\";s:18:\"Carrer Sant Isidro\";s:4:\"city\";s:20:\"La Font d'en Carr\u00f2s\";s:5:\"state\";s:20:\"Comunidad Valenciana\";s:11:\"state_short\";s:2:\"VC\";s:9:\"post_code\";s:5:\"46717\";s:7:\"country\";s:7:\"Espanya\";s:13:\"country_short\";s:2:\"ES\";}"],"_gmaps_google_maps":["field_6881e0c104d40"],"gmaps_direccion":["C\/ Sant Isidre, 5 (Edifici Polivalent, pl. segona) La Font d\u2019en Carr\u00f2s"],"_gmaps_direccion":["field_6881e34104d42"],"gmaps_telefono":["96 283 36 01"],"_gmaps_telefono":["field_6881e36104d43"],"gmaps_instagram_titulo":[""],"_gmaps_instagram_titulo":["field_68820dfc9faf5"],"_wpml_media_duplicate":["1"],"_wpml_media_featured":["1"],"_wpml_location_migration_done":["1"],"gmaps_informacion":["Informaci\u00f3 i matr\u00edcula: Ajuntament en horari d\u2019oficines"],"_gmaps_informacion":["field_68872133566b7"],"gmaps_matricula":["Matr\u00edcula: oberta durant tot el curs escolar subjecta a places vacants"],"_gmaps_matricula":["field_68872147566b8"],"gmaps_periodo":["Per\u00edode lectiu: d\u2019octubre (inici del curs) a juny."],"_gmaps_periodo":["field_68872153566b9"],"mec_location_id":["0"],"mec_additional_location_ids":["a:0:{}"],"mec_organizer_id":["0"],"mec_additional_organizer_ids":["a:0:{}"],"gmaps_titulo_pdf_1":[""],"_gmaps_titulo_pdf_1":["field_688735bf22d15"],"gmaps_subtitulo_pdf_1":[""],"_gmaps_subtitulo_pdf_1":["field_688735fb22d1a"],"gmaps_titulo_pdf_2":[""],"_gmaps_titulo_pdf_2":["field_688735e822d16"],"gmaps_subtitulo_pdf_2":[""],"_gmaps_subtitulo_pdf_2":["field_6887361322d1b"],"gmaps_titulo_pdf_3":[""],"_gmaps_titulo_pdf_3":["field_688735ed22d17"],"gmaps_subtitulo_pdf_3":[""],"_gmaps_subtitulo_pdf_3":["field_6887361822d1c"],"gmaps_titulo_pdf_4":[""],"_gmaps_titulo_pdf_4":["field_688735f022d18"],"gmaps_subtitulo_pdf_4":[""],"_gmaps_subtitulo_pdf_4":["field_6887361d22d1d"],"gmaps_titulo_pdf_5":[""],"_gmaps_titulo_pdf_5":["field_688735f522d19"],"gmaps_subtitulo_pdf_5":[""],"_gmaps_subtitulo_pdf_5":["field_6887362222d1e"]},"uagb_featured_image_src":{"full":["https:\/\/www.lafontdencarros.es\/wp-content\/uploads\/2025\/07\/centre-formacio-persones-adultes.webp",872,398,false],"thumbnail":["https:\/\/www.lafontdencarros.es\/wp-content\/uploads\/2025\/07\/centre-formacio-persones-adultes-150x150.webp",150,150,true],"medium":["https:\/\/www.lafontdencarros.es\/wp-content\/uploads\/2025\/07\/centre-formacio-persones-adultes-300x137.webp",300,137,true],"medium_large":["https:\/\/www.lafontdencarros.es\/wp-content\/uploads\/2025\/07\/centre-formacio-persones-adultes-768x351.webp",768,351,true],"large":["https:\/\/www.lafontdencarros.es\/wp-content\/uploads\/2025\/07\/centre-formacio-persones-adultes.webp",872,398,false],"thumblist":["https:\/\/www.lafontdencarros.es\/wp-content\/uploads\/2025\/07\/centre-formacio-persones-adultes-300x300.webp",300,300,true],"thumbrelated":["https:\/\/www.lafontdencarros.es\/wp-content\/uploads\/2025\/07\/centre-formacio-persones-adultes-500x398.webp",500,398,true],"meccarouselthumb":["https:\/\/www.lafontdencarros.es\/wp-content\/uploads\/2025\/07\/centre-formacio-persones-adultes-474x324.webp",474,324,true],"gridsquare":["https:\/\/www.lafontdencarros.es\/wp-content\/uploads\/2025\/07\/centre-formacio-persones-adultes-391x260.webp",391,260,true],"tileview":["https:\/\/www.lafontdencarros.es\/wp-content\/uploads\/2025\/07\/centre-formacio-persones-adultes-300x398.webp",300,398,true],"1536x1536":["https:\/\/www.lafontdencarros.es\/wp-content\/uploads\/2025\/07\/centre-formacio-persones-adultes.webp",872,398,false],"2048x2048":["https:\/\/www.lafontdencarros.es\/wp-content\/uploads\/2025\/07\/centre-formacio-persones-adultes.webp",872,398,false]},"uagb_author_info":{"display_name":"redaccion","author_link":"https:\/\/www.lafontdencarros.es\/va\/author\/redaccion\/"},"uagb_comment_info":0,"uagb_excerpt":"Oferta formativa Este Centre de Formaci\u00f3 de Persones Adultes impartix cursos d&#8217;alfabetitzaci\u00f3, graduat en Educaci\u00f3 Secund\u00e0ria Obligat\u00f2ria, castell\u00e0 i\/o valenci\u00e0 per a estrangers, valenci\u00e0 en distints nivells (iniciaci\u00f3 a la llengua i cultura valenciana compressiva en els nivells de Cicle I i primer nivell de Cicle II de la Formaci\u00f3 B\u00e0sica de Persones Adultes, d&#8217;acord&hellip;","_links":{"self":[{"href":"https:\/\/www.lafontdencarros.es\/va\/wp-json\/wp\/v2\/pages\/1160","targetHints":{"allow":["GET"]}}],"collection":[{"href":"https:\/\/www.lafontdencarros.es\/va\/wp-json\/wp\/v2\/pages"}],"about":[{"href":"https:\/\/www.lafontdencarros.es\/va\/wp-json\/wp\/v2\/types\/page"}],"author":[{"embeddable":true,"href":"https:\/\/www.lafontdencarros.es\/va\/wp-json\/wp\/v2\/users\/1"}],"replies":[{"embeddable":true,"href":"https:\/\/www.lafontdencarros.es\/va\/wp-json\/wp\/v2\/comments?post=1160"}],"version-history":[{"count":1,"href":"https:\/\/www.lafontdencarros.es\/va\/wp-json\/wp\/v2\/pages\/1160\/revisions"}],"predecessor-version":[{"id":7171,"href":"https:\/\/www.lafontdencarros.es\/va\/wp-json\/wp\/v2\/pages\/1160\/revisions\/7171"}],"up":[{"embeddable":true,"href":"https:\/\/www.lafontdencarros.es\/va\/wp-json\/wp\/v2\/pages\/1138"}],"wp:featuredmedia":[{"embeddable":true,"href":"https:\/\/www.lafontdencarros.es\/va\/wp-json\/wp\/v2\/media\/1161"}],"wp:attachment":[{"href":"https:\/\/www.lafontdencarros.es\/va\/wp-json\/wp\/v2\/media?parent=1160"}],"curies":[{"name":"wp","href":"https:\/\/api.w.org\/{rel}","templated":true}]}}