{"id":1114,"date":"2025-07-28T06:59:28","date_gmt":"2025-07-28T04:59:28","guid":{"rendered":"https:\/\/www.lafontdencarros.es\/?page_id=1114"},"modified":"2026-03-23T10:24:48","modified_gmt":"2026-03-23T09:24:48","slug":"casa-de-la-paraula","status":"publish","type":"page","link":"https:\/\/www.lafontdencarros.es\/va\/dependencies-municipals\/cultura\/casa-de-la-paraula\/","title":{"rendered":"Casa de la paraula"},"content":{"rendered":"\n<p>Situada al carrer Sant Dom\u00e8nec, es trobem la casa on va n\u00e0ixer Francesc Ferrer Pastor (La Font d\u2019en Carr\u00f2s, 1918- Val\u00e8ncia, 2000) important lexic\u00f2graf valenci\u00e0 que va dedicar la seua vida a difondre i a normalitzar la nostra llengua.<\/p>\n\n\n\n<p>Autor del Diccionari de la Rima (1956), i sobretot d\u2019un dels llibres que m\u00e9s hem fet servir els valencians i valencianes per aprendre la nostra llengua: El fam\u00f3s vocabulari blanc i blau, valenci\u00e0-castell\u00e0 i castell\u00e0-valenci\u00e0 (1968).<\/p>\n\n\n\n<p>La fundaci\u00f3 Francesc Ferrer Pastor, creada el 10 de juliol de 2008, mant\u00e9 viu el seu record i t\u00e9 per objectiu la difusi\u00f3 i normalitzaci\u00f3 del valenci\u00e0 a tots els \u00e0mbits d\u2019\u00fas i cultura, aix\u00ed com fomentar el record i l\u2019estima per la figura de Francesc Jacint Ferrer i Pastor, gran amant del seu poble i de la llengua valenciana.<\/p>\n\n\n\n<h2 class=\"wp-block-heading\">Museu de la Paraula<\/h2>\n\n\n\n<p>Casa natal de Francesc Ferrer Pastor reconvertida en el Museu de la Paraula.<\/p>\n\n\n\n<p>L\u2019objectiu del Museu de la Paraula \u00e9s impulsar la llengua valenciana a trav\u00e9s d\u2019un dels ve\u00efns m\u00e9s il\u00b7lustres de la localitat: el lexic\u00f2graf Francesc Ferrer Pastor, conegut per molts gr\u00e0cies a ser l\u2019autor de l\u2019inconfusible diccionari i vocabulari blanc i blau.<\/p>\n\n\n\n<p>Al Museu de la Paraula podeu trobar diferents edicions dels diccionaris i vocabularis editats per Ferrer Pastor, i altres obres nascudes de la pr\u00f2pia impremta\u00a0 de Ferrer Pastor aix\u00ed com peces originals del m\u00f3n editorial (al qual Ferrer Pastor pertanyia) entre les que destaquen les m\u00e0quines d\u2019escriure que s\u2019utilitzaven.<\/p>\n\n\n\n<h2 class=\"wp-block-heading\">Francesc Ferrer Pastor<\/h2>\n\n\n\n<p>Francesc Ferrer Pastor (1918-2000) va ser un destacat lexic\u00f2graf, gram\u00e0tic i escriptor valenci\u00e0. Nascut a La Font d\u2019en Carr\u00f2s, \u00e9s conegut per la seua contribuci\u00f3 significativa a la normalitzaci\u00f3 del valenci\u00e0.<\/p>\n\n\n\n<p>La seua carrera professional va comen\u00e7ar i sempre va estar lligada al sector de les Arts Gr\u00e0fiques. Posteriorment, va desenvolupar una carrera com a docent, impartint cursos de valenci\u00e0 a Lo Rat Penat (1949-1963) i de formaci\u00f3 professional a Ciudad del Aprendiz. M\u00e9s tard, la seua passi\u00f3 per la llengua i la cultura l&#8217;esperonaren a introduir-se al m\u00f3n literari. Algunes de les seves obres m\u00e9s importants s\u00f3n el &#8220;Diccionari de la Rima&#8221;, el &#8220;Diccionari General&#8221; o el &#8220;Vocabulari&#8221;, que van tenir un gran impacte en l&#8217;\u00fas, ensenyament i normativitzaci\u00f3 del valenci\u00e0. Tamb\u00e9 va publicar altres treballs rellevants com &#8220;Lli\u00e7ons d&#8217;Ortografia&#8221;, &#8220;Gram\u00e0tica Valenciana&#8221; i la col\u00b7lecci\u00f3 de relats infantils &#8220;Contaralles de la meua terra&#8221;. Finalment, va fundar la seua pr\u00f2pia impremta, Fermar.<\/p>\n\n\n\n<p>Durant un per\u00edode en qu\u00e8 l&#8217;\u00fas p\u00fablic del valenci\u00e0 estava molt restringit, va jugar un paper crucial en la difusi\u00f3 de la llengua durant la dictadura franquista. La seua tasca va ser fonamental per mantenir viva la llengua i la cultura durant d\u00e8cades de repressi\u00f3.<\/p>\n\n\n\n<p>A m\u00e9s del seu treball com a lexic\u00f2graf i gram\u00e0tic, Ferrer Pastor va col\u00b7laborar amb diverses entitats culturals i educatives, sempre amb l\u2019objectiu de promoure i dignificar el valenci\u00e0. El seu llegat perdura com un referent essencial tant en la mem\u00f2ria col\u00b7lectiva de la societat com al m\u00f3n acad\u00e8mic i per aix\u00f2 ha rebut importants reconeixements com el Premi de l\u2019Ajuntament de Val\u00e8ncia a l\u2019esfor\u00e7 editorial (1957), el Premi de les Lletres de la Generalitat Valenciana (1994) o la Medalla d&#8217;Or de la Universitat de Val\u00e8ncia (1998).<\/p>\n","protected":false},"excerpt":{"rendered":"<p>Situada al carrer Sant Dom\u00e8nec, es trobem la casa on va n\u00e0ixer Francesc Ferrer Pastor (La Font d\u2019en Carr\u00f2s, 1918- Val\u00e8ncia, 2000) important lexic\u00f2graf valenci\u00e0 que va dedicar la seua vida a difondre i a normalitzar la nostra llengua. Autor del Diccionari de la Rima (1956), i sobretot d\u2019un dels llibres que m\u00e9s hem fet [&hellip;]<\/p>\n","protected":false},"author":1,"featured_media":1115,"parent":2060,"menu_order":0,"comment_status":"closed","ping_status":"closed","template":"plantilla-google-maps","meta":{"_acf_changed":false,"_uag_custom_page_level_css":"","footnotes":""},"class_list":["post-1114","page","type-page","status-publish","has-post-thumbnail","hentry"],"acf":[],"spectra_custom_meta":{"_edit_lock":["1774257894:1"],"rank_math_internal_links_processed":["1"],"_wpml_word_count":["564"],"_wpml_location_migration_done":["1"],"rank_math_seo_score":["3"],"_thumbnail_id":["1115"],"_wp_page_template":["plantilla-google-maps"],"_uag_custom_page_level_css":[""],"footnotes":[""],"_edit_last":["1"],"gmaps_subtitulo_debajo_imagen_destacada":["Casa de la paraula - Museu Francesc Ferre Pastor"],"_gmaps_subtitulo_debajo_imagen_destacada":["field_6881e23804d41"],"gmaps_google_maps":["a:14:{s:7:\"address\";s:54:\"Carrer Sant Domingo, 19, La Font d'en Carr\u00f2s, Espanya\";s:3:\"lat\";d:38.9173138000000022884705686010420322418212890625;s:3:\"lng\";d:-0.1679980000000000084359186303117894567549228668212890625;s:4:\"zoom\";i:16;s:8:\"place_id\";s:27:\"ChIJZ10FhLjoYQ0RCSCwkaRVGTY\";s:4:\"name\";s:23:\"Carrer Sant Domingo, 19\";s:13:\"street_number\";s:2:\"19\";s:11:\"street_name\";s:19:\"Carrer Sant Domingo\";s:4:\"city\";s:20:\"La Font d'en Carr\u00f2s\";s:5:\"state\";s:20:\"Comunidad Valenciana\";s:11:\"state_short\";s:2:\"VC\";s:9:\"post_code\";s:5:\"46717\";s:7:\"country\";s:7:\"Espanya\";s:13:\"country_short\";s:2:\"ES\";}"],"_gmaps_google_maps":["field_6881e0c104d40"],"gmaps_direccion":["C\/ Sant Dom\u00e8nec, 19,  La Font d\u2019en Carr\u00f2s"],"_gmaps_direccion":["field_6881e34104d42"],"gmaps_telefono":[""],"_gmaps_telefono":["field_6881e36104d43"],"gmaps_instagram_titulo":[""],"_gmaps_instagram_titulo":["field_68820dfc9faf5"],"_wpml_media_duplicate":["1"],"_wpml_media_featured":["1"],"mec_location_id":["0"],"mec_additional_location_ids":["a:0:{}"],"mec_organizer_id":["0"],"mec_additional_organizer_ids":["a:0:{}"],"gmaps_informacion":[""],"_gmaps_informacion":["field_68872133566b7"],"gmaps_matricula":[""],"_gmaps_matricula":["field_68872147566b8"],"gmaps_periodo":[""],"_gmaps_periodo":["field_68872153566b9"],"gmaps_titulo_pdf_1":[""],"_gmaps_titulo_pdf_1":["field_688735bf22d15"],"gmaps_subtitulo_pdf_1":[""],"_gmaps_subtitulo_pdf_1":["field_688735fb22d1a"],"gmaps_titulo_pdf_2":[""],"_gmaps_titulo_pdf_2":["field_688735e822d16"],"gmaps_subtitulo_pdf_2":[""],"_gmaps_subtitulo_pdf_2":["field_6887361322d1b"],"gmaps_titulo_pdf_3":[""],"_gmaps_titulo_pdf_3":["field_688735ed22d17"],"gmaps_subtitulo_pdf_3":[""],"_gmaps_subtitulo_pdf_3":["field_6887361822d1c"],"gmaps_titulo_pdf_4":[""],"_gmaps_titulo_pdf_4":["field_688735f022d18"],"gmaps_subtitulo_pdf_4":[""],"_gmaps_subtitulo_pdf_4":["field_6887361d22d1d"],"gmaps_titulo_pdf_5":[""],"_gmaps_titulo_pdf_5":["field_688735f522d19"],"gmaps_subtitulo_pdf_5":[""],"_gmaps_subtitulo_pdf_5":["field_6887362222d1e"]},"uagb_featured_image_src":{"full":["https:\/\/www.lafontdencarros.es\/wp-content\/uploads\/2025\/07\/image.webp",872,398,false],"thumbnail":["https:\/\/www.lafontdencarros.es\/wp-content\/uploads\/2025\/07\/image-150x150.webp",150,150,true],"medium":["https:\/\/www.lafontdencarros.es\/wp-content\/uploads\/2025\/07\/image-300x137.webp",300,137,true],"medium_large":["https:\/\/www.lafontdencarros.es\/wp-content\/uploads\/2025\/07\/image-768x351.webp",768,351,true],"large":["https:\/\/www.lafontdencarros.es\/wp-content\/uploads\/2025\/07\/image.webp",872,398,false],"thumblist":["https:\/\/www.lafontdencarros.es\/wp-content\/uploads\/2025\/07\/image-300x300.webp",300,300,true],"thumbrelated":["https:\/\/www.lafontdencarros.es\/wp-content\/uploads\/2025\/07\/image-500x398.webp",500,398,true],"meccarouselthumb":["https:\/\/www.lafontdencarros.es\/wp-content\/uploads\/2025\/07\/image-474x324.webp",474,324,true],"gridsquare":["https:\/\/www.lafontdencarros.es\/wp-content\/uploads\/2025\/07\/image-391x260.webp",391,260,true],"tileview":["https:\/\/www.lafontdencarros.es\/wp-content\/uploads\/2025\/07\/image-300x398.webp",300,398,true],"1536x1536":["https:\/\/www.lafontdencarros.es\/wp-content\/uploads\/2025\/07\/image.webp",872,398,false],"2048x2048":["https:\/\/www.lafontdencarros.es\/wp-content\/uploads\/2025\/07\/image.webp",872,398,false]},"uagb_author_info":{"display_name":"redaccion","author_link":"https:\/\/www.lafontdencarros.es\/va\/author\/redaccion\/"},"uagb_comment_info":0,"uagb_excerpt":"Situada al carrer Sant Dom\u00e8nec, es trobem la casa on va n\u00e0ixer Francesc Ferrer Pastor (La Font d\u2019en Carr\u00f2s, 1918- Val\u00e8ncia, 2000) important lexic\u00f2graf valenci\u00e0 que va dedicar la seua vida a difondre i a normalitzar la nostra llengua. Autor del Diccionari de la Rima (1956), i sobretot d\u2019un dels llibres que m\u00e9s hem fet&hellip;","_links":{"self":[{"href":"https:\/\/www.lafontdencarros.es\/va\/wp-json\/wp\/v2\/pages\/1114","targetHints":{"allow":["GET"]}}],"collection":[{"href":"https:\/\/www.lafontdencarros.es\/va\/wp-json\/wp\/v2\/pages"}],"about":[{"href":"https:\/\/www.lafontdencarros.es\/va\/wp-json\/wp\/v2\/types\/page"}],"author":[{"embeddable":true,"href":"https:\/\/www.lafontdencarros.es\/va\/wp-json\/wp\/v2\/users\/1"}],"replies":[{"embeddable":true,"href":"https:\/\/www.lafontdencarros.es\/va\/wp-json\/wp\/v2\/comments?post=1114"}],"version-history":[{"count":1,"href":"https:\/\/www.lafontdencarros.es\/va\/wp-json\/wp\/v2\/pages\/1114\/revisions"}],"predecessor-version":[{"id":7158,"href":"https:\/\/www.lafontdencarros.es\/va\/wp-json\/wp\/v2\/pages\/1114\/revisions\/7158"}],"up":[{"embeddable":true,"href":"https:\/\/www.lafontdencarros.es\/va\/wp-json\/wp\/v2\/pages\/2060"}],"wp:featuredmedia":[{"embeddable":true,"href":"https:\/\/www.lafontdencarros.es\/va\/wp-json\/wp\/v2\/media\/1115"}],"wp:attachment":[{"href":"https:\/\/www.lafontdencarros.es\/va\/wp-json\/wp\/v2\/media?parent=1114"}],"curies":[{"name":"wp","href":"https:\/\/api.w.org\/{rel}","templated":true}]}}