{"id":1075,"date":"2025-07-24T13:16:11","date_gmt":"2025-07-24T11:16:11","guid":{"rendered":"https:\/\/www.lafontdencarros.es\/?page_id=1075"},"modified":"2026-03-23T10:27:46","modified_gmt":"2026-03-23T09:27:46","slug":"poliesportiu","status":"publish","type":"page","link":"https:\/\/www.lafontdencarros.es\/va\/dependencies-municipals\/instal%c2%b7lacions-esportives\/poliesportiu\/","title":{"rendered":"Poliesportiu"},"content":{"rendered":"\n<h2 class=\"wp-block-heading\">Instal\u00b7lacions del poliesportiu municipal<\/h2>\n\n\n\n<p>Situat a les afores del poble i rodejat de naturalesa (Partida la Plana S\/N), compta amb diferents pistes esportives: Camp de futbol, tres pistes de p\u00e0del, front\u00f3, roc\u00f2drom i canxa de futbol sala polivalent per a diferents esports (b\u00e0squet i voleibol).<\/p>\n\n\n\n<p>El poliesportiu compta amb 4 vestuaris per ambd\u00f3s g\u00e8neres, a m\u00e9s de serveis p\u00fablics i oficines dels clubs.&nbsp;<\/p>\n\n\n\n<h2 class=\"wp-block-heading text--no-bg\">Horari del poliesportiu<\/h2>\n\n\n\n<div class=\"wp-block-uagb-container uag-hide-mob uagb-block-55d6b5ea alignfull uagb-is-root-container\"><div class=\"uagb-container-inner-blocks-wrap\">\n<figure class=\"wp-block-table table--classic inverted-mobile\"><table class=\"has-fixed-layout\"><thead><tr><th><\/th><th>Dilluns<\/th><th>Dimarts-Divendres<\/th><th>Dissabte<\/th><th>Diumenge<\/th><\/tr><\/thead><tbody><tr><td><strong>Matins<\/strong><\/td><td>Tancat<\/td><td>9h a 13.30h (sol\u00b7licitar pistes pr\u00e8viament)<\/td><td>9h a 13.30h<\/td><td>9h a 13.30h<\/td><\/tr><tr><td><strong>Vesprades<\/strong><\/td><td>17.30 a 22h<\/td><td>17.30 a 22h<\/td><td>16h a 20.30h<\/td><td>Tancat<\/td><\/tr><\/tbody><\/table><\/figure>\n<\/div><\/div>\n\n\n\n<div class=\"wp-block-uagb-container uag-hide-desktop uag-hide-tab uagb-block-8a7f5139 alignfull uagb-is-root-container\"><div class=\"uagb-container-inner-blocks-wrap\">\n<figure class=\"wp-block-table table--classic inverted-mobile\"><table class=\"has-fixed-layout\"><thead><tr><th><\/th><th>Matins<\/th><th>Vesprades<\/th><\/tr><\/thead><tbody><tr><td><strong>Dilluns<\/strong><\/td><td>Tancat<\/td><td>17.30 a 22h<\/td><\/tr><tr><td><strong>Dimarts-Divendres<\/strong><\/td><td>9h a 13.30h (sol\u00b7licitar pistes pr\u00e8viament)<\/td><td>17.30 a 22h<\/td><\/tr><tr><td><strong>Dissabte<\/strong><\/td><td>9h a 13.30h<\/td><td>16h a 20.30h<\/td><\/tr><tr><td><strong>Diumenge<\/strong><\/td><td>9h a 13.30h<\/td><td>Tancat<\/td><\/tr><\/tbody><\/table><\/figure>\n<\/div><\/div>\n\n\n\n<p class=\"text--no-bg\"><\/p>\n\n\n\n<h2 class=\"wp-block-heading\">Frontenis i p\u00e0del<\/h2>\n\n\n\n<p>Servici de reserves per a les pistes de FRONTENIS i P\u00c0DEL del poliesportiu municipal<\/p>\n\n\n\n<div class=\"wp-block-uagb-buttons uagb-buttons__outer-wrap uagb-btn__default-btn uagb-btn-tablet__default-btn uagb-btn-mobile__default-btn uagb-block-034d839b\"><div class=\"uagb-buttons__wrap uagb-buttons-layout-wrap \">\n<div class=\"wp-block-uagb-buttons-child uagb-buttons__outer-wrap uagb-block-7c59f671 wp-block-button button--primary\"><div class=\"uagb-button__wrapper\"><a class=\"uagb-buttons-repeater wp-block-button__link\" aria-label=\"\" href=\"https:\/\/citaprevia.lafontdencarros.es\/\" rel=\"follow noopener\" target=\"_blank\" role=\"button\"><div class=\"uagb-button__link\">Cita pr\u00e8via<\/div><\/a><\/div><\/div>\n<\/div><\/div>\n","protected":false},"excerpt":{"rendered":"<p>Instal\u00b7lacions del poliesportiu municipal Situat a les afores del poble i rodejat de naturalesa (Partida la Plana S\/N), compta amb diferents pistes esportives: Camp de futbol, tres pistes de p\u00e0del, front\u00f3, roc\u00f2drom i canxa de futbol sala polivalent per a diferents esports (b\u00e0squet i voleibol). El poliesportiu compta amb 4 vestuaris per ambd\u00f3s g\u00e8neres, a [&hellip;]<\/p>\n","protected":false},"author":1,"featured_media":1079,"parent":2063,"menu_order":0,"comment_status":"closed","ping_status":"closed","template":"plantilla-google-maps","meta":{"_acf_changed":false,"_uag_custom_page_level_css":"","footnotes":""},"class_list":["post-1075","page","type-page","status-publish","has-post-thumbnail","hentry"],"acf":[],"spectra_custom_meta":{"_edit_lock":["1774258076:1"],"rank_math_internal_links_processed":["1"],"_wpml_word_count":["145"],"_wpml_location_migration_done":["1"],"rank_math_seo_score":["10"],"_wp_page_template":["plantilla-google-maps"],"_uag_custom_page_level_css":[""],"footnotes":[""],"_edit_last":["1"],"gmaps_subtitulo_debajo_imagen_destacada":[""],"_gmaps_subtitulo_debajo_imagen_destacada":["field_6881e23804d41"],"gmaps_google_maps":["a:12:{s:7:\"address\";s:47:\"Partida la Plana, La Font d'en Carr\u00f2s, Espanya\";s:3:\"lat\";d:38.90949150000000145155354402959346771240234375;s:3:\"lng\";d:-0.1723647000000000095720764647921896539628505706787109375;s:4:\"zoom\";i:16;s:8:\"place_id\";s:120:\"EihQYXJ0aWRhIGxhIFBsYW5hLCA0NjcxNywgVmFsZW5jaWEsIFNwYWluIi4qLAoUChIJqXaVUcnoYQ0R_fbAVYUfpgQSFAoSCf2BvE_G6GENESKPq42kj6yr\";s:4:\"name\";s:16:\"Partida la Plana\";s:11:\"street_name\";s:16:\"Partida la Plana\";s:5:\"state\";s:20:\"Comunidad Valenciana\";s:11:\"state_short\";s:2:\"VC\";s:9:\"post_code\";s:5:\"46717\";s:7:\"country\";s:7:\"Espanya\";s:13:\"country_short\";s:2:\"ES\";}"],"_gmaps_google_maps":["field_6881e0c104d40"],"gmaps_direccion":["Partida la plana, La Font d\u2019en Carr\u00f2s"],"_gmaps_direccion":["field_6881e34104d42"],"gmaps_telefono":["620 251 768"],"_gmaps_telefono":["field_6881e36104d43"],"gmaps_instagram_titulo":[""],"_gmaps_instagram_titulo":["field_68820dfc9faf5"],"_wpml_media_duplicate":["1"],"_wpml_media_featured":["1"],"_thumbnail_id":["1079"],"mec_location_id":["0"],"mec_additional_location_ids":["a:0:{}"],"mec_organizer_id":["0"],"mec_additional_organizer_ids":["a:0:{}"],"gmaps_informacion":[""],"_gmaps_informacion":["field_68872133566b7"],"gmaps_matricula":[""],"_gmaps_matricula":["field_68872147566b8"],"gmaps_periodo":[""],"_gmaps_periodo":["field_68872153566b9"],"gmaps_titulo_pdf_1":[""],"_gmaps_titulo_pdf_1":["field_688735bf22d15"],"gmaps_subtitulo_pdf_1":[""],"_gmaps_subtitulo_pdf_1":["field_688735fb22d1a"],"gmaps_titulo_pdf_2":[""],"_gmaps_titulo_pdf_2":["field_688735e822d16"],"gmaps_subtitulo_pdf_2":[""],"_gmaps_subtitulo_pdf_2":["field_6887361322d1b"],"gmaps_titulo_pdf_3":[""],"_gmaps_titulo_pdf_3":["field_688735ed22d17"],"gmaps_subtitulo_pdf_3":[""],"_gmaps_subtitulo_pdf_3":["field_6887361822d1c"],"gmaps_titulo_pdf_4":[""],"_gmaps_titulo_pdf_4":["field_688735f022d18"],"gmaps_subtitulo_pdf_4":[""],"_gmaps_subtitulo_pdf_4":["field_6887361d22d1d"],"gmaps_titulo_pdf_5":[""],"_gmaps_titulo_pdf_5":["field_688735f522d19"],"gmaps_subtitulo_pdf_5":[""],"_gmaps_subtitulo_pdf_5":["field_6887362222d1e"]},"uagb_featured_image_src":{"full":["https:\/\/www.lafontdencarros.es\/wp-content\/uploads\/2025\/07\/poliesportiu-lafont.webp",872,398,false],"thumbnail":["https:\/\/www.lafontdencarros.es\/wp-content\/uploads\/2025\/07\/poliesportiu-lafont-150x150.webp",150,150,true],"medium":["https:\/\/www.lafontdencarros.es\/wp-content\/uploads\/2025\/07\/poliesportiu-lafont-300x137.webp",300,137,true],"medium_large":["https:\/\/www.lafontdencarros.es\/wp-content\/uploads\/2025\/07\/poliesportiu-lafont-768x351.webp",768,351,true],"large":["https:\/\/www.lafontdencarros.es\/wp-content\/uploads\/2025\/07\/poliesportiu-lafont.webp",872,398,false],"thumblist":["https:\/\/www.lafontdencarros.es\/wp-content\/uploads\/2025\/07\/poliesportiu-lafont-300x300.webp",300,300,true],"thumbrelated":["https:\/\/www.lafontdencarros.es\/wp-content\/uploads\/2025\/07\/poliesportiu-lafont-500x398.webp",500,398,true],"meccarouselthumb":["https:\/\/www.lafontdencarros.es\/wp-content\/uploads\/2025\/07\/poliesportiu-lafont-474x324.webp",474,324,true],"gridsquare":["https:\/\/www.lafontdencarros.es\/wp-content\/uploads\/2025\/07\/poliesportiu-lafont-391x260.webp",391,260,true],"tileview":["https:\/\/www.lafontdencarros.es\/wp-content\/uploads\/2025\/07\/poliesportiu-lafont-300x398.webp",300,398,true],"1536x1536":["https:\/\/www.lafontdencarros.es\/wp-content\/uploads\/2025\/07\/poliesportiu-lafont.webp",872,398,false],"2048x2048":["https:\/\/www.lafontdencarros.es\/wp-content\/uploads\/2025\/07\/poliesportiu-lafont.webp",872,398,false]},"uagb_author_info":{"display_name":"redaccion","author_link":"https:\/\/www.lafontdencarros.es\/va\/author\/redaccion\/"},"uagb_comment_info":0,"uagb_excerpt":"Instal\u00b7lacions del poliesportiu municipal Situat a les afores del poble i rodejat de naturalesa (Partida la Plana S\/N), compta amb diferents pistes esportives: Camp de futbol, tres pistes de p\u00e0del, front\u00f3, roc\u00f2drom i canxa de futbol sala polivalent per a diferents esports (b\u00e0squet i voleibol). El poliesportiu compta amb 4 vestuaris per ambd\u00f3s g\u00e8neres, a&hellip;","_links":{"self":[{"href":"https:\/\/www.lafontdencarros.es\/va\/wp-json\/wp\/v2\/pages\/1075","targetHints":{"allow":["GET"]}}],"collection":[{"href":"https:\/\/www.lafontdencarros.es\/va\/wp-json\/wp\/v2\/pages"}],"about":[{"href":"https:\/\/www.lafontdencarros.es\/va\/wp-json\/wp\/v2\/types\/page"}],"author":[{"embeddable":true,"href":"https:\/\/www.lafontdencarros.es\/va\/wp-json\/wp\/v2\/users\/1"}],"replies":[{"embeddable":true,"href":"https:\/\/www.lafontdencarros.es\/va\/wp-json\/wp\/v2\/comments?post=1075"}],"version-history":[{"count":1,"href":"https:\/\/www.lafontdencarros.es\/va\/wp-json\/wp\/v2\/pages\/1075\/revisions"}],"predecessor-version":[{"id":7161,"href":"https:\/\/www.lafontdencarros.es\/va\/wp-json\/wp\/v2\/pages\/1075\/revisions\/7161"}],"up":[{"embeddable":true,"href":"https:\/\/www.lafontdencarros.es\/va\/wp-json\/wp\/v2\/pages\/2063"}],"wp:featuredmedia":[{"embeddable":true,"href":"https:\/\/www.lafontdencarros.es\/va\/wp-json\/wp\/v2\/media\/1079"}],"wp:attachment":[{"href":"https:\/\/www.lafontdencarros.es\/va\/wp-json\/wp\/v2\/media?parent=1075"}],"curies":[{"name":"wp","href":"https:\/\/api.w.org\/{rel}","templated":true}]}}