{"id":1068,"date":"2025-07-24T12:51:20","date_gmt":"2025-07-24T10:51:20","guid":{"rendered":"https:\/\/www.lafontdencarros.es\/?page_id=1068"},"modified":"2026-03-23T10:30:12","modified_gmt":"2026-03-23T09:30:12","slug":"gimnas","status":"publish","type":"page","link":"https:\/\/www.lafontdencarros.es\/va\/dependencies-municipals\/instal%c2%b7lacions-esportives\/gimnas\/","title":{"rendered":"Gimn\u00e0s"},"content":{"rendered":"\n<h2 class=\"wp-block-heading\">Horari del gimn\u00e0s<\/h2>\n\n\n\n<p>Dilluns a divendres de <strong>09.00h a 22.00h<\/strong><\/p>\n\n\n\n<h2 class=\"wp-block-heading\">Instal\u00b7lacions del gimn\u00e0s municipal<\/h2>\n\n\n\n<p>Situat al C\/Sant Isidre, el gimn\u00e0s municipal compta a dues sales per a l\u2019exercici f\u00edsic. Per una banda, la sala de musculaci\u00f3 amb m\u00e0quines renovades per a l\u2019exercici. Per altra banda, la sala lliure per a fer entrenaments col\u00b7lectius. En esta \u00faltima sala, es creen diferents activitats durant la setmana per a complementar la sala de musculaci\u00f3.\u00a0<\/p>\n\n\n\n<p>A m\u00e9s, disposa de dos vestuaris per a homes i altra per a dones amb servei de taquilla per a deixar les pertin\u00e8ncies dels i les usuaris.\u00a0<\/p>\n\n\n\n<h2 class=\"wp-block-heading\">Per a mes informaci\u00f3<\/h2>\n\n\n\n<p>Tota la informaci\u00f3 de les classes i horaris els podreu trobar a l\u2019horari d\u2019oficina del gimn\u00e0s municipal:<strong> Dilluns i Dimecres (10h a 13h), Dimarts i Dijous (15h a 18h) i Divendres (10h a 12h).\u00a0<\/strong><\/p>\n","protected":false},"excerpt":{"rendered":"<p>Horari del gimn\u00e0s Dilluns a divendres de 09.00h a 22.00h Instal\u00b7lacions del gimn\u00e0s municipal Situat al C\/Sant Isidre, el gimn\u00e0s municipal compta a dues sales per a l\u2019exercici f\u00edsic. Per una banda, la sala de musculaci\u00f3 amb m\u00e0quines renovades per a l\u2019exercici. Per altra banda, la sala lliure per a fer entrenaments col\u00b7lectius. En esta [&hellip;]<\/p>\n","protected":false},"author":1,"featured_media":1071,"parent":2063,"menu_order":0,"comment_status":"closed","ping_status":"closed","template":"plantilla-google-maps","meta":{"_acf_changed":false,"_uag_custom_page_level_css":"","footnotes":""},"class_list":["post-1068","page","type-page","status-publish","has-post-thumbnail","hentry"],"acf":[],"spectra_custom_meta":{"_edit_lock":["1774258226:1"],"rank_math_internal_links_processed":["1"],"_wpml_word_count":["134"],"rank_math_seo_score":["6"],"_wpml_location_migration_done":["1"],"_uag_custom_page_level_css":[""],"footnotes":[""],"_edit_last":["1"],"_wpml_media_duplicate":["1"],"_wpml_media_featured":["1"],"_thumbnail_id":["1071"],"_wp_page_template":["plantilla-google-maps"],"gmaps_subtitulo_debajo_imagen_destacada":[""],"_gmaps_subtitulo_debajo_imagen_destacada":["field_6881e23804d41"],"gmaps_google_maps":["a:14:{s:7:\"address\";s:52:\"Carrer Sant Isidro, 4, La Font d'en Carr\u00f2s, Espanya\";s:3:\"lat\";d:38.9161700000000081445250543765723705291748046875;s:3:\"lng\";d:-0.1729199999999999903810277146476437337696552276611328125;s:4:\"zoom\";i:16;s:8:\"place_id\";s:27:\"ChIJFd-m2MXoYQ0RVJYnyg7yWe4\";s:4:\"name\";s:21:\"Carrer Sant Isidro, 4\";s:13:\"street_number\";s:1:\"4\";s:11:\"street_name\";s:18:\"Carrer Sant Isidro\";s:4:\"city\";s:20:\"La Font d'en Carr\u00f2s\";s:5:\"state\";s:20:\"Comunidad Valenciana\";s:11:\"state_short\";s:2:\"VC\";s:9:\"post_code\";s:5:\"46717\";s:7:\"country\";s:7:\"Espanya\";s:13:\"country_short\";s:2:\"ES\";}"],"_gmaps_google_maps":["field_6881e0c104d40"],"gmaps_direccion":["C\/ de St. Isidre, 4, La Font d\u2019en Carr\u00f2s"],"_gmaps_direccion":["field_6881e34104d42"],"gmaps_telefono":["606 834 300"],"_gmaps_telefono":["field_6881e36104d43"],"gmaps_instagram_titulo":[""],"_gmaps_instagram_titulo":["field_68820dfc9faf5"],"mec_location_id":["0"],"mec_additional_location_ids":["a:0:{}"],"mec_organizer_id":["0"],"mec_additional_organizer_ids":["a:0:{}"],"gmaps_informacion":[""],"_gmaps_informacion":["field_68872133566b7"],"gmaps_matricula":[""],"_gmaps_matricula":["field_68872147566b8"],"gmaps_periodo":[""],"_gmaps_periodo":["field_68872153566b9"],"gmaps_titulo_pdf_1":[""],"_gmaps_titulo_pdf_1":["field_688735bf22d15"],"gmaps_subtitulo_pdf_1":[""],"_gmaps_subtitulo_pdf_1":["field_688735fb22d1a"],"gmaps_titulo_pdf_2":[""],"_gmaps_titulo_pdf_2":["field_688735e822d16"],"gmaps_subtitulo_pdf_2":[""],"_gmaps_subtitulo_pdf_2":["field_6887361322d1b"],"gmaps_titulo_pdf_3":[""],"_gmaps_titulo_pdf_3":["field_688735ed22d17"],"gmaps_subtitulo_pdf_3":[""],"_gmaps_subtitulo_pdf_3":["field_6887361822d1c"],"gmaps_titulo_pdf_4":[""],"_gmaps_titulo_pdf_4":["field_688735f022d18"],"gmaps_subtitulo_pdf_4":[""],"_gmaps_subtitulo_pdf_4":["field_6887361d22d1d"],"gmaps_titulo_pdf_5":[""],"_gmaps_titulo_pdf_5":["field_688735f522d19"],"gmaps_subtitulo_pdf_5":[""],"_gmaps_subtitulo_pdf_5":["field_6887362222d1e"]},"uagb_featured_image_src":{"full":["https:\/\/www.lafontdencarros.es\/wp-content\/uploads\/2025\/07\/gimnas-lafont.webp",872,398,false],"thumbnail":["https:\/\/www.lafontdencarros.es\/wp-content\/uploads\/2025\/07\/gimnas-lafont-150x150.webp",150,150,true],"medium":["https:\/\/www.lafontdencarros.es\/wp-content\/uploads\/2025\/07\/gimnas-lafont-300x137.webp",300,137,true],"medium_large":["https:\/\/www.lafontdencarros.es\/wp-content\/uploads\/2025\/07\/gimnas-lafont-768x351.webp",768,351,true],"large":["https:\/\/www.lafontdencarros.es\/wp-content\/uploads\/2025\/07\/gimnas-lafont.webp",872,398,false],"thumblist":["https:\/\/www.lafontdencarros.es\/wp-content\/uploads\/2025\/07\/gimnas-lafont-300x300.webp",300,300,true],"thumbrelated":["https:\/\/www.lafontdencarros.es\/wp-content\/uploads\/2025\/07\/gimnas-lafont-500x398.webp",500,398,true],"meccarouselthumb":["https:\/\/www.lafontdencarros.es\/wp-content\/uploads\/2025\/07\/gimnas-lafont-474x324.webp",474,324,true],"gridsquare":["https:\/\/www.lafontdencarros.es\/wp-content\/uploads\/2025\/07\/gimnas-lafont-391x260.webp",391,260,true],"tileview":["https:\/\/www.lafontdencarros.es\/wp-content\/uploads\/2025\/07\/gimnas-lafont-300x398.webp",300,398,true],"1536x1536":["https:\/\/www.lafontdencarros.es\/wp-content\/uploads\/2025\/07\/gimnas-lafont.webp",872,398,false],"2048x2048":["https:\/\/www.lafontdencarros.es\/wp-content\/uploads\/2025\/07\/gimnas-lafont.webp",872,398,false]},"uagb_author_info":{"display_name":"redaccion","author_link":"https:\/\/www.lafontdencarros.es\/va\/author\/redaccion\/"},"uagb_comment_info":0,"uagb_excerpt":"Horari del gimn\u00e0s Dilluns a divendres de 09.00h a 22.00h Instal\u00b7lacions del gimn\u00e0s municipal Situat al C\/Sant Isidre, el gimn\u00e0s municipal compta a dues sales per a l\u2019exercici f\u00edsic. Per una banda, la sala de musculaci\u00f3 amb m\u00e0quines renovades per a l\u2019exercici. Per altra banda, la sala lliure per a fer entrenaments col\u00b7lectius. En esta&hellip;","_links":{"self":[{"href":"https:\/\/www.lafontdencarros.es\/va\/wp-json\/wp\/v2\/pages\/1068","targetHints":{"allow":["GET"]}}],"collection":[{"href":"https:\/\/www.lafontdencarros.es\/va\/wp-json\/wp\/v2\/pages"}],"about":[{"href":"https:\/\/www.lafontdencarros.es\/va\/wp-json\/wp\/v2\/types\/page"}],"author":[{"embeddable":true,"href":"https:\/\/www.lafontdencarros.es\/va\/wp-json\/wp\/v2\/users\/1"}],"replies":[{"embeddable":true,"href":"https:\/\/www.lafontdencarros.es\/va\/wp-json\/wp\/v2\/comments?post=1068"}],"version-history":[{"count":1,"href":"https:\/\/www.lafontdencarros.es\/va\/wp-json\/wp\/v2\/pages\/1068\/revisions"}],"predecessor-version":[{"id":7162,"href":"https:\/\/www.lafontdencarros.es\/va\/wp-json\/wp\/v2\/pages\/1068\/revisions\/7162"}],"up":[{"embeddable":true,"href":"https:\/\/www.lafontdencarros.es\/va\/wp-json\/wp\/v2\/pages\/2063"}],"wp:featuredmedia":[{"embeddable":true,"href":"https:\/\/www.lafontdencarros.es\/va\/wp-json\/wp\/v2\/media\/1071"}],"wp:attachment":[{"href":"https:\/\/www.lafontdencarros.es\/va\/wp-json\/wp\/v2\/media?parent=1068"}],"curies":[{"name":"wp","href":"https:\/\/api.w.org\/{rel}","templated":true}]}}