{"id":1023,"date":"2025-07-24T11:27:41","date_gmt":"2025-07-24T09:27:41","guid":{"rendered":"https:\/\/www.lafontdencarros.es\/?page_id=1023"},"modified":"2026-03-23T10:19:51","modified_gmt":"2026-03-23T09:19:51","slug":"biblioteca","status":"publish","type":"page","link":"https:\/\/www.lafontdencarros.es\/va\/dependencies-municipals\/cultura\/biblioteca\/","title":{"rendered":"Biblioteca"},"content":{"rendered":"\n<h3 class=\"wp-block-heading internalLink\">Qu\u00e8 \u00e9s l\u2019Ag\u00e8ncia de Lectura?<\/h3>\n\n\n\n<p>L\u2019Ag\u00e8ncia de Lectura Francesc Ferrer Pastor \u00e9s una entitat municipal que gestiona el servei gratu\u00eft de pr\u00e9stec i lectura de llibres.&nbsp;<br>Forma part de la Xarxa de Lectura P\u00fablica Valenciana (XLPV) que integra les biblioteques municipals de la Comunitat Valenciana i les biblioteques p\u00fabliques de la Generalitat Valenciana dins del mateix sistema de gesti\u00f3 bibliotec\u00e0ria..<\/p>\n\n\n\n<h3 class=\"wp-block-heading internalLink\">Quin horari tenim?<\/h3>\n\n\n\n<p><strong>Dilluns a dijous: <\/strong>de 16h a 21h<br><strong>Divendres:<\/strong> de 16h a 20.30h<br><strong>Horaris especials (Nadal, Pasqua, estiu):<\/strong>&nbsp;&nbsp;de dilluns a divendres, de 9h a 13.30h (nom\u00e9s matins).<br><strong>Horari especial ex\u00e0mens: <\/strong>consultar en la biblioteca.<br>Mes <strong>d\u2019agost tancat.<\/strong><\/p>\n\n\n\n<h3 class=\"wp-block-heading internalLink\">El carnet de la biblioteca<\/h3>\n\n\n\n<p>El carnet de l\u2019Ag\u00e8ncia de Lectura de la Font d\u2019en Carr\u00f2s \u00e9s gratu\u00eft, personal i intransferible. \u00c9s v\u00e0lid per a totes les biblioteques valencianes que formen part de la XLPV.<\/p>\n\n\n\n<p>\u00c9s imprescindible el carnet de Biblioteca de la XLPV per a realitzar el pr\u00e9stec a domicili i utilitzar eBiblio.<\/p>\n\n\n\n<h3 class=\"wp-block-heading internalLink\">WIFI gratu\u00eft per a ordinadors port\u00e0tils<\/h3>\n\n\n\n<p>Taules amb connexi\u00f3 a xarxa el\u00e8ctrica per a aparells electr\u00f2nics.<\/p>\n\n\n\n<h3 class=\"wp-block-heading internalLink\">Servei de pr\u00e9stec de llibres<\/h3>\n\n\n\n<p>El servici de pr\u00e9stec de llibres t\u00e9 una duraci\u00f3 de 15 dies naturals renovables si el document no est\u00e0 sol\u00b7licitat per un altre usuari.<\/p>\n\n\n\n<h3 class=\"wp-block-heading internalLink\">Servei d\u2019informaci\u00f3 bibliogr\u00e0fica i general<\/h3>\n\n\n\n<p>\u00c9s un servei d\u2019atenci\u00f3 a l\u2019usuari\/a destinat a proporcionar la informaci\u00f3, formaci\u00f3 i ajuda necess\u00e0ria per a facilitar l&#8217;\u00fas dels fons i serveis de la Biblioteca.<\/p>\n\n\n\n<h3 class=\"wp-block-heading\">Servei de consulta en sala de llibres<\/h3>\n\n\n\n<p>La consulta en sala \u00e9s lliure i gratu\u00efta. Aquest servei permet a l&#8217;usuari accedir a la consulta directa del fons en les instal\u00b7lacions de la biblioteca en l&#8217;horari establert.<\/p>\n\n\n\n<h2 class=\"wp-block-heading text--no-bg internalLink\">Espais a la biblioteca<\/h2>\n\n\n\n<h3 class=\"wp-block-heading\">Sala de lectura<\/h3>\n\n\n\n<p>Hi trobar\u00e0s una sala de lectura i consulta on pots estudiar amb total tranquil\u00b7litat o b\u00e9 llegir un llibre sense cap mol\u00e8stia.<\/p>\n\n\n\n<h3 class=\"wp-block-heading\">Sala infantil<\/h3>\n\n\n\n<p>Tenim una sala infantil destinada, \u00fanicament, als xiquets i xiquetes menors d\u2019onze anys i les persones adultes acompanyants. Hi trobar\u00e0s tota mena de llibres per a xiquets i xiquetes entre 0 i 11 anys.<\/p>\n\n\n\n<h3 class=\"wp-block-heading\">La Bebeteca<\/h3>\n\n\n\n<p>\u00c9s l\u2019espai pensat per a infants de 0 a 5 anys. \u00c9s una secci\u00f3, dins de la biblioteca infantil, on podr\u00e0s trobar diversos materials (llibres, jocs) perqu\u00e8 el teu beb\u00e8 disfrute.<\/p>\n\n\n\n<p>Hi pots trobar llibres en diferents suports (en tela, pl\u00e0stic, cart\u00f3 dur&#8230;), amb formes i mesures variades (troquelats, desplegables, grans, menuts&#8230;). Llibres resistents per a dur-los al bany, al llit o jugar amb ells. Llibres per a con\u00e9ixer animals o les coses de cada dia, per a aprendre i per a disfrutar amb ells. Quasi no tenen text i all\u00f2 que predomina s\u00f3n els colors, les il\u00b7lustracions i les formes.<\/p>\n\n\n\n<p>La Bebeteca s\u2019ent\u00e9n com un servei m\u00e9s de la biblioteca dedicat als infants m\u00e9s petits per als quals la lectura consisteix a mirar i escoltar el que expliquen els adults acompanyants.<\/p>\n\n\n\n<h3 class=\"wp-block-heading\">Espai adolescents<\/h3>\n\n\n\n<p>A la sala gran de la biblioteca trobar\u00e0s un espai dedicat a p\u00fablic juvenil (de 12 a 16 anys).<\/p>\n\n\n\n<h3 class=\"wp-block-heading text--no-bg internalLink\">Activitats de foment lector<\/h3>\n\n\n\n<p class=\"text--no-bg\">La biblioteca de la Font d\u2019en Carr\u00f2s realitza durant tot l\u2019any diverses activitats de foment lector: contacontes. tallers de foment d\u2019h\u00e0bit lector, club de lectura, presentacions de llibres, formaci\u00f3 d\u2019usuaris, etc.<\/p>\n\n\n\n<h3 class=\"wp-block-heading\">Formaci\u00f3 d\u2019usuaris:<\/h3>\n\n\n\n<p>Inclou visites pr\u00e8viament concertades amb col\u00b7leges i altres col\u00b7lectius per tal d\u2019aconseguir una utilitzaci\u00f3 m\u00e9s efica\u00e7 dels recursos i serveis que la biblioteca ofereix.<\/p>\n\n\n\n<h3 class=\"wp-block-heading\">Club de lectura:<\/h3>\n\n\n\n<p>El club de lectura \u00e9s una activitat consistent en que un grup de persones lligen un \u00fanic llibre, proposat pel propi club de lectura, en un temps determinat per tal de fer encontres per a comentar la lectura d\u2019eixe llibre i compartir les nostres experi\u00e8ncies. Ens reunim en la biblioteca en sessions bimensuals d\u2019una durada aproximada d\u2019una hora i mitja, aproximadament l\u2019\u00faltim dissabte de gener, mar\u00e7, maig, setembre i novembre.<\/p>\n\n\n\n<p>\u00c9s una activitat oberta que combina el plaer de la lectura i el de la conversa al voltant d\u2019un llibre.<\/p>\n\n\n\n<p class=\"text--no-bg\">Trobar\u00e0s informaci\u00f3 actualitzada de totes les activitats al facebook Ag\u00e8ncia de lectura municipal Francesc Ferre Pastor.<\/p>\n","protected":false},"excerpt":{"rendered":"<p>Qu\u00e8 \u00e9s l\u2019Ag\u00e8ncia de Lectura? L\u2019Ag\u00e8ncia de Lectura Francesc Ferrer Pastor \u00e9s una entitat municipal que gestiona el servei gratu\u00eft de pr\u00e9stec i lectura de llibres.&nbsp;Forma part de la Xarxa de Lectura P\u00fablica Valenciana (XLPV) que integra les biblioteques municipals de la Comunitat Valenciana i les biblioteques p\u00fabliques de la Generalitat Valenciana dins del mateix [&hellip;]<\/p>\n","protected":false},"author":1,"featured_media":1024,"parent":2060,"menu_order":0,"comment_status":"closed","ping_status":"closed","template":"plantilla-google-maps","meta":{"_acf_changed":false,"_uag_custom_page_level_css":"","footnotes":""},"class_list":["post-1023","page","type-page","status-publish","has-post-thumbnail","hentry"],"acf":[],"spectra_custom_meta":{"_edit_lock":["1774257597:1"],"rank_math_internal_links_processed":["1"],"_wpml_word_count":["700"],"rank_math_seo_score":["8"],"_thumbnail_id":["1024"],"_wp_page_template":["plantilla-google-maps"],"_uag_custom_page_level_css":[""],"footnotes":[""],"_edit_last":["1"],"gmaps_subtitulo_debajo_imagen_destacada":["Ag\u00e8ncia de Lectura Municipal Francesc Ferrer Pastor"],"_gmaps_subtitulo_debajo_imagen_destacada":["field_6881e23804d41"],"gmaps_google_maps":["a:14:{s:7:\"address\";s:69:\"EDIFICI POLIVALENT, Carrer Sant Isidro, La Font d'en Carr\u00f2s, Espanya\";s:3:\"lat\";d:38.91619270000000341269696946255862712860107421875;s:3:\"lng\";d:-0.172823200000000010145839723918470554053783416748046875;s:4:\"zoom\";i:16;s:8:\"place_id\";s:27:\"ChIJGw1qdsboYQ0RFiUdWfAoupk\";s:4:\"name\";s:18:\"EDIFICI POLIVALENT\";s:13:\"street_number\";s:1:\"3\";s:11:\"street_name\";s:18:\"Carrer Sant Isidro\";s:4:\"city\";s:20:\"La Font d'en Carr\u00f2s\";s:5:\"state\";s:20:\"Comunidad Valenciana\";s:11:\"state_short\";s:2:\"VC\";s:9:\"post_code\";s:5:\"46717\";s:7:\"country\";s:7:\"Espanya\";s:13:\"country_short\";s:2:\"ES\";}"],"_gmaps_google_maps":["field_6881e0c104d40"],"gmaps_direccion":["C\/ Sant Isidre, 5 (Edifici Polivalent, pl. primera) La Font d\u2019en Carr\u00f2s"],"_gmaps_direccion":["field_6881e34104d42"],"gmaps_telefono":["96 283 38 95"],"_gmaps_telefono":["field_6881e36104d43"],"gmaps_email":["arxiu@lafontdencarros.es"],"_gmaps_email":["field_6881e36b04d44"],"_wpml_media_duplicate":["1"],"_wpml_media_featured":["1"],"_wpml_location_migration_done":["1"],"mec_location_id":["0"],"mec_additional_location_ids":["a:0:{}"],"mec_organizer_id":["0"],"mec_additional_organizer_ids":["a:0:{}"],"gmaps_informacion":[""],"_gmaps_informacion":["field_68872133566b7"],"gmaps_matricula":[""],"_gmaps_matricula":["field_68872147566b8"],"gmaps_periodo":[""],"_gmaps_periodo":["field_68872153566b9"],"gmaps_instagram_titulo":[""],"_gmaps_instagram_titulo":["field_68820dfc9faf5"],"gmaps_titulo_pdf_1":[""],"_gmaps_titulo_pdf_1":["field_688735bf22d15"],"gmaps_subtitulo_pdf_1":[""],"_gmaps_subtitulo_pdf_1":["field_688735fb22d1a"],"gmaps_titulo_pdf_2":[""],"_gmaps_titulo_pdf_2":["field_688735e822d16"],"gmaps_subtitulo_pdf_2":[""],"_gmaps_subtitulo_pdf_2":["field_6887361322d1b"],"gmaps_titulo_pdf_3":[""],"_gmaps_titulo_pdf_3":["field_688735ed22d17"],"gmaps_subtitulo_pdf_3":[""],"_gmaps_subtitulo_pdf_3":["field_6887361822d1c"],"gmaps_titulo_pdf_4":[""],"_gmaps_titulo_pdf_4":["field_688735f022d18"],"gmaps_subtitulo_pdf_4":[""],"_gmaps_subtitulo_pdf_4":["field_6887361d22d1d"],"gmaps_titulo_pdf_5":[""],"_gmaps_titulo_pdf_5":["field_688735f522d19"],"gmaps_subtitulo_pdf_5":[""],"_gmaps_subtitulo_pdf_5":["field_6887362222d1e"]},"uagb_featured_image_src":{"full":["https:\/\/www.lafontdencarros.es\/wp-content\/uploads\/2025\/07\/biblioteca-lafont.webp",872,398,false],"thumbnail":["https:\/\/www.lafontdencarros.es\/wp-content\/uploads\/2025\/07\/biblioteca-lafont-150x150.webp",150,150,true],"medium":["https:\/\/www.lafontdencarros.es\/wp-content\/uploads\/2025\/07\/biblioteca-lafont-300x137.webp",300,137,true],"medium_large":["https:\/\/www.lafontdencarros.es\/wp-content\/uploads\/2025\/07\/biblioteca-lafont-768x351.webp",768,351,true],"large":["https:\/\/www.lafontdencarros.es\/wp-content\/uploads\/2025\/07\/biblioteca-lafont.webp",872,398,false],"thumblist":["https:\/\/www.lafontdencarros.es\/wp-content\/uploads\/2025\/07\/biblioteca-lafont-300x300.webp",300,300,true],"thumbrelated":["https:\/\/www.lafontdencarros.es\/wp-content\/uploads\/2025\/07\/biblioteca-lafont-500x398.webp",500,398,true],"meccarouselthumb":["https:\/\/www.lafontdencarros.es\/wp-content\/uploads\/2025\/07\/biblioteca-lafont-474x324.webp",474,324,true],"gridsquare":["https:\/\/www.lafontdencarros.es\/wp-content\/uploads\/2025\/07\/biblioteca-lafont-391x260.webp",391,260,true],"tileview":["https:\/\/www.lafontdencarros.es\/wp-content\/uploads\/2025\/07\/biblioteca-lafont-300x398.webp",300,398,true],"1536x1536":["https:\/\/www.lafontdencarros.es\/wp-content\/uploads\/2025\/07\/biblioteca-lafont.webp",872,398,false],"2048x2048":["https:\/\/www.lafontdencarros.es\/wp-content\/uploads\/2025\/07\/biblioteca-lafont.webp",872,398,false]},"uagb_author_info":{"display_name":"redaccion","author_link":"https:\/\/www.lafontdencarros.es\/va\/author\/redaccion\/"},"uagb_comment_info":0,"uagb_excerpt":"Qu\u00e8 \u00e9s l\u2019Ag\u00e8ncia de Lectura? L\u2019Ag\u00e8ncia de Lectura Francesc Ferrer Pastor \u00e9s una entitat municipal que gestiona el servei gratu\u00eft de pr\u00e9stec i lectura de llibres.&nbsp;Forma part de la Xarxa de Lectura P\u00fablica Valenciana (XLPV) que integra les biblioteques municipals de la Comunitat Valenciana i les biblioteques p\u00fabliques de la Generalitat Valenciana dins del mateix&hellip;","_links":{"self":[{"href":"https:\/\/www.lafontdencarros.es\/va\/wp-json\/wp\/v2\/pages\/1023","targetHints":{"allow":["GET"]}}],"collection":[{"href":"https:\/\/www.lafontdencarros.es\/va\/wp-json\/wp\/v2\/pages"}],"about":[{"href":"https:\/\/www.lafontdencarros.es\/va\/wp-json\/wp\/v2\/types\/page"}],"author":[{"embeddable":true,"href":"https:\/\/www.lafontdencarros.es\/va\/wp-json\/wp\/v2\/users\/1"}],"replies":[{"embeddable":true,"href":"https:\/\/www.lafontdencarros.es\/va\/wp-json\/wp\/v2\/comments?post=1023"}],"version-history":[{"count":1,"href":"https:\/\/www.lafontdencarros.es\/va\/wp-json\/wp\/v2\/pages\/1023\/revisions"}],"predecessor-version":[{"id":7155,"href":"https:\/\/www.lafontdencarros.es\/va\/wp-json\/wp\/v2\/pages\/1023\/revisions\/7155"}],"up":[{"embeddable":true,"href":"https:\/\/www.lafontdencarros.es\/va\/wp-json\/wp\/v2\/pages\/2060"}],"wp:featuredmedia":[{"embeddable":true,"href":"https:\/\/www.lafontdencarros.es\/va\/wp-json\/wp\/v2\/media\/1024"}],"wp:attachment":[{"href":"https:\/\/www.lafontdencarros.es\/va\/wp-json\/wp\/v2\/media?parent=1023"}],"curies":[{"name":"wp","href":"https:\/\/api.w.org\/{rel}","templated":true}]}}