{"id":4786,"date":"2025-07-29T09:16:17","date_gmt":"2025-07-29T07:16:17","guid":{"rendered":"https:\/\/www.lafontdencarros.es\/servicis-socials\/treballadora-social\/"},"modified":"2025-11-03T11:35:16","modified_gmt":"2025-11-03T10:35:16","slug":"treballadora-social","status":"publish","type":"page","link":"https:\/\/www.lafontdencarros.es\/es\/servicis-socials\/treballadora-social\/","title":{"rendered":"Trabajadora social"},"content":{"rendered":"\n<h3 class=\"wp-block-heading\">Los servicios sociales generales quedar\u00e1n integrados por los siguientes servicios y programas:<\/h3>\n\n\n\n<ul class=\"wp-block-list mt-0\">\n<li>Servicio de Informaci\u00f3n, Orientaci\u00f3n y Asesoramiento T\u00e9cnico.<\/li>\n\n\n\n<li>Servicio de Ayuda a Domicilio.<\/li>\n\n\n\n<li>Programas de Cooperaci\u00f3n Social.<\/li>\n\n\n\n<li>Programas de Convivencia y Reinserci\u00f3n Social.<\/li>\n\n\n\n<li>Programas de Ocio y Tiempo Libre.<\/li>\n\n\n\n<li>Programas que tendr\u00e1n por objetivo la atenci\u00f3n de las necesidades m\u00e1s b\u00e1sicas.<\/li>\n\n\n\n<li>Programas de Prevenci\u00f3n y Reinserci\u00f3n.<\/li>\n<\/ul>\n\n\n\n<h3 class=\"wp-block-heading\">Desde los servicios sociales municipales, tambi\u00e9n se tramitan las siguientes ayudas y prestaciones:<\/h3>\n\n\n\n<ul class=\"wp-block-list mt-0\">\n<li>Tele asistencia<\/li>\n\n\n\n<li>Ayudas a personas en situaci\u00f3n de dependencia<\/li>\n\n\n\n<li>Programa \u201cComida en casa\u201d<\/li>\n\n\n\n<li>Renta m\u00ednima de ciudadan\u00eda<\/li>\n\n\n\n<li>Ingreso en centro y\/o residencia<\/li>\n\n\n\n<li>Etc.<\/li>\n<\/ul>\n","protected":false},"excerpt":{"rendered":"<p>Los servicios sociales generales quedar\u00e1n integrados por los siguientes servicios y programas: Desde los servicios sociales municipales, tambi\u00e9n se tramitan las siguientes ayudas y prestaciones:<\/p>\n","protected":false},"author":1,"featured_media":0,"parent":4767,"menu_order":0,"comment_status":"closed","ping_status":"closed","template":"plantilla-google-maps","meta":{"_acf_changed":false,"_uag_custom_page_level_css":"","footnotes":""},"class_list":["post-4786","page","type-page","status-publish","hentry"],"acf":[],"spectra_custom_meta":{"_wp_page_template":["plantilla-google-maps"],"rank_math_internal_links_processed":["1"],"_wpml_word_count":["123"],"rank_math_seo_score":["9"],"_wpml_location_migration_done":["1"],"_uag_custom_page_level_css":[""],"footnotes":[""],"gmaps_subtitulo_debajo_imagen_destacada":[""],"_gmaps_subtitulo_debajo_imagen_destacada":["field_6881e23804d41"],"gmaps_google_maps":[""],"_gmaps_google_maps":["field_6881e0c104d40"],"gmaps_direccion":["Pla\u00e7a del Ajuntament, 17, (pl. segona de l\u2019ajuntament)  La Font d'en Carr\u00f2s"],"_gmaps_direccion":["field_6881e34104d42"],"gmaps_telefono":["Es necesario solicitar cita previa en el tel. 664 426 955"],"_gmaps_telefono":["field_6881e36104d43"],"gmaps_informacion":[""],"_gmaps_informacion":["field_68872133566b7"],"gmaps_matricula":[""],"_gmaps_matricula":["field_68872147566b8"],"gmaps_periodo":[""],"_gmaps_periodo":["field_68872153566b9"],"gmaps_instagram_titulo":[""],"_gmaps_instagram_titulo":["field_68820dfc9faf5"],"gmaps_titulo_pdf_1":[""],"_gmaps_titulo_pdf_1":["field_688735bf22d15"],"gmaps_subtitulo_pdf_1":[""],"_gmaps_subtitulo_pdf_1":["field_688735fb22d1a"],"gmaps_titulo_pdf_2":[""],"_gmaps_titulo_pdf_2":["field_688735e822d16"],"gmaps_subtitulo_pdf_2":[""],"_gmaps_subtitulo_pdf_2":["field_6887361322d1b"],"gmaps_titulo_pdf_3":[""],"_gmaps_titulo_pdf_3":["field_688735ed22d17"],"gmaps_subtitulo_pdf_3":[""],"_gmaps_subtitulo_pdf_3":["field_6887361822d1c"],"gmaps_titulo_pdf_4":[""],"_gmaps_titulo_pdf_4":["field_688735f022d18"],"gmaps_subtitulo_pdf_4":[""],"_gmaps_subtitulo_pdf_4":["field_6887361d22d1d"],"gmaps_titulo_pdf_5":[""],"_gmaps_titulo_pdf_5":["field_688735f522d19"],"gmaps_subtitulo_pdf_5":[""],"_gmaps_subtitulo_pdf_5":["field_6887362222d1e"],"_wpml_media_duplicate":["1"],"_wpml_media_featured":["1"],"mec_location_id":["0"],"mec_additional_location_ids":["a:0:{}"],"mec_organizer_id":["0"],"mec_additional_organizer_ids":["a:0:{}"],"_edit_lock":["1762166118:1"],"_last_translation_edit_mode":["native-editor"],"_edit_last":["1"]},"uagb_featured_image_src":{"full":false,"thumbnail":false,"medium":false,"medium_large":false,"large":false,"thumblist":false,"thumbrelated":false,"meccarouselthumb":false,"gridsquare":false,"tileview":false,"1536x1536":false,"2048x2048":false},"uagb_author_info":{"display_name":"redaccion","author_link":"https:\/\/www.lafontdencarros.es\/es\/author\/redaccion\/"},"uagb_comment_info":0,"uagb_excerpt":"Los servicios sociales generales quedar\u00e1n integrados por los siguientes servicios y programas: Desde los servicios sociales municipales, tambi\u00e9n se tramitan las siguientes ayudas y prestaciones:","_links":{"self":[{"href":"https:\/\/www.lafontdencarros.es\/es\/wp-json\/wp\/v2\/pages\/4786","targetHints":{"allow":["GET"]}}],"collection":[{"href":"https:\/\/www.lafontdencarros.es\/es\/wp-json\/wp\/v2\/pages"}],"about":[{"href":"https:\/\/www.lafontdencarros.es\/es\/wp-json\/wp\/v2\/types\/page"}],"author":[{"embeddable":true,"href":"https:\/\/www.lafontdencarros.es\/es\/wp-json\/wp\/v2\/users\/1"}],"replies":[{"embeddable":true,"href":"https:\/\/www.lafontdencarros.es\/es\/wp-json\/wp\/v2\/comments?post=4786"}],"version-history":[{"count":0,"href":"https:\/\/www.lafontdencarros.es\/es\/wp-json\/wp\/v2\/pages\/4786\/revisions"}],"up":[{"embeddable":true,"href":"https:\/\/www.lafontdencarros.es\/es\/wp-json\/wp\/v2\/pages\/4767"}],"wp:attachment":[{"href":"https:\/\/www.lafontdencarros.es\/es\/wp-json\/wp\/v2\/media?parent=4786"}],"curies":[{"name":"wp","href":"https:\/\/api.w.org\/{rel}","templated":true}]}}