{"id":4781,"date":"2025-07-29T09:22:29","date_gmt":"2025-07-29T07:22:29","guid":{"rendered":"https:\/\/www.lafontdencarros.es\/servicis-socials\/servei-orientacio-psicologica\/"},"modified":"2025-11-03T11:29:43","modified_gmt":"2025-11-03T10:29:43","slug":"servei-orientacio-psicologica","status":"publish","type":"page","link":"https:\/\/www.lafontdencarros.es\/es\/servicis-socials\/servei-orientacio-psicologica\/","title":{"rendered":"Servicio de orientaci\u00f3n psicol\u00f3gica"},"content":{"rendered":"\n<h3 class=\"wp-block-heading\">\u00bfQu\u00e9 es y cu\u00e1les son sus funciones?<\/h3>\n\n\n\n<p>Es un recurso municipal de informaci\u00f3n y asesoramiento dirigido a los vecinos de la Font d&#8217;en Carr\u00f2s, especialmente a la poblaci\u00f3n infantil y juvenil. Las actuaciones se realizan atendiendo a las necesidades tanto individuales como colectivas.<\/p>\n\n\n\n<p>Los servicios que ofrece este departamento, entre otros, son en general los siguientes:<\/p>\n\n\n\n<ul class=\"wp-block-list\">\n<li>Informaci\u00f3n de recursos y servicios.<\/li>\n\n\n\n<li>Orientaci\u00f3n escolar, vocacional y profesional; asesoramiento de j\u00f3venes en temas de estudio y trabajo.<\/li>\n\n\n\n<li>Asesoramiento individual y\/o familias sobre resoluci\u00f3n de conflictos, relaciones de pareja, problem\u00e1tica infantil\/juvenil, pautas de educaci\u00f3n de los hijos, etc.<\/li>\n<\/ul>\n\n\n\n<p>Asesoramiento en prevenci\u00f3n de la drogadicci\u00f3n, etc.<\/p>\n","protected":false},"excerpt":{"rendered":"<p>\u00bfQu\u00e9 es y cu\u00e1les son sus funciones? Es un recurso municipal de informaci\u00f3n y asesoramiento dirigido a los vecinos de la Font d&#8217;en Carr\u00f2s, especialmente a la poblaci\u00f3n infantil y juvenil. Las actuaciones se realizan atendiendo a las necesidades tanto individuales como colectivas. Los servicios que ofrece este departamento, entre otros, son en general los [&hellip;]<\/p>\n","protected":false},"author":1,"featured_media":0,"parent":4767,"menu_order":0,"comment_status":"closed","ping_status":"closed","template":"plantilla-google-maps","meta":{"_acf_changed":false,"_uag_custom_page_level_css":"","footnotes":""},"class_list":["post-4781","page","type-page","status-publish","hentry"],"acf":[],"spectra_custom_meta":{"_wp_page_template":["plantilla-google-maps"],"rank_math_internal_links_processed":["1"],"_wpml_word_count":["134"],"rank_math_seo_score":["5"],"_wpml_location_migration_done":["1"],"_uag_custom_page_level_css":[""],"footnotes":[""],"gmaps_subtitulo_debajo_imagen_destacada":[""],"_gmaps_subtitulo_debajo_imagen_destacada":["field_6881e23804d41"],"gmaps_google_maps":[""],"_gmaps_google_maps":["field_6881e0c104d40"],"gmaps_direccion":["Pla\u00e7a del Ajuntament, 17, (pl. segona de l\u2019ajuntament)  La Font d'en Carr\u00f2s"],"_gmaps_direccion":["field_6881e34104d42"],"gmaps_telefono":[""],"_gmaps_telefono":["field_6881e36104d43"],"gmaps_informacion":["Martes de 9h a 14h"],"_gmaps_informacion":["field_68872133566b7"],"gmaps_matricula":[""],"_gmaps_matricula":["field_68872147566b8"],"gmaps_periodo":[""],"_gmaps_periodo":["field_68872153566b9"],"gmaps_instagram_titulo":[""],"_gmaps_instagram_titulo":["field_68820dfc9faf5"],"gmaps_titulo_pdf_1":[""],"_gmaps_titulo_pdf_1":["field_688735bf22d15"],"gmaps_subtitulo_pdf_1":[""],"_gmaps_subtitulo_pdf_1":["field_688735fb22d1a"],"gmaps_titulo_pdf_2":[""],"_gmaps_titulo_pdf_2":["field_688735e822d16"],"gmaps_subtitulo_pdf_2":[""],"_gmaps_subtitulo_pdf_2":["field_6887361322d1b"],"gmaps_titulo_pdf_3":[""],"_gmaps_titulo_pdf_3":["field_688735ed22d17"],"gmaps_subtitulo_pdf_3":[""],"_gmaps_subtitulo_pdf_3":["field_6887361822d1c"],"gmaps_titulo_pdf_4":[""],"_gmaps_titulo_pdf_4":["field_688735f022d18"],"gmaps_subtitulo_pdf_4":[""],"_gmaps_subtitulo_pdf_4":["field_6887361d22d1d"],"gmaps_titulo_pdf_5":[""],"_gmaps_titulo_pdf_5":["field_688735f522d19"],"gmaps_subtitulo_pdf_5":[""],"_gmaps_subtitulo_pdf_5":["field_6887362222d1e"],"_wpml_media_duplicate":["1"],"_wpml_media_featured":["1"],"mec_location_id":["0"],"mec_additional_location_ids":["a:0:{}"],"mec_organizer_id":["0"],"mec_additional_organizer_ids":["a:0:{}"],"_edit_lock":["1762165791:1"],"_last_translation_edit_mode":["native-editor"],"_edit_last":["1"]},"uagb_featured_image_src":{"full":false,"thumbnail":false,"medium":false,"medium_large":false,"large":false,"thumblist":false,"thumbrelated":false,"meccarouselthumb":false,"gridsquare":false,"tileview":false,"1536x1536":false,"2048x2048":false},"uagb_author_info":{"display_name":"redaccion","author_link":"https:\/\/www.lafontdencarros.es\/es\/author\/redaccion\/"},"uagb_comment_info":0,"uagb_excerpt":"\u00bfQu\u00e9 es y cu\u00e1les son sus funciones? Es un recurso municipal de informaci\u00f3n y asesoramiento dirigido a los vecinos de la Font d&#8217;en Carr\u00f2s, especialmente a la poblaci\u00f3n infantil y juvenil. Las actuaciones se realizan atendiendo a las necesidades tanto individuales como colectivas. Los servicios que ofrece este departamento, entre otros, son en general los&hellip;","_links":{"self":[{"href":"https:\/\/www.lafontdencarros.es\/es\/wp-json\/wp\/v2\/pages\/4781","targetHints":{"allow":["GET"]}}],"collection":[{"href":"https:\/\/www.lafontdencarros.es\/es\/wp-json\/wp\/v2\/pages"}],"about":[{"href":"https:\/\/www.lafontdencarros.es\/es\/wp-json\/wp\/v2\/types\/page"}],"author":[{"embeddable":true,"href":"https:\/\/www.lafontdencarros.es\/es\/wp-json\/wp\/v2\/users\/1"}],"replies":[{"embeddable":true,"href":"https:\/\/www.lafontdencarros.es\/es\/wp-json\/wp\/v2\/comments?post=4781"}],"version-history":[{"count":0,"href":"https:\/\/www.lafontdencarros.es\/es\/wp-json\/wp\/v2\/pages\/4781\/revisions"}],"up":[{"embeddable":true,"href":"https:\/\/www.lafontdencarros.es\/es\/wp-json\/wp\/v2\/pages\/4767"}],"wp:attachment":[{"href":"https:\/\/www.lafontdencarros.es\/es\/wp-json\/wp\/v2\/media?parent=4781"}],"curies":[{"name":"wp","href":"https:\/\/api.w.org\/{rel}","templated":true}]}}