{"id":4767,"date":"2025-07-29T08:49:10","date_gmt":"2025-07-29T06:49:10","guid":{"rendered":"https:\/\/www.lafontdencarros.es\/servicis-socials\/"},"modified":"2025-11-12T15:27:48","modified_gmt":"2025-11-12T14:27:48","slug":"servicis-socials","status":"publish","type":"page","link":"https:\/\/www.lafontdencarros.es\/es\/servicis-socials\/","title":{"rendered":"Servicios sociales"},"content":{"rendered":"\n<p class=\"text--no-bg mb-0\">Los servicios sociales generales constituyen la estructura b\u00e1sica del sistema p\u00fablico de servicios sociales mediante la prestaci\u00f3n de una atenci\u00f3n integrada y polivalente dirigida a toda la poblaci\u00f3n, articulada a trav\u00e9s de actuaciones preventivas, asistenciales y de rehabilitaci\u00f3n, en un \u00e1mbito primario, con car\u00e1cter universal y gratuito.<\/p>\n\n\n\n<p class=\"text--no-bg mb-0 mt-10\">Su fin es promover el pleno desarrollo del individuo y de los grupos en los que se integra, mediante la potenciaci\u00f3n de su participaci\u00f3n en la b\u00fasqueda de recursos y la priorizaci\u00f3n de las necesidades m\u00e1s urgentes y b\u00e1sicas.<\/p>\n\n\n\n<p class=\"text--no-bg mb-0 mt-10\">Corresponde a los servicios sociales generales la programaci\u00f3n, implantaci\u00f3n y gesti\u00f3n de la intervenci\u00f3n generalizada de Atenci\u00f3n Primaria.<\/p>\n\n\n\n<p class=\"text--no-bg mt-10\">El Ayuntamiento de La Font d&#8217;en Carr\u00f2s presta los servicios sociales a trav\u00e9s de la Mancomunidad de Municipios de la Safor, entidad de la que forma parte.<\/p>\n","protected":false},"excerpt":{"rendered":"<p>Los servicios sociales generales constituyen la estructura b\u00e1sica del sistema p\u00fablico de servicios sociales mediante la prestaci\u00f3n de una atenci\u00f3n integrada y polivalente dirigida a toda la poblaci\u00f3n, articulada a trav\u00e9s de actuaciones preventivas, asistenciales y de rehabilitaci\u00f3n, en un \u00e1mbito primario, con car\u00e1cter universal y gratuito. Su fin es promover el pleno desarrollo del [&hellip;]<\/p>\n","protected":false},"author":1,"featured_media":0,"parent":0,"menu_order":0,"comment_status":"closed","ping_status":"closed","template":"plantilla-sidebar-enlaces","meta":{"_acf_changed":false,"_uag_custom_page_level_css":"","footnotes":""},"class_list":["post-4767","page","type-page","status-publish","hentry"],"acf":[],"spectra_custom_meta":{"_wp_page_template":["plantilla-sidebar-enlaces"],"rank_math_internal_links_processed":["1"],"_wpml_word_count":["154"],"_uag_custom_page_level_css":[""],"footnotes":[""],"_wpml_media_duplicate":["1"],"_wpml_media_featured":["1"],"rank_math_seo_score":["13"],"_wpml_location_migration_done":["1"],"plantilla_enlace_titulo_1":["Trabajadora social"],"_plantilla_enlace_titulo_1":["field_68886ffb878e9"],"plantilla_enlace_url_1":["https:\/\/www.lafontdencarros.es\/va\/treballadora-social\/"],"_plantilla_enlace_url_1":["field_68887027878ea"],"plantilla_enlace_titulo_2":["Gabinete Psicopedag\u00f3gico"],"_plantilla_enlace_titulo_2":["field_6888705126387"],"plantilla_enlace_url_2":["https:\/\/www.lafontdencarros.es\/va\/gabinet-psicopedagogic\/"],"_plantilla_enlace_url_2":["field_6888705526388"],"plantilla_enlace_titulo_3":["Servicio de orientaci\u00f3n psicol\u00f3gica"],"_plantilla_enlace_titulo_3":["field_6888705826389"],"plantilla_enlace_url_3":["https:\/\/www.lafontdencarros.es\/va\/servei-orientacio-psicologica\/"],"_plantilla_enlace_url_3":["field_6888705b2638a"],"plantilla_enlace_titulo_4":[""],"_plantilla_enlace_titulo_4":["field_6888705e2638b"],"plantilla_enlace_titulo_5":[""],"_plantilla_enlace_titulo_5":["field_688870642638d"],"plantilla_ventana_nueva_1":["0"],"_plantilla_ventana_nueva_1":["field_68887261f90c8"],"plantilla_ventana_nueva_2":["0"],"_plantilla_ventana_nueva_2":["field_68887291f90c9"],"plantilla_ventana_nueva_3":["0"],"_plantilla_ventana_nueva_3":["field_68887296f90ca"],"plantilla_ventana_nueva_4":["0"],"_plantilla_ventana_nueva_4":["field_6888729bf90cb"],"plantilla_ventana_nueva_5":["0"],"_plantilla_ventana_nueva_5":["field_688872a1f90cc"],"_edit_lock":["1762957670:1"],"_last_translation_edit_mode":["native-editor"],"_edit_last":["1"]},"uagb_featured_image_src":{"full":false,"thumbnail":false,"medium":false,"medium_large":false,"large":false,"thumblist":false,"thumbrelated":false,"meccarouselthumb":false,"gridsquare":false,"tileview":false,"1536x1536":false,"2048x2048":false},"uagb_author_info":{"display_name":"redaccion","author_link":"https:\/\/www.lafontdencarros.es\/es\/author\/redaccion\/"},"uagb_comment_info":0,"uagb_excerpt":"Los servicios sociales generales constituyen la estructura b\u00e1sica del sistema p\u00fablico de servicios sociales mediante la prestaci\u00f3n de una atenci\u00f3n integrada y polivalente dirigida a toda la poblaci\u00f3n, articulada a trav\u00e9s de actuaciones preventivas, asistenciales y de rehabilitaci\u00f3n, en un \u00e1mbito primario, con car\u00e1cter universal y gratuito. Su fin es promover el pleno desarrollo del&hellip;","_links":{"self":[{"href":"https:\/\/www.lafontdencarros.es\/es\/wp-json\/wp\/v2\/pages\/4767","targetHints":{"allow":["GET"]}}],"collection":[{"href":"https:\/\/www.lafontdencarros.es\/es\/wp-json\/wp\/v2\/pages"}],"about":[{"href":"https:\/\/www.lafontdencarros.es\/es\/wp-json\/wp\/v2\/types\/page"}],"author":[{"embeddable":true,"href":"https:\/\/www.lafontdencarros.es\/es\/wp-json\/wp\/v2\/users\/1"}],"replies":[{"embeddable":true,"href":"https:\/\/www.lafontdencarros.es\/es\/wp-json\/wp\/v2\/comments?post=4767"}],"version-history":[{"count":0,"href":"https:\/\/www.lafontdencarros.es\/es\/wp-json\/wp\/v2\/pages\/4767\/revisions"}],"wp:attachment":[{"href":"https:\/\/www.lafontdencarros.es\/es\/wp-json\/wp\/v2\/media?parent=4767"}],"curies":[{"name":"wp","href":"https:\/\/api.w.org\/{rel}","templated":true}]}}