{"id":4755,"date":"2025-07-29T07:12:59","date_gmt":"2025-07-29T05:12:59","guid":{"rendered":"https:\/\/www.lafontdencarros.es\/sanitat\/"},"modified":"2025-11-03T10:11:05","modified_gmt":"2025-11-03T09:11:05","slug":"sanitat","status":"publish","type":"page","link":"https:\/\/www.lafontdencarros.es\/es\/sanitat\/","title":{"rendered":"Sanidad"},"content":{"rendered":"\n<h3 class=\"wp-block-heading text--no-bg internalLink\">Horario consultas m\u00e9dicas<\/h3>\n\n\n\n<figure class=\"wp-block-table table--modern table-external--no-bordered\"><table class=\"has-fixed-layout\"><tbody><tr><td>Consultas m\u00e9dicas<\/td><td>08.15 a 13.30h<\/td><\/tr><\/tbody><\/table><\/figure>\n\n\n\n<h3 class=\"wp-block-heading internalLink text--no-bg\">Horario consultas enfermer\u00eda<\/h3>\n\n\n\n<figure class=\"wp-block-table table--modern table-external--no-bordered\"><table class=\"has-fixed-layout\"><tbody><tr><td>An\u00e1lisis (Lunes, Martes, Jueves)<\/td><td>08.30 a 10.00h<\/td><\/tr><tr><td>Cuidados e inyectables<\/td><td>10.00 a 11.30h \/ 12.00 a 13.00h (a domicili) \/ 13.00 a 14.00h<\/td><\/tr><\/tbody><\/table><\/figure>\n\n\n\n<h3 class=\"wp-block-heading internalLink text--no-bg\">Horario consultas pediatr\u00eda<\/h3>\n\n\n\n<figure class=\"wp-block-table table--modern table-external--no-bordered\"><table class=\"has-fixed-layout\"><tbody><tr><td>Martes<\/td><td>08.30 a 13.30h<\/td><\/tr><tr><td>Mi\u00e9rcoles<\/td><td>08.30 a 10.45h<\/td><\/tr><tr><td>Jueves<\/td><td>11.45 a 13.30h<\/td><\/tr><tr><td>Viernes<\/td><td>08.30 a 13.30h<\/td><\/tr><\/tbody><\/table><\/figure>\n\n\n\n<h3 class=\"wp-block-heading internalLink text--no-bg\">Petici\u00f3 cites<\/h3>\n\n\n\n<figure class=\"wp-block-table table--modern table-external--no-bordered\"><table class=\"has-fixed-layout\"><tbody><tr><td>Consultorio<\/td><td>08.00 a 11.00h<\/td><\/tr><tr><td>Tel\u00e9fono<\/td><td>09.00 a 11.00h<\/td><\/tr><\/tbody><\/table><\/figure>\n\n\n\n<p class=\"text--no-bg\">Las urgencias se atender\u00e1n en el centro de salud de Bellreguard a partir de las 15h (tel. 96 161 31 81)<\/p>\n\n\n\n<div class=\"wp-block-uagb-buttons uagb-buttons__outer-wrap uagb-btn__default-btn uagb-btn-tablet__default-btn uagb-btn-mobile__default-btn uagb-block-034d839b button--p0 button--no-bg\"><div class=\"uagb-buttons__wrap uagb-buttons-layout-wrap \">\n<div class=\"wp-block-uagb-buttons-child uagb-buttons__outer-wrap uagb-block-7c59f671 wp-block-button button--primary\"><div class=\"uagb-button__wrapper\"><a class=\"uagb-buttons-repeater wp-block-button__link\" aria-label=\"\" href=\"https:\/\/www.san.gva.es\/\" rel=\"follow noopener\" target=\"_blank\" role=\"button\"><div class=\"uagb-button__link\">Cita por internet<\/div><\/a><\/div><\/div>\n<\/div><\/div>\n","protected":false},"excerpt":{"rendered":"<p>Horario consultas m\u00e9dicas Consultas m\u00e9dicas 08.15 a 13.30h Horario consultas enfermer\u00eda An\u00e1lisis (Lunes, Martes, Jueves) 08.30 a 10.00h Cuidados e inyectables 10.00 a 11.30h \/ 12.00 a 13.00h (a domicili) \/ 13.00 a 14.00h Horario consultas pediatr\u00eda Martes 08.30 a 13.30h Mi\u00e9rcoles 08.30 a 10.45h Jueves 11.45 a 13.30h Viernes 08.30 a 13.30h Petici\u00f3 cites [&hellip;]<\/p>\n","protected":false},"author":1,"featured_media":1345,"parent":0,"menu_order":0,"comment_status":"closed","ping_status":"closed","template":"plantilla-google-maps","meta":{"_acf_changed":false,"_uag_custom_page_level_css":"","footnotes":""},"class_list":["post-4755","page","type-page","status-publish","has-post-thumbnail","hentry"],"acf":[],"spectra_custom_meta":{"_wp_page_template":["plantilla-google-maps"],"rank_math_internal_links_processed":["1"],"_wpml_word_count":["72"],"rank_math_seo_score":["15"],"_uag_custom_page_level_css":[""],"footnotes":[""],"_wpml_location_migration_done":["1"],"gmaps_subtitulo_debajo_imagen_destacada":["Centro de salud"],"_gmaps_subtitulo_debajo_imagen_destacada":["field_6881e23804d41"],"gmaps_google_maps":[""],"_gmaps_google_maps":["field_6881e0c104d40"],"gmaps_direccion":["C\/ Sant Isidre, 10, La Font d\u2019en Carr\u00f2s"],"_gmaps_direccion":["field_6881e34104d42"],"gmaps_telefono":["96 282 98 90"],"_gmaps_telefono":["field_6881e36104d43"],"gmaps_informacion":[""],"_gmaps_informacion":["field_68872133566b7"],"gmaps_matricula":[""],"_gmaps_matricula":["field_68872147566b8"],"gmaps_periodo":[""],"_gmaps_periodo":["field_68872153566b9"],"gmaps_instagram_titulo":[""],"_gmaps_instagram_titulo":["field_68820dfc9faf5"],"gmaps_titulo_pdf_1":[""],"_gmaps_titulo_pdf_1":["field_688735bf22d15"],"gmaps_subtitulo_pdf_1":[""],"_gmaps_subtitulo_pdf_1":["field_688735fb22d1a"],"gmaps_titulo_pdf_2":[""],"_gmaps_titulo_pdf_2":["field_688735e822d16"],"gmaps_subtitulo_pdf_2":[""],"_gmaps_subtitulo_pdf_2":["field_6887361322d1b"],"gmaps_titulo_pdf_3":[""],"_gmaps_titulo_pdf_3":["field_688735ed22d17"],"gmaps_subtitulo_pdf_3":[""],"_gmaps_subtitulo_pdf_3":["field_6887361822d1c"],"gmaps_titulo_pdf_4":[""],"_gmaps_titulo_pdf_4":["field_688735f022d18"],"gmaps_subtitulo_pdf_4":[""],"_gmaps_subtitulo_pdf_4":["field_6887361d22d1d"],"gmaps_titulo_pdf_5":[""],"_gmaps_titulo_pdf_5":["field_688735f522d19"],"gmaps_subtitulo_pdf_5":[""],"_gmaps_subtitulo_pdf_5":["field_6887362222d1e"],"_wpml_media_duplicate":["1"],"_wpml_media_featured":["1"],"_thumbnail_id":["1345"],"_edit_lock":["1762161075:1"],"_last_translation_edit_mode":["native-editor"],"_edit_last":["1"]},"uagb_featured_image_src":{"full":["https:\/\/www.lafontdencarros.es\/wp-content\/uploads\/2025\/07\/sanitat.webp",872,398,false],"thumbnail":["https:\/\/www.lafontdencarros.es\/wp-content\/uploads\/2025\/07\/sanitat-150x150.webp",150,150,true],"medium":["https:\/\/www.lafontdencarros.es\/wp-content\/uploads\/2025\/07\/sanitat-300x137.webp",300,137,true],"medium_large":["https:\/\/www.lafontdencarros.es\/wp-content\/uploads\/2025\/07\/sanitat-768x351.webp",768,351,true],"large":["https:\/\/www.lafontdencarros.es\/wp-content\/uploads\/2025\/07\/sanitat.webp",872,398,false],"thumblist":["https:\/\/www.lafontdencarros.es\/wp-content\/uploads\/2025\/07\/sanitat-300x300.webp",300,300,true],"thumbrelated":["https:\/\/www.lafontdencarros.es\/wp-content\/uploads\/2025\/07\/sanitat-500x398.webp",500,398,true],"meccarouselthumb":["https:\/\/www.lafontdencarros.es\/wp-content\/uploads\/2025\/07\/sanitat-474x324.webp",474,324,true],"gridsquare":["https:\/\/www.lafontdencarros.es\/wp-content\/uploads\/2025\/07\/sanitat-391x260.webp",391,260,true],"tileview":["https:\/\/www.lafontdencarros.es\/wp-content\/uploads\/2025\/07\/sanitat-300x398.webp",300,398,true],"1536x1536":["https:\/\/www.lafontdencarros.es\/wp-content\/uploads\/2025\/07\/sanitat.webp",872,398,false],"2048x2048":["https:\/\/www.lafontdencarros.es\/wp-content\/uploads\/2025\/07\/sanitat.webp",872,398,false]},"uagb_author_info":{"display_name":"redaccion","author_link":"https:\/\/www.lafontdencarros.es\/es\/author\/redaccion\/"},"uagb_comment_info":0,"uagb_excerpt":"Horario consultas m\u00e9dicas Consultas m\u00e9dicas 08.15 a 13.30h Horario consultas enfermer\u00eda An\u00e1lisis (Lunes, Martes, Jueves) 08.30 a 10.00h Cuidados e inyectables 10.00 a 11.30h \/ 12.00 a 13.00h (a domicili) \/ 13.00 a 14.00h Horario consultas pediatr\u00eda Martes 08.30 a 13.30h Mi\u00e9rcoles 08.30 a 10.45h Jueves 11.45 a 13.30h Viernes 08.30 a 13.30h Petici\u00f3 cites&hellip;","_links":{"self":[{"href":"https:\/\/www.lafontdencarros.es\/es\/wp-json\/wp\/v2\/pages\/4755","targetHints":{"allow":["GET"]}}],"collection":[{"href":"https:\/\/www.lafontdencarros.es\/es\/wp-json\/wp\/v2\/pages"}],"about":[{"href":"https:\/\/www.lafontdencarros.es\/es\/wp-json\/wp\/v2\/types\/page"}],"author":[{"embeddable":true,"href":"https:\/\/www.lafontdencarros.es\/es\/wp-json\/wp\/v2\/users\/1"}],"replies":[{"embeddable":true,"href":"https:\/\/www.lafontdencarros.es\/es\/wp-json\/wp\/v2\/comments?post=4755"}],"version-history":[{"count":0,"href":"https:\/\/www.lafontdencarros.es\/es\/wp-json\/wp\/v2\/pages\/4755\/revisions"}],"wp:featuredmedia":[{"embeddable":true,"href":"https:\/\/www.lafontdencarros.es\/es\/wp-json\/wp\/v2\/media\/1345"}],"wp:attachment":[{"href":"https:\/\/www.lafontdencarros.es\/es\/wp-json\/wp\/v2\/media?parent=4755"}],"curies":[{"name":"wp","href":"https:\/\/api.w.org\/{rel}","templated":true}]}}