{"id":4739,"date":"2025-08-05T13:44:24","date_gmt":"2025-08-05T11:44:24","guid":{"rendered":"https:\/\/www.lafontdencarros.es\/pru\/"},"modified":"2025-11-03T09:00:49","modified_gmt":"2025-11-03T08:00:49","slug":"pru","status":"publish","type":"page","link":"https:\/\/www.lafontdencarros.es\/es\/pru\/","title":{"rendered":"PRU (Punto de registro)"},"content":{"rendered":"\n<p>Ser un Punto de Registro (PRU) de la Agencia de Certificaci\u00f3n de la Comunidad Valenciana (ACCV) implica gestionar una serie de certificados fundamentales tanto para la administraci\u00f3n p\u00fablica como para los ciudadanos.<\/p>\n\n\n\n<h3 class=\"wp-block-heading internalLink\">EMISI\u00d3N DE CERTIFICADOS:<\/h3>\n\n\n\n<p>Los PRU tienen la autorizaci\u00f3n para emitir certificados de empleado p\u00fablico, ciudadano y cualquier persona f\u00edsica. Esto incluye certificados digitales que acreditan la identidad de los usuarios y permiten realizar tr\u00e1mites online con garant\u00edas de seguridad.<\/p>\n\n\n\n<h3 class=\"wp-block-heading internalLink\">RENOVACI\u00d3N DE CERTIFICADOS:<\/h3>\n\n\n\n<p>Los certificados caducan a los 3 a\u00f1os. Los PRU gestionan el proceso de renovaci\u00f3n, garantizando que los usuarios mantengan sus credenciales actualizadas y puedan seguir utilizando los servicios relacionados con su actividad profesional o personal.<\/p>\n\n\n\n<h3 class=\"wp-block-heading internalLink\">REVOCACI\u00d3N DE CERTIFICADOS:<\/h3>\n\n\n\n<p>En casos en los que un certificado ya no sea necesario o haya sido comprometido, los PRU tienen la capacidad de revocarlo. Esto es esencial para garantizar la seguridad y la integridad de los sistemas de identificaci\u00f3n digital.<\/p>\n\n\n\n<h3 class=\"wp-block-heading internalLink\">FORMACI\u00d3N Y APOYO:<\/h3>\n\n\n\n<p>Adem\u00e1s, los PRU pueden proporcionar formaci\u00f3n a los usuarios sobre c\u00f3mo utilizar los certificados digitales y acceder a los servicios p\u00fablicos online, contribuyendo as\u00ed a una sociedad m\u00e1s digitalizada y eficiente.<\/p>\n\n\n\n<p>En resumen, ser un Punto de Registro (PRU) de la ACCV no s\u00f3lo implica emitir documentos, sino que tambi\u00e9n desempe\u00f1a un papel fundamental en la facilitaci\u00f3n del tr\u00e1fico administrativo y la digitalizaci\u00f3n de los servicios p\u00fablicos, mejorando la experiencia de los ciudadanos en sus interacciones con las administraciones.<\/p>\n","protected":false},"excerpt":{"rendered":"<p>Ser un Punto de Registro (PRU) de la Agencia de Certificaci\u00f3n de la Comunidad Valenciana (ACCV) implica gestionar una serie de certificados fundamentales tanto para la administraci\u00f3n p\u00fablica como para los ciudadanos. EMISI\u00d3N DE CERTIFICADOS: Los PRU tienen la autorizaci\u00f3n para emitir certificados de empleado p\u00fablico, ciudadano y cualquier persona f\u00edsica. Esto incluye certificados digitales [&hellip;]<\/p>\n","protected":false},"author":1,"featured_media":0,"parent":0,"menu_order":0,"comment_status":"closed","ping_status":"closed","template":"plantilla-google-maps","meta":{"_acf_changed":false,"_uag_custom_page_level_css":"","footnotes":""},"class_list":["post-4739","page","type-page","status-publish","hentry"],"acf":[],"spectra_custom_meta":{"_wp_page_template":["plantilla-google-maps"],"rank_math_internal_links_processed":["1"],"_uag_custom_page_level_css":[""],"footnotes":[""],"_wpml_word_count":["280"],"rank_math_seo_score":["9"],"_wpml_media_duplicate":["1"],"_wpml_media_featured":["1"],"_wpml_location_migration_done":["1"],"gmaps_subtitulo_debajo_imagen_destacada":[""],"_gmaps_subtitulo_debajo_imagen_destacada":["field_6881e23804d41"],"gmaps_google_maps":[""],"_gmaps_google_maps":["field_6881e0c104d40"],"gmaps_direccion":[""],"_gmaps_direccion":["field_6881e34104d42"],"gmaps_telefono":[""],"_gmaps_telefono":["field_6881e36104d43"],"gmaps_informacion":[""],"_gmaps_informacion":["field_68872133566b7"],"gmaps_matricula":[""],"_gmaps_matricula":["field_68872147566b8"],"gmaps_periodo":[""],"_gmaps_periodo":["field_68872153566b9"],"gmaps_instagram_titulo":[""],"_gmaps_instagram_titulo":["field_68820dfc9faf5"],"gmaps_titulo_pdf_1":[""],"_gmaps_titulo_pdf_1":["field_688735bf22d15"],"gmaps_subtitulo_pdf_1":[""],"_gmaps_subtitulo_pdf_1":["field_688735fb22d1a"],"gmaps_titulo_pdf_2":[""],"_gmaps_titulo_pdf_2":["field_688735e822d16"],"gmaps_subtitulo_pdf_2":[""],"_gmaps_subtitulo_pdf_2":["field_6887361322d1b"],"gmaps_titulo_pdf_3":[""],"_gmaps_titulo_pdf_3":["field_688735ed22d17"],"gmaps_subtitulo_pdf_3":[""],"_gmaps_subtitulo_pdf_3":["field_6887361822d1c"],"gmaps_titulo_pdf_4":[""],"_gmaps_titulo_pdf_4":["field_688735f022d18"],"gmaps_subtitulo_pdf_4":[""],"_gmaps_subtitulo_pdf_4":["field_6887361d22d1d"],"gmaps_titulo_pdf_5":[""],"_gmaps_titulo_pdf_5":["field_688735f522d19"],"gmaps_subtitulo_pdf_5":[""],"_gmaps_subtitulo_pdf_5":["field_6887362222d1e"],"_edit_lock":["1762156858:1"],"_last_translation_edit_mode":["native-editor"],"_edit_last":["1"]},"uagb_featured_image_src":{"full":false,"thumbnail":false,"medium":false,"medium_large":false,"large":false,"thumblist":false,"thumbrelated":false,"meccarouselthumb":false,"gridsquare":false,"tileview":false,"1536x1536":false,"2048x2048":false},"uagb_author_info":{"display_name":"redaccion","author_link":"https:\/\/www.lafontdencarros.es\/es\/author\/redaccion\/"},"uagb_comment_info":0,"uagb_excerpt":"Ser un Punto de Registro (PRU) de la Agencia de Certificaci\u00f3n de la Comunidad Valenciana (ACCV) implica gestionar una serie de certificados fundamentales tanto para la administraci\u00f3n p\u00fablica como para los ciudadanos. EMISI\u00d3N DE CERTIFICADOS: Los PRU tienen la autorizaci\u00f3n para emitir certificados de empleado p\u00fablico, ciudadano y cualquier persona f\u00edsica. Esto incluye certificados digitales&hellip;","_links":{"self":[{"href":"https:\/\/www.lafontdencarros.es\/es\/wp-json\/wp\/v2\/pages\/4739","targetHints":{"allow":["GET"]}}],"collection":[{"href":"https:\/\/www.lafontdencarros.es\/es\/wp-json\/wp\/v2\/pages"}],"about":[{"href":"https:\/\/www.lafontdencarros.es\/es\/wp-json\/wp\/v2\/types\/page"}],"author":[{"embeddable":true,"href":"https:\/\/www.lafontdencarros.es\/es\/wp-json\/wp\/v2\/users\/1"}],"replies":[{"embeddable":true,"href":"https:\/\/www.lafontdencarros.es\/es\/wp-json\/wp\/v2\/comments?post=4739"}],"version-history":[{"count":0,"href":"https:\/\/www.lafontdencarros.es\/es\/wp-json\/wp\/v2\/pages\/4739\/revisions"}],"wp:attachment":[{"href":"https:\/\/www.lafontdencarros.es\/es\/wp-json\/wp\/v2\/media?parent=4739"}],"curies":[{"name":"wp","href":"https:\/\/api.w.org\/{rel}","templated":true}]}}