{"id":4710,"date":"2025-07-22T12:45:32","date_gmt":"2025-07-22T10:45:32","guid":{"rendered":"https:\/\/www.lafontdencarros.es\/plenari\/"},"modified":"2025-11-03T08:27:10","modified_gmt":"2025-11-03T07:27:10","slug":"plenari","status":"publish","type":"page","link":"https:\/\/www.lafontdencarros.es\/es\/plenari\/","title":{"rendered":"Plenario"},"content":{"rendered":"\n<p>Los plenos se celebran en sesi\u00f3n ordinaria el segundo viernes de los siguientes meses: <strong>febrero, abril, julio, octubre y diciembre<\/strong>, concret\u00e1ndose, al mismo tiempo, la hora de celebraci\u00f3n a las veinte horas y treinta minutos de la tarde cuando rija el horario de verano ya las veinte horas cuando se produzca el cambio oficial de horario. Si la fecha prefijada fuera festiva se celebrar\u00e1 la sesi\u00f3n el viernes siguiente.<\/p>\n\n<p>El Ayuntamiento de La Font d&#8217;en Carr\u00f2s pone a disposici\u00f3n de los ciudadanos, todas las sesiones p\u00fablicas as\u00ed como sus acuerdos, a trav\u00e9s del siguiente enlace:<\/p>\n\n<div class=\"wp-block-uagb-buttons uagb-buttons__outer-wrap uagb-btn__default-btn uagb-btn-tablet__default-btn uagb-btn-mobile__default-btn uagb-block-034d839b\"><div class=\"uagb-buttons__wrap uagb-buttons-layout-wrap \">\n<div class=\"wp-block-uagb-buttons-child uagb-buttons__outer-wrap uagb-block-7c59f671 wp-block-button buttons--more-news\"><div class=\"uagb-button__wrapper\"><a class=\"uagb-buttons-repeater wp-block-button__link\" aria-label=\"\" href=\"https:\/\/regmeet.com\/lafontdencarros?idioma=valenciano\" rel=\"nofollow noopener\" target=\"_blank\" role=\"button\"><div class=\"uagb-button__link\">Acceso a los plenos del Ayuntamiento<\/div><\/a><\/div><\/div>\n<\/div><\/div>\n","protected":false},"excerpt":{"rendered":"<p>Los plenos se celebran en sesi\u00f3n ordinaria el segundo viernes de los siguientes meses: febrero, abril, julio, octubre y diciembre, concret\u00e1ndose, al mismo tiempo, la hora de celebraci\u00f3n a las veinte horas y treinta minutos de la tarde cuando rija el horario de verano ya las veinte horas cuando se produzca el cambio oficial de [&hellip;]<\/p>\n","protected":false},"author":1,"featured_media":0,"parent":0,"menu_order":0,"comment_status":"closed","ping_status":"closed","template":"plantilla-plenos","meta":{"_acf_changed":false,"_uag_custom_page_level_css":"","footnotes":""},"class_list":["post-4710","page","type-page","status-publish","hentry"],"acf":[],"spectra_custom_meta":{"_wp_page_template":["plantilla-plenos"],"rank_math_internal_links_processed":["1"],"_uag_custom_page_level_css":[""],"footnotes":[""],"_wpml_word_count":["106"],"_wpml_media_duplicate":["1"],"_wpml_media_featured":["1"],"rank_math_seo_score":["12"],"_wpml_location_migration_done":["1"],"mec_location_id":["0"],"mec_additional_location_ids":["a:0:{}"],"mec_organizer_id":["0"],"mec_additional_organizer_ids":["a:0:{}"],"_top_nav_excluded":[""],"_cms_nav_minihome":[""],"_last_translation_edit_mode":["translation-editor"]},"uagb_featured_image_src":{"full":false,"thumbnail":false,"medium":false,"medium_large":false,"large":false,"thumblist":false,"thumbrelated":false,"meccarouselthumb":false,"gridsquare":false,"tileview":false,"1536x1536":false,"2048x2048":false},"uagb_author_info":{"display_name":"redaccion","author_link":"https:\/\/www.lafontdencarros.es\/es\/author\/redaccion\/"},"uagb_comment_info":0,"uagb_excerpt":"Los plenos se celebran en sesi\u00f3n ordinaria el segundo viernes de los siguientes meses: febrero, abril, julio, octubre y diciembre, concret\u00e1ndose, al mismo tiempo, la hora de celebraci\u00f3n a las veinte horas y treinta minutos de la tarde cuando rija el horario de verano ya las veinte horas cuando se produzca el cambio oficial de&hellip;","_links":{"self":[{"href":"https:\/\/www.lafontdencarros.es\/es\/wp-json\/wp\/v2\/pages\/4710","targetHints":{"allow":["GET"]}}],"collection":[{"href":"https:\/\/www.lafontdencarros.es\/es\/wp-json\/wp\/v2\/pages"}],"about":[{"href":"https:\/\/www.lafontdencarros.es\/es\/wp-json\/wp\/v2\/types\/page"}],"author":[{"embeddable":true,"href":"https:\/\/www.lafontdencarros.es\/es\/wp-json\/wp\/v2\/users\/1"}],"replies":[{"embeddable":true,"href":"https:\/\/www.lafontdencarros.es\/es\/wp-json\/wp\/v2\/comments?post=4710"}],"version-history":[{"count":0,"href":"https:\/\/www.lafontdencarros.es\/es\/wp-json\/wp\/v2\/pages\/4710\/revisions"}],"wp:attachment":[{"href":"https:\/\/www.lafontdencarros.es\/es\/wp-json\/wp\/v2\/media?parent=4710"}],"curies":[{"name":"wp","href":"https:\/\/api.w.org\/{rel}","templated":true}]}}