{"id":4704,"date":"2025-08-06T12:34:44","date_gmt":"2025-08-06T10:34:44","guid":{"rendered":"https:\/\/www.lafontdencarros.es\/participacio\/participacio-ciutadana\/"},"modified":"2025-11-03T08:22:53","modified_gmt":"2025-11-03T07:22:53","slug":"participacio-ciutadana","status":"publish","type":"page","link":"https:\/\/www.lafontdencarros.es\/es\/participacio\/participacio-ciutadana\/","title":{"rendered":"Participaci\u00f3n ciudadana"},"content":{"rendered":"\n<p>Mediante esta \u00e1rea se pretende el acercamiento de los ciudadanos a la administraci\u00f3n y toma de decisiones.<\/p>\n\n\n\n<p>Es fundamental la participaci\u00f3n de las Asociaciones como representantes de varios sectores sociales de la poblaci\u00f3n. Y es importante tambi\u00e9n, poder conocer lo que piensan los vecinos de lo que, desde el Ayuntamiento, est\u00e1 haci\u00e9ndose en el pueblo.<\/p>\n\n\n\n<p>Desde esta \u00e1rea trabajamos para acercar la administraci\u00f3n a la ciudadan\u00eda, fomentando una relaci\u00f3n directa, transparente y colaborativa entre el Ayuntamiento y los vecinos y vecinas de nuestro pueblo.<\/p>\n\n\n\n<p>La participaci\u00f3n activa de la ciudadan\u00eda y del tejido asociativo es clave para la construcci\u00f3n de un municipio m\u00e1s justo, din\u00e1mico y adaptado a las necesidades reales de la poblaci\u00f3n. Las asociaciones, como representantes de los diferentes \u00e1mbitos sociales, desempe\u00f1an un papel fundamental en este proceso, as\u00ed como la opini\u00f3n de cada vecino y vecina sobre las actuaciones que se llevan a cabo desde el Ayuntamiento.<\/p>\n\n\n\n<p>Queremos escucharte, contamos contigo.<\/p>\n\n\n\n<div class=\"wp-block-uagb-buttons uagb-buttons__outer-wrap uagb-btn__default-btn uagb-btn-tablet__default-btn uagb-btn-mobile__default-btn uagb-block-034d839b\"><div class=\"uagb-buttons__wrap uagb-buttons-layout-wrap \">\n<div class=\"wp-block-uagb-buttons-child uagb-buttons__outer-wrap uagb-block-7c59f671 wp-block-button button--primary\"><div class=\"uagb-button__wrapper\"><a class=\"uagb-buttons-repeater wp-block-button__link\" aria-label=\"\" href=\"https:\/\/www.facebook.com\/ajuntament.delafontdencarros\" rel=\"follow noopener\" target=\"_blank\" role=\"button\"><div class=\"uagb-button__link\">Vis\u00edtanos en facebook<\/div><\/a><\/div><\/div>\n<\/div><\/div>\n","protected":false},"excerpt":{"rendered":"<p>Mediante esta \u00e1rea se pretende el acercamiento de los ciudadanos a la administraci\u00f3n y toma de decisiones. Es fundamental la participaci\u00f3n de las Asociaciones como representantes de varios sectores sociales de la poblaci\u00f3n. Y es importante tambi\u00e9n, poder conocer lo que piensan los vecinos de lo que, desde el Ayuntamiento, est\u00e1 haci\u00e9ndose en el pueblo. [&hellip;]<\/p>\n","protected":false},"author":1,"featured_media":0,"parent":4695,"menu_order":0,"comment_status":"closed","ping_status":"closed","template":"plantilla-google-maps","meta":{"_acf_changed":false,"_uag_custom_page_level_css":"","footnotes":""},"class_list":["post-4704","page","type-page","status-publish","hentry"],"acf":[],"spectra_custom_meta":{"_wp_page_template":["plantilla-google-maps"],"rank_math_internal_links_processed":["1"],"_wpml_word_count":["184"],"_wpml_location_migration_done":["1"],"rank_math_seo_score":["14"],"_uag_custom_page_level_css":[""],"footnotes":[""],"gmaps_subtitulo_debajo_imagen_destacada":[""],"_gmaps_subtitulo_debajo_imagen_destacada":["field_6881e23804d41"],"gmaps_google_maps":[""],"_gmaps_google_maps":["field_6881e0c104d40"],"gmaps_direccion":[""],"_gmaps_direccion":["field_6881e34104d42"],"gmaps_telefono":[""],"_gmaps_telefono":["field_6881e36104d43"],"gmaps_informacion":[""],"_gmaps_informacion":["field_68872133566b7"],"gmaps_matricula":[""],"_gmaps_matricula":["field_68872147566b8"],"gmaps_periodo":[""],"_gmaps_periodo":["field_68872153566b9"],"gmaps_instagram_titulo":[""],"_gmaps_instagram_titulo":["field_68820dfc9faf5"],"gmaps_titulo_pdf_1":[""],"_gmaps_titulo_pdf_1":["field_688735bf22d15"],"gmaps_subtitulo_pdf_1":[""],"_gmaps_subtitulo_pdf_1":["field_688735fb22d1a"],"gmaps_titulo_pdf_2":[""],"_gmaps_titulo_pdf_2":["field_688735e822d16"],"gmaps_subtitulo_pdf_2":[""],"_gmaps_subtitulo_pdf_2":["field_6887361322d1b"],"gmaps_titulo_pdf_3":[""],"_gmaps_titulo_pdf_3":["field_688735ed22d17"],"gmaps_subtitulo_pdf_3":[""],"_gmaps_subtitulo_pdf_3":["field_6887361822d1c"],"gmaps_titulo_pdf_4":[""],"_gmaps_titulo_pdf_4":["field_688735f022d18"],"gmaps_subtitulo_pdf_4":[""],"_gmaps_subtitulo_pdf_4":["field_6887361d22d1d"],"gmaps_titulo_pdf_5":[""],"_gmaps_titulo_pdf_5":["field_688735f522d19"],"gmaps_subtitulo_pdf_5":[""],"_gmaps_subtitulo_pdf_5":["field_6887362222d1e"],"_wpml_media_duplicate":["1"],"_wpml_media_featured":["1"],"_edit_lock":["1762154592:1"],"_last_translation_edit_mode":["native-editor"],"_edit_last":["1"]},"uagb_featured_image_src":{"full":false,"thumbnail":false,"medium":false,"medium_large":false,"large":false,"thumblist":false,"thumbrelated":false,"meccarouselthumb":false,"gridsquare":false,"tileview":false,"1536x1536":false,"2048x2048":false},"uagb_author_info":{"display_name":"redaccion","author_link":"https:\/\/www.lafontdencarros.es\/es\/author\/redaccion\/"},"uagb_comment_info":0,"uagb_excerpt":"Mediante esta \u00e1rea se pretende el acercamiento de los ciudadanos a la administraci\u00f3n y toma de decisiones. Es fundamental la participaci\u00f3n de las Asociaciones como representantes de varios sectores sociales de la poblaci\u00f3n. Y es importante tambi\u00e9n, poder conocer lo que piensan los vecinos de lo que, desde el Ayuntamiento, est\u00e1 haci\u00e9ndose en el pueblo.&hellip;","_links":{"self":[{"href":"https:\/\/www.lafontdencarros.es\/es\/wp-json\/wp\/v2\/pages\/4704","targetHints":{"allow":["GET"]}}],"collection":[{"href":"https:\/\/www.lafontdencarros.es\/es\/wp-json\/wp\/v2\/pages"}],"about":[{"href":"https:\/\/www.lafontdencarros.es\/es\/wp-json\/wp\/v2\/types\/page"}],"author":[{"embeddable":true,"href":"https:\/\/www.lafontdencarros.es\/es\/wp-json\/wp\/v2\/users\/1"}],"replies":[{"embeddable":true,"href":"https:\/\/www.lafontdencarros.es\/es\/wp-json\/wp\/v2\/comments?post=4704"}],"version-history":[{"count":0,"href":"https:\/\/www.lafontdencarros.es\/es\/wp-json\/wp\/v2\/pages\/4704\/revisions"}],"up":[{"embeddable":true,"href":"https:\/\/www.lafontdencarros.es\/es\/wp-json\/wp\/v2\/pages\/4695"}],"wp:attachment":[{"href":"https:\/\/www.lafontdencarros.es\/es\/wp-json\/wp\/v2\/media?parent=4704"}],"curies":[{"name":"wp","href":"https:\/\/api.w.org\/{rel}","templated":true}]}}