{"id":4690,"date":"2025-07-23T16:00:25","date_gmt":"2025-07-23T14:00:25","guid":{"rendered":"https:\/\/www.lafontdencarros.es\/ordenances\/"},"modified":"2025-11-03T08:06:01","modified_gmt":"2025-11-03T07:06:01","slug":"ordenances","status":"publish","type":"page","link":"https:\/\/www.lafontdencarros.es\/es\/ordenances\/","title":{"rendered":"Ordenanzas"},"content":{"rendered":"<ul class=\"list--classic\"><li><a href=\"https:\/\/www.lafontdencarros.es\/wp-content\/uploads\/2025\/07\/A-ORDE4-mod.-2024.pdf\" target=\"_blank\" title=\"04-Ordenanza reguladora de la tasa por la prestaci\u00f3n del servicio de expedici\u00f3n de documentos (modificada en 2024)\">04-Ordenanza reguladora de la tasa por la prestaci\u00f3n del servicio de expedici\u00f3n de documentos (modificada en 2024)<\/a><\/li><li><a href=\"https:\/\/www.lafontdencarros.es\/wp-content\/uploads\/2025\/07\/A-ORDE184111-1.pdf\" target=\"_blank\" title=\"06-Ordenanza reguladora de la prestaci\u00f3n personal y de transporte\">06-Ordenanza reguladora de la prestaci\u00f3n personal y de transporte<\/a><\/li><li><a href=\"https:\/\/www.lafontdencarros.es\/wp-content\/uploads\/2025\/07\/A-ORDE184111.pdf\" target=\"_blank\" title=\"05-Tasa por la prestaci\u00f3n del servicio de recogida de veh\u00edculos en la v\u00eda p\u00fablica, inmovilizaci\u00f3n y dep\u00f3sito (modificaci\u00f3n 2022)\">05-Tasa por la prestaci\u00f3n del servicio de recogida de veh\u00edculos en la v\u00eda p\u00fablica, inmovilizaci\u00f3n y dep\u00f3sito (modificaci\u00f3n 2022)<\/a><\/li><li><a href=\"https:\/\/www.lafontdencarros.es\/wp-content\/uploads\/2026\/01\/A-ORDE184111.pdf\" target=\"_blank\" title=\"18.- Ordenanza fiscal del impuesto sobre veh\u00edculos de tracci\u00f3n mec\u00e1nica\">18.- Ordenanza fiscal del impuesto sobre veh\u00edculos de tracci\u00f3n mec\u00e1nica<\/a><\/li><li><a href=\"https:\/\/www.lafontdencarros.es\/wp-content\/uploads\/2026\/01\/A-ORDE19-mod.-setembre-2024.pdf\" target=\"_blank\" title=\"19-Hacienda Municipal Impuesto sobre Bienes Inmuebles\">19-Hacienda Municipal Impuesto sobre Bienes Inmuebles<\/a><\/li><li><a href=\"https:\/\/www.lafontdencarros.es\/wp-content\/uploads\/2026\/01\/A-ORDE20-1-gener-2024.pdf\" target=\"_blank\" title=\"20-ORDENANZA DEL IMPUESTO SOBRE EL INCREMENTO DE VALOR DE LOS TERRENOS DE NATURALEZA URBANA (mod. enero 2024)\">20-ORDENANZA DEL IMPUESTO SOBRE EL INCREMENTO DE VALOR DE LOS TERRENOS DE NATURALEZA URBANA (mod. enero 2024)<\/a><\/li><li><a href=\"https:\/\/www.lafontdencarros.es\/wp-content\/uploads\/2026\/01\/a-orde21a.pdf\" target=\"_blank\" title=\"21-Impuesto sobre Construcciones, Instalaciones y Obras\">21-Impuesto sobre Construcciones, Instalaciones y Obras<\/a><\/li><li><a href=\"https:\/\/www.lafontdencarros.es\/wp-content\/uploads\/2026\/01\/a-orde23.pdf\" target=\"_blank\" title=\"23-Ordenanza general sobre contribuciones especiales\">23-Ordenanza general sobre contribuciones especiales<\/a><\/li><li><a href=\"https:\/\/www.lafontdencarros.es\/wp-content\/uploads\/2026\/01\/a-orde24.pdf\" target=\"_blank\" title=\"24-Reglamento de normalizaci\u00f3n ling\u00fc\u00edstica\">24-Reglamento de normalizaci\u00f3n ling\u00fc\u00edstica<\/a><\/li><li><a href=\"https:\/\/www.lafontdencarros.es\/wp-content\/uploads\/2026\/01\/A-ORDE25-REGLAMENTO-DEL-SERVICIO-MUNICIPAL-DE-AGUA-modif.-2025.pdf\" target=\"_blank\" title=\"25-REGLAMENTO DEL SERVICIO MUNICIPAL DE AGUA EN EL T\u00c9RMINO MUNICIPAL DE LA FONT D\u2019EN CARR\u00d2S\">25-REGLAMENTO DEL SERVICIO MUNICIPAL DE AGUA EN EL T\u00c9RMINO MUNICIPAL DE LA FONT D\u2019EN CARR\u00d2S<\/a><\/li><li><a href=\"https:\/\/www.lafontdencarros.es\/wp-content\/uploads\/2026\/01\/a-orde26.pdf\" target=\"_blank\" title=\"26-Ordenanza reguladora del impuesto sobre actividades econ\u00f3micas\">26-Ordenanza reguladora del impuesto sobre actividades econ\u00f3micas<\/a><\/li><li><a href=\"https:\/\/www.lafontdencarros.es\/wp-content\/uploads\/2026\/01\/a-orde28.pdf\" target=\"_blank\" title=\"28-Estatutos del Consejo Agrario Municipal\">28-Estatutos del Consejo Agrario Municipal<\/a><\/li><li><a href=\"https:\/\/www.lafontdencarros.es\/wp-content\/uploads\/2026\/01\/a-orde29.pdf\" target=\"_blank\" title=\"29-Reglamento-ordenanza del ejercicio de determinadas modalidades de venta fuera de establecimiento comercial permanente\">29-Reglamento-ordenanza del ejercicio de determinadas modalidades de venta fuera de establecimiento comercial permanente<\/a><\/li><li><a href=\"https:\/\/www.lafontdencarros.es\/wp-content\/uploads\/2026\/01\/A-ORDE30-20-07-2021.pdf\" target=\"_blank\" title=\"30-TASA POR UTILIZACI\u00d3N PRIVATIVA O APROVECHAMIENTO ESPECIAL DEL DOMINIO P\u00daBLICO LOCAL\">30-TASA POR UTILIZACI\u00d3N PRIVATIVA O APROVECHAMIENTO ESPECIAL DEL DOMINIO P\u00daBLICO LOCAL<\/a><\/li><li><a href=\"https:\/\/www.lafontdencarros.es\/wp-content\/uploads\/2026\/01\/A-ORDE34-modificacio-febrer-2025.pdf\" target=\"_blank\" title=\"34-Precio p\u00fablico por la asistencia a actividades y espect\u00e1culos culturales organizados en la Casa de la Cultura (mod. 2025)\">34-Precio p\u00fablico por la asistencia a actividades y espect\u00e1culos culturales organizados en la Casa de la Cultura (mod. 2025)<\/a><\/li><li><a href=\"https:\/\/www.lafontdencarros.es\/wp-content\/uploads\/2026\/01\/a-orde35.pdf\" target=\"_blank\" title=\"35-Reglamento de funcionamiento de la comisi\u00f3n de seguimiento y control del servicio de abastecimiento de agua potable\">35-Reglamento de funcionamiento de la comisi\u00f3n de seguimiento y control del servicio de abastecimiento de agua potable<\/a><\/li><li><a href=\"https:\/\/www.lafontdencarros.es\/wp-content\/uploads\/2026\/01\/a-orde36.pdf\" target=\"_blank\" title=\"36-Ordenanza reguladora de la tasa por otorgamiento de licencias municipales de ocupaci\u00f3n\">36-Ordenanza reguladora de la tasa por otorgamiento de licencias municipales de ocupaci\u00f3n<\/a><\/li><li><a href=\"https:\/\/www.lafontdencarros.es\/wp-content\/uploads\/2026\/01\/a-orde37.pdf\" target=\"_blank\" title=\"37-Ordenanza reguladora de la concesi\u00f3n de licencias para la entrada y salida de veh\u00edculos a trav\u00e9s de las aceras, carga y desc\">37-Ordenanza reguladora de la concesi\u00f3n de licencias para la entrada y salida de veh\u00edculos a trav\u00e9s de las aceras, carga y desc<\/a><\/li><li><a href=\"https:\/\/www.lafontdencarros.es\/wp-content\/uploads\/2026\/01\/a-orde38.pdf\" target=\"_blank\" title=\"38-Ordenanza municipal de limpieza urbana\">38-Ordenanza municipal de limpieza urbana<\/a><\/li><li><a href=\"https:\/\/www.lafontdencarros.es\/wp-content\/uploads\/2026\/01\/A-ORDE39-mod.-39.pdf\" target=\"_blank\" title=\"39-ORDENANZA REGULADORA DEL PRECIO P\u00daBLICO POR UTILIZACI\u00d3N DE INSTALACIONES DEPORTIVAS (modificado 2024)\">39-ORDENANZA REGULADORA DEL PRECIO P\u00daBLICO POR UTILIZACI\u00d3N DE INSTALACIONES DEPORTIVAS (modificado 2024)<\/a><\/li><li><a href=\"https:\/\/www.lafontdencarros.es\/wp-content\/uploads\/2026\/01\/a-orde40.pdf\" target=\"_blank\" title=\"40-Ordenanza reguladora del canon de urbanizaci\u00f3n\">40-Ordenanza reguladora del canon de urbanizaci\u00f3n<\/a><\/li><li><a href=\"https:\/\/www.lafontdencarros.es\/wp-content\/uploads\/2026\/01\/a-orde41_ordenanza_fiscal_reguladora_de_la_tasa_por_la_concurrencia_a_los_procedimientos_de_seleccion_de_personal_.pdf\" target=\"_blank\" title=\"41- ORDENANZA FISCAL REGULADORA DE LA TASA POR LA CONCURRENCIA A LOS PROCEDIMIENTOS DE SELECCI\u00d3N DE PERSONAL\">41- ORDENANZA FISCAL REGULADORA DE LA TASA POR LA CONCURRENCIA A LOS PROCEDIMIENTOS DE SELECCI\u00d3N DE PERSONAL<\/a><\/li><li><a href=\"https:\/\/www.lafontdencarros.es\/wp-content\/uploads\/2026\/01\/A-ORDE42-mod.-2024.pdf\" target=\"_blank\" title=\"42-ORDENANZA REGULADORA DEL PRECIO PUBLICO POR LA PRESTACION DE ENSE\u00d1ANZAS ESPECIALES EN ESTABLECIMIENTOS MUNICIPALES (mod 2024)\">42-ORDENANZA REGULADORA DEL PRECIO PUBLICO POR LA PRESTACION DE ENSE\u00d1ANZAS ESPECIALES EN ESTABLECIMIENTOS MUNICIPALES (mod 2024)<\/a><\/li><li><a href=\"https:\/\/www.lafontdencarros.es\/wp-content\/uploads\/2026\/01\/a-orde43.pdf\" target=\"_blank\" title=\"43-Reglamento de participaci\u00f3n ciudadana\">43-Reglamento de participaci\u00f3n ciudadana<\/a><\/li><li><a href=\"https:\/\/www.lafontdencarros.es\/wp-content\/uploads\/2026\/01\/a-orde44.pdf\" target=\"_blank\" title=\"44-Ordenanza reguladora del precio p\u00fablico por el establecimiento de buzones concentrados pluridomiciliarios\">44-Ordenanza reguladora del precio p\u00fablico por el establecimiento de buzones concentrados pluridomiciliarios<\/a><\/li><li><a href=\"https:\/\/www.lafontdencarros.es\/wp-content\/uploads\/2026\/01\/A-ORDE46-mod.-setembre-2024.pdf\" target=\"_blank\" title=\"46-ORDENANZA FISCAL REGULADORA DE LA TASA POR RECOGIDA DE BASURAS Y RESIDUOS S\u00d3LIDOS URBANOS\">46-ORDENANZA FISCAL REGULADORA DE LA TASA POR RECOGIDA DE BASURAS Y RESIDUOS S\u00d3LIDOS URBANOS<\/a><\/li><li><a href=\"https:\/\/www.lafontdencarros.es\/wp-content\/uploads\/2026\/01\/a-orde47.pdf\" target=\"_blank\" title=\"47-Reglamento de la Comisi\u00f3n Especial de Sugerencias y Reclamaciones\">47-Reglamento de la Comisi\u00f3n Especial de Sugerencias y Reclamaciones<\/a><\/li><li><a href=\"https:\/\/www.lafontdencarros.es\/wp-content\/uploads\/2026\/01\/a-orde48.pdf\" target=\"_blank\" title=\"48-Reglamento del registro electr\u00f3nico\">48-Reglamento del registro electr\u00f3nico<\/a><\/li><li><a href=\"https:\/\/www.lafontdencarros.es\/wp-content\/uploads\/2026\/01\/a-orde49_modificacio_feb_2019.pdf\" target=\"_blank\" title=\"49-Ordenanza reguladora del precio p\u00fablico por el acceso y recepci\u00f3n de servicios de los parques municipales de la Plana y el Calvari\">49-Ordenanza reguladora del precio p\u00fablico por el acceso y recepci\u00f3n de servicios de los parques municipales de la Plana y el Calvari<\/a><\/li><li><a href=\"https:\/\/www.lafontdencarros.es\/wp-content\/uploads\/2026\/01\/a-orde50.pdf\" target=\"_blank\" title=\"50-Ordenanza reguladora de las sanciones por infracciones de tr\u00e1fico\">50-Ordenanza reguladora de las sanciones por infracciones de tr\u00e1fico<\/a><\/li><li><a href=\"https:\/\/www.lafontdencarros.es\/wp-content\/uploads\/2026\/01\/a-orde55.pdf\" target=\"_blank\" title=\"55-Reglamento regulador del Banco de Tierras de la Font d&#8217;en Carr\u00f2s\">55-Reglamento regulador del Banco de Tierras de la Font d&#8217;en Carr\u00f2s<\/a><\/li><li><a href=\"https:\/\/www.lafontdencarros.es\/wp-content\/uploads\/2026\/01\/a-orde51.pdf\" target=\"_blank\" title=\"51-Ordenanza sobre colombicultura y protecci\u00f3n del palomo deportivo\">51-Ordenanza sobre colombicultura y protecci\u00f3n del palomo deportivo<\/a><\/li><li><a href=\"https:\/\/www.lafontdencarros.es\/wp-content\/uploads\/2026\/01\/a-orde52.pdf\" target=\"_blank\" title=\"52-Reglamento del Consejo de los Ni\u00f1os\">52-Reglamento del Consejo de los Ni\u00f1os<\/a><\/li><li><a href=\"https:\/\/www.lafontdencarros.es\/wp-content\/uploads\/2026\/01\/a-orde53.pdf\" target=\"_blank\" title=\"53-Reglamento de organizaci\u00f3n y funcionamiento del Registro de Licitadores de la Font d&#8217;en Carr\u00f2s\">53-Reglamento de organizaci\u00f3n y funcionamiento del Registro de Licitadores de la Font d&#8217;en Carr\u00f2s<\/a><\/li><li><a href=\"https:\/\/www.lafontdencarros.es\/wp-content\/uploads\/2026\/01\/A-ORDE54-tinenca-i-proteccio-danimals-2021-05.pdf\" target=\"_blank\" title=\"54.-ORDENANZA DE LA TENENCIA Y PROTECCI\u00d3N DE ANIMALES\">54.-ORDENANZA DE LA TENENCIA Y PROTECCI\u00d3N DE ANIMALES<\/a><\/li><li><a href=\"https:\/\/www.lafontdencarros.es\/wp-content\/uploads\/2026\/01\/a-orde56-ordenanca_reguladora_terrasses_amb_finalitat_lucrativa_en_via_publica_desenrotllada_per_establiments_de_restauracio.pdf\" target=\"_blank\" title=\"56-Ordenanza Reguladora de Terrazas con Finalidad Lucrativa en la V\u00eda P\u00fablica desarrolladas por Establecimientos de Restauraci\u00f3n\">56-Ordenanza Reguladora de Terrazas con Finalidad Lucrativa en la V\u00eda P\u00fablica desarrolladas por Establecimientos de Restauraci\u00f3n<\/a><\/li><li><a href=\"https:\/\/www.lafontdencarros.es\/wp-content\/uploads\/2026\/01\/a-orde57_2.pdf\" target=\"_blank\" title=\"57-Ordenanza Reguladora de la Tasa por la Licencia Ambiental, Comunicaci\u00f3n Ambiental y Declaraci\u00f3n Responsable\">57-Ordenanza Reguladora de la Tasa por la Licencia Ambiental, Comunicaci\u00f3n Ambiental y Declaraci\u00f3n Responsable<\/a><\/li><li><a href=\"https:\/\/www.lafontdencarros.es\/wp-content\/uploads\/2026\/01\/A-ORDE584110.pdf\" target=\"_blank\" title=\"58.- Ordenanza fiscal general de gesti\u00f3n, recaudaci\u00f3n e inspecci\u00f3n de tributos y otros ingresos de derecho p\u00fablico local del Ayu\">58.- Ordenanza fiscal general de gesti\u00f3n, recaudaci\u00f3n e inspecci\u00f3n de tributos y otros ingresos de derecho p\u00fablico local del Ayu<\/a><\/li><li><a href=\"https:\/\/www.lafontdencarros.es\/wp-content\/uploads\/2026\/01\/A-ORDE593840.pdf\" target=\"_blank\" title=\"59-ORDENANZA REGULADORA DE LAS INSTALACIONES SOLARES FOTOVOLTAICAS DE AUTOCONSUMO CONECTADAS A LA RED\">59-ORDENANZA REGULADORA DE LAS INSTALACIONES SOLARES FOTOVOLTAICAS DE AUTOCONSUMO CONECTADAS A LA RED<\/a><\/li><li><a href=\"https:\/\/www.lafontdencarros.es\/wp-content\/uploads\/2026\/01\/A-ORDE60-19-07-2021.pdf\" target=\"_blank\" title=\"60-ORDENANZA PARA EL CONTROL DEL MOSQUITO TIGRE CON RELEVANCIA PARA LA SALUD P\u00daBLICA\">60-ORDENANZA PARA EL CONTROL DEL MOSQUITO TIGRE CON RELEVANCIA PARA LA SALUD P\u00daBLICA<\/a><\/li><li><a href=\"https:\/\/www.lafontdencarros.es\/wp-content\/uploads\/2026\/01\/A-ORDE61-novembre-2022.pdf\" target=\"_blank\" title=\"61-Ordenanza reguladora de la convivencia ciudadana\">61-Ordenanza reguladora de la convivencia ciudadana<\/a><\/li><li><a href=\"https:\/\/www.lafontdencarros.es\/wp-content\/uploads\/2026\/01\/A-ORDE62.pdf\" target=\"_blank\" title=\"62-Reglamento de organizaci\u00f3n y funcionamiento del ayuntamiento de la Font d\u2019en Carr\u00f2s\">62-Reglamento de organizaci\u00f3n y funcionamiento del ayuntamiento de la Font d\u2019en Carr\u00f2s<\/a><\/li><li><a href=\"https:\/\/www.lafontdencarros.es\/wp-content\/uploads\/2026\/01\/A-ORDE63.pdf\" target=\"_blank\" title=\"63-REGLAMENTO DEL R\u00c9GIMEN INTERIOR DEL CEMENTERIO MUNICIPAL DE LA FONT D\u2019EN CARR\u00d2S\">63-REGLAMENTO DEL R\u00c9GIMEN INTERIOR DEL CEMENTERIO MUNICIPAL DE LA FONT D\u2019EN CARR\u00d2S<\/a><\/li><li><a href=\"https:\/\/www.lafontdencarros.es\/wp-content\/uploads\/2026\/01\/A-ORDE64.pdf\" target=\"_blank\" title=\"64-ORDENANZA FISCAL REGULADORA DE LA TASA DEL CEMENTERIO MUNICIPAL DE LA FONT D\u2019EN CARR\u00d2S\">64-ORDENANZA FISCAL REGULADORA DE LA TASA DEL CEMENTERIO MUNICIPAL DE LA FONT D\u2019EN CARR\u00d2S<\/a><\/li><\/ul>\n","protected":false},"excerpt":{"rendered":"","protected":false},"author":1,"featured_media":0,"parent":0,"menu_order":0,"comment_status":"closed","ping_status":"closed","template":"plantilla-sin-side","meta":{"_acf_changed":false,"_uag_custom_page_level_css":"","footnotes":""},"class_list":["post-4690","page","type-page","status-publish","hentry"],"acf":[],"spectra_custom_meta":{"_wp_page_template":["plantilla-sin-side"],"rank_math_seo_score":["9"],"rank_math_internal_links_processed":["1"],"_uag_custom_page_level_css":[""],"footnotes":[""],"_wpml_word_count":["2"],"_wpml_media_duplicate":["1"],"_wpml_media_featured":["1"],"_top_nav_excluded":[""],"_cms_nav_minihome":[""],"_last_translation_edit_mode":["translation-editor"]},"uagb_featured_image_src":{"full":false,"thumbnail":false,"medium":false,"medium_large":false,"large":false,"thumblist":false,"thumbrelated":false,"meccarouselthumb":false,"gridsquare":false,"tileview":false,"1536x1536":false,"2048x2048":false},"uagb_author_info":{"display_name":"redaccion","author_link":"https:\/\/www.lafontdencarros.es\/es\/author\/redaccion\/"},"uagb_comment_info":0,"uagb_excerpt":null,"_links":{"self":[{"href":"https:\/\/www.lafontdencarros.es\/es\/wp-json\/wp\/v2\/pages\/4690","targetHints":{"allow":["GET"]}}],"collection":[{"href":"https:\/\/www.lafontdencarros.es\/es\/wp-json\/wp\/v2\/pages"}],"about":[{"href":"https:\/\/www.lafontdencarros.es\/es\/wp-json\/wp\/v2\/types\/page"}],"author":[{"embeddable":true,"href":"https:\/\/www.lafontdencarros.es\/es\/wp-json\/wp\/v2\/users\/1"}],"replies":[{"embeddable":true,"href":"https:\/\/www.lafontdencarros.es\/es\/wp-json\/wp\/v2\/comments?post=4690"}],"version-history":[{"count":0,"href":"https:\/\/www.lafontdencarros.es\/es\/wp-json\/wp\/v2\/pages\/4690\/revisions"}],"wp:attachment":[{"href":"https:\/\/www.lafontdencarros.es\/es\/wp-json\/wp\/v2\/media?parent=4690"}],"curies":[{"name":"wp","href":"https:\/\/api.w.org\/{rel}","templated":true}]}}