{"id":4684,"date":"2025-07-29T09:29:14","date_gmt":"2025-07-29T07:29:14","guid":{"rendered":"https:\/\/www.lafontdencarros.es\/oficina-de-promocio-de-lus-del-valencia\/"},"modified":"2025-11-12T15:30:29","modified_gmt":"2025-11-12T14:30:29","slug":"oficina-de-promocio-de-lus-del-valencia","status":"publish","type":"page","link":"https:\/\/www.lafontdencarros.es\/es\/oficina-de-promocio-de-lus-del-valencia\/","title":{"rendered":"Oficina de promoci\u00f3n del uso del valenciano"},"content":{"rendered":"\n<h3 class=\"wp-block-heading\">Oficina de promoci\u00f3n del uso del valenciano<\/h3>\n\n\n\n<p>La Oficina de Promoci\u00f3n del Uso del Valenciano es un servicio del Ayuntamiento de la Font d&#8217;en Carr\u00f2s que se encarga de promover el uso del valenciano en todos los \u00e1mbitos, tanto desde un punto de vista oral como escrito, en nuestro municipio.<\/p>\n\n\n\n<h3 class=\"wp-block-heading\">Sus funciones son:<\/h3>\n\n\n\n<ul class=\"wp-block-list mt-0\">\n<li>Traducci\u00f3n y correcci\u00f3n de cualquier tipo de texto (actas, resoluciones, pliegos, convenios, d\u00edpticos informativos\u2026) tanto del Ayuntamiento como, tambi\u00e9n, de cualquier asociaci\u00f3n o entidad sin \u00e1nimo de lucro que est\u00e9 ubicada en el municipio de la Font d&#8217;en Carr\u00f2s.<\/li>\n\n\n\n<li>Correcci\u00f3n de publicaciones editadas por el Ayuntamiento de la Font d&#8217;en Carr\u00f2s como por cualquier asociaci\u00f3n o entidad sin \u00e1nimo de lucro que est\u00e9 ubicada en el municipio de la Font d&#8217;en Carr\u00f2s, tanto de libros como d\u00edpticos, folletos informativos o libretos de fiestas.<\/li>\n\n\n\n<li>Asesoramiento ling\u00edstico sobre terminolog\u00eda, redacci\u00f3n de documentos, etc.<\/li>\n\n\n\n<li>Informaci\u00f3n sobre los ex\u00e1menes de la Junta Calificadora de Conocimientos de Valenciano (fechas, impresos, contenidos, bibliograf\u00eda\u2026)<\/li>\n\n\n\n<li>Realizaci\u00f3n de campa\u00f1as de promoci\u00f3n del valenciano.<\/li>\n\n\n\n<li>Programaci\u00f3n y realizaci\u00f3n de campa\u00f1as de normalizaci\u00f3n ling\u00fc\u00edstica, realizadas conjuntamente con otras administraciones.<\/li>\n\n\n\n<li>Realizaci\u00f3n de cursos de valenciano dirigidos a funcionarios y trabajadores de la administraci\u00f3n local.<\/li>\n<\/ul>\n\n\n\n<h3 class=\"wp-block-heading\">Junta calificadora de conocimientos de valenciano<\/h3>\n\n\n\n<div class=\"wp-block-uagb-buttons uagb-buttons__outer-wrap uagb-btn__default-btn uagb-btn-tablet__default-btn uagb-btn-mobile__default-btn uagb-block-034d839b\"><div class=\"uagb-buttons__wrap uagb-buttons-layout-wrap \">\n<div class=\"wp-block-uagb-buttons-child uagb-buttons__outer-wrap uagb-block-7c59f671 wp-block-button button--primary\"><div class=\"uagb-button__wrapper\"><a class=\"uagb-buttons-repeater wp-block-button__link\" aria-label=\"\" href=\"https:\/\/jqcv.gva.es\/va\/\" rel=\"nofollow noopener\" target=\"_blank\" role=\"button\"><div class=\"uagb-button__link\">Cita por internet<\/div><\/a><\/div><\/div>\n<\/div><\/div>\n","protected":false},"excerpt":{"rendered":"<p>Oficina de promoci\u00f3n del uso del valenciano La Oficina de Promoci\u00f3n del Uso del Valenciano es un servicio del Ayuntamiento de la Font d&#8217;en Carr\u00f2s que se encarga de promover el uso del valenciano en todos los \u00e1mbitos, tanto desde un punto de vista oral como escrito, en nuestro municipio. Sus funciones son: Junta calificadora [&hellip;]<\/p>\n","protected":false},"author":1,"featured_media":0,"parent":0,"menu_order":0,"comment_status":"closed","ping_status":"closed","template":"plantilla-google-maps","meta":{"_acf_changed":false,"_uag_custom_page_level_css":"","footnotes":""},"class_list":["post-4684","page","type-page","status-publish","hentry"],"acf":[],"spectra_custom_meta":{"_wp_page_template":["plantilla-google-maps"],"rank_math_internal_links_processed":["1"],"_wpml_word_count":["255"],"_wpml_location_migration_done":["1"],"rank_math_seo_score":["12"],"_uag_custom_page_level_css":[""],"footnotes":[""],"gmaps_subtitulo_debajo_imagen_destacada":[""],"_gmaps_subtitulo_debajo_imagen_destacada":["field_6881e23804d41"],"gmaps_google_maps":[""],"_gmaps_google_maps":["field_6881e0c104d40"],"gmaps_direccion":["Pla\u00e7a del Ajuntament, 17, (pl. primera de l\u2019ajuntament)  La Font d'en Carr\u00f2s"],"_gmaps_direccion":["field_6881e34104d42"],"gmaps_telefono":["96 283 30 00"],"_gmaps_telefono":["field_6881e36104d43"],"gmaps_informacion":[""],"_gmaps_informacion":["field_68872133566b7"],"gmaps_matricula":[""],"_gmaps_matricula":["field_68872147566b8"],"gmaps_periodo":[""],"_gmaps_periodo":["field_68872153566b9"],"gmaps_email":["arxiu@lafontdencarros.es"],"_gmaps_email":["field_6881e36b04d44"],"gmaps_instagram_titulo":[""],"_gmaps_instagram_titulo":["field_68820dfc9faf5"],"gmaps_titulo_pdf_1":[""],"_gmaps_titulo_pdf_1":["field_688735bf22d15"],"gmaps_subtitulo_pdf_1":[""],"_gmaps_subtitulo_pdf_1":["field_688735fb22d1a"],"gmaps_titulo_pdf_2":[""],"_gmaps_titulo_pdf_2":["field_688735e822d16"],"gmaps_subtitulo_pdf_2":[""],"_gmaps_subtitulo_pdf_2":["field_6887361322d1b"],"gmaps_titulo_pdf_3":[""],"_gmaps_titulo_pdf_3":["field_688735ed22d17"],"gmaps_subtitulo_pdf_3":[""],"_gmaps_subtitulo_pdf_3":["field_6887361822d1c"],"gmaps_titulo_pdf_4":[""],"_gmaps_titulo_pdf_4":["field_688735f022d18"],"gmaps_subtitulo_pdf_4":[""],"_gmaps_subtitulo_pdf_4":["field_6887361d22d1d"],"gmaps_titulo_pdf_5":[""],"_gmaps_titulo_pdf_5":["field_688735f522d19"],"gmaps_subtitulo_pdf_5":[""],"_gmaps_subtitulo_pdf_5":["field_6887362222d1e"],"_wpml_media_duplicate":["1"],"_wpml_media_featured":["1"],"_edit_lock":["1762957830:1"],"_last_translation_edit_mode":["native-editor"],"_edit_last":["1"]},"uagb_featured_image_src":{"full":false,"thumbnail":false,"medium":false,"medium_large":false,"large":false,"thumblist":false,"thumbrelated":false,"meccarouselthumb":false,"gridsquare":false,"tileview":false,"1536x1536":false,"2048x2048":false},"uagb_author_info":{"display_name":"redaccion","author_link":"https:\/\/www.lafontdencarros.es\/es\/author\/redaccion\/"},"uagb_comment_info":0,"uagb_excerpt":"Oficina de promoci\u00f3n del uso del valenciano La Oficina de Promoci\u00f3n del Uso del Valenciano es un servicio del Ayuntamiento de la Font d&#8217;en Carr\u00f2s que se encarga de promover el uso del valenciano en todos los \u00e1mbitos, tanto desde un punto de vista oral como escrito, en nuestro municipio. Sus funciones son: Junta calificadora&hellip;","_links":{"self":[{"href":"https:\/\/www.lafontdencarros.es\/es\/wp-json\/wp\/v2\/pages\/4684","targetHints":{"allow":["GET"]}}],"collection":[{"href":"https:\/\/www.lafontdencarros.es\/es\/wp-json\/wp\/v2\/pages"}],"about":[{"href":"https:\/\/www.lafontdencarros.es\/es\/wp-json\/wp\/v2\/types\/page"}],"author":[{"embeddable":true,"href":"https:\/\/www.lafontdencarros.es\/es\/wp-json\/wp\/v2\/users\/1"}],"replies":[{"embeddable":true,"href":"https:\/\/www.lafontdencarros.es\/es\/wp-json\/wp\/v2\/comments?post=4684"}],"version-history":[{"count":0,"href":"https:\/\/www.lafontdencarros.es\/es\/wp-json\/wp\/v2\/pages\/4684\/revisions"}],"wp:attachment":[{"href":"https:\/\/www.lafontdencarros.es\/es\/wp-json\/wp\/v2\/media?parent=4684"}],"curies":[{"name":"wp","href":"https:\/\/api.w.org\/{rel}","templated":true}]}}