{"id":4678,"date":"2025-07-29T09:41:46","date_gmt":"2025-07-29T07:41:46","guid":{"rendered":"https:\/\/www.lafontdencarros.es\/miram\/"},"modified":"2025-11-03T07:57:35","modified_gmt":"2025-11-03T06:57:35","slug":"miram","status":"publish","type":"page","link":"https:\/\/www.lafontdencarros.es\/es\/miram\/","title":{"rendered":"Mira&#8217;m"},"content":{"rendered":"\n<h2 class=\"wp-block-heading text--no-bg\"><strong>Informaci\u00f3n cultural de la Font d&#8217;en Carr\u00f2s<\/strong><\/h2>\n\n<p class=\"text--no-bg\">M\u00edra&#8217;m es el espacio mensual de informaci\u00f3n cultural de La Font d&#8217;en Carr\u00f2s. Cada mes encontrar\u00e1s todas las actividades culturales programadas en el municipio: teatro, m\u00fasica, exposiciones, talleres, cine, fiestas y mucho m\u00e1s.<\/p>\n\n<figure class=\"wp-block-image size-large\" style=\"margin-top:var(--wp--preset--spacing--50)\"><img decoding=\"async\" width=\"488\" height=\"390\" src=\"https:\/\/www.lafontdencarros.es\/wp-content\/uploads\/2025\/07\/miram.svg\" alt=\"\" class=\"wp-image-1413\"\/><\/figure>\n","protected":false},"excerpt":{"rendered":"<p>Informaci\u00f3n cultural de la Font d&#8217;en Carr\u00f2s M\u00edra&#8217;m es el espacio mensual de informaci\u00f3n cultural de La Font d&#8217;en Carr\u00f2s. Cada mes encontrar\u00e1s todas las actividades culturales programadas en el municipio: teatro, m\u00fasica, exposiciones, talleres, cine, fiestas y mucho m\u00e1s.<\/p>\n","protected":false},"author":1,"featured_media":0,"parent":0,"menu_order":0,"comment_status":"closed","ping_status":"closed","template":"plantilla-miram","meta":{"_acf_changed":false,"_uag_custom_page_level_css":"","footnotes":""},"class_list":["post-4678","page","type-page","status-publish","hentry"],"acf":[],"spectra_custom_meta":{"_wp_page_template":["plantilla-miram"],"rank_math_internal_links_processed":["1"],"_wpml_word_count":["49"],"rank_math_seo_score":["10"],"_wpml_location_migration_done":["1"],"_uag_custom_page_level_css":[""],"footnotes":[""],"_wpml_media_duplicate":["1"],"_wpml_media_featured":["1"],"rank_math_og_content_image":["a:2:{s:5:\"check\";s:32:\"65fdc82ce64d6239d48f872dd899932c\";s:6:\"images\";a:1:{i:0;i:1413;}}"],"_top_nav_excluded":[""],"_cms_nav_minihome":[""],"_last_translation_edit_mode":["translation-editor"]},"uagb_featured_image_src":{"full":false,"thumbnail":false,"medium":false,"medium_large":false,"large":false,"thumblist":false,"thumbrelated":false,"meccarouselthumb":false,"gridsquare":false,"tileview":false,"1536x1536":false,"2048x2048":false},"uagb_author_info":{"display_name":"redaccion","author_link":"https:\/\/www.lafontdencarros.es\/es\/author\/redaccion\/"},"uagb_comment_info":0,"uagb_excerpt":"Informaci\u00f3n cultural de la Font d&#8217;en Carr\u00f2s M\u00edra&#8217;m es el espacio mensual de informaci\u00f3n cultural de La Font d&#8217;en Carr\u00f2s. Cada mes encontrar\u00e1s todas las actividades culturales programadas en el municipio: teatro, m\u00fasica, exposiciones, talleres, cine, fiestas y mucho m\u00e1s.","_links":{"self":[{"href":"https:\/\/www.lafontdencarros.es\/es\/wp-json\/wp\/v2\/pages\/4678","targetHints":{"allow":["GET"]}}],"collection":[{"href":"https:\/\/www.lafontdencarros.es\/es\/wp-json\/wp\/v2\/pages"}],"about":[{"href":"https:\/\/www.lafontdencarros.es\/es\/wp-json\/wp\/v2\/types\/page"}],"author":[{"embeddable":true,"href":"https:\/\/www.lafontdencarros.es\/es\/wp-json\/wp\/v2\/users\/1"}],"replies":[{"embeddable":true,"href":"https:\/\/www.lafontdencarros.es\/es\/wp-json\/wp\/v2\/comments?post=4678"}],"version-history":[{"count":0,"href":"https:\/\/www.lafontdencarros.es\/es\/wp-json\/wp\/v2\/pages\/4678\/revisions"}],"wp:attachment":[{"href":"https:\/\/www.lafontdencarros.es\/es\/wp-json\/wp\/v2\/media?parent=4678"}],"curies":[{"name":"wp","href":"https:\/\/api.w.org\/{rel}","templated":true}]}}