{"id":4668,"date":"2025-08-06T12:07:40","date_gmt":"2025-08-06T10:07:40","guid":{"rendered":"https:\/\/www.lafontdencarros.es\/medi-ambient\/alliberat\/"},"modified":"2025-11-03T07:48:35","modified_gmt":"2025-11-03T06:48:35","slug":"alliberat","status":"publish","type":"page","link":"https:\/\/www.lafontdencarros.es\/es\/medi-ambient\/alliberat\/","title":{"rendered":"Allibera&#8217;t"},"content":{"rendered":"\n<p>Con periodicidad semestral, desde el a\u00f1o 2022, en primavera y oto\u00f1o, se realiza el mercado liberate en el parque tirano y carmesina. Este mercado fomenta la reutilizaci\u00f3n, y por tanto de poder dar una segunda vida a las cosas que no necesitamos y que otras personas las puedan aprovechar.<\/p>\n\n\n\n<p>Adem\u00e1s, se realiza una feria de libros de segunda mano, artesan\u00eda y productores locales, alimentaci\u00f3n local y ecol\u00f3gica, actividades y juegos infantiles y m\u00fasica en directo.<\/p>\n","protected":false},"excerpt":{"rendered":"<p>Con periodicidad semestral, desde el a\u00f1o 2022, en primavera y oto\u00f1o, se realiza el mercado liberate en el parque tirano y carmesina. Este mercado fomenta la reutilizaci\u00f3n, y por tanto de poder dar una segunda vida a las cosas que no necesitamos y que otras personas las puedan aprovechar. Adem\u00e1s, se realiza una feria de [&hellip;]<\/p>\n","protected":false},"author":1,"featured_media":0,"parent":4664,"menu_order":0,"comment_status":"closed","ping_status":"closed","template":"plantilla-google-maps","meta":{"_acf_changed":false,"_uag_custom_page_level_css":"","footnotes":""},"class_list":["post-4668","page","type-page","status-publish","hentry"],"acf":[],"spectra_custom_meta":{"_wp_page_template":["plantilla-google-maps"],"rank_math_internal_links_processed":["1"],"_wpml_word_count":["80"],"rank_math_seo_score":["9"],"_uag_custom_page_level_css":[""],"footnotes":[""],"_wpml_location_migration_done":["1"],"gmaps_subtitulo_debajo_imagen_destacada":[""],"_gmaps_subtitulo_debajo_imagen_destacada":["field_6881e23804d41"],"gmaps_google_maps":[""],"_gmaps_google_maps":["field_6881e0c104d40"],"gmaps_direccion":[""],"_gmaps_direccion":["field_6881e34104d42"],"gmaps_telefono":[""],"_gmaps_telefono":["field_6881e36104d43"],"gmaps_informacion":[""],"_gmaps_informacion":["field_68872133566b7"],"gmaps_matricula":[""],"_gmaps_matricula":["field_68872147566b8"],"gmaps_periodo":[""],"_gmaps_periodo":["field_68872153566b9"],"gmaps_instagram_titulo":[""],"_gmaps_instagram_titulo":["field_68820dfc9faf5"],"gmaps_titulo_pdf_1":[""],"_gmaps_titulo_pdf_1":["field_688735bf22d15"],"gmaps_subtitulo_pdf_1":[""],"_gmaps_subtitulo_pdf_1":["field_688735fb22d1a"],"gmaps_titulo_pdf_2":[""],"_gmaps_titulo_pdf_2":["field_688735e822d16"],"gmaps_subtitulo_pdf_2":[""],"_gmaps_subtitulo_pdf_2":["field_6887361322d1b"],"gmaps_titulo_pdf_3":[""],"_gmaps_titulo_pdf_3":["field_688735ed22d17"],"gmaps_subtitulo_pdf_3":[""],"_gmaps_subtitulo_pdf_3":["field_6887361822d1c"],"gmaps_titulo_pdf_4":[""],"_gmaps_titulo_pdf_4":["field_688735f022d18"],"gmaps_subtitulo_pdf_4":[""],"_gmaps_subtitulo_pdf_4":["field_6887361d22d1d"],"gmaps_titulo_pdf_5":[""],"_gmaps_titulo_pdf_5":["field_688735f522d19"],"gmaps_subtitulo_pdf_5":[""],"_gmaps_subtitulo_pdf_5":["field_6887362222d1e"],"_wpml_media_duplicate":["1"],"_wpml_media_featured":["1"],"_edit_lock":["1762152522:1"],"_last_translation_edit_mode":["native-editor"],"_edit_last":["1"]},"uagb_featured_image_src":{"full":false,"thumbnail":false,"medium":false,"medium_large":false,"large":false,"thumblist":false,"thumbrelated":false,"meccarouselthumb":false,"gridsquare":false,"tileview":false,"1536x1536":false,"2048x2048":false},"uagb_author_info":{"display_name":"redaccion","author_link":"https:\/\/www.lafontdencarros.es\/es\/author\/redaccion\/"},"uagb_comment_info":0,"uagb_excerpt":"Con periodicidad semestral, desde el a\u00f1o 2022, en primavera y oto\u00f1o, se realiza el mercado liberate en el parque tirano y carmesina. Este mercado fomenta la reutilizaci\u00f3n, y por tanto de poder dar una segunda vida a las cosas que no necesitamos y que otras personas las puedan aprovechar. Adem\u00e1s, se realiza una feria de&hellip;","_links":{"self":[{"href":"https:\/\/www.lafontdencarros.es\/es\/wp-json\/wp\/v2\/pages\/4668","targetHints":{"allow":["GET"]}}],"collection":[{"href":"https:\/\/www.lafontdencarros.es\/es\/wp-json\/wp\/v2\/pages"}],"about":[{"href":"https:\/\/www.lafontdencarros.es\/es\/wp-json\/wp\/v2\/types\/page"}],"author":[{"embeddable":true,"href":"https:\/\/www.lafontdencarros.es\/es\/wp-json\/wp\/v2\/users\/1"}],"replies":[{"embeddable":true,"href":"https:\/\/www.lafontdencarros.es\/es\/wp-json\/wp\/v2\/comments?post=4668"}],"version-history":[{"count":0,"href":"https:\/\/www.lafontdencarros.es\/es\/wp-json\/wp\/v2\/pages\/4668\/revisions"}],"up":[{"embeddable":true,"href":"https:\/\/www.lafontdencarros.es\/es\/wp-json\/wp\/v2\/pages\/4664"}],"wp:attachment":[{"href":"https:\/\/www.lafontdencarros.es\/es\/wp-json\/wp\/v2\/media?parent=4668"}],"curies":[{"name":"wp","href":"https:\/\/api.w.org\/{rel}","templated":true}]}}