{"id":4631,"date":"2025-07-22T09:11:00","date_gmt":"2025-07-22T07:11:00","guid":{"rendered":"https:\/\/www.lafontdencarros.es\/el-poble\/"},"modified":"2025-11-12T11:37:28","modified_gmt":"2025-11-12T10:37:28","slug":"el-poble","status":"publish","type":"page","link":"https:\/\/www.lafontdencarros.es\/es\/el-poble\/","title":{"rendered":"El Pueblo"},"content":{"rendered":"\n<p>Es un municipio de la Comunitat Valenciana, Espa\u00f1a. Situado en el sudeste de la provincia de Valencia, en la comarca de la Safor ya 6 kil\u00f3metros de Gandia. Cuenta con 4200 habitantes en 2025.<\/p>\n\n<h3 class=\"wp-block-heading\">Barrios y pedan\u00edas<\/h3>\n\n<p>En su t\u00e9rmino municipal se encuentran tambi\u00e9n los siguientes n\u00facleos de poblaci\u00f3n:<\/p>\n\n<ul class=\"wp-block-list is-style-default mt-0\">\n<li>Tossal Gros\u00a0<\/li>\n\n\n\n<li>El Panorama\u00a0<\/li>\n\n\n\n<li>La Plana\u00a0<\/li>\n\n\n\n<li>La Cava\u00a0<\/li>\n\n\n\n<li>El Calvario<\/li>\n<\/ul>\n\n<h3 class=\"wp-block-heading\">Localidades lim\u00edtrofes<\/h3>\n\n<p>El t\u00e9rmino municipal de la Font d&#8217;en Carr\u00f2s limita con las siguientes localidades: la Alquer\u00eda de la Condesa, Beniarj\u00f3, Benifl\u00e1, Oliva, Potries, Rafelcofer y Villalonga, todas ellas de la provincia de Valencia.<\/p>\n","protected":false},"excerpt":{"rendered":"<p>Es un municipio de la Comunitat Valenciana, Espa\u00f1a. Situado en el sudeste de la provincia de Valencia, en la comarca de la Safor ya 6 kil\u00f3metros de Gandia. Cuenta con 4200 habitantes en 2025. Barrios y pedan\u00edas En su t\u00e9rmino municipal se encuentran tambi\u00e9n los siguientes n\u00facleos de poblaci\u00f3n: Localidades lim\u00edtrofes El t\u00e9rmino municipal de [&hellip;]<\/p>\n","protected":false},"author":1,"featured_media":832,"parent":0,"menu_order":0,"comment_status":"closed","ping_status":"closed","template":"plantilla-side-tres-imagenes","meta":{"_acf_changed":false,"_uag_custom_page_level_css":"","footnotes":""},"class_list":["post-4631","page","type-page","status-publish","has-post-thumbnail","hentry"],"acf":[],"spectra_custom_meta":{"_wp_page_template":["plantilla-side-tres-imagenes"],"rank_math_internal_links_processed":["1"],"_wpml_word_count":["102"],"_uag_custom_page_level_css":[""],"footnotes":[""],"_ptis_subtitulo_debajo_imagen_destacada":["field_687f38c16cb2f"],"ptis_imagen_1":["834"],"_ptis_imagen_1":["field_687f31277f984"],"ptis_imagen_2":["837"],"_ptis_imagen_2":["field_687f31687f985"],"ptis_imagen_3":["840"],"_ptis_imagen_3":["field_687f316a7f986"],"_wpml_media_duplicate":["1"],"_wpml_media_featured":["1"],"rank_math_seo_score":["14"],"_wpml_location_migration_done":["1"],"_thumbnail_id":["832"],"_top_nav_excluded":[""],"_cms_nav_minihome":[""],"ptis_subtitulo_debajo_imagen_destacada":["La Font d\u2019En Carr\u00f2s"],"_last_translation_edit_mode":["translation-editor"]},"uagb_featured_image_src":{"full":["https:\/\/www.lafontdencarros.es\/wp-content\/uploads\/2025\/07\/el-poble.webp",872,398,false],"thumbnail":["https:\/\/www.lafontdencarros.es\/wp-content\/uploads\/2025\/07\/el-poble-150x150.webp",150,150,true],"medium":["https:\/\/www.lafontdencarros.es\/wp-content\/uploads\/2025\/07\/el-poble-300x137.webp",300,137,true],"medium_large":["https:\/\/www.lafontdencarros.es\/wp-content\/uploads\/2025\/07\/el-poble-768x351.webp",768,351,true],"large":["https:\/\/www.lafontdencarros.es\/wp-content\/uploads\/2025\/07\/el-poble.webp",872,398,false],"thumblist":["https:\/\/www.lafontdencarros.es\/wp-content\/uploads\/2025\/07\/el-poble-300x300.webp",300,300,true],"thumbrelated":["https:\/\/www.lafontdencarros.es\/wp-content\/uploads\/2025\/07\/el-poble-500x398.webp",500,398,true],"meccarouselthumb":["https:\/\/www.lafontdencarros.es\/wp-content\/uploads\/2025\/07\/el-poble-474x324.webp",474,324,true],"gridsquare":["https:\/\/www.lafontdencarros.es\/wp-content\/uploads\/2025\/07\/el-poble-391x260.webp",391,260,true],"tileview":["https:\/\/www.lafontdencarros.es\/wp-content\/uploads\/2025\/07\/el-poble-300x398.webp",300,398,true],"1536x1536":["https:\/\/www.lafontdencarros.es\/wp-content\/uploads\/2025\/07\/el-poble.webp",872,398,false],"2048x2048":["https:\/\/www.lafontdencarros.es\/wp-content\/uploads\/2025\/07\/el-poble.webp",872,398,false]},"uagb_author_info":{"display_name":"redaccion","author_link":"https:\/\/www.lafontdencarros.es\/es\/author\/redaccion\/"},"uagb_comment_info":0,"uagb_excerpt":"Es un municipio de la Comunitat Valenciana, Espa\u00f1a. Situado en el sudeste de la provincia de Valencia, en la comarca de la Safor ya 6 kil\u00f3metros de Gandia. Cuenta con 4200 habitantes en 2025. Barrios y pedan\u00edas En su t\u00e9rmino municipal se encuentran tambi\u00e9n los siguientes n\u00facleos de poblaci\u00f3n: Localidades lim\u00edtrofes El t\u00e9rmino municipal de&hellip;","_links":{"self":[{"href":"https:\/\/www.lafontdencarros.es\/es\/wp-json\/wp\/v2\/pages\/4631","targetHints":{"allow":["GET"]}}],"collection":[{"href":"https:\/\/www.lafontdencarros.es\/es\/wp-json\/wp\/v2\/pages"}],"about":[{"href":"https:\/\/www.lafontdencarros.es\/es\/wp-json\/wp\/v2\/types\/page"}],"author":[{"embeddable":true,"href":"https:\/\/www.lafontdencarros.es\/es\/wp-json\/wp\/v2\/users\/1"}],"replies":[{"embeddable":true,"href":"https:\/\/www.lafontdencarros.es\/es\/wp-json\/wp\/v2\/comments?post=4631"}],"version-history":[{"count":0,"href":"https:\/\/www.lafontdencarros.es\/es\/wp-json\/wp\/v2\/pages\/4631\/revisions"}],"wp:featuredmedia":[{"embeddable":true,"href":"https:\/\/www.lafontdencarros.es\/es\/wp-json\/wp\/v2\/media\/832"}],"wp:attachment":[{"href":"https:\/\/www.lafontdencarros.es\/es\/wp-json\/wp\/v2\/media?parent=4631"}],"curies":[{"name":"wp","href":"https:\/\/api.w.org\/{rel}","templated":true}]}}