{"id":4625,"date":"2025-07-28T08:42:35","date_gmt":"2025-07-28T06:42:35","guid":{"rendered":"https:\/\/www.lafontdencarros.es\/educacio\/escola-infantil-municipal\/"},"modified":"2025-10-30T09:56:19","modified_gmt":"2025-10-30T08:56:19","slug":"escola-infantil-municipal","status":"publish","type":"page","link":"https:\/\/www.lafontdencarros.es\/es\/educacio\/escola-infantil-municipal\/","title":{"rendered":"Escuela infantil municipal"},"content":{"rendered":"\n<h3 class=\"wp-block-heading internalLink\">Ninos, escuela infantil municipal<\/h3>\n\n\n\n<p>La Escuela Infantil Municipal de la Font d&#8217;en Carr\u00f2s, situada en C\/ Blasco Ib\u00e1\u00f1ez 3 para ni\u00f1os y ni\u00f1as de 0 a 3 a\u00f1os nace con la idea de ofrecer un servicio de calidad a las familias y con la tarea fundamental de favorecer y conseguir un \u00f3ptimo desarrollo afectivo y lleno tanto de ni\u00f1as como de ni\u00f1os.<\/p>\n\n\n\n<p>Este compromiso completo, que ampl\u00eda la oferta de servicios p\u00fablicos de nuestro municipio, permite que avancemos en dos l\u00edneas de trabajo que han sido fundamentales en nuestra pol\u00edtica municipal: por un lado se continua con la decidida apuesta por la educaci\u00f3n de calidad para todos como recurso fundamental a la hora de garantizar la igualdad de oportunidades, y por otra, abundamos en el camino de la corresponsabilidad social entre hombres y mujeres compatibilizar de la mejor forma la vida familiar y laboral.<\/p>\n\n\n\n<h3 class=\"wp-block-heading internalLink\">Proyecto Educativo<\/h3>\n\n\n\n<p>La etapa 0 \u2013 3 a\u00f1os es un per\u00edodo de corto tiempo en el que se producen grandes cambios evolutivos. Nuestro proyecto educativo quiere respetar el propio ritmo de aprendizaje de cada uno fomentando un conocimiento diverso que proporcione un pensamiento abierto y creativo.<\/p>\n\n\n\n<p>Nuestro proyecto se basa en una metodolog\u00eda emprendedora e innovadora donde ofrecemos propuestas educativas diferenciadoras y por tanto las actividades son de manipulaci\u00f3n, experimentaci\u00f3n, participaci\u00f3n y motivadoras para despertar el inter\u00e9s por aprender. El objetivo es desarrollar habilidades y capacidades personales, que es lo que llamamos COMPETENCIAS.<\/p>\n\n\n\n<p>En NINOS, desde la pr\u00e1ctica de los principios cooperativos, apostamos por un modelo educativo en el que se da prioridad al emprendimiento. En nuestro modelo de trabajo por competencias emprendedoras fomentamos entre nuestro alumnado la iniciativa, la creatividad, la actitud positiva, la gesti\u00f3n de las emociones y el trabajo en equipo, entre otros valores emprendedores. Ofrecemos herramientas para tener mayor autonom\u00eda, capacidad de decisi\u00f3n y seguridad en el d\u00eda a d\u00eda, con una actitud positiva, afectiva, resolutiva y participativa, poniendo en valor lo mejor de cada persona.<\/p>\n\n\n\n<h3 class=\"wp-block-heading internalLink\">Servicios que presta la escuela<\/h3>\n\n\n\n<p>La escolaridad de 9-12,00 y de 15 a 17 horas.<\/p>\n\n\n\n<ul class=\"wp-block-list mt-0\">\n<li>Gabinete psicopedag\u00f3gico propio.<\/li>\n\n\n\n<li>Atenci\u00f3n temprana.<\/li>\n\n\n\n<li>Psicomotricidad.<\/li>\n\n\n\n<li>Talleres de m\u00fasica e idiomas.<\/li>\n\n\n\n<li>Tutor\u00edas con familiares responsables.<\/li>\n\n\n\n<li>Zona de Lactancia.<\/li>\n\n\n\n<li>Durante los meses de junio y septiembre se mantiene el servicio por las tardes, as\u00ed como los d\u00edas de apertura consensuados con el equipo municipal de las fiestas de Navidad, Fallas y Semana Santa, sin coste adicional para las familias.<\/li>\n<\/ul>\n\n\n\n<h3 class=\"wp-block-heading internalLink\">Servicios adicionales (Supeditados a la demanda)<\/h3>\n\n\n\n<p>Comedor, de cocina de elaboraci\u00f3n propia y con men\u00fas adaptados a intolerancias, alergias y dietas.<\/p>\n\n\n\n<ul class=\"wp-block-list mt-0\">\n<li>Horario de conciliaci\u00f3n familiar (que comprende aproximadamente desde las 7:00 hasta las 20:00 horas).<\/li>\n\n\n\n<li>Actividades complementarias (excursiones).<\/li>\n\n\n\n<li>Vestuario escolar.<\/li>\n\n\n\n<li>Material escolar y did\u00e1ctico.<\/li>\n\n\n\n<li>Escuela de Idiomas de Florida Universitaria para alumnado de 3 a 6 a\u00f1os (Idiomas ingl\u00e9s y alem\u00e1n).<\/li>\n\n\n\n<li>Escuelas de Navidad, Pascua y Verano.<\/li>\n<\/ul>\n\n\n\n<h3 class=\"wp-block-heading internalLink\">Caracter\u00edsticas de la escuela<\/h3>\n\n\n\n<p>Es una Escuela Autorizada y Homologada por la Consejer\u00eda de Educaci\u00f3n. Cumpliendo as\u00ed con los requisitos referidos a sus instalaciones, equipamiento o personal.<\/p>\n\n\n\n<ul class=\"wp-block-list mt-0\">\n<li>El coste de la escolarizaci\u00f3n est\u00e1 cubierto parcialmente por ayudas p\u00fablicas y el resto directamente por las familias.<\/li>\n\n\n\n<li>Presenta instalaciones innovadoras, con todas las necesidades que requiere este tipo de edificaciones, construidas bajo criterios pedag\u00f3gicos y evolutivos que adecuan los espacios a cada edad. Es una escuela dise\u00f1ada para el desarrollo integral del alumnado.<\/li>\n\n\n\n<li>Las instalaciones se complementan con un comedor, un patio de juegos y una sala de usos m\u00faltiples.<\/li>\n\n\n\n<li>Todas las aulas confluyen y est\u00e1n vinculadas al espacio exterior de juegos. Entre todas las aulas se emplazan los aseos para los servicios higi\u00e9nicos que son espacios acristalados para facilitar el control del alumnado.<\/li>\n\n\n\n<li>De la atenci\u00f3n de los ni\u00f1os y ni\u00f1as se encarga un equipo de especialistas con titulaci\u00f3n.<\/li>\n\n\n\n<li>La escuela presenta unas instalaciones educativas de m\u00e1s de 440m2 y m\u00e1s de 860m2 de patio de juegos en un recinto de unos 1.300m2.<\/li>\n\n\n\n<li>La escuela dispone de 6 aulas claramente diferenciadas seg\u00fan su edad, con capacidad para 93 plazas. Cumpliendo la normativa de 8 plazas en el aula de 0-2 a\u00f1os, 13 plazas en la 1-2 a\u00f1os, 15 plazas en 1-3 y 20 plazas en la de 2-3 a\u00f1os.<\/li>\n\n\n\n<li>La escuela infantil presenta un estudiado proyecto pedag\u00f3gico propio, basado en la adquisici\u00f3n de competencias personales, desarrollado por profesionales con m\u00e1s de 30 a\u00f1os de experiencia.<\/li>\n<\/ul>\n\n\n\n<h2 class=\"wp-block-heading internalLink text--no-bg\">Nuestras cinco competencias NINOS son:<\/h2>\n\n\n\n<h3 class=\"wp-block-heading\">Jugar con la imaginaci\u00f3n<\/h3>\n\n\n\n<p>Crear libremente, utilizando diversos materiales, para favorecer la creatividad, transformar el espacio a partir de la experimentaci\u00f3n y la manipulaci\u00f3n mediante la m\u00fasica, la literatura y la expresi\u00f3n corporal.<\/p>\n\n\n\n<h3 class=\"wp-block-heading\">Vivir con una sonrisa<\/h3>\n\n\n\n<p>Realizar las actividades de cada d\u00eda con alegr\u00eda avanzando con ilusi\u00f3n. Encontrar oportunidades en los Nuevos retos. Valorar la parte positiva del trabajo ajeno.<\/p>\n\n\n\n<h3 class=\"wp-block-heading\">Pensar con el cuerpo<\/h3>\n\n\n\n<p>Hacerse preguntas y buscar la soluci\u00f3n confiando en uno\/a mismo\/a. Ser flexible frente a las diferentes alternativas, asumiendo los riesgos de forma aut\u00f3noma para descubrir las propias oportunidades.<\/p>\n\n\n\n<h3 class=\"wp-block-heading\">Hablar con las emociones<\/h3>\n\n\n\n<p>Hacer crecer las palabras bonitas expresando de forma apropiada los sentimientos. Resolver conflictos en diferentes situaciones de forma respetuosa, sin miedo.<\/p>\n\n\n\n<h3 class=\"wp-block-heading\">Crecer conviviendo<\/h3>\n\n\n\n<p>Participar y colaborar en las experiencias de la escuela descubri\u00e9ndola y respet\u00e1ndola. Entender el entorno como parte de la escuela invitando a las familias y amigos a unirse a nosotros. Entender que todos somos especiales y \u00fanicos y disfrutar de la diversidad.<\/p>\n\n\n\n<p>Nuestra propuesta educativa se desarrolla a trav\u00e9s de lo que llamamos \u00abMons\u00bb. Dentro de cada \u00abMundo\u00bb se dan las condiciones necesarias para el progresivo desarrollo de las competencias NINOS. Una ambientaci\u00f3n motivadora y estimulante, espacios c\u00e1lidos de acogida, momentos de sorpresa, espacios de encuentro que invitan a los ni\u00f1os a explorar y manipular. Todo esto con una cuidadosa selecci\u00f3n de los materiales y del desarrollo de las actividades.<\/p>\n","protected":false},"excerpt":{"rendered":"<p>Ninos, escuela infantil municipal La Escuela Infantil Municipal de la Font d&#8217;en Carr\u00f2s, situada en C\/ Blasco Ib\u00e1\u00f1ez 3 para ni\u00f1os y ni\u00f1as de 0 a 3 a\u00f1os nace con la idea de ofrecer un servicio de calidad a las familias y con la tarea fundamental de favorecer y conseguir un \u00f3ptimo desarrollo afectivo y [&hellip;]<\/p>\n","protected":false},"author":1,"featured_media":1152,"parent":4612,"menu_order":0,"comment_status":"closed","ping_status":"closed","template":"plantilla-google-maps","meta":{"_acf_changed":false,"_uag_custom_page_level_css":"","footnotes":""},"class_list":["post-4625","page","type-page","status-publish","has-post-thumbnail","hentry"],"acf":[],"spectra_custom_meta":{"_wp_page_template":["plantilla-google-maps"],"rank_math_internal_links_processed":["1"],"_wpml_word_count":["1055"],"_wpml_location_migration_done":["1"],"rank_math_seo_score":["17"],"_uag_custom_page_level_css":[""],"footnotes":[""],"gmaps_subtitulo_debajo_imagen_destacada":[""],"_gmaps_subtitulo_debajo_imagen_destacada":["field_6881e23804d41"],"gmaps_google_maps":[""],"_gmaps_google_maps":["field_6881e0c104d40"],"gmaps_direccion":["C\/ Blasco Ib\u00e1\u00f1ez, 3, La Font d\u2019en Carr\u00f2s"],"_gmaps_direccion":["field_6881e34104d42"],"gmaps_telefono":["96 283 40 89 "],"_gmaps_telefono":["field_6881e36104d43"],"gmaps_email":["infolafontdencarros@escolesinfantilsninos.com"],"_gmaps_email":["field_6881e36b04d44"],"gmaps_enlace":["https:\/\/www.escolesinfantilsninos.com"],"_gmaps_enlace":["field_688717a80050c"],"gmaps_facebook":["https:\/\/www.facebook.com\/EscolesNinos"],"_gmaps_facebook":["field_68820de99faf4"],"gmaps_instagram_titulo":[""],"_gmaps_instagram_titulo":["field_68820dfc9faf5"],"_wpml_media_duplicate":["1"],"_wpml_media_featured":["1"],"mec_location_id":["0"],"mec_additional_location_ids":["a:0:{}"],"mec_organizer_id":["0"],"mec_additional_organizer_ids":["a:0:{}"],"_thumbnail_id":["1152"],"_edit_lock":["1761814585:1"],"_last_translation_edit_mode":["native-editor"],"_edit_last":["1"],"gmaps_informacion":[""],"_gmaps_informacion":["field_68872133566b7"],"gmaps_matricula":[""],"_gmaps_matricula":["field_68872147566b8"],"gmaps_periodo":[""],"_gmaps_periodo":["field_68872153566b9"],"gmaps_titulo_pdf_1":[""],"_gmaps_titulo_pdf_1":["field_688735bf22d15"],"gmaps_subtitulo_pdf_1":[""],"_gmaps_subtitulo_pdf_1":["field_688735fb22d1a"],"gmaps_titulo_pdf_2":[""],"_gmaps_titulo_pdf_2":["field_688735e822d16"],"gmaps_subtitulo_pdf_2":[""],"_gmaps_subtitulo_pdf_2":["field_6887361322d1b"],"gmaps_titulo_pdf_3":[""],"_gmaps_titulo_pdf_3":["field_688735ed22d17"],"gmaps_subtitulo_pdf_3":[""],"_gmaps_subtitulo_pdf_3":["field_6887361822d1c"],"gmaps_titulo_pdf_4":[""],"_gmaps_titulo_pdf_4":["field_688735f022d18"],"gmaps_subtitulo_pdf_4":[""],"_gmaps_subtitulo_pdf_4":["field_6887361d22d1d"],"gmaps_titulo_pdf_5":[""],"_gmaps_titulo_pdf_5":["field_688735f522d19"],"gmaps_subtitulo_pdf_5":[""],"_gmaps_subtitulo_pdf_5":["field_6887362222d1e"]},"uagb_featured_image_src":{"full":["https:\/\/www.lafontdencarros.es\/wp-content\/uploads\/2025\/07\/escola-infantil-municipal.webp",872,398,false],"thumbnail":["https:\/\/www.lafontdencarros.es\/wp-content\/uploads\/2025\/07\/escola-infantil-municipal-150x150.webp",150,150,true],"medium":["https:\/\/www.lafontdencarros.es\/wp-content\/uploads\/2025\/07\/escola-infantil-municipal-300x137.webp",300,137,true],"medium_large":["https:\/\/www.lafontdencarros.es\/wp-content\/uploads\/2025\/07\/escola-infantil-municipal-768x351.webp",768,351,true],"large":["https:\/\/www.lafontdencarros.es\/wp-content\/uploads\/2025\/07\/escola-infantil-municipal.webp",872,398,false],"thumblist":["https:\/\/www.lafontdencarros.es\/wp-content\/uploads\/2025\/07\/escola-infantil-municipal-300x300.webp",300,300,true],"thumbrelated":["https:\/\/www.lafontdencarros.es\/wp-content\/uploads\/2025\/07\/escola-infantil-municipal-500x398.webp",500,398,true],"meccarouselthumb":["https:\/\/www.lafontdencarros.es\/wp-content\/uploads\/2025\/07\/escola-infantil-municipal-474x324.webp",474,324,true],"gridsquare":["https:\/\/www.lafontdencarros.es\/wp-content\/uploads\/2025\/07\/escola-infantil-municipal-391x260.webp",391,260,true],"tileview":["https:\/\/www.lafontdencarros.es\/wp-content\/uploads\/2025\/07\/escola-infantil-municipal-300x398.webp",300,398,true],"1536x1536":["https:\/\/www.lafontdencarros.es\/wp-content\/uploads\/2025\/07\/escola-infantil-municipal.webp",872,398,false],"2048x2048":["https:\/\/www.lafontdencarros.es\/wp-content\/uploads\/2025\/07\/escola-infantil-municipal.webp",872,398,false]},"uagb_author_info":{"display_name":"redaccion","author_link":"https:\/\/www.lafontdencarros.es\/es\/author\/redaccion\/"},"uagb_comment_info":0,"uagb_excerpt":"Ninos, escuela infantil municipal La Escuela Infantil Municipal de la Font d&#8217;en Carr\u00f2s, situada en C\/ Blasco Ib\u00e1\u00f1ez 3 para ni\u00f1os y ni\u00f1as de 0 a 3 a\u00f1os nace con la idea de ofrecer un servicio de calidad a las familias y con la tarea fundamental de favorecer y conseguir un \u00f3ptimo desarrollo afectivo y&hellip;","_links":{"self":[{"href":"https:\/\/www.lafontdencarros.es\/es\/wp-json\/wp\/v2\/pages\/4625","targetHints":{"allow":["GET"]}}],"collection":[{"href":"https:\/\/www.lafontdencarros.es\/es\/wp-json\/wp\/v2\/pages"}],"about":[{"href":"https:\/\/www.lafontdencarros.es\/es\/wp-json\/wp\/v2\/types\/page"}],"author":[{"embeddable":true,"href":"https:\/\/www.lafontdencarros.es\/es\/wp-json\/wp\/v2\/users\/1"}],"replies":[{"embeddable":true,"href":"https:\/\/www.lafontdencarros.es\/es\/wp-json\/wp\/v2\/comments?post=4625"}],"version-history":[{"count":0,"href":"https:\/\/www.lafontdencarros.es\/es\/wp-json\/wp\/v2\/pages\/4625\/revisions"}],"up":[{"embeddable":true,"href":"https:\/\/www.lafontdencarros.es\/es\/wp-json\/wp\/v2\/pages\/4612"}],"wp:featuredmedia":[{"embeddable":true,"href":"https:\/\/www.lafontdencarros.es\/es\/wp-json\/wp\/v2\/media\/1152"}],"wp:attachment":[{"href":"https:\/\/www.lafontdencarros.es\/es\/wp-json\/wp\/v2\/media?parent=4625"}],"curies":[{"name":"wp","href":"https:\/\/api.w.org\/{rel}","templated":true}]}}