{"id":4608,"date":"2025-07-28T12:50:25","date_gmt":"2025-07-28T10:50:25","guid":{"rendered":"https:\/\/www.lafontdencarros.es\/descarregues-de-documents\/"},"modified":"2025-10-30T09:44:15","modified_gmt":"2025-10-30T08:44:15","slug":"descarregues-de-documents","status":"publish","type":"page","link":"https:\/\/www.lafontdencarros.es\/es\/descarregues-de-documents\/","title":{"rendered":"Descargas de documentos"},"content":{"rendered":"\n<div class=\"wp-block-uagb-container uagb-block-f5b77f16 alignfull uagb-is-root-container\"><div class=\"uagb-container-inner-blocks-wrap\"><ul class=\"descargas__main\"><li>  <a class='button__pdf' target='_blank' aria-label='Otras autoliquidaciones (obri en ventana nova)' href='#'>      <h4 class='button__pdf--title'>Otras autoliquidaciones<\/h4>      <h5 class='button__pdf--subtitle'>Tasas<\/h5>  <\/a><\/li><li>  <a class='button__pdf' target='_blank' aria-label='Autoliquidaci\u00f3n (obri en ventana nova)' href='#'>      <h4 class='button__pdf--title'>Autoliquidaci\u00f3n<\/h4>      <h5 class='button__pdf--subtitle'>Tasa por licencia de ocupaci\u00f3n<\/h5>  <\/a><\/li><li>  <a class='button__pdf' target='_blank' aria-label='Autoliquidaci\u00f3n (obri en ventana nova)' href='#'>      <h4 class='button__pdf--title'>Autoliquidaci\u00f3n<\/h4>      <h5 class='button__pdf--subtitle'>Actividades<\/h5>  <\/a><\/li><li>  <a class='button__pdf' target='_blank' aria-label='Autoliquidaci\u00f3n OPV (obri en ventana nova)' href='#'>      <h4 class='button__pdf--title'>Autoliquidaci\u00f3n OPV<\/h4>      <h5 class='button__pdf--subtitle'>Ocupaci\u00f3n de la v\u00eda p\u00fablica<\/h5>  <\/a><\/li><li>  <a class='button__pdf' target='_blank' aria-label='Autoliquidaci\u00f3n ICIO (obri en ventana nova)' href='#'>      <h4 class='button__pdf--title'>Autoliquidaci\u00f3n ICIO<\/h4>      <h5 class='button__pdf--subtitle'>Construcci\u00f3n, instalaciones y obras<\/h5>  <\/a><\/li><\/ul><div class='descargas__regular mt-0'>  <h2 class='descargas__regular--title'>Padr\u00f3n de habitantes<\/h2><ul class=\"list--classic my-24\"><li><a href='https:\/\/www.lafontdencarros.es\/wp-content\/uploads\/2025\/07\/Autoritzacio-dempadronament-rev.pdf' target='_blank' aria-label='Autorizaci\u00f3n de empadronamiento en vivienda (obri en ventana nova)'>Autorizaci\u00f3n de empadronamiento en vivienda<\/a><\/li><li><a href='https:\/\/www.lafontdencarros.es\/wp-content\/uploads\/2025\/07\/Canvi-dades-personals-Empadronament-rev.pdf' target='_blank' aria-label='Solicitud de cambio de datos en el padr\u00f3n de habitantes (obri en ventana nova)'>Solicitud de cambio de datos en el padr\u00f3n de habitantes<\/a><\/li><li><a href='https:\/\/www.lafontdencarros.es\/wp-content\/uploads\/2025\/07\/ALTA-PADRO-HABITANTS-REF.-CATASTRAL.pdf' target='_blank' aria-label='Solicitud de alta en el padr\u00f3n de habitantes (obri en ventana nova)'>Solicitud de alta en el padr\u00f3n de habitantes<\/a><\/li><\/ul><\/div><div class='descargas__regular mt-0'>  <h2 class='descargas__regular--title'>Obras<\/h2><ul class=\"list--classic my-24\"><li><a href='https:\/\/www.lafontdencarros.es\/wp-content\/uploads\/2025\/07\/7.-Sol\u00b7licitud-OVP-Ocupacio-Via-Publica-revisat.pdf' target='_blank' aria-label='Solicitud OVP ocupaci\u00f3n de la v\u00eda p\u00fablica (obri en ventana nova)'>Solicitud OVP ocupaci\u00f3n de la v\u00eda p\u00fablica<\/a><\/li><li><a href='https:\/\/www.lafontdencarros.es\/wp-content\/uploads\/2025\/07\/Sol\u00b7licitud-Assessorament-Prestecs-i-Arrendaments-Vivendes-rev.pdf' target='_blank' aria-label='Solicitud de asesoramiento sobre pr\u00e9stamos y arrendamientos de viviendas (obri en ventana nova)'>Solicitud de asesoramiento sobre pr\u00e9stamos y arrendamientos de viviendas<\/a><\/li><li><a href='https:\/\/www.lafontdencarros.es\/wp-content\/uploads\/2025\/07\/Declaracio-Responsable-per-a-lExecucio-dObres-Menors-rev.pdf' target='_blank' aria-label='Declaraci\u00f3n responsable para ejecuci\u00f3n de obras menores (obri en ventana nova)'>Declaraci\u00f3n responsable para ejecuci\u00f3n de obras menores<\/a><\/li><li><a href='https:\/\/www.lafontdencarros.es\/wp-content\/uploads\/2025\/07\/Llicencia-dObra-Menor-rev.pdf' target='_blank' aria-label='Licencia de obra menor (obri en ventana nova)'>Licencia de obra menor<\/a><\/li><li><a href='https:\/\/www.lafontdencarros.es\/wp-content\/uploads\/2025\/07\/Llicencia-dObra-MAJOR-rev.pdf' target='_blank' aria-label='Licencia de obra mayor (obri en ventana nova)'>Licencia de obra mayor<\/a><\/li><\/ul><\/div><div class='descargas__regular mt-0'>  <h2 class='descargas__regular--title'>Licencias de ocupaci\u00f3n de viviendas<\/h2><ul class=\"list--classic my-24\"><li><a href='https:\/\/www.lafontdencarros.es\/wp-content\/uploads\/2025\/07\/Declaracio-Responsable-de-Segona-Ocupacio-de-Vivendes-rev.pdf' target='_blank' aria-label='Declaraci\u00f3n responsable de segunda ocupaci\u00f3n de viviendas (obri en ventana nova)'>Declaraci\u00f3n responsable de segunda ocupaci\u00f3n de viviendas<\/a><\/li><li><a href='https:\/\/www.lafontdencarros.es\/wp-content\/uploads\/2025\/07\/Declaracio-Responsable-de-Primera-Ocupacio-de-Vivendes-rev.pdf' target='_blank' aria-label='Declaraci\u00f3n responsable de primera ocupaci\u00f3n de vivienda (obri en ventana nova)'>Declaraci\u00f3n responsable de primera ocupaci\u00f3n de vivienda<\/a><\/li><\/ul><\/div><div class='descargas__regular mt-0'>  <h2 class='descargas__regular--title'>General<\/h2><ul class=\"list--classic my-24\"><li><a href='https:\/\/www.lafontdencarros.es\/wp-content\/uploads\/2025\/07\/tramits_administratius.pdf' target='_blank' aria-label='Tr\u00e1mites administrativos m\u00e1s usuales (obri en ventana nova)'>Tr\u00e1mites administrativos m\u00e1s usuales<\/a><\/li><li><a href='https:\/\/www.lafontdencarros.es\/wp-content\/uploads\/2025\/07\/INST_V2.pdf' target='_blank' aria-label='Instancia general (obri en ventana nova)'>Instancia general<\/a><\/li><\/ul><\/div><div class='descargas__regular mt-0'>  <h2 class='descargas__regular--title'>Actividades<\/h2><ul class=\"list--classic my-24\"><li><a href='https:\/\/www.lafontdencarros.es\/wp-content\/uploads\/2025\/07\/8.-Canvi-Titularitat-Autoritzacio-Terrassa-amb-Taules-Cadires-Ombre\u00b7les-en-Via-Publica-rev.pdf' target='_blank' aria-label='Cambio de titularidad de terraza con mesas, sillas y sombrillas (obri en ventana nova)'>Cambio de titularidad de terraza con mesas, sillas y sombrillas<\/a><\/li><li><a href='https:\/\/www.lafontdencarros.es\/wp-content\/uploads\/2025\/07\/7.-Sol\u00b7licitud-Autoritzacio-Terrassa-amb-Taules-Cadires-Ombrel\u00b7les-i-altres-elements-en-la-via-publica-rev.pdf' target='_blank' aria-label='Solicitud de terraza con mesas, sillas y sombrillas (obri en ventana nova)'>Solicitud de terraza con mesas, sillas y sombrillas<\/a><\/li><li><a href='https:\/\/www.lafontdencarros.es\/wp-content\/uploads\/2025\/07\/MOD.-CERTIFICACIO-ASSEGURANCA-RESPONSABILITAT-revisat.pdf' target='_blank' aria-label='Modelo de certificaci\u00f3n de seguro de responsabilidad (obri en ventana nova)'>Modelo de certificaci\u00f3n de seguro de responsabilidad<\/a><\/li><li><a href='https:\/\/www.lafontdencarros.es\/wp-content\/uploads\/2025\/07\/CANVI-DE-TITULARITAT-revisat.pdf' target='_blank' aria-label='Cambio de titularidad de actividades (obri en ventana nova)'>Cambio de titularidad de actividades<\/a><\/li><li><a href='https:\/\/www.lafontdencarros.es\/wp-content\/uploads\/2025\/07\/4.-Sol\u00b7licitud-Llicencia-Ambiental-rev.pdf' target='_blank' aria-label='Solicitud de licencia ambiental (obri en ventana nova)'>Solicitud de licencia ambiental<\/a><\/li><li><a href='https:\/\/www.lafontdencarros.es\/wp-content\/uploads\/2025\/07\/3.-DECLARACIO-RESPONSABLE-AMBIENTAL-revisat.pdf' target='_blank' aria-label='Declaraci\u00f3n responsable ambiental (obri en ventana nova)'>Declaraci\u00f3n responsable ambiental<\/a><\/li><li><a href='https:\/\/www.lafontdencarros.es\/wp-content\/uploads\/2025\/07\/2.-COMUNICACIO-DACTIVITATS-INNOCUES-revisat.pdf' target='_blank' aria-label='Comunicaci\u00f3n de actividades inocuas (obri en ventana nova)'>Comunicaci\u00f3n de actividades inocuas<\/a><\/li><li><a href='https:\/\/www.lafontdencarros.es\/wp-content\/uploads\/2025\/07\/1.-SOL\u00b7LICITUD-INFORME-URBANISTIC-PREVI-TRAMITACIO-revisat.pdf' target='_blank' aria-label='Solicitud de informe urban\u00edstico previo a la tramitaci\u00f3n (obri en ventana nova)'>Solicitud de informe urban\u00edstico previo a la tramitaci\u00f3n<\/a><\/li><\/ul><\/div>\n<\/div><\/div>\n","protected":false},"excerpt":{"rendered":"","protected":false},"author":1,"featured_media":0,"parent":0,"menu_order":0,"comment_status":"closed","ping_status":"closed","template":"plantilla-sin-side","meta":{"_acf_changed":false,"_uag_custom_page_level_css":"","footnotes":""},"class_list":["post-4608","page","type-page","status-publish","hentry"],"acf":[],"spectra_custom_meta":{"_wp_page_template":["plantilla-sin-side"],"rank_math_internal_links_processed":["1"],"_wpml_word_count":["4"],"_uag_custom_page_level_css":[""],"footnotes":[""],"rank_math_seo_score":["9"],"_wpml_media_duplicate":["1"],"_wpml_media_featured":["1"],"_top_nav_excluded":[""],"_cms_nav_minihome":[""],"_last_translation_edit_mode":["translation-editor"]},"uagb_featured_image_src":{"full":false,"thumbnail":false,"medium":false,"medium_large":false,"large":false,"thumblist":false,"thumbrelated":false,"meccarouselthumb":false,"gridsquare":false,"tileview":false,"1536x1536":false,"2048x2048":false},"uagb_author_info":{"display_name":"redaccion","author_link":"https:\/\/www.lafontdencarros.es\/es\/author\/redaccion\/"},"uagb_comment_info":0,"uagb_excerpt":null,"_links":{"self":[{"href":"https:\/\/www.lafontdencarros.es\/es\/wp-json\/wp\/v2\/pages\/4608","targetHints":{"allow":["GET"]}}],"collection":[{"href":"https:\/\/www.lafontdencarros.es\/es\/wp-json\/wp\/v2\/pages"}],"about":[{"href":"https:\/\/www.lafontdencarros.es\/es\/wp-json\/wp\/v2\/types\/page"}],"author":[{"embeddable":true,"href":"https:\/\/www.lafontdencarros.es\/es\/wp-json\/wp\/v2\/users\/1"}],"replies":[{"embeddable":true,"href":"https:\/\/www.lafontdencarros.es\/es\/wp-json\/wp\/v2\/comments?post=4608"}],"version-history":[{"count":0,"href":"https:\/\/www.lafontdencarros.es\/es\/wp-json\/wp\/v2\/pages\/4608\/revisions"}],"wp:attachment":[{"href":"https:\/\/www.lafontdencarros.es\/es\/wp-json\/wp\/v2\/media?parent=4608"}],"curies":[{"name":"wp","href":"https:\/\/api.w.org\/{rel}","templated":true}]}}