{"id":4569,"date":"2025-07-28T06:59:28","date_gmt":"2025-07-28T04:59:28","guid":{"rendered":"https:\/\/www.lafontdencarros.es\/dependencies-municipals\/cultura\/casa-de-la-paraula\/"},"modified":"2025-10-30T09:01:20","modified_gmt":"2025-10-30T08:01:20","slug":"casa-de-la-paraula","status":"publish","type":"page","link":"https:\/\/www.lafontdencarros.es\/es\/dependencies-municipals\/cultura\/casa-de-la-paraula\/","title":{"rendered":"Casa de la palabra"},"content":{"rendered":"\n<p>Situada en la calle Sant Dom\u00e8nec, se encuentra la casa donde naci\u00f3 Francesc Ferrer Pastor (La Font d&#8217;en Carr\u00f2s, 1918-Valencia, 2000) importante lexic\u00f3grafo valenciano que dedic\u00f3 su vida a difundir y normalizar nuestra lengua.<\/p>\n\n\n\n<p>Autor del Diccionari de la Rima (1956), y sobre todo de uno de los libros que m\u00e1s hemos utilizado los valencianos y valencianas para aprender nuestra lengua: El famoso vocabulari blanc i blau, valenci\u00e0-castell\u00e0 i castell\u00e0-valenci\u00e0 (1968).<\/p>\n\n\n\n<p>La fundaci\u00f3n Francesc Ferrer Pastor, creada el 10 de julio de 2008, mantiene vivo su recuerdo y tiene por objetivo la difusi\u00f3n y normalizaci\u00f3n del valenciano en todos los \u00e1mbitos de uso y cultura, as\u00ed como fomentar el recuerdo y aprecio por la figura de Francisco Jacint Ferrer i Pastor, gran amante de su pueblo y de la lengua valenciana.<\/p>\n\n\n\n<h2 class=\"wp-block-heading\">Museo de la Palabrauseu de la Paraula<\/h2>\n\n\n\n<p>Casa natal de Francisco Ferrer Pastor reconvertida en el Museo de la Palabra.<\/p>\n\n\n\n<p>El objetivo del Museo de la Palabra es impulsar la lengua valenciana a trav\u00e9s de uno de los vecinos m\u00e1s ilustres de la localidad: el lexic\u00f3grafo Francesc Ferrer Pastor, conocido por muchos gracias a ser el autor del inconfundible diccionario y vocabulario blanquiazul.<\/p>\n\n\n\n<p>En el Museo de la Palabra se pueden encontrar diferentes ediciones de los diccionarios y vocabularios editados por Ferrer Pastor, y otras obras nacidas de la propia imprenta de Ferrer Pastor as\u00ed como piezas originales del mundo editorial (al que Ferrer Pastor pertenec\u00eda) entre las que destacan las m\u00e1quinas de escribir que se utilizaban.<\/p>\n\n\n\n<h2 class=\"wp-block-heading\">Francesc Ferrer Pastor<\/h2>\n\n\n\n<p>Francesc Ferrer Pastor (1918-2000) fue un destacado lexic\u00f3grafo, gram\u00e1tico y escritor valenciano. Nacido en La Font d&#8217;en Carr\u00f2s, es conocido por su contribuci\u00f3n significativa a la normalizaci\u00f3n del valenciano.<\/p>\n\n\n\n<p>Su carrera profesional empez\u00f3 y siempre estuvo ligada al sector de las Artes Gr\u00e1ficas. Posteriormente, desarroll\u00f3 una carrera como docente, impartiendo cursos de valenciano en Lo Rat Penat (1949-1963) y de formaci\u00f3n profesional en Ciudad del Aprendiz. M\u00e1s tarde, su pasi\u00f3n por la lengua y la cultura le espolearon a introducirse en el mundo literario. Algunas de sus obras m\u00e1s importantes son el \u00abDiccionario de la Rima\u00bb, el \u00abDiccionario General\u00bb o el \u00abVocabulario\u00bb, que tuvieron un gran impacto en el uso, ense\u00f1anza y normativizaci\u00f3n del valenciano. Tambi\u00e9n public\u00f3 otros trabajos relevantes como \u00abLecciones de Ortograf\u00eda\u00bb, \u00abGram\u00e0tica Valenciana\u00bb y la colecci\u00f3n de relatos infantiles \u00abContarajas de mi tierra\u00bb. Por \u00faltimo, fund\u00f3 su propia imprenta, Fermar.<\/p>\n\n\n\n<p>Durante un per\u00edodo en el que el uso p\u00fablico del valenciano estaba muy restringido, jug\u00f3 un papel crucial en la difusi\u00f3n de la lengua durante la dictadura franquista. Su labor fue fundamental para mantener viva la lengua y la cultura durante d\u00e9cadas de represi\u00f3n.<\/p>\n\n\n\n<p>Adem\u00e1s de su trabajo como lexic\u00f3grafo y gram\u00e1tico, Ferrer Pastor colabor\u00f3 \u200b\u200bcon diversas entidades culturales y educativas, siempre con el objetivo de promover y dignificar al valenciano. Su legado perdura como referente esencial tanto en la memoria colectiva de la sociedad como en el mundo acad\u00e9mico y por ello ha recibido importantes reconocimientos como el Premio del Ayuntamiento de Valencia al esfuerzo editorial (1957), el Premio de las Letras de la Generalitat Valenciana (1994) o la Medalla de Oro de la Universidad de Valencia (1998).<\/p>\n","protected":false},"excerpt":{"rendered":"<p>Situada en la calle Sant Dom\u00e8nec, se encuentra la casa donde naci\u00f3 Francesc Ferrer Pastor (La Font d&#8217;en Carr\u00f2s, 1918-Valencia, 2000) importante lexic\u00f3grafo valenciano que dedic\u00f3 su vida a difundir y normalizar nuestra lengua. Autor del Diccionari de la Rima (1956), y sobre todo de uno de los libros que m\u00e1s hemos utilizado los valencianos [&hellip;]<\/p>\n","protected":false},"author":1,"featured_media":1117,"parent":4553,"menu_order":0,"comment_status":"closed","ping_status":"closed","template":"plantilla-google-maps","meta":{"_acf_changed":false,"_uag_custom_page_level_css":"","footnotes":""},"class_list":["post-4569","page","type-page","status-publish","has-post-thumbnail","hentry"],"acf":[],"spectra_custom_meta":{"_wp_page_template":["plantilla-google-maps"],"rank_math_internal_links_processed":["1"],"_wpml_word_count":["565"],"_wpml_location_migration_done":["1"],"rank_math_seo_score":["6"],"_uag_custom_page_level_css":[""],"footnotes":[""],"gmaps_subtitulo_debajo_imagen_destacada":["Casa de la palabra - Museu Francesc Ferre Pastor"],"_gmaps_subtitulo_debajo_imagen_destacada":["field_6881e23804d41"],"gmaps_google_maps":[""],"_gmaps_google_maps":["field_6881e0c104d40"],"gmaps_direccion":["C\/ Sant Dom\u00e8nec, 19,  La Font d\u2019en Carr\u00f2s"],"_gmaps_direccion":["field_6881e34104d42"],"gmaps_telefono":[""],"_gmaps_telefono":["field_6881e36104d43"],"gmaps_instagram_titulo":[""],"_gmaps_instagram_titulo":["field_68820dfc9faf5"],"_wpml_media_duplicate":["1"],"_wpml_media_featured":["1"],"mec_location_id":["0"],"mec_additional_location_ids":["a:0:{}"],"mec_organizer_id":["0"],"mec_additional_organizer_ids":["a:0:{}"],"_thumbnail_id":["1117"],"_edit_lock":["1761811290:1"],"_last_translation_edit_mode":["native-editor"],"_edit_last":["1"],"gmaps_informacion":[""],"_gmaps_informacion":["field_68872133566b7"],"gmaps_matricula":[""],"_gmaps_matricula":["field_68872147566b8"],"gmaps_periodo":[""],"_gmaps_periodo":["field_68872153566b9"],"gmaps_titulo_pdf_1":[""],"_gmaps_titulo_pdf_1":["field_688735bf22d15"],"gmaps_subtitulo_pdf_1":[""],"_gmaps_subtitulo_pdf_1":["field_688735fb22d1a"],"gmaps_titulo_pdf_2":[""],"_gmaps_titulo_pdf_2":["field_688735e822d16"],"gmaps_subtitulo_pdf_2":[""],"_gmaps_subtitulo_pdf_2":["field_6887361322d1b"],"gmaps_titulo_pdf_3":[""],"_gmaps_titulo_pdf_3":["field_688735ed22d17"],"gmaps_subtitulo_pdf_3":[""],"_gmaps_subtitulo_pdf_3":["field_6887361822d1c"],"gmaps_titulo_pdf_4":[""],"_gmaps_titulo_pdf_4":["field_688735f022d18"],"gmaps_subtitulo_pdf_4":[""],"_gmaps_subtitulo_pdf_4":["field_6887361d22d1d"],"gmaps_titulo_pdf_5":[""],"_gmaps_titulo_pdf_5":["field_688735f522d19"],"gmaps_subtitulo_pdf_5":[""],"_gmaps_subtitulo_pdf_5":["field_6887362222d1e"]},"uagb_featured_image_src":{"full":["https:\/\/www.lafontdencarros.es\/wp-content\/uploads\/2025\/07\/image.webp",872,398,false],"thumbnail":["https:\/\/www.lafontdencarros.es\/wp-content\/uploads\/2025\/07\/image-150x150.webp",150,150,true],"medium":["https:\/\/www.lafontdencarros.es\/wp-content\/uploads\/2025\/07\/image-300x137.webp",300,137,true],"medium_large":["https:\/\/www.lafontdencarros.es\/wp-content\/uploads\/2025\/07\/image-768x351.webp",768,351,true],"large":["https:\/\/www.lafontdencarros.es\/wp-content\/uploads\/2025\/07\/image.webp",872,398,false],"thumblist":["https:\/\/www.lafontdencarros.es\/wp-content\/uploads\/2025\/07\/image-300x300.webp",300,300,true],"thumbrelated":["https:\/\/www.lafontdencarros.es\/wp-content\/uploads\/2025\/07\/image-500x398.webp",500,398,true],"meccarouselthumb":["https:\/\/www.lafontdencarros.es\/wp-content\/uploads\/2025\/07\/image-474x324.webp",474,324,true],"gridsquare":["https:\/\/www.lafontdencarros.es\/wp-content\/uploads\/2025\/07\/image-391x260.webp",391,260,true],"tileview":["https:\/\/www.lafontdencarros.es\/wp-content\/uploads\/2025\/07\/image-300x398.webp",300,398,true],"1536x1536":["https:\/\/www.lafontdencarros.es\/wp-content\/uploads\/2025\/07\/image.webp",872,398,false],"2048x2048":["https:\/\/www.lafontdencarros.es\/wp-content\/uploads\/2025\/07\/image.webp",872,398,false]},"uagb_author_info":{"display_name":"redaccion","author_link":"https:\/\/www.lafontdencarros.es\/es\/author\/redaccion\/"},"uagb_comment_info":0,"uagb_excerpt":"Situada en la calle Sant Dom\u00e8nec, se encuentra la casa donde naci\u00f3 Francesc Ferrer Pastor (La Font d&#8217;en Carr\u00f2s, 1918-Valencia, 2000) importante lexic\u00f3grafo valenciano que dedic\u00f3 su vida a difundir y normalizar nuestra lengua. Autor del Diccionari de la Rima (1956), y sobre todo de uno de los libros que m\u00e1s hemos utilizado los valencianos&hellip;","_links":{"self":[{"href":"https:\/\/www.lafontdencarros.es\/es\/wp-json\/wp\/v2\/pages\/4569","targetHints":{"allow":["GET"]}}],"collection":[{"href":"https:\/\/www.lafontdencarros.es\/es\/wp-json\/wp\/v2\/pages"}],"about":[{"href":"https:\/\/www.lafontdencarros.es\/es\/wp-json\/wp\/v2\/types\/page"}],"author":[{"embeddable":true,"href":"https:\/\/www.lafontdencarros.es\/es\/wp-json\/wp\/v2\/users\/1"}],"replies":[{"embeddable":true,"href":"https:\/\/www.lafontdencarros.es\/es\/wp-json\/wp\/v2\/comments?post=4569"}],"version-history":[{"count":0,"href":"https:\/\/www.lafontdencarros.es\/es\/wp-json\/wp\/v2\/pages\/4569\/revisions"}],"up":[{"embeddable":true,"href":"https:\/\/www.lafontdencarros.es\/es\/wp-json\/wp\/v2\/pages\/4553"}],"wp:featuredmedia":[{"embeddable":true,"href":"https:\/\/www.lafontdencarros.es\/es\/wp-json\/wp\/v2\/media\/1117"}],"wp:attachment":[{"href":"https:\/\/www.lafontdencarros.es\/es\/wp-json\/wp\/v2\/media?parent=4569"}],"curies":[{"name":"wp","href":"https:\/\/api.w.org\/{rel}","templated":true}]}}