{"id":4565,"date":"2025-08-06T07:26:10","date_gmt":"2025-08-06T05:26:10","guid":{"rendered":"https:\/\/www.lafontdencarros.es\/dependencies-municipals\/cultura\/casa-de-la-cultura\/"},"modified":"2025-10-30T08:52:05","modified_gmt":"2025-10-30T07:52:05","slug":"casa-de-la-cultura","status":"publish","type":"page","link":"https:\/\/www.lafontdencarros.es\/es\/dependencies-municipals\/cultura\/casa-de-la-cultura\/","title":{"rendered":"Casa de la cultura"},"content":{"rendered":"\n<p>En la Casa de Cultura se realizan actividades como conferencias, conciertos de m\u00fasica, danza, obras de teatro para adultos y p\u00fablico infantil, festivales escolares, etc. Tambi\u00e9n durante los meses de mayo y junio se realiza una Muestra de Teatro No Profesional. Es un espacio emblem\u00e1tico para la promoci\u00f3n y desarrollo de la Cultura en nuestro pueblo.<\/p>\n\n\n\n<p>Tiene un auditorio con capacidad para 255 personas.<\/p>\n\n\n\n<p>Actualmente dedica la segunda planta del edificio para albergar la Escuela de M\u00fasica de la Font d&#8217;en Carr\u00f2s.<\/p>\n","protected":false},"excerpt":{"rendered":"<p>En la Casa de Cultura se realizan actividades como conferencias, conciertos de m\u00fasica, danza, obras de teatro para adultos y p\u00fablico infantil, festivales escolares, etc. Tambi\u00e9n durante los meses de mayo y junio se realiza una Muestra de Teatro No Profesional. Es un espacio emblem\u00e1tico para la promoci\u00f3n y desarrollo de la Cultura en nuestro [&hellip;]<\/p>\n","protected":false},"author":1,"featured_media":2088,"parent":4553,"menu_order":0,"comment_status":"closed","ping_status":"closed","template":"plantilla-google-maps","meta":{"_acf_changed":false,"_uag_custom_page_level_css":"","footnotes":""},"class_list":["post-4565","page","type-page","status-publish","has-post-thumbnail","hentry"],"acf":[],"spectra_custom_meta":{"_wp_page_template":["plantilla-google-maps"],"rank_math_internal_links_processed":["1"],"_wpml_word_count":["90"],"rank_math_seo_score":["6"],"_wpml_location_migration_done":["1"],"_uag_custom_page_level_css":[""],"footnotes":[""],"gmaps_subtitulo_debajo_imagen_destacada":[""],"_gmaps_subtitulo_debajo_imagen_destacada":["field_6881e23804d41"],"gmaps_google_maps":[""],"_gmaps_google_maps":["field_6881e0c104d40"],"gmaps_direccion":["Pla\u00e7a de l'Ajuntament, 4. 46717 La Font d\u2019en Carr\u00f2s"],"_gmaps_direccion":["field_6881e34104d42"],"gmaps_telefono":["962833601"],"_gmaps_telefono":["field_6881e36104d43"],"gmaps_informacion":[""],"_gmaps_informacion":["field_68872133566b7"],"gmaps_matricula":[""],"_gmaps_matricula":["field_68872147566b8"],"gmaps_periodo":[""],"_gmaps_periodo":["field_68872153566b9"],"gmaps_email":["casacultura@lafontdencarros.es"],"_gmaps_email":["field_6881e36b04d44"],"gmaps_instagram_titulo":[""],"_gmaps_instagram_titulo":["field_68820dfc9faf5"],"gmaps_titulo_pdf_1":[""],"_gmaps_titulo_pdf_1":["field_688735bf22d15"],"gmaps_subtitulo_pdf_1":[""],"_gmaps_subtitulo_pdf_1":["field_688735fb22d1a"],"gmaps_titulo_pdf_2":[""],"_gmaps_titulo_pdf_2":["field_688735e822d16"],"gmaps_subtitulo_pdf_2":[""],"_gmaps_subtitulo_pdf_2":["field_6887361322d1b"],"gmaps_titulo_pdf_3":[""],"_gmaps_titulo_pdf_3":["field_688735ed22d17"],"gmaps_subtitulo_pdf_3":[""],"_gmaps_subtitulo_pdf_3":["field_6887361822d1c"],"gmaps_titulo_pdf_4":[""],"_gmaps_titulo_pdf_4":["field_688735f022d18"],"gmaps_subtitulo_pdf_4":[""],"_gmaps_subtitulo_pdf_4":["field_6887361d22d1d"],"gmaps_titulo_pdf_5":[""],"_gmaps_titulo_pdf_5":["field_688735f522d19"],"gmaps_subtitulo_pdf_5":[""],"_gmaps_subtitulo_pdf_5":["field_6887362222d1e"],"_wpml_media_duplicate":["1"],"_wpml_media_featured":["1"],"_thumbnail_id":["2088"],"_edit_lock":["1761810730:1"],"_last_translation_edit_mode":["native-editor"],"_edit_last":["1"]},"uagb_featured_image_src":{"full":["https:\/\/www.lafontdencarros.es\/wp-content\/uploads\/2025\/08\/casa-cultura-foto.webp",1920,1440,false],"thumbnail":["https:\/\/www.lafontdencarros.es\/wp-content\/uploads\/2025\/08\/casa-cultura-foto-150x150.webp",150,150,true],"medium":["https:\/\/www.lafontdencarros.es\/wp-content\/uploads\/2025\/08\/casa-cultura-foto-300x225.webp",300,225,true],"medium_large":["https:\/\/www.lafontdencarros.es\/wp-content\/uploads\/2025\/08\/casa-cultura-foto-768x576.webp",768,576,true],"large":["https:\/\/www.lafontdencarros.es\/wp-content\/uploads\/2025\/08\/casa-cultura-foto-1024x768.webp",1024,768,true],"thumblist":["https:\/\/www.lafontdencarros.es\/wp-content\/uploads\/2025\/08\/casa-cultura-foto-300x300.webp",300,300,true],"thumbrelated":["https:\/\/www.lafontdencarros.es\/wp-content\/uploads\/2025\/08\/casa-cultura-foto-500x500.webp",500,500,true],"meccarouselthumb":["https:\/\/www.lafontdencarros.es\/wp-content\/uploads\/2025\/08\/casa-cultura-foto-474x324.webp",474,324,true],"gridsquare":["https:\/\/www.lafontdencarros.es\/wp-content\/uploads\/2025\/08\/casa-cultura-foto-391x260.webp",391,260,true],"tileview":["https:\/\/www.lafontdencarros.es\/wp-content\/uploads\/2025\/08\/casa-cultura-foto-300x400.webp",300,400,true],"1536x1536":["https:\/\/www.lafontdencarros.es\/wp-content\/uploads\/2025\/08\/casa-cultura-foto-1536x1152.webp",1536,1152,true],"2048x2048":["https:\/\/www.lafontdencarros.es\/wp-content\/uploads\/2025\/08\/casa-cultura-foto.webp",1920,1440,false]},"uagb_author_info":{"display_name":"redaccion","author_link":"https:\/\/www.lafontdencarros.es\/es\/author\/redaccion\/"},"uagb_comment_info":0,"uagb_excerpt":"En la Casa de Cultura se realizan actividades como conferencias, conciertos de m\u00fasica, danza, obras de teatro para adultos y p\u00fablico infantil, festivales escolares, etc. Tambi\u00e9n durante los meses de mayo y junio se realiza una Muestra de Teatro No Profesional. Es un espacio emblem\u00e1tico para la promoci\u00f3n y desarrollo de la Cultura en nuestro&hellip;","_links":{"self":[{"href":"https:\/\/www.lafontdencarros.es\/es\/wp-json\/wp\/v2\/pages\/4565","targetHints":{"allow":["GET"]}}],"collection":[{"href":"https:\/\/www.lafontdencarros.es\/es\/wp-json\/wp\/v2\/pages"}],"about":[{"href":"https:\/\/www.lafontdencarros.es\/es\/wp-json\/wp\/v2\/types\/page"}],"author":[{"embeddable":true,"href":"https:\/\/www.lafontdencarros.es\/es\/wp-json\/wp\/v2\/users\/1"}],"replies":[{"embeddable":true,"href":"https:\/\/www.lafontdencarros.es\/es\/wp-json\/wp\/v2\/comments?post=4565"}],"version-history":[{"count":0,"href":"https:\/\/www.lafontdencarros.es\/es\/wp-json\/wp\/v2\/pages\/4565\/revisions"}],"up":[{"embeddable":true,"href":"https:\/\/www.lafontdencarros.es\/es\/wp-json\/wp\/v2\/pages\/4553"}],"wp:featuredmedia":[{"embeddable":true,"href":"https:\/\/www.lafontdencarros.es\/es\/wp-json\/wp\/v2\/media\/2088"}],"wp:attachment":[{"href":"https:\/\/www.lafontdencarros.es\/es\/wp-json\/wp\/v2\/media?parent=4565"}],"curies":[{"name":"wp","href":"https:\/\/api.w.org\/{rel}","templated":true}]}}