{"id":4557,"date":"2025-07-24T11:27:41","date_gmt":"2025-07-24T09:27:41","guid":{"rendered":"https:\/\/www.lafontdencarros.es\/dependencies-municipals\/cultura\/biblioteca\/"},"modified":"2025-10-30T08:42:54","modified_gmt":"2025-10-30T07:42:54","slug":"biblioteca","status":"publish","type":"page","link":"https:\/\/www.lafontdencarros.es\/es\/dependencies-municipals\/cultura\/biblioteca\/","title":{"rendered":"Biblioteca"},"content":{"rendered":"\n<h3 class=\"wp-block-heading internalLink\">\u00bfQu\u00e9 es la Agencia de Lectura?<\/h3>\n\n\n\n<p>La Agencia de Lectura Francesc Ferrer Pastor es una entidad municipal que gestiona el servicio gratuito de pr\u00e9stamo y lectura de libros.<br>Forma parte de la Red de Lectura P\u00fablica Valenciana (XLPV) que integra las bibliotecas municipales de la Comunitat Valenciana y las bibliotecas p\u00fablicas de la Generalitat Valenciana dentro del propio sistema de gesti\u00f3n bibliotecaria.<\/p>\n\n\n\n<h3 class=\"wp-block-heading internalLink\">\u00bfQu\u00e9 horario tenemos?<\/h3>\n\n\n\n<p><strong>Lunes a jueves: <\/strong>de 16h a 21h<br><strong>Viernes:<\/strong> de 16h a 20.30h<br><strong>Horarios especiales (Navidad, Pascua, verano):<\/strong>\u00a0\u00a0de lunes a viernes, de 9h a 13.30h (s\u00f3lo ma\u00f1anas).<br><strong>Horario especial ex\u00e1menes: <\/strong>consultar en la biblioteca.<br>Mes <strong>de agosto cerrado.<\/strong><\/p>\n\n\n\n<h3 class=\"wp-block-heading internalLink\">El carnet de la biblioteca<\/h3>\n\n\n\n<p>El carn\u00e9 de la Agencia de Lectura de la Font d&#8217;en Carr\u00f2s es gratuito, personal e intransferible. Es v\u00e1lido para todas las bibliotecas valencianas que componen la XLPV.<\/p>\n\n\n\n<p>Es imprescindible el carn\u00e9 de Biblioteca de la XLPV para realizar el pr\u00e9stamo a domicilio y utilizar eBiblio.<\/p>\n\n\n\n<h3 class=\"wp-block-heading internalLink\">WIFI gratuito para ordenadores port\u00e1tiles<\/h3>\n\n\n\n<p>Tablas con conexi\u00f3n a red el\u00e9ctrica para aparatos electr\u00f3nicos.<\/p>\n\n\n\n<h3 class=\"wp-block-heading internalLink\">Servicio de pr\u00e9stamo de libros<\/h3>\n\n\n\n<p>El servicio de pr\u00e9stamo de libros tiene una duraci\u00f3n de 15 d\u00edas naturales renovables si el documento no est\u00e1 solicitado por otro usuario.<\/p>\n\n\n\n<h3 class=\"wp-block-heading internalLink\">Servicio de informaci\u00f3n bibliogr\u00e1fica y general<\/h3>\n\n\n\n<p>Es un servicio de atenci\u00f3n al usuario destinado a proporcionar la informaci\u00f3n, formaci\u00f3n y ayuda necesaria para facilitar el uso de los fondos y servicios de la Biblioteca.<\/p>\n\n\n\n<h3 class=\"wp-block-heading\">Servei de consulta en sala de llibres<\/h3>\n\n\n\n<p>La consulta en sala es libre y gratuita. Este servicio permite al usuario acceder a la consulta directa del fondo en las instalaciones de la biblioteca en el horario establecido.<\/p>\n\n\n\n<h2 class=\"wp-block-heading text--no-bg internalLink\">Espacios en la biblioteca<\/h2>\n\n\n\n<h3 class=\"wp-block-heading\">Sala de lectura<\/h3>\n\n\n\n<p>Encontrar\u00e1s una sala de lectura y consulta donde puedes estudiar con total tranquilidad o leer un libro sin ninguna molestia.<\/p>\n\n\n\n<h3 class=\"wp-block-heading\">Sala infantil<\/h3>\n\n\n\n<p>Tenemos una sala infantil destinada \u00fanicamente a los ni\u00f1os y ni\u00f1as menores de once a\u00f1os y las personas adultas acompa\u00f1antes. Encontrar\u00e1s todo tipo de libros para ni\u00f1os y ni\u00f1as entre 0 y 11 a\u00f1os.<\/p>\n\n\n\n<h3 class=\"wp-block-heading\">La Bebeteca<\/h3>\n\n\n\n<p>Es el espacio pensado para ni\u00f1os de 0 a 5 a\u00f1os. Es una secci\u00f3n, dentro de la biblioteca infantil, donde podr\u00e1s encontrar varios materiales (libros, juegos) para que tu beb\u00e9 disfrute.<\/p>\n\n\n\n<p>Puedes encontrar libros en diferentes soportes (en tela, pl\u00e1stico, cart\u00f3n duro\u2026), con formas y medidas variadas (troquelados, desplegables, grandes, peque\u00f1os\u2026). Libros resistentes para llevarlos al ba\u00f1o, cama o jugar con ellos. Libros para conocer animales o cosas de cada d\u00eda, para aprender y disfrutar con ellos. Apenas tienen texto y lo que predomina son los colores, las ilustraciones y las formas.<\/p>\n\n\n\n<p>Bebeteca se entiende como un servicio m\u00e1s de la biblioteca dedicado a los ni\u00f1os m\u00e1s peque\u00f1os para los que la lectura consiste en mirar y escuchar lo que explican los adultos acompa\u00f1antes.<\/p>\n\n\n\n<h3 class=\"wp-block-heading\">Espacio adolescentes<\/h3>\n\n\n\n<p>En la sala grande de la biblioteca encontrar\u00e1s un espacio dedicado a p\u00fablico juvenil (de 12 a 16 a\u00f1os).<\/p>\n\n\n\n<h3 class=\"wp-block-heading text--no-bg internalLink\">Actividades de fomento lector<\/h3>\n\n\n\n<p class=\"text--no-bg\">La biblioteca de la Font d&#8217;en Carr\u00f2s realiza durante todo el a\u00f1o diversas actividades de fomento lector: cuentacuentos. talleres de fomento de h\u00e1bito lector, club de lectura, presentaciones de libros, formaci\u00f3n de usuarios, etc.<\/p>\n\n\n\n<h3 class=\"wp-block-heading\">Formaci\u00f3n de usuarios:<\/h3>\n\n\n\n<p>Incluye visitas previamente concertadas con colegios y otros colectivos para conseguir una utilizaci\u00f3n m\u00e1s eficaz de los recursos y servicios que la biblioteca ofrece.<\/p>\n\n\n\n<h3 class=\"wp-block-heading\">Club de lectura:<\/h3>\n\n\n\n<p>El club de lectura es una actividad consistente en que un grupo de personas lean un \u00fanico libro, propuesto por el propio club de lectura, en un tiempo determinado para dar encuentros para comentar la lectura de ese libro y compartir nuestras experiencias. Nos reunimos en la biblioteca en sesiones bimensuales de una duraci\u00f3n aproximada de hora y media, aproximadamente el \u00faltimo s\u00e1bado de enero, marzo, mayo, septiembre y noviembre.<\/p>\n\n\n\n<p>Es una actividad abierta que combina el placer de la lectura y el de la conversaci\u00f3n en torno a un libro.<\/p>\n\n\n\n<p class=\"text--no-bg\">Encontrar\u00e1s informaci\u00f3n actualizada de todas las actividades en facebook Agencia de lectura municipal Francesc Ferre Pastor.<\/p>\n","protected":false},"excerpt":{"rendered":"<p>\u00bfQu\u00e9 es la Agencia de Lectura? La Agencia de Lectura Francesc Ferrer Pastor es una entidad municipal que gestiona el servicio gratuito de pr\u00e9stamo y lectura de libros.Forma parte de la Red de Lectura P\u00fablica Valenciana (XLPV) que integra las bibliotecas municipales de la Comunitat Valenciana y las bibliotecas p\u00fablicas de la Generalitat Valenciana dentro [&hellip;]<\/p>\n","protected":false},"author":1,"featured_media":1026,"parent":4553,"menu_order":0,"comment_status":"closed","ping_status":"closed","template":"plantilla-google-maps","meta":{"_acf_changed":false,"_uag_custom_page_level_css":"","footnotes":""},"class_list":["post-4557","page","type-page","status-publish","has-post-thumbnail","hentry"],"acf":[],"spectra_custom_meta":{"_wp_page_template":["plantilla-google-maps"],"rank_math_internal_links_processed":["1"],"_wpml_word_count":["701"],"rank_math_seo_score":["11"],"_uag_custom_page_level_css":[""],"footnotes":[""],"gmaps_subtitulo_debajo_imagen_destacada":["Agencia de Lectura Municipal Francesc Ferrer Pastor"],"_gmaps_subtitulo_debajo_imagen_destacada":["field_6881e23804d41"],"gmaps_google_maps":[""],"_gmaps_google_maps":["field_6881e0c104d40"],"gmaps_direccion":["C\/ Sant Isidre, 5 (Edifici Polivalent, pl. primera) La Font d\u2019en Carr\u00f2s"],"_gmaps_direccion":["field_6881e34104d42"],"gmaps_telefono":["96 283 38 95"],"_gmaps_telefono":["field_6881e36104d43"],"gmaps_email":["arxiu@lafontdencarros.es"],"_gmaps_email":["field_6881e36b04d44"],"_wpml_media_duplicate":["1"],"_wpml_media_featured":["1"],"_wpml_location_migration_done":["1"],"mec_location_id":["0"],"mec_additional_location_ids":["a:0:{}"],"mec_organizer_id":["0"],"mec_additional_organizer_ids":["a:0:{}"],"_thumbnail_id":["1026"],"_edit_lock":["1761810175:1"],"_last_translation_edit_mode":["native-editor"],"_edit_last":["1"],"gmaps_informacion":[""],"_gmaps_informacion":["field_68872133566b7"],"gmaps_matricula":[""],"_gmaps_matricula":["field_68872147566b8"],"gmaps_periodo":[""],"_gmaps_periodo":["field_68872153566b9"],"gmaps_instagram_titulo":[""],"_gmaps_instagram_titulo":["field_68820dfc9faf5"],"gmaps_titulo_pdf_1":[""],"_gmaps_titulo_pdf_1":["field_688735bf22d15"],"gmaps_subtitulo_pdf_1":[""],"_gmaps_subtitulo_pdf_1":["field_688735fb22d1a"],"gmaps_titulo_pdf_2":[""],"_gmaps_titulo_pdf_2":["field_688735e822d16"],"gmaps_subtitulo_pdf_2":[""],"_gmaps_subtitulo_pdf_2":["field_6887361322d1b"],"gmaps_titulo_pdf_3":[""],"_gmaps_titulo_pdf_3":["field_688735ed22d17"],"gmaps_subtitulo_pdf_3":[""],"_gmaps_subtitulo_pdf_3":["field_6887361822d1c"],"gmaps_titulo_pdf_4":[""],"_gmaps_titulo_pdf_4":["field_688735f022d18"],"gmaps_subtitulo_pdf_4":[""],"_gmaps_subtitulo_pdf_4":["field_6887361d22d1d"],"gmaps_titulo_pdf_5":[""],"_gmaps_titulo_pdf_5":["field_688735f522d19"],"gmaps_subtitulo_pdf_5":[""],"_gmaps_subtitulo_pdf_5":["field_6887362222d1e"]},"uagb_featured_image_src":{"full":["https:\/\/www.lafontdencarros.es\/wp-content\/uploads\/2025\/07\/biblioteca-lafont.webp",872,398,false],"thumbnail":["https:\/\/www.lafontdencarros.es\/wp-content\/uploads\/2025\/07\/biblioteca-lafont-150x150.webp",150,150,true],"medium":["https:\/\/www.lafontdencarros.es\/wp-content\/uploads\/2025\/07\/biblioteca-lafont-300x137.webp",300,137,true],"medium_large":["https:\/\/www.lafontdencarros.es\/wp-content\/uploads\/2025\/07\/biblioteca-lafont-768x351.webp",768,351,true],"large":["https:\/\/www.lafontdencarros.es\/wp-content\/uploads\/2025\/07\/biblioteca-lafont.webp",872,398,false],"thumblist":["https:\/\/www.lafontdencarros.es\/wp-content\/uploads\/2025\/07\/biblioteca-lafont-300x300.webp",300,300,true],"thumbrelated":["https:\/\/www.lafontdencarros.es\/wp-content\/uploads\/2025\/07\/biblioteca-lafont-500x398.webp",500,398,true],"meccarouselthumb":["https:\/\/www.lafontdencarros.es\/wp-content\/uploads\/2025\/07\/biblioteca-lafont-474x324.webp",474,324,true],"gridsquare":["https:\/\/www.lafontdencarros.es\/wp-content\/uploads\/2025\/07\/biblioteca-lafont-391x260.webp",391,260,true],"tileview":["https:\/\/www.lafontdencarros.es\/wp-content\/uploads\/2025\/07\/biblioteca-lafont-300x398.webp",300,398,true],"1536x1536":["https:\/\/www.lafontdencarros.es\/wp-content\/uploads\/2025\/07\/biblioteca-lafont.webp",872,398,false],"2048x2048":["https:\/\/www.lafontdencarros.es\/wp-content\/uploads\/2025\/07\/biblioteca-lafont.webp",872,398,false]},"uagb_author_info":{"display_name":"redaccion","author_link":"https:\/\/www.lafontdencarros.es\/es\/author\/redaccion\/"},"uagb_comment_info":0,"uagb_excerpt":"\u00bfQu\u00e9 es la Agencia de Lectura? La Agencia de Lectura Francesc Ferrer Pastor es una entidad municipal que gestiona el servicio gratuito de pr\u00e9stamo y lectura de libros.Forma parte de la Red de Lectura P\u00fablica Valenciana (XLPV) que integra las bibliotecas municipales de la Comunitat Valenciana y las bibliotecas p\u00fablicas de la Generalitat Valenciana dentro&hellip;","_links":{"self":[{"href":"https:\/\/www.lafontdencarros.es\/es\/wp-json\/wp\/v2\/pages\/4557","targetHints":{"allow":["GET"]}}],"collection":[{"href":"https:\/\/www.lafontdencarros.es\/es\/wp-json\/wp\/v2\/pages"}],"about":[{"href":"https:\/\/www.lafontdencarros.es\/es\/wp-json\/wp\/v2\/types\/page"}],"author":[{"embeddable":true,"href":"https:\/\/www.lafontdencarros.es\/es\/wp-json\/wp\/v2\/users\/1"}],"replies":[{"embeddable":true,"href":"https:\/\/www.lafontdencarros.es\/es\/wp-json\/wp\/v2\/comments?post=4557"}],"version-history":[{"count":0,"href":"https:\/\/www.lafontdencarros.es\/es\/wp-json\/wp\/v2\/pages\/4557\/revisions"}],"up":[{"embeddable":true,"href":"https:\/\/www.lafontdencarros.es\/es\/wp-json\/wp\/v2\/pages\/4553"}],"wp:featuredmedia":[{"embeddable":true,"href":"https:\/\/www.lafontdencarros.es\/es\/wp-json\/wp\/v2\/media\/1026"}],"wp:attachment":[{"href":"https:\/\/www.lafontdencarros.es\/es\/wp-json\/wp\/v2\/media?parent=4557"}],"curies":[{"name":"wp","href":"https:\/\/api.w.org\/{rel}","templated":true}]}}