{"id":4547,"date":"2025-08-05T12:38:18","date_gmt":"2025-08-05T10:38:18","guid":{"rendered":"https:\/\/www.lafontdencarros.es\/dependencies-municipals\/centre-salut\/"},"modified":"2025-10-30T08:27:51","modified_gmt":"2025-10-30T07:27:51","slug":"centre-salut","status":"publish","type":"page","link":"https:\/\/www.lafontdencarros.es\/es\/dependencies-municipals\/centre-salut\/","title":{"rendered":"Centro salud"},"content":{"rendered":"\n<h3 class=\"wp-block-heading text--no-bg internalLink\">Horario consultas m\u00e9dicas<\/h3>\n\n<figure class=\"wp-block-table table--modern table-external--no-bordered\"><table class=\"has-fixed-layout\"><tbody><tr><td>Consultas m\u00e9dicas<\/td><td>08.15 a 13.30h<\/td><\/tr><\/tbody><\/table><\/figure>\n\n<h3 class=\"wp-block-heading internalLink text--no-bg\">Horario consultas enfermer\u00eda<\/h3>\n\n<figure class=\"wp-block-table table--modern table-external--no-bordered\"><table class=\"has-fixed-layout\"><tbody><tr><td>An\u00e1lisis (Lunes, Martes, Jueves)<\/td><td>08.30 a 10.00h<\/td><\/tr><tr><td>Cuidados e inyectables<\/td><td>10.00 a 11.30h \/ 12.00 a 13.00h (a domicili) \/ 13.00 a 14.00h<\/td><\/tr><\/tbody><\/table><\/figure>\n\n<h3 class=\"wp-block-heading internalLink text--no-bg\">Horario consultas pediatr\u00eda<\/h3>\n\n<figure class=\"wp-block-table table--modern table-external--no-bordered\"><table class=\"has-fixed-layout\"><tbody><tr><td>Martes<\/td><td>08.30 a 13.30h<\/td><\/tr><tr><td>Mi\u00e9rcoles<\/td><td>08.30 a 10.45h<\/td><\/tr><tr><td>Jueves<\/td><td>11.45 a 13.30h<\/td><\/tr><tr><td>Viernes<\/td><td>08.30 a 13.30h<\/td><\/tr><\/tbody><\/table><\/figure>\n\n<h3 class=\"wp-block-heading internalLink text--no-bg\">Petici\u00f3n citas<\/h3>\n\n<figure class=\"wp-block-table table--modern table-external--no-bordered\"><table class=\"has-fixed-layout\"><tbody><tr><td>Consultorio<\/td><td>08.00 a 11.00h<\/td><\/tr><tr><td>Tel\u00e9fono<\/td><td>09.00 a 11.00h<\/td><\/tr><\/tbody><\/table><\/figure>\n\n<p class=\"text--no-bg\">Las urgencias se atender\u00e1n en el centro de salud de Bellreguard a partir de las 15h (tel. 96 161 31 81)<\/p>\n\n<div class=\"wp-block-uagb-buttons uagb-buttons__outer-wrap uagb-btn__default-btn uagb-btn-tablet__default-btn uagb-btn-mobile__default-btn uagb-block-034d839b button--p0 button--no-bg\"><div class=\"uagb-buttons__wrap uagb-buttons-layout-wrap \">\n<div class=\"wp-block-uagb-buttons-child uagb-buttons__outer-wrap uagb-block-7c59f671 wp-block-button button--primary\"><div class=\"uagb-button__wrapper\"><a class=\"uagb-buttons-repeater wp-block-button__link\" aria-label=\"\" href=\"https:\/\/www.san.gva.es\/\" rel=\"follow noopener\" target=\"_blank\" role=\"button\"><div class=\"uagb-button__link\">Cita por internet<\/div><\/a><\/div><\/div>\n<\/div><\/div>\n","protected":false},"excerpt":{"rendered":"<p>Horario consultas m\u00e9dicas Consultas m\u00e9dicas 08.15 a 13.30h Horario consultas enfermer\u00eda An\u00e1lisis (Lunes, Martes, Jueves) 08.30 a 10.00h Cuidados e inyectables 10.00 a 11.30h \/ 12.00 a 13.00h (a domicili) \/ 13.00 a 14.00h Horario consultas pediatr\u00eda Martes 08.30 a 13.30h Mi\u00e9rcoles 08.30 a 10.45h Jueves 11.45 a 13.30h Viernes 08.30 a 13.30h Petici\u00f3n citas [&hellip;]<\/p>\n","protected":false},"author":1,"featured_media":1345,"parent":4527,"menu_order":0,"comment_status":"closed","ping_status":"closed","template":"plantilla-google-maps","meta":{"_acf_changed":false,"_uag_custom_page_level_css":"","footnotes":""},"class_list":["post-4547","page","type-page","status-publish","has-post-thumbnail","hentry"],"acf":[],"spectra_custom_meta":{"rank_math_internal_links_processed":["1"],"_uag_custom_page_level_css":[""],"footnotes":[""],"_wpml_word_count":["73"],"_wpml_media_duplicate":["1"],"_wpml_media_featured":["1"],"rank_math_seo_score":["15"],"_wpml_location_migration_done":["1"],"_thumbnail_id":["1345"],"_top_nav_excluded":[""],"_cms_nav_minihome":[""],"_last_translation_edit_mode":["translation-editor"],"_wp_page_template":["plantilla-google-maps"]},"uagb_featured_image_src":{"full":["https:\/\/www.lafontdencarros.es\/wp-content\/uploads\/2025\/07\/sanitat.webp",872,398,false],"thumbnail":["https:\/\/www.lafontdencarros.es\/wp-content\/uploads\/2025\/07\/sanitat-150x150.webp",150,150,true],"medium":["https:\/\/www.lafontdencarros.es\/wp-content\/uploads\/2025\/07\/sanitat-300x137.webp",300,137,true],"medium_large":["https:\/\/www.lafontdencarros.es\/wp-content\/uploads\/2025\/07\/sanitat-768x351.webp",768,351,true],"large":["https:\/\/www.lafontdencarros.es\/wp-content\/uploads\/2025\/07\/sanitat.webp",872,398,false],"thumblist":["https:\/\/www.lafontdencarros.es\/wp-content\/uploads\/2025\/07\/sanitat-300x300.webp",300,300,true],"thumbrelated":["https:\/\/www.lafontdencarros.es\/wp-content\/uploads\/2025\/07\/sanitat-500x398.webp",500,398,true],"meccarouselthumb":["https:\/\/www.lafontdencarros.es\/wp-content\/uploads\/2025\/07\/sanitat-474x324.webp",474,324,true],"gridsquare":["https:\/\/www.lafontdencarros.es\/wp-content\/uploads\/2025\/07\/sanitat-391x260.webp",391,260,true],"tileview":["https:\/\/www.lafontdencarros.es\/wp-content\/uploads\/2025\/07\/sanitat-300x398.webp",300,398,true],"1536x1536":["https:\/\/www.lafontdencarros.es\/wp-content\/uploads\/2025\/07\/sanitat.webp",872,398,false],"2048x2048":["https:\/\/www.lafontdencarros.es\/wp-content\/uploads\/2025\/07\/sanitat.webp",872,398,false]},"uagb_author_info":{"display_name":"redaccion","author_link":"https:\/\/www.lafontdencarros.es\/es\/author\/redaccion\/"},"uagb_comment_info":0,"uagb_excerpt":"Horario consultas m\u00e9dicas Consultas m\u00e9dicas 08.15 a 13.30h Horario consultas enfermer\u00eda An\u00e1lisis (Lunes, Martes, Jueves) 08.30 a 10.00h Cuidados e inyectables 10.00 a 11.30h \/ 12.00 a 13.00h (a domicili) \/ 13.00 a 14.00h Horario consultas pediatr\u00eda Martes 08.30 a 13.30h Mi\u00e9rcoles 08.30 a 10.45h Jueves 11.45 a 13.30h Viernes 08.30 a 13.30h Petici\u00f3n citas&hellip;","_links":{"self":[{"href":"https:\/\/www.lafontdencarros.es\/es\/wp-json\/wp\/v2\/pages\/4547","targetHints":{"allow":["GET"]}}],"collection":[{"href":"https:\/\/www.lafontdencarros.es\/es\/wp-json\/wp\/v2\/pages"}],"about":[{"href":"https:\/\/www.lafontdencarros.es\/es\/wp-json\/wp\/v2\/types\/page"}],"author":[{"embeddable":true,"href":"https:\/\/www.lafontdencarros.es\/es\/wp-json\/wp\/v2\/users\/1"}],"replies":[{"embeddable":true,"href":"https:\/\/www.lafontdencarros.es\/es\/wp-json\/wp\/v2\/comments?post=4547"}],"version-history":[{"count":0,"href":"https:\/\/www.lafontdencarros.es\/es\/wp-json\/wp\/v2\/pages\/4547\/revisions"}],"up":[{"embeddable":true,"href":"https:\/\/www.lafontdencarros.es\/es\/wp-json\/wp\/v2\/pages\/4527"}],"wp:featuredmedia":[{"embeddable":true,"href":"https:\/\/www.lafontdencarros.es\/es\/wp-json\/wp\/v2\/media\/1345"}],"wp:attachment":[{"href":"https:\/\/www.lafontdencarros.es\/es\/wp-json\/wp\/v2\/media?parent=4547"}],"curies":[{"name":"wp","href":"https:\/\/api.w.org\/{rel}","templated":true}]}}