{"id":4536,"date":"2025-08-05T12:38:53","date_gmt":"2025-08-05T10:38:53","guid":{"rendered":"https:\/\/www.lafontdencarros.es\/dependencies-municipals\/casal-de-la-joventud\/"},"modified":"2025-10-30T08:19:33","modified_gmt":"2025-10-30T07:19:33","slug":"casal-de-la-joventud","status":"publish","type":"page","link":"https:\/\/www.lafontdencarros.es\/es\/dependencies-municipals\/casal-de-la-joventud\/","title":{"rendered":"Casal de la joventud"},"content":{"rendered":"\n<figure class=\"wp-block-image size-full\" style=\"margin-bottom:var(--wp--preset--spacing--50)\"><img decoding=\"async\" width=\"180\" height=\"180\" src=\"https:\/\/www.lafontdencarros.es\/wp-content\/uploads\/2025\/08\/lafontenmoviment.jpg\" alt=\"La Font en moviment\" class=\"wp-image-2093\" srcset=\"https:\/\/www.lafontdencarros.es\/wp-content\/uploads\/2025\/08\/lafontenmoviment.jpg 180w, https:\/\/www.lafontdencarros.es\/wp-content\/uploads\/2025\/08\/lafontenmoviment-150x150.jpg 150w\" sizes=\"(max-width: 180px) 100vw, 180px\" \/><\/figure>\n\n\n\n<p>Ya tenemos nombre por el Espacio entre los j\u00f3venes de la Font y el Ayuntamiento. Ha ganado \u00abLa Font En Moviment\u00bb por 19 a 15 otorgados por \u00abCarr\u00f2s Jove\u00bb. Enhorabuena por la buena participaci\u00f3n y la acogida a la petici\u00f3n hecha desde la Concejal\u00eda de Juventud.<\/p>\n\n\n\n<p>Pr\u00f3ximamente, se har\u00e1 saber las bases del concurso del dise\u00f1o del logo del espacio \u00abLa Font En Moviment\u00bb para que la juventud de nuestro pueblo pueda participar en su creaci\u00f3n. Ser\u00e1 remunerado econ\u00f3micamente.<\/p>\n\n\n\n<h3 class=\"wp-block-heading\">Facebook LA FONT EN MOVIMENT<\/h3>\n\n\n\n<p>Si tiene alguna consulta, propuesta o duda, no dude en plantearla en el muro, le contestaremos en lo que necesite. Tambi\u00e9n, podr\u00e1 enviar un mensaje privado, si as\u00ed lo considera. Porque la pol\u00edtica de Juventud debe estar hecha con las\/los j\u00f3venes y por los j\u00f3venes de la Font.<\/p>\n","protected":false},"excerpt":{"rendered":"<p>Ya tenemos nombre por el Espacio entre los j\u00f3venes de la Font y el Ayuntamiento. Ha ganado \u00abLa Font En Moviment\u00bb por 19 a 15 otorgados por \u00abCarr\u00f2s Jove\u00bb. Enhorabuena por la buena participaci\u00f3n y la acogida a la petici\u00f3n hecha desde la Concejal\u00eda de Juventud. Pr\u00f3ximamente, se har\u00e1 saber las bases del concurso del [&hellip;]<\/p>\n","protected":false},"author":1,"featured_media":0,"parent":4527,"menu_order":0,"comment_status":"closed","ping_status":"closed","template":"plantilla-google-maps","meta":{"_acf_changed":false,"_uag_custom_page_level_css":"","footnotes":""},"class_list":["post-4536","page","type-page","status-publish","hentry"],"acf":[],"spectra_custom_meta":{"_wp_page_template":["plantilla-google-maps"],"rank_math_internal_links_processed":["1"],"_uag_custom_page_level_css":[""],"footnotes":[""],"_wpml_word_count":["134"],"rank_math_seo_score":["10"],"_wpml_media_duplicate":["1"],"_wpml_media_featured":["1"],"_wpml_location_migration_done":["1"],"gmaps_subtitulo_debajo_imagen_destacada":["Espai Jove LA FONT EN MOVIMENT"],"_gmaps_subtitulo_debajo_imagen_destacada":["field_6881e23804d41"],"gmaps_google_maps":[""],"_gmaps_google_maps":["field_6881e0c104d40"],"gmaps_direccion":[""],"_gmaps_direccion":["field_6881e34104d42"],"gmaps_telefono":[""],"_gmaps_telefono":["field_6881e36104d43"],"gmaps_informacion":[""],"_gmaps_informacion":["field_68872133566b7"],"gmaps_matricula":[""],"_gmaps_matricula":["field_68872147566b8"],"gmaps_periodo":[""],"_gmaps_periodo":["field_68872153566b9"],"gmaps_instagram_titulo":[""],"_gmaps_instagram_titulo":["field_68820dfc9faf5"],"gmaps_titulo_pdf_1":[""],"_gmaps_titulo_pdf_1":["field_688735bf22d15"],"gmaps_subtitulo_pdf_1":[""],"_gmaps_subtitulo_pdf_1":["field_688735fb22d1a"],"gmaps_titulo_pdf_2":[""],"_gmaps_titulo_pdf_2":["field_688735e822d16"],"gmaps_subtitulo_pdf_2":[""],"_gmaps_subtitulo_pdf_2":["field_6887361322d1b"],"gmaps_titulo_pdf_3":[""],"_gmaps_titulo_pdf_3":["field_688735ed22d17"],"gmaps_subtitulo_pdf_3":[""],"_gmaps_subtitulo_pdf_3":["field_6887361822d1c"],"gmaps_titulo_pdf_4":[""],"_gmaps_titulo_pdf_4":["field_688735f022d18"],"gmaps_subtitulo_pdf_4":[""],"_gmaps_subtitulo_pdf_4":["field_6887361d22d1d"],"gmaps_titulo_pdf_5":[""],"_gmaps_titulo_pdf_5":["field_688735f522d19"],"gmaps_subtitulo_pdf_5":[""],"_gmaps_subtitulo_pdf_5":["field_6887362222d1e"],"rank_math_og_content_image":["a:2:{s:5:\"check\";s:32:\"774e08da6e4647fdb1487b3a1f2db678\";s:6:\"images\";a:1:{i:0;i:2093;}}"],"_edit_lock":["1761808775:1"],"_last_translation_edit_mode":["native-editor"],"_edit_last":["1"]},"uagb_featured_image_src":{"full":false,"thumbnail":false,"medium":false,"medium_large":false,"large":false,"thumblist":false,"thumbrelated":false,"meccarouselthumb":false,"gridsquare":false,"tileview":false,"1536x1536":false,"2048x2048":false},"uagb_author_info":{"display_name":"redaccion","author_link":"https:\/\/www.lafontdencarros.es\/es\/author\/redaccion\/"},"uagb_comment_info":0,"uagb_excerpt":"Ya tenemos nombre por el Espacio entre los j\u00f3venes de la Font y el Ayuntamiento. Ha ganado \u00abLa Font En Moviment\u00bb por 19 a 15 otorgados por \u00abCarr\u00f2s Jove\u00bb. Enhorabuena por la buena participaci\u00f3n y la acogida a la petici\u00f3n hecha desde la Concejal\u00eda de Juventud. Pr\u00f3ximamente, se har\u00e1 saber las bases del concurso del&hellip;","_links":{"self":[{"href":"https:\/\/www.lafontdencarros.es\/es\/wp-json\/wp\/v2\/pages\/4536","targetHints":{"allow":["GET"]}}],"collection":[{"href":"https:\/\/www.lafontdencarros.es\/es\/wp-json\/wp\/v2\/pages"}],"about":[{"href":"https:\/\/www.lafontdencarros.es\/es\/wp-json\/wp\/v2\/types\/page"}],"author":[{"embeddable":true,"href":"https:\/\/www.lafontdencarros.es\/es\/wp-json\/wp\/v2\/users\/1"}],"replies":[{"embeddable":true,"href":"https:\/\/www.lafontdencarros.es\/es\/wp-json\/wp\/v2\/comments?post=4536"}],"version-history":[{"count":0,"href":"https:\/\/www.lafontdencarros.es\/es\/wp-json\/wp\/v2\/pages\/4536\/revisions"}],"up":[{"embeddable":true,"href":"https:\/\/www.lafontdencarros.es\/es\/wp-json\/wp\/v2\/pages\/4527"}],"wp:attachment":[{"href":"https:\/\/www.lafontdencarros.es\/es\/wp-json\/wp\/v2\/media?parent=4536"}],"curies":[{"name":"wp","href":"https:\/\/api.w.org\/{rel}","templated":true}]}}