{"id":4523,"date":"2025-07-22T10:37:38","date_gmt":"2025-07-22T08:37:38","guid":{"rendered":"https:\/\/www.lafontdencarros.es\/corporacio-municipal\/"},"modified":"2025-10-30T08:08:19","modified_gmt":"2025-10-30T07:08:19","slug":"corporacio-municipal","status":"publish","type":"page","link":"https:\/\/www.lafontdencarros.es\/es\/corporacio-municipal\/","title":{"rendered":"Corporaci\u00f3n Municipal"},"content":{"rendered":"\n<div class=\"wp-block-uagb-container uagb-block-e8bed351 alignfull uagb-is-root-container\"><div class=\"uagb-container-inner-blocks-wrap\"><div class=\"section__corporacions\"><div class=\"section__corporacio\">  <div class=\"section__corporacio--head\">      <h2 class=\"section__corporacio--nom\">Pablo Puig Desena<\/h2><p class=\"section__corporacio--partit\">PSOE<\/p>  <\/div>  <p class=\"section__corporacio--titol\">Alcalde<\/p><p class=\"section__corporacio--correu\"><a href=\"mailto:mailto:pablo@lafontdencarros.es\">pablo@lafontdencarros.es<\/a><\/p><\/div><div class=\"section__corporacio\">  <div class=\"section__corporacio--head\">      <h2 class=\"section__corporacio--nom\">C\u00e8lia Escriv\u00e0 Escriv\u00e0<\/h2><p class=\"section__corporacio--partit\">PSOE<\/p>  <\/div>  <p class=\"section__corporacio--titol\">Teniente de Alcalde \/ Concejala de Cultura y Pol\u00edticas Ling\u00fc\u00edsticas<\/p><p class=\"section__corporacio--correu\"><a href=\"mailto:mailto:celia@lafontdencarros.es\">celia@lafontdencarros.es<\/a><\/p><\/div><div class=\"section__corporacio\">  <div class=\"section__corporacio--head\">      <h2 class=\"section__corporacio--nom\">Juan Jos\u00e9 Benavent Escriv\u00e1<\/h2><p class=\"section__corporacio--partit\">PSOE<\/p>  <\/div>  <p class=\"section__corporacio--titol\">Teniente de Alcalde \/ Concejal de Deportes y Fiestas<\/p><p class=\"section__corporacio--correu\"><a href=\"mailto:mailto:juanjo@lafontdencarros.es\">juanjo@lafontdencarros.es<\/a><\/p><\/div><div class=\"section__corporacio\">  <div class=\"section__corporacio--head\">      <h2 class=\"section__corporacio--nom\">Francisca Rosell\u00f3 Grefori<\/h2><p class=\"section__corporacio--partit\">PSOE<\/p>  <\/div>  <p class=\"section__corporacio--titol\">Concejala de Bienestar Social e Igualdad<\/p><p class=\"section__corporacio--correu\"><a href=\"mailto:mailto:fanni@lafontdencarros.es\">fanni@lafontdencarros.es<\/a><\/p><\/div><div class=\"section__corporacio\">  <div class=\"section__corporacio--head\">      <h2 class=\"section__corporacio--nom\">Emili Josep Marcet Mengual<\/h2><p class=\"section__corporacio--partit\">PSOE<\/p>  <\/div>  <p class=\"section__corporacio--titol\">Concejal de Servicios Urbanos, Patrimonio, Smart City y Bienestar Animal<\/p><p class=\"section__corporacio--correu\"><a href=\"mailto:mailto:emili@lafontdencarros.es\">emili@lafontdencarros.es<\/a><\/p><\/div><div class=\"section__corporacio\">  <div class=\"section__corporacio--head\">      <h2 class=\"section__corporacio--nom\">Alba Aracil Fuster<\/h2><p class=\"section__corporacio--partit\">PSOE<\/p>  <\/div>  <p class=\"section__corporacio--titol\">Concejala de Infancia y Juventud<\/p><p class=\"section__corporacio--correu\"><a href=\"mailto:mailto:alba@lafontdencarros.es\">alba@lafontdencarros.es<\/a><\/p><\/div><div class=\"section__corporacio\">  <div class=\"section__corporacio--head\">      <h2 class=\"section__corporacio--nom\">Ivan Agud Moratal<\/h2><p class=\"section__corporacio--partit\">PSOE<\/p>  <\/div>  <p class=\"section__corporacio--titol\">Concejal de Pol\u00edticas Educativas y Turismo<\/p><p class=\"section__corporacio--correu\"><a href=\"mailto:mailto:ivan@lafontdencarros.es\">ivan@lafontdencarros.es<\/a><\/p><\/div><div class=\"section__corporacio\">  <div class=\"section__corporacio--head\">      <h2 class=\"section__corporacio--nom\">Maria Moratal Monz\u00f3<\/h2><p class=\"section__corporacio--partit\">PSOE<\/p>  <\/div>  <p class=\"section__corporacio--titol\">Concejala de Participaci\u00f3n Ciudadana, Transparencia, Gobierno Abierto y Responsabilidad Social<\/p><p class=\"section__corporacio--correu\"><a href=\"mailto:mailto:maria@lafontdencarros.es\">maria@lafontdencarros.es<\/a><\/p><\/div><div class=\"section__corporacio\">  <div class=\"section__corporacio--head\">      <h2 class=\"section__corporacio--nom\">Juan Agut Fuster<\/h2><p class=\"section__corporacio--partit\">PSOE<\/p>  <\/div>  <p class=\"section__corporacio--titol\">Concejal de Agricultura, Medio Ambiente y Nuevas Tecnolog\u00edas<\/p><p class=\"section__corporacio--correu\"><a href=\"mailto:mailto:joan@lafontdencarros.es\">joan@lafontdencarros.es<\/a><\/p><\/div><div class=\"section__corporacio\">  <div class=\"section__corporacio--head\">      <h2 class=\"section__corporacio--nom\">Juan Antonio Gracia Mar\u00ed<\/h2><p class=\"section__corporacio--partit\">PP<\/p>  <\/div>  <p class=\"section__corporacio--titol\">Concejal \/ Portavoz del grupo<\/p><p class=\"section__corporacio--correu\">---<\/p><\/div><div class=\"section__corporacio\">  <div class=\"section__corporacio--head\">      <h2 class=\"section__corporacio--nom\">Rosa Maria Mart\u00ednez Alabau<\/h2><p class=\"section__corporacio--partit\">PP<\/p>  <\/div>  <p class=\"section__corporacio--titol\">Concejala<\/p><p class=\"section__corporacio--correu\">---<\/p><\/div><\/div>\n<\/div><\/div>\n","protected":false},"excerpt":{"rendered":"","protected":false},"author":1,"featured_media":0,"parent":0,"menu_order":0,"comment_status":"closed","ping_status":"closed","template":"plantilla-sin-side","meta":{"_acf_changed":false,"_uag_custom_page_level_css":"","footnotes":""},"class_list":["post-4523","page","type-page","status-publish","hentry"],"acf":[],"spectra_custom_meta":{"_wp_page_template":["plantilla-sin-side"],"rank_math_seo_score":["9"],"rank_math_internal_links_processed":["1"],"_uag_custom_page_level_css":[""],"footnotes":[""],"_wpml_word_count":["4"],"_wpml_media_duplicate":["1"],"_wpml_media_featured":["1"],"_wpml_location_migration_done":["1"],"_top_nav_excluded":[""],"_cms_nav_minihome":[""],"_last_translation_edit_mode":["translation-editor"]},"uagb_featured_image_src":{"full":false,"thumbnail":false,"medium":false,"medium_large":false,"large":false,"thumblist":false,"thumbrelated":false,"meccarouselthumb":false,"gridsquare":false,"tileview":false,"1536x1536":false,"2048x2048":false},"uagb_author_info":{"display_name":"redaccion","author_link":"https:\/\/www.lafontdencarros.es\/es\/author\/redaccion\/"},"uagb_comment_info":0,"uagb_excerpt":null,"_links":{"self":[{"href":"https:\/\/www.lafontdencarros.es\/es\/wp-json\/wp\/v2\/pages\/4523","targetHints":{"allow":["GET"]}}],"collection":[{"href":"https:\/\/www.lafontdencarros.es\/es\/wp-json\/wp\/v2\/pages"}],"about":[{"href":"https:\/\/www.lafontdencarros.es\/es\/wp-json\/wp\/v2\/types\/page"}],"author":[{"embeddable":true,"href":"https:\/\/www.lafontdencarros.es\/es\/wp-json\/wp\/v2\/users\/1"}],"replies":[{"embeddable":true,"href":"https:\/\/www.lafontdencarros.es\/es\/wp-json\/wp\/v2\/comments?post=4523"}],"version-history":[{"count":0,"href":"https:\/\/www.lafontdencarros.es\/es\/wp-json\/wp\/v2\/pages\/4523\/revisions"}],"wp:attachment":[{"href":"https:\/\/www.lafontdencarros.es\/es\/wp-json\/wp\/v2\/media?parent=4523"}],"curies":[{"name":"wp","href":"https:\/\/api.w.org\/{rel}","templated":true}]}}