{"id":4507,"date":"2025-07-30T13:43:35","date_gmt":"2025-07-30T11:43:35","guid":{"rendered":"https:\/\/www.lafontdencarros.es\/avis-legal\/"},"modified":"2025-10-30T07:59:12","modified_gmt":"2025-10-30T06:59:12","slug":"avis-legal","status":"publish","type":"page","link":"https:\/\/www.lafontdencarros.es\/es\/avis-legal\/","title":{"rendered":"Aviso Legal"},"content":{"rendered":"\n<h2 class=\"wp-block-heading\"><strong>Titularidad del sitio web<\/strong><\/h2>\n\n<p><strong>lafontdencarros.es<\/strong>, es un dominio en internet de titularidad:<\/p>\n\n<p>Ayuntamiento de La Font d&#8217;En Carr\u00f2s<\/p>\n\n<p>Pla\u00e7a Ajuntament, 17 &#8211; CP: 46717<br\/>Tel\u00e8fon: 96 283 30 00<\/p>\n\n<p>El Ayuntamiento, mediante este sitio web, pone a disposici\u00f3n de los diferentes usuarios el acceso y utilizaci\u00f3n de servicios e informaci\u00f3n referidos tanto a su \u00e1mbito de actuaci\u00f3n como, en su caso, proporcionados por terceros. Este sitio web y todos sus contenidos, incluyendo los textos, im\u00e1genes, c\u00f3digos y cualquier otro material, son propiedad del Ayuntamiento o de terceros que han autorizado su uso. La informaci\u00f3n y elementos divulgados a trav\u00e9s de estas p\u00e1ginas est\u00e1n protegidos por las leyes espa\u00f1olas e internacionales sobre Propiedad Industrial e Intelectual. De tal forma que se proh\u00edbe su reproducci\u00f3n, distribuci\u00f3n y comunicaci\u00f3n p\u00fablica sin la autorizaci\u00f3n expresa del Ayuntamiento.<\/p>\n\n<h2 class=\"wp-block-heading\"><strong>T\u00e9rminos y condiciones de uso<\/strong><\/h2>\n\n<p>Se considera usuario del presente sitio web a cualquiera que acceda y utilice el mismo. La condici\u00f3n de usuario comporta la total aceptaci\u00f3n de las condiciones establecidas en el presente Aviso Legal y en las especiales que puedan establecerse para determinados servicios y utilidades. Los usuarios adquieren el compromiso de ajustar su actuaci\u00f3n a las citadas condiciones y observar lo dispuesto por la normativa legal, as\u00ed como a las instrucciones y avisos que se ponen en su conocimiento.<\/p>\n\n<p>Cuando sea necesaria la utilizaci\u00f3n de una contrase\u00f1a o nombre de usuario para acceder a alg\u00fan contenido o servicio de este sitio web, el usuario queda obligado a mantenerla en secreto y hacer de ella un uso diligente. En caso de p\u00e9rdida o utilizaci\u00f3n negligente de la contrase\u00f1a el usuario responder\u00e1 de la utilizaci\u00f3n que de ella hayan podido realizar terceras personas.<\/p>\n\n<p>Se proh\u00edbe la reproducci\u00f3n total o parcial de los contenidos de esta Web sin citar su origen o solicitar autorizaci\u00f3n.<\/p>\n\n<p>El Ayuntamiento no es responsable del mal uso que los usuarios realizan de los contenidos de su sitio web y se reserva el derecho de actualizar, modificar, conservar, eliminar, o impedir el acceso a cualquier contenido que aparezca en el mismo o cerrarlo sin previo aviso.<\/p>\n\n<p>El Ayuntamiento no es responsable de los contenidos situados fuera de su web, en los sitios web de terceros, a los que se pueda acceder mediante oa trav\u00e9s de enlaces situados en el sitio web del ayuntamiento. En el caso de foros abiertos o espacios de opini\u00f3n en sus p\u00e1ginas web, el Ayuntamiento no se obliga a controlar las opiniones o informaciones vertidas por los usuarios, pero se reserva el derecho a eliminar aquellas que puedan resultar contrarias a la legalidad vigente, especialmente cuando impliquen una vulneraci\u00f3n de los derechos y libertades fundamentales, los buenos usos y los presentes t\u00e9rminos y condiciones. el Ayuntamiento no ser\u00e1 responsable de posibles da\u00f1os o perjuicios que pudieran derivarse de interferencias, omisiones, interrupciones, aver\u00edas o desconexiones en el funcionamiento operativo de este sistema electr\u00f3nico, motivadas por causas ajenas al Ayuntamiento, o como consecuencia de ajustes o problemas t\u00e9cnicos propios; as\u00ed como de da\u00f1os que puedan ser causados \u200b\u200bpor virus inform\u00e1ticos y por terceras personas mediante intromisiones ileg\u00edtimas fuera del control del ayuntamiento.<\/p>\n\n<p>La informaci\u00f3n administrativa publicada en este sitio web tiene car\u00e1cter meramente orientativo; por tanto, ni sustituye la publicidad de los documentos que deban publicarse en Diarios y Boletines Oficiales, cuya edici\u00f3n es el \u00fanico instrumento que da fe de la autenticidad y del contenido de los mismos, ni de la misma puede derivarse efecto jur\u00eddico vinculante alguno, debiendo el usuario contrastar la citada informaci\u00f3n con el existente en los Diarios y But pertinentes de la Administraci\u00f3n. En concreto, esta informaci\u00f3n no podr\u00e1 ser vinculante a la resoluci\u00f3n de procedimientos administrativos ni alegarse en procesos contradictorios con la Administraci\u00f3n P\u00fablica. En consecuencia, el Ayuntamiento no se hace responsable de los posibles da\u00f1os y perjuicios que pudiera ocasionar el uso de esta informaci\u00f3n. el Ayuntamiento se reserva el derecho de modificar los t\u00e9rminos y condiciones establecidos en el presente Aviso Legal.<\/p>\n","protected":false},"excerpt":{"rendered":"<p>Titularidad del sitio web lafontdencarros.es, es un dominio en internet de titularidad: Ayuntamiento de La Font d&#8217;En Carr\u00f2s Pla\u00e7a Ajuntament, 17 &#8211; CP: 46717Tel\u00e8fon: 96 283 30 00 El Ayuntamiento, mediante este sitio web, pone a disposici\u00f3n de los diferentes usuarios el acceso y utilizaci\u00f3n de servicios e informaci\u00f3n referidos tanto a su \u00e1mbito de [&hellip;]<\/p>\n","protected":false},"author":1,"featured_media":0,"parent":0,"menu_order":0,"comment_status":"closed","ping_status":"closed","template":"plantilla-sin-side","meta":{"_acf_changed":false,"_uag_custom_page_level_css":"","footnotes":""},"class_list":["post-4507","page","type-page","status-publish","hentry"],"acf":[],"spectra_custom_meta":{"_wp_page_template":["plantilla-sin-side"],"rank_math_seo_score":["8"],"rank_math_internal_links_processed":["1"],"_uag_custom_page_level_css":[""],"footnotes":[""],"_wpml_word_count":["724"],"_wpml_media_duplicate":["1"],"_wpml_media_featured":["1"],"_wpml_location_migration_done":["1"],"_top_nav_excluded":[""],"_cms_nav_minihome":[""],"_last_translation_edit_mode":["translation-editor"]},"uagb_featured_image_src":{"full":false,"thumbnail":false,"medium":false,"medium_large":false,"large":false,"thumblist":false,"thumbrelated":false,"meccarouselthumb":false,"gridsquare":false,"tileview":false,"1536x1536":false,"2048x2048":false},"uagb_author_info":{"display_name":"redaccion","author_link":"https:\/\/www.lafontdencarros.es\/es\/author\/redaccion\/"},"uagb_comment_info":0,"uagb_excerpt":"Titularidad del sitio web lafontdencarros.es, es un dominio en internet de titularidad: Ayuntamiento de La Font d&#8217;En Carr\u00f2s Pla\u00e7a Ajuntament, 17 &#8211; CP: 46717Tel\u00e8fon: 96 283 30 00 El Ayuntamiento, mediante este sitio web, pone a disposici\u00f3n de los diferentes usuarios el acceso y utilizaci\u00f3n de servicios e informaci\u00f3n referidos tanto a su \u00e1mbito de&hellip;","_links":{"self":[{"href":"https:\/\/www.lafontdencarros.es\/es\/wp-json\/wp\/v2\/pages\/4507","targetHints":{"allow":["GET"]}}],"collection":[{"href":"https:\/\/www.lafontdencarros.es\/es\/wp-json\/wp\/v2\/pages"}],"about":[{"href":"https:\/\/www.lafontdencarros.es\/es\/wp-json\/wp\/v2\/types\/page"}],"author":[{"embeddable":true,"href":"https:\/\/www.lafontdencarros.es\/es\/wp-json\/wp\/v2\/users\/1"}],"replies":[{"embeddable":true,"href":"https:\/\/www.lafontdencarros.es\/es\/wp-json\/wp\/v2\/comments?post=4507"}],"version-history":[{"count":0,"href":"https:\/\/www.lafontdencarros.es\/es\/wp-json\/wp\/v2\/pages\/4507\/revisions"}],"wp:attachment":[{"href":"https:\/\/www.lafontdencarros.es\/es\/wp-json\/wp\/v2\/media?parent=4507"}],"curies":[{"name":"wp","href":"https:\/\/api.w.org\/{rel}","templated":true}]}}