{"id":4501,"date":"2025-08-06T13:11:14","date_gmt":"2025-08-06T11:11:14","guid":{"rendered":"https:\/\/www.lafontdencarros.es\/arxiu-municipal\/"},"modified":"2025-10-29T13:50:17","modified_gmt":"2025-10-29T12:50:17","slug":"arxiu-municipal","status":"publish","type":"page","link":"https:\/\/www.lafontdencarros.es\/es\/arxiu-municipal\/","title":{"rendered":"Archivo Municipal"},"content":{"rendered":"\n<p>El Archivo Municipal de la Font d&#8217;en Carr\u00f2s es un servicio abierto al ciudadano y una herramienta al servicio de la gesti\u00f3n municipal que permite una mejor eficacia y funcionamiento de la administraci\u00f3n municipal y promueve la difusi\u00f3n y el conocimiento de la historia del pueblo.<\/p>\n\n\n\n<p>Son funciones del Archivo: la conservaci\u00f3n y organizaci\u00f3n del patrimonio documental municipal con el objetivo fundamental de:<\/p>\n\n\n\n<ul class=\"wp-block-list\">\n<li>Satisfacer las necesidades de informaci\u00f3n y documentaci\u00f3n, necesarias para justificar los derechos de las personas f\u00edsicas o jur\u00eddicas, p\u00fablicas o privadas,<\/li>\n\n\n\n<li>Favorecer la investigaci\u00f3n y la investigaci\u00f3n hist\u00f3ricas,<\/li>\n\n\n\n<li>Velar por la recuperaci\u00f3n del patrimonio documental no oficial por medio de la aceptaci\u00f3n de legados o donativos,<\/li>\n\n\n\n<li>Promover el conocimiento del entorno con el objetivo de fomentar la defensa y el enriquecimiento a trav\u00e9s de actividades culturales.<\/li>\n<\/ul>\n\n\n\n<p><strong>Horario:<\/strong><\/p>\n\n\n\n<p>Lunes a Viernes de 09:00 a 14:00<\/p>\n\n\n\n<p>Para cualquier consulta es necesario pedir cita previa a <a href=\"mailto:arxiu@lafontdencarros.es\">arxiu@lafontdencarros.es<\/a><\/p>\n","protected":false},"excerpt":{"rendered":"<p>El Archivo Municipal de la Font d&#8217;en Carr\u00f2s es un servicio abierto al ciudadano y una herramienta al servicio de la gesti\u00f3n municipal que permite una mejor eficacia y funcionamiento de la administraci\u00f3n municipal y promueve la difusi\u00f3n y el conocimiento de la historia del pueblo. Son funciones del Archivo: la conservaci\u00f3n y organizaci\u00f3n del [&hellip;]<\/p>\n","protected":false},"author":1,"featured_media":0,"parent":0,"menu_order":0,"comment_status":"closed","ping_status":"closed","template":"plantilla-google-maps","meta":{"_acf_changed":false,"_uag_custom_page_level_css":"","footnotes":""},"class_list":["post-4501","page","type-page","status-publish","hentry"],"acf":[],"spectra_custom_meta":{"_wp_page_template":["plantilla-google-maps"],"rank_math_internal_links_processed":["1"],"_wpml_word_count":["169"],"rank_math_seo_score":["9"],"_uag_custom_page_level_css":[""],"footnotes":[""],"_wpml_location_migration_done":["1"],"gmaps_subtitulo_debajo_imagen_destacada":[""],"_gmaps_subtitulo_debajo_imagen_destacada":["field_6881e23804d41"],"gmaps_google_maps":[""],"_gmaps_google_maps":["field_6881e0c104d40"],"gmaps_direccion":["Pl. Ajuntament, 17. Ajuntament de la Font d\u2019en Carr\u00f2s, 2ona planta"],"_gmaps_direccion":["field_6881e34104d42"],"gmaps_telefono":[""],"_gmaps_telefono":["field_6881e36104d43"],"gmaps_informacion":[""],"_gmaps_informacion":["field_68872133566b7"],"gmaps_matricula":[""],"_gmaps_matricula":["field_68872147566b8"],"gmaps_periodo":[""],"_gmaps_periodo":["field_68872153566b9"],"gmaps_email":["arxiu@lafontdencarros.es"],"_gmaps_email":["field_6881e36b04d44"],"gmaps_instagram_titulo":[""],"_gmaps_instagram_titulo":["field_68820dfc9faf5"],"gmaps_titulo_pdf_1":[""],"_gmaps_titulo_pdf_1":["field_688735bf22d15"],"gmaps_subtitulo_pdf_1":[""],"_gmaps_subtitulo_pdf_1":["field_688735fb22d1a"],"gmaps_titulo_pdf_2":[""],"_gmaps_titulo_pdf_2":["field_688735e822d16"],"gmaps_subtitulo_pdf_2":[""],"_gmaps_subtitulo_pdf_2":["field_6887361322d1b"],"gmaps_titulo_pdf_3":[""],"_gmaps_titulo_pdf_3":["field_688735ed22d17"],"gmaps_subtitulo_pdf_3":[""],"_gmaps_subtitulo_pdf_3":["field_6887361822d1c"],"gmaps_titulo_pdf_4":[""],"_gmaps_titulo_pdf_4":["field_688735f022d18"],"gmaps_subtitulo_pdf_4":[""],"_gmaps_subtitulo_pdf_4":["field_6887361d22d1d"],"gmaps_titulo_pdf_5":[""],"_gmaps_titulo_pdf_5":["field_688735f522d19"],"gmaps_subtitulo_pdf_5":[""],"_gmaps_subtitulo_pdf_5":["field_6887362222d1e"],"_wpml_media_duplicate":["1"],"_wpml_media_featured":["1"],"_edit_lock":["1761742218:1"],"_last_translation_edit_mode":["native-editor"],"_edit_last":["1"]},"uagb_featured_image_src":{"full":false,"thumbnail":false,"medium":false,"medium_large":false,"large":false,"thumblist":false,"thumbrelated":false,"meccarouselthumb":false,"gridsquare":false,"tileview":false,"1536x1536":false,"2048x2048":false},"uagb_author_info":{"display_name":"redaccion","author_link":"https:\/\/www.lafontdencarros.es\/es\/author\/redaccion\/"},"uagb_comment_info":0,"uagb_excerpt":"El Archivo Municipal de la Font d&#8217;en Carr\u00f2s es un servicio abierto al ciudadano y una herramienta al servicio de la gesti\u00f3n municipal que permite una mejor eficacia y funcionamiento de la administraci\u00f3n municipal y promueve la difusi\u00f3n y el conocimiento de la historia del pueblo. Son funciones del Archivo: la conservaci\u00f3n y organizaci\u00f3n del&hellip;","_links":{"self":[{"href":"https:\/\/www.lafontdencarros.es\/es\/wp-json\/wp\/v2\/pages\/4501","targetHints":{"allow":["GET"]}}],"collection":[{"href":"https:\/\/www.lafontdencarros.es\/es\/wp-json\/wp\/v2\/pages"}],"about":[{"href":"https:\/\/www.lafontdencarros.es\/es\/wp-json\/wp\/v2\/types\/page"}],"author":[{"embeddable":true,"href":"https:\/\/www.lafontdencarros.es\/es\/wp-json\/wp\/v2\/users\/1"}],"replies":[{"embeddable":true,"href":"https:\/\/www.lafontdencarros.es\/es\/wp-json\/wp\/v2\/comments?post=4501"}],"version-history":[{"count":0,"href":"https:\/\/www.lafontdencarros.es\/es\/wp-json\/wp\/v2\/pages\/4501\/revisions"}],"wp:attachment":[{"href":"https:\/\/www.lafontdencarros.es\/es\/wp-json\/wp\/v2\/media?parent=4501"}],"curies":[{"name":"wp","href":"https:\/\/api.w.org\/{rel}","templated":true}]}}