{"id":4493,"date":"2025-07-28T10:25:10","date_gmt":"2025-07-28T08:25:10","guid":{"rendered":"https:\/\/www.lafontdencarros.es\/agricultura\/pla-cremes-agricoles\/"},"modified":"2025-10-29T13:35:50","modified_gmt":"2025-10-29T12:35:50","slug":"pla-cremes-agricoles","status":"publish","type":"page","link":"https:\/\/www.lafontdencarros.es\/es\/agricultura\/pla-cremes-agricoles\/","title":{"rendered":"Plan quemas agr\u00edcolas"},"content":{"rendered":"\n<p>El plan local de cremas agr\u00edcolas, se basa en el Decreto 91\/2023, de 22 de junio, del Consell, por el que se aprueba el reglamento de la Ley 3\/1993, de 9 de diciembre, Forestal del Pa\u00eds Valenciano.<\/p>\n\n\n\n<h3 class=\"wp-block-heading internalLink\">Normas a seguir<\/h3>\n\n\n\n<ul class=\"wp-block-list mt-0\">\n<li>Las quemas se realizar\u00e1n dentro del per\u00edodo establecido y en las zonas que se determinen en el Plan de Quemas.<\/li>\n\n\n\n<li>Los dias que haya viento de poniente, as\u00ed como fuertes rachas de vientos, se suspender\u00e1 la quema de inmediato.<\/li>\n\n\n\n<li>Queda prohibida la realizaci\u00f3n de quemas en el per\u00edodo comprendido entre el Jueves Santo y el lunes inmediatamente siguiente al Lunes de Pascua, conocido de modo tradicional como Lunes de San Vicente, ambos incluidos.<\/li>\n\n\n\n<li>Queda prohibida la quema los domingos y festivos.<\/li>\n\n\n\n<li>La quema debe estar totalmente extinguida a la finalizaci\u00f3n del horario permitido y el interesado est\u00e1 obligado a vigilarla hasta que \u00e9sta lo est\u00e9.<\/li>\n\n\n\n<li>Las quemas se realizar\u00e1n dentro de la parcela agr\u00edcola y a m\u00e1s de 30 metros de la vegetaci\u00f3n forestal, preferiblemente dentro de un quemador.<\/li>\n\n\n\n<li>Las hogueras se realizar\u00e1n con una banda perimetral limpia de vegetaci\u00f3n hasta suelo mineral de 5 m de anchura o dentro de terreno labrado con el mismo per\u00edmetro de seguridad como m\u00ednimo.<\/li>\n\n\n\n<li>En el sitio de la quema habr\u00e1 un tel\u00e9fono operativo que permitir\u00e1 dar aviso de alarma r\u00e1pidamente.<\/li>\n\n\n\n<li>Avisar al 112 en caso de p\u00e9rdida del control del fuego.<\/li>\n<\/ul>\n\n\n\n<h3 class=\"wp-block-heading internalLink\">Autoritzacions<\/h3>\n\n\n\n<ul class=\"wp-block-list mt-0\">\n<li>Para la actividad de la quema en la Zona B, durante la \u00e9poca de bajo riesgo (16 de octubre al 31 de mayo), el interesado deber\u00e1 tramitar ante el Ayuntamiento la DECLARACI\u00d3N RESPONSABLE PARA EL USO DEL FUEGO DESTINADO A LA ELIMINACI\u00d3N DE RESIDUOS AGR\u00cdCOLAS.<\/li>\n\n\n\n<li>Se tramitar\u00e1 en horario de atenci\u00f3n al p\u00fablico de lunes a viernes por la ma\u00f1ana. Se podr\u00e1 descargar y cumplimentar con anterioridad a su tramitaci\u00f3n, por parte del interesado, de forma telem\u00e1tica a trav\u00e9s de la sede electr\u00f3nica de la p\u00e1gina web del Ayuntamiento.<\/li>\n\n\n\n<li>En el momento en el que se realiza la quema, la persona autorizada debe llevar sobre la correspondiente declaraci\u00f3n responsable.<\/li>\n<\/ul>\n\n\n\n<h3 class=\"wp-block-heading internalLink\">Informaci\u00f3n<\/h3>\n\n\n\n<ul class=\"wp-block-list mt-0\">\n<li>Usted podr\u00e1 consultar el Plan de Quemas en la web del Ayuntamiento.<\/li>\n\n\n\n<li>Usted podr\u00e1 consultar en qu\u00e9 zona del Plan de Quemas se sit\u00faa su percela en las oficinas del ayuntamiento<\/li>\n\n\n\n<li>El nivel de preemergencia, as\u00ed como su previsi\u00f3n para el d\u00eda siguiente, puede consultarse en:<\/li>\n\n\n\n<li>La Web de la estaci\u00f3n meteorol\u00f3gica del ayuntamiento en el siguiente enlace:<a href=\"https:\/\/inforatge.com\/meteo-lafontdencarros\" target=\"_blank\" rel=\"noreferrer noopener nofollow\">https:\/\/inforatge.com\/meteo-lafontdencarros<\/a> \u00b7\u00a0\u00a0<\/li>\n\n\n\n<li>P\u00e1gina web: <a href=\"http:\/\/www.112cv.com\" data-type=\"link\" data-id=\"www.112cv.com\" target=\"_blank\" rel=\"noreferrer noopener nofollow\">www.112cv.com<\/a>\u00a0<\/li>\n<\/ul>\n\n\n\n<h2 class=\"wp-block-heading internalLink text--no-bg\">Calendario de quemas<\/h2>\n\n\n\n<h3 class=\"wp-block-heading\">Horario de invierno: \u00e9poca de bajo riesgo. Meses: del 16 de octubre al 31 de mayo<\/h3>\n\n\n\n<p>Dentro de las Zonas A y B del municipio se podr\u00e1n realizar quemas todos los d\u00edas (Lunes, Martes, Mi\u00e9rcoles, Jueves, Viernes y S\u00e1bado) desde la salida del Sol hasta las 13:30 horas, momento en que el fuego deber\u00e1 estar totalmente apagado.<\/p>\n\n\n\n<p>Dentro de las Zonas B del municipio se podr\u00e1n realizar quemas de lunes a s\u00e1bado desde la salida del Sol hasta las 13:30 horas, momento en que el fuego deber\u00e1 estar totalmente apagado. Ser\u00e1 necesaria una declaraci\u00f3n responsable.<\/p>\n\n\n\n<h3 class=\"wp-block-heading\">Horario de verano: \u00e9poca de riesgo alto. Meses: del 1 de junio al 15 de octubre<\/h3>\n\n\n\n<p>Zona A del municipio municipio se podr\u00e1n realizar de lunes a s\u00e1bado desde la salida del Sol hasta las 11:00 horas, momento en que el fuego deber\u00e1 estar totalmente apagado.<\/p>\n\n\n\n<p>Dentro de las Zonas B. Totalmente prohibido<\/p>\n\n\n\n<p>Queda prohibida la quema de restos agr\u00edcolas en Zona Forestal y zona agr\u00edcola a menos de 30 metros de la misma.<\/p>\n\n\n\n<p>Queda prohibida la quema de restos agr\u00edcolas en los d\u00edas con nivel de preemergencia 2 y 3 en todo el t\u00e9rmino municipal.<\/p>\n\n\n\n<p>Cualquier cambio en el calendario de quemas por orden de Consejer\u00eda se anunciar\u00e1 por los canales habituales.<\/p>\n","protected":false},"excerpt":{"rendered":"<p>El plan local de cremas agr\u00edcolas, se basa en el Decreto 91\/2023, de 22 de junio, del Consell, por el que se aprueba el reglamento de la Ley 3\/1993, de 9 de diciembre, Forestal del Pa\u00eds Valenciano. Normas a seguir Autoritzacions Informaci\u00f3n Calendario de quemas Horario de invierno: \u00e9poca de bajo riesgo. Meses: del 16 [&hellip;]<\/p>\n","protected":false},"author":1,"featured_media":0,"parent":4477,"menu_order":0,"comment_status":"closed","ping_status":"closed","template":"plantilla-google-maps","meta":{"_acf_changed":false,"_uag_custom_page_level_css":"","footnotes":""},"class_list":["post-4493","page","type-page","status-publish","hentry"],"acf":[],"spectra_custom_meta":{"_wp_page_template":["plantilla-google-maps"],"rank_math_internal_links_processed":["1"],"_wpml_word_count":["615"],"_wpml_location_migration_done":["1"],"rank_math_seo_score":["14"],"_uag_custom_page_level_css":[""],"footnotes":[""],"gmaps_subtitulo_debajo_imagen_destacada":[""],"_gmaps_subtitulo_debajo_imagen_destacada":["field_6881e23804d41"],"gmaps_google_maps":[""],"_gmaps_google_maps":["field_6881e0c104d40"],"gmaps_direccion":[""],"_gmaps_direccion":["field_6881e34104d42"],"gmaps_telefono":[""],"_gmaps_telefono":["field_6881e36104d43"],"gmaps_informacion":[""],"_gmaps_informacion":["field_68872133566b7"],"gmaps_matricula":[""],"_gmaps_matricula":["field_68872147566b8"],"gmaps_periodo":[""],"_gmaps_periodo":["field_68872153566b9"],"gmaps_instagram_titulo":[""],"_gmaps_instagram_titulo":["field_68820dfc9faf5"],"_wpml_media_duplicate":["1"],"_wpml_media_featured":["1"],"gmaps_pdf_1":["1254"],"_gmaps_pdf_1":["field_6887359e22d10"],"gmaps_titulo_pdf_1":["Plan de quemas 2025"],"_gmaps_titulo_pdf_1":["field_688735bf22d15"],"gmaps_subtitulo_pdf_1":["Descarga el PDF"],"_gmaps_subtitulo_pdf_1":["field_688735fb22d1a"],"gmaps_titulo_pdf_2":["Plan local de quemas"],"_gmaps_titulo_pdf_2":["field_688735e822d16"],"gmaps_subtitulo_pdf_2":["Descarga el PDF"],"_gmaps_subtitulo_pdf_2":["field_6887361322d1b"],"gmaps_titulo_pdf_3":[""],"_gmaps_titulo_pdf_3":["field_688735ed22d17"],"gmaps_subtitulo_pdf_3":[""],"_gmaps_subtitulo_pdf_3":["field_6887361822d1c"],"gmaps_titulo_pdf_4":[""],"_gmaps_titulo_pdf_4":["field_688735f022d18"],"gmaps_subtitulo_pdf_4":[""],"_gmaps_subtitulo_pdf_4":["field_6887361d22d1d"],"gmaps_titulo_pdf_5":[""],"_gmaps_titulo_pdf_5":["field_688735f522d19"],"gmaps_subtitulo_pdf_5":[""],"_gmaps_subtitulo_pdf_5":["field_6887362222d1e"],"mec_location_id":["0"],"mec_additional_location_ids":["a:0:{}"],"mec_organizer_id":["0"],"mec_additional_organizer_ids":["a:0:{}"],"gmaps_pdf_2":["2013"],"_gmaps_pdf_2":["field_688735b322d11"],"_edit_lock":["1761741453:1"],"_last_translation_edit_mode":["native-editor"],"_edit_last":["1"]},"uagb_featured_image_src":{"full":false,"thumbnail":false,"medium":false,"medium_large":false,"large":false,"thumblist":false,"thumbrelated":false,"meccarouselthumb":false,"gridsquare":false,"tileview":false,"1536x1536":false,"2048x2048":false},"uagb_author_info":{"display_name":"redaccion","author_link":"https:\/\/www.lafontdencarros.es\/es\/author\/redaccion\/"},"uagb_comment_info":0,"uagb_excerpt":"El plan local de cremas agr\u00edcolas, se basa en el Decreto 91\/2023, de 22 de junio, del Consell, por el que se aprueba el reglamento de la Ley 3\/1993, de 9 de diciembre, Forestal del Pa\u00eds Valenciano. Normas a seguir Autoritzacions Informaci\u00f3n Calendario de quemas Horario de invierno: \u00e9poca de bajo riesgo. Meses: del 16&hellip;","_links":{"self":[{"href":"https:\/\/www.lafontdencarros.es\/es\/wp-json\/wp\/v2\/pages\/4493","targetHints":{"allow":["GET"]}}],"collection":[{"href":"https:\/\/www.lafontdencarros.es\/es\/wp-json\/wp\/v2\/pages"}],"about":[{"href":"https:\/\/www.lafontdencarros.es\/es\/wp-json\/wp\/v2\/types\/page"}],"author":[{"embeddable":true,"href":"https:\/\/www.lafontdencarros.es\/es\/wp-json\/wp\/v2\/users\/1"}],"replies":[{"embeddable":true,"href":"https:\/\/www.lafontdencarros.es\/es\/wp-json\/wp\/v2\/comments?post=4493"}],"version-history":[{"count":0,"href":"https:\/\/www.lafontdencarros.es\/es\/wp-json\/wp\/v2\/pages\/4493\/revisions"}],"up":[{"embeddable":true,"href":"https:\/\/www.lafontdencarros.es\/es\/wp-json\/wp\/v2\/pages\/4477"}],"wp:attachment":[{"href":"https:\/\/www.lafontdencarros.es\/es\/wp-json\/wp\/v2\/media?parent=4493"}],"curies":[{"name":"wp","href":"https:\/\/api.w.org\/{rel}","templated":true}]}}